{"id":6074,"date":"2025-09-05T09:46:15","date_gmt":"2025-09-05T07:46:15","guid":{"rendered":"https:\/\/www.turismehostalric.cat\/preso\/"},"modified":"2025-12-20T13:16:47","modified_gmt":"2025-12-20T12:16:47","slug":"preso","status":"publish","type":"page","link":"https:\/\/www.turismehostalric.cat\/fr\/preso\/","title":{"rendered":"Prison"},"content":{"rendered":"\n<p>L&rsquo;une des sanctions pour toute infraction \u00e0 la discipline militaire \u00e9tait la mise \u00e0 l&rsquo;\u00e9cart. Cet espace, o\u00f9 il se trouve, fut pendant des d\u00e9cennies la prison de la forteresse Hostalric. La mise \u00e0 l&rsquo;\u00e9cart n&rsquo;\u00e9tait qu&rsquo;un moyen parmi d&rsquo;autres de r\u00e9habiliter un soldat. Vers 1800, les ch\u00e2timents corporels \u00e9taient courants dans de nombreuses arm\u00e9es et le rest\u00e8rent tout au long du XIXe si\u00e8cle.   <\/p>\n\n<p>Un exemple en est le r\u00e8glement disciplinaire espagnol:<\/p>\n\n<p><em>\u201cQ. Quiconque vole en ce lieu une valeur de 50 \u00e0 200 r\u00e9aux vellon? <\/em><\/p>\n\n<p><em>R. Sera condamn\u00e9 \u00e0 10 ans de prison et \u00e0 6 s\u00e9ances de flagellation par 200 hommes.\u201d <\/em>(Prontuario, pag.59)<\/p>\n<div class=\"wp-block-image\">\n<figure class=\"aligncenter size-full is-resized\"><img fetchpriority=\"high\" decoding=\"async\" width=\"886\" height=\"529\" src=\"https:\/\/www.turismehostalric.cat\/wp-content\/uploads\/2025\/12\/image-2.png\" alt=\"\" class=\"wp-image-6949\" style=\"aspect-ratio:1.67487815684537;width:511px;height:auto\" srcset=\"https:\/\/www.turismehostalric.cat\/wp-content\/uploads\/2025\/12\/image-2.png 886w, https:\/\/www.turismehostalric.cat\/wp-content\/uploads\/2025\/12\/image-2-300x179.png 300w, https:\/\/www.turismehostalric.cat\/wp-content\/uploads\/2025\/12\/image-2-768x459.png 768w\" sizes=\"(max-width: 886px) 100vw, 886px\" \/><\/figure>\n<\/div>\n<p>La \u00ab s\u00e9ance de flagellation \u00bb consistait \u00e0 faire passer une corde entre deux rang\u00e9es de soldats qui, \u00e0 l&rsquo;aide de baguettes de fusil, fouettaient le condamn\u00e9.<\/p>\n\n<p>Les ch\u00e2timents corporels n&rsquo;existaient pas dans l&rsquo;arm\u00e9e fran\u00e7aise. Les condamn\u00e9s \u00e9taient emprisonn\u00e9s ou soumis aux travaux forc\u00e9s. Les cellules \u00e9taient organis\u00e9es selon un r\u00e8glement strict, avec des espaces s\u00e9par\u00e9s pour les officiers, les sous-officiers et les hommes de troupe. Les conditions de vie des personnes arr\u00eat\u00e9es \u00e9taient \u00e9galement r\u00e9glement\u00e9es.   <\/p>\n\n<p>Les prisonniers \u00e9taient principalement des soldats de la garnison. Cependant, en temps de guerre, la forteresse servait aussi \u00e0 emprisonner les ennemis, comme ce fut le cas lors de la Seconde Guerre carliste, o\u00f9 le chef carliste Miquel Pujol fut emprisonn\u00e9 et ex\u00e9cut\u00e9 en 1848. <\/p>\n\n<p>Bien qu&rsquo;elle f\u00fbt principalement destin\u00e9e \u00e0 un usage militaire \u2013 la municipalit\u00e9 disposant de sa propre prison \u2013, l&rsquo;arm\u00e9e assuma progressivement des fonctions de maintien de l&rsquo;ordre, et il est possible que l&rsquo;espace ait \u00e9galement \u00e9t\u00e9 utilis\u00e9 par des civils.<\/p>\n\n<p>Au d\u00e9but du XXe si\u00e8cle, la garnison de la forteresse \u00e9tait si r\u00e9duite que les habitants d&rsquo;Hostalric financ\u00e8rent la construction de la caserne de la Garde civile, qui prit alors en charge le maintien de l&rsquo;ordre.<\/p>\n\n<p>L&rsquo;inscription au crayon conserv\u00e9e sur le montant droit de la porte pr\u00e9sente un grand int\u00e9r\u00eat historique:<\/p>\n<div class=\"wp-block-image\">\n<figure class=\"aligncenter size-full\"><img decoding=\"async\" width=\"291\" height=\"330\" src=\"https:\/\/www.turismehostalric.cat\/wp-content\/uploads\/2025\/12\/image-18.jpeg\" alt=\"\" class=\"wp-image-6940\" srcset=\"https:\/\/www.turismehostalric.cat\/wp-content\/uploads\/2025\/12\/image-18.jpeg 291w, https:\/\/www.turismehostalric.cat\/wp-content\/uploads\/2025\/12\/image-18-265x300.jpeg 265w\" sizes=\"(max-width: 291px) 100vw, 291px\" \/><\/figure>\n<\/div>","protected":false},"excerpt":{"rendered":"<p>L&rsquo;une des sanctions pour toute infraction \u00e0 la discipline militaire \u00e9tait la mise \u00e0 l&rsquo;\u00e9cart. Cet espace, o\u00f9 il se trouve, fut pendant des d\u00e9cennies la prison de la forteresse Hostalric. La mise \u00e0 l&rsquo;\u00e9cart n&rsquo;\u00e9tait qu&rsquo;un moyen parmi d&rsquo;autres de r\u00e9habiliter un soldat. Vers 1800, les ch\u00e2timents corporels \u00e9taient courants dans de nombreuses arm\u00e9es et le rest\u00e8rent tout au long du XIXe si\u00e8cle. Un exemple en est le r\u00e8glement disciplinaire espagnol: \u201cQ. Quiconque vole en ce lieu une valeur de 50 \u00e0 200 r\u00e9aux vellon? R. Sera condamn\u00e9 \u00e0 10 ans de prison et \u00e0 6 s\u00e9ances de flagellation par 200 hommes.\u201d (Prontuario, pag.59) La \u00ab s\u00e9ance de flagellation \u00bb consistait \u00e0 faire passer une corde entre deux rang\u00e9es de soldats qui, \u00e0 l&rsquo;aide de baguettes de fusil, fouettaient le condamn\u00e9. Les ch\u00e2timents corporels n&rsquo;existaient pas dans l&rsquo;arm\u00e9e fran\u00e7aise. Les condamn\u00e9s \u00e9taient emprisonn\u00e9s ou soumis aux travaux forc\u00e9s. Les cellules \u00e9taient organis\u00e9es selon un r\u00e8glement strict, avec des espaces s\u00e9par\u00e9s pour les officiers, les sous-officiers et les hommes de troupe. Les conditions de vie des personnes arr\u00eat\u00e9es \u00e9taient \u00e9galement r\u00e9glement\u00e9es. Les prisonniers \u00e9taient principalement des soldats de la garnison. Cependant, en temps de guerre, la forteresse servait aussi \u00e0 emprisonner les ennemis, comme ce fut le cas lors de la Seconde Guerre carliste, o\u00f9 le chef carliste Miquel Pujol fut emprisonn\u00e9 et ex\u00e9cut\u00e9 en 1848. Bien qu&rsquo;elle f\u00fbt principalement destin\u00e9e \u00e0 un usage militaire \u2013 la municipalit\u00e9 disposant de sa propre prison \u2013, l&rsquo;arm\u00e9e assuma progressivement des fonctions de maintien de l&rsquo;ordre, et il est possible que l&rsquo;espace ait \u00e9galement \u00e9t\u00e9 utilis\u00e9 par des civils. Au d\u00e9but du XXe si\u00e8cle, la garnison de la forteresse \u00e9tait si r\u00e9duite que les habitants d&rsquo;Hostalric financ\u00e8rent la construction de la caserne de la Garde civile, qui prit alors en charge le maintien de l&rsquo;ordre. L&rsquo;inscription au crayon conserv\u00e9e sur le montant droit de la porte pr\u00e9sente un grand int\u00e9r\u00eat historique:<\/p>\n","protected":false},"author":2,"featured_media":5902,"parent":0,"menu_order":0,"comment_status":"closed","ping_status":"closed","template":"","meta":{"_acf_changed":false,"footnotes":""},"class_list":["post-6074","page","type-page","status-publish","has-post-thumbnail"],"acf":[],"_links":{"self":[{"href":"https:\/\/www.turismehostalric.cat\/fr\/wp-json\/wp\/v2\/pages\/6074","targetHints":{"allow":["GET"]}}],"collection":[{"href":"https:\/\/www.turismehostalric.cat\/fr\/wp-json\/wp\/v2\/pages"}],"about":[{"href":"https:\/\/www.turismehostalric.cat\/fr\/wp-json\/wp\/v2\/types\/page"}],"author":[{"embeddable":true,"href":"https:\/\/www.turismehostalric.cat\/fr\/wp-json\/wp\/v2\/users\/2"}],"replies":[{"embeddable":true,"href":"https:\/\/www.turismehostalric.cat\/fr\/wp-json\/wp\/v2\/comments?post=6074"}],"version-history":[{"count":4,"href":"https:\/\/www.turismehostalric.cat\/fr\/wp-json\/wp\/v2\/pages\/6074\/revisions"}],"predecessor-version":[{"id":7039,"href":"https:\/\/www.turismehostalric.cat\/fr\/wp-json\/wp\/v2\/pages\/6074\/revisions\/7039"}],"wp:featuredmedia":[{"embeddable":true,"href":"https:\/\/www.turismehostalric.cat\/fr\/wp-json\/wp\/v2\/media\/5902"}],"wp:attachment":[{"href":"https:\/\/www.turismehostalric.cat\/fr\/wp-json\/wp\/v2\/media?parent=6074"}],"curies":[{"name":"wp","href":"https:\/\/api.w.org\/{rel}","templated":true}]}}