{"id":3187,"date":"2024-03-20T09:55:28","date_gmt":"2024-03-20T08:55:28","guid":{"rendered":"https:\/\/w.turismehostalric.cat\/le-chateau\/lhistoire-du-chateau\/"},"modified":"2024-09-20T15:29:08","modified_gmt":"2024-09-20T13:29:08","slug":"lhistoire-du-chateau","status":"publish","type":"page","link":"https:\/\/www.turismehostalric.cat\/fr\/le-chateau\/lhistoire-du-chateau\/","title":{"rendered":"L&rsquo;histoire du ch\u00e2teau"},"content":{"rendered":"\t\t<div data-elementor-type=\"wp-page\" data-elementor-id=\"3187\" class=\"elementor elementor-3187 elementor-469\" data-elementor-post-type=\"page\">\n\t\t\t\t<div class=\"elementor-element elementor-element-7f1aa400 e-flex e-con-boxed wpr-particle-no wpr-jarallax-no wpr-parallax-no wpr-sticky-section-no wpr-equal-height-no e-con e-parent\" data-id=\"7f1aa400\" data-element_type=\"container\">\n\t\t\t\t\t<div class=\"e-con-inner\">\n\t\t\t\t<div class=\"elementor-element elementor-element-56aefd7e elementor-widget elementor-widget-text-editor\" data-id=\"56aefd7e\" data-element_type=\"widget\" data-widget_type=\"text-editor.default\">\n\t\t\t\t<div class=\"elementor-widget-container\">\n\t\t\t\t\t\t\t\t\t<p>Situ\u00e9 sur un ancien volcan, l&rsquo;<strong>ancien ch\u00e2teau m\u00e9di\u00e9val des Vicomtes de Cabrera<\/strong> faisait office de poste de contr\u00f4le sur le chemin royal, \u00e0 mi-distance entre G\u00e9rone et Barcelone. C&rsquo;est \u00e0 partir du XVIIe si\u00e8cle que des transformations prirent place afin de s&rsquo;adapter aux temps nouveaux et aux nouvelles strat\u00e9gies de d\u00e9fense de l&rsquo;\u00e9poque moderne. Voil\u00e0 pourquoi, m\u00eame <strong>s&rsquo;il s&rsquo;agit d&rsquo;une forteresse<\/strong>, le site est connu sous le nom de <strong>ch\u00e2teau d&rsquo;Hostalric.<\/strong><\/p>\n<p><img fetchpriority=\"high\" decoding=\"async\" class=\"aligncenter wp-image-1424 size-full\" src=\"https:\/\/www.turismehostalric.cat\/wp-content\/uploads\/2024\/04\/Castell-Hostalric_Historia_3.jpg\" alt=\"\" width=\"1500\" height=\"980\" srcset=\"https:\/\/www.turismehostalric.cat\/wp-content\/uploads\/2024\/04\/Castell-Hostalric_Historia_3.jpg 1500w, https:\/\/www.turismehostalric.cat\/wp-content\/uploads\/2024\/04\/Castell-Hostalric_Historia_3-300x196.jpg 300w, https:\/\/www.turismehostalric.cat\/wp-content\/uploads\/2024\/04\/Castell-Hostalric_Historia_3-1024x669.jpg 1024w, https:\/\/www.turismehostalric.cat\/wp-content\/uploads\/2024\/04\/Castell-Hostalric_Historia_3-768x502.jpg 768w\" sizes=\"(max-width: 1500px) 100vw, 1500px\" \/><\/p>\n<p>Pendant la <a href=\"https:\/\/www.sapiens.cat\/temes\/batalles-i-guerres\/la-guerra-dels-segadors_11153_102.html\">guerre des Segadors <\/a> (faucheurs), les fortifications du village ont \u00e9t\u00e9 modernis\u00e9es et les premiers travaux de campagne, \u00e0 partir de terre-pleins en terre et de palissades aidant \u00e0 prot\u00e9ger le ch\u00e2teau et les murailles m\u00e9di\u00e9vales, ont \u00e9t\u00e9 entrepris.<\/p>\n<p>Les premiers travaux de fortification d\u00e9finitive ont pris place en 1712 \u00e0 la suite de la Guerre de succession. La conception originale de la fortification moderne d&rsquo;Hostalric est l&rsquo;\u0153uvre de Francisco de Santa Cruz, ing\u00e9nieur militaire au service de l\u2019archiduc Charles. Bien que le village f\u00fbt livr\u00e9 aux troupes de Philippe V en 1713, d&rsquo;importants travaux de r\u00e9novation ont pris place au cours du XVIIIe si\u00e8cle, transformant ainsi le lieu en une forteresse militaire, telle que nous pouvons l&rsquo;admirer aujourd&rsquo;hui. Les principaux travaux permettant d\u2019utiliser la fortification datent de 1794 et 1795, pendant la guerre du Roussillonedievals.<\/p>\n<p><img decoding=\"async\" class=\"aligncenter size-large wp-image-1436\" src=\"https:\/\/www.turismehostalric.cat\/wp-content\/uploads\/2024\/04\/Castell-Hostalric_Historia_6-1024x740.jpg\" alt=\"\" width=\"1024\" height=\"740\" srcset=\"https:\/\/www.turismehostalric.cat\/wp-content\/uploads\/2024\/04\/Castell-Hostalric_Historia_6-1024x740.jpg 1024w, https:\/\/www.turismehostalric.cat\/wp-content\/uploads\/2024\/04\/Castell-Hostalric_Historia_6-300x217.jpg 300w, https:\/\/www.turismehostalric.cat\/wp-content\/uploads\/2024\/04\/Castell-Hostalric_Historia_6-768x555.jpg 768w, https:\/\/www.turismehostalric.cat\/wp-content\/uploads\/2024\/04\/Castell-Hostalric_Historia_6.jpg 1500w\" sizes=\"(max-width: 1024px) 100vw, 1024px\" \/><\/p>\n<p><strong>La fortification d&rsquo;Hostalric se caract\u00e9rise notamment par sa construction sur un terrain accident\u00e9,<\/strong> ce qui explique sa forme insolite. Les fondations et l&rsquo;\u00e9dification de fortifications situ\u00e9es sur des sites plats et accessibles s&rsquo;effectuaient selon un mod\u00e8le simple et r\u00e9p\u00e9titif. En revanche, \u00e0 Hostalric, la configuration sp\u00e9cifique du terrain associ\u00e9e aux moyens \u00e9conomiques de l&rsquo;\u00e9poque, \u00e0 l&rsquo;expertise de l&rsquo;ing\u00e9nieur et aux comp\u00e9tences des professionnels de la construction et ma\u00eetres d&rsquo;ouvrage engag\u00e9s ont permis d&rsquo;apporter de nombreuses solutions vari\u00e9es.<\/p>\n<p><img decoding=\"async\" class=\"aligncenter wp-image-1432 size-large\" src=\"https:\/\/www.turismehostalric.cat\/wp-content\/uploads\/2024\/04\/Castell-Hostalric_Historia_5-e1714426468177-1024x621.jpg\" alt=\"\" width=\"1024\" height=\"621\" srcset=\"https:\/\/www.turismehostalric.cat\/wp-content\/uploads\/2024\/04\/Castell-Hostalric_Historia_5-e1714426468177-1024x621.jpg 1024w, https:\/\/www.turismehostalric.cat\/wp-content\/uploads\/2024\/04\/Castell-Hostalric_Historia_5-e1714426468177-300x182.jpg 300w, https:\/\/www.turismehostalric.cat\/wp-content\/uploads\/2024\/04\/Castell-Hostalric_Historia_5-e1714426468177-768x466.jpg 768w, https:\/\/www.turismehostalric.cat\/wp-content\/uploads\/2024\/04\/Castell-Hostalric_Historia_5-e1714426468177.jpg 1500w\" sizes=\"(max-width: 1024px) 100vw, 1024px\" \/><\/p>\n\t\t\t\t\t\t\t\t<\/div>\n\t\t\t\t<\/div>\n\t\t\t\t<div class=\"elementor-element elementor-element-cc96422 elementor-widget__width-initial elementor-widget elementor-widget-text-editor\" data-id=\"cc96422\" data-element_type=\"widget\" data-widget_type=\"text-editor.default\">\n\t\t\t\t<div class=\"elementor-widget-container\">\n\t\t\t\t\t\t\t\t\t<p><strong>Sa <a href=\"https:\/\/www.turismehostalric.cat\/fr\/punts-interes\/galerie-a-lepreuve-des-bombes\/\">galerie \u00e0 l&rsquo;\u00e9preuve des bombes <\/a> est l&rsquo;un des espaces les plus spectaculaires du ch\u00e2teau et figure au rang des lieux les plus singuliers de Catalogne.<\/strong><\/p>\n\t\t\t\t\t\t\t\t<\/div>\n\t\t\t\t<\/div>\n\t\t\t\t<div class=\"elementor-element elementor-element-e035510 elementor-widget elementor-widget-video\" data-id=\"e035510\" data-element_type=\"widget\" data-settings=\"{&quot;youtube_url&quot;:&quot;https:\\\/\\\/www.youtube.com\\\/embed\\\/bFZTyi1WOEc&quot;,&quot;video_type&quot;:&quot;youtube&quot;,&quot;controls&quot;:&quot;yes&quot;}\" data-widget_type=\"video.default\">\n\t\t\t\t<div class=\"elementor-widget-container\">\n\t\t\t\t\t\t\t<div class=\"elementor-wrapper elementor-open-inline\">\n\t\t\t<div class=\"elementor-video\"><\/div>\t\t<\/div>\n\t\t\t\t\t\t<\/div>\n\t\t\t\t<\/div>\n\t\t\t\t<div class=\"elementor-element elementor-element-f92438f elementor-widget elementor-widget-text-editor\" data-id=\"f92438f\" data-element_type=\"widget\" data-widget_type=\"text-editor.default\">\n\t\t\t\t<div class=\"elementor-widget-container\">\n\t\t\t\t\t\t\t\t\t<p>Sur le plan historique, elle s&rsquo;est d\u00e9marqu\u00e9e pendant la Guerre d&rsquo;ind\u00e9pendance en \u00e9tant l&rsquo;un des derniers bastions c\u00e9d\u00e9s par les Fran\u00e7ais \u00e0 l&rsquo;\u00c9tat espagnol.<\/p>\n<p>Transform\u00e9e en place forte militaire jusqu&rsquo;en 1929, elle a ensuite subi de fortes d\u00e9gradations dues \u00e0 son abandon. Pendant la Guerre civile, elle a fait office d&rsquo;entrep\u00f4t de munition et elle a ensuite servi de refuge et de logement pour des personnes de passage \u00e0 l&rsquo;apr\u00e8s-guerre.<\/p>\n<p><img loading=\"lazy\" decoding=\"async\" class=\"aligncenter wp-image-1420 size-full\" src=\"https:\/\/www.turismehostalric.cat\/wp-content\/uploads\/2024\/04\/Castell-Hostalric_Historia_2-e1714426221280.jpg\" alt=\"\" width=\"1125\" height=\"1172\" srcset=\"https:\/\/www.turismehostalric.cat\/wp-content\/uploads\/2024\/04\/Castell-Hostalric_Historia_2-e1714426221280.jpg 1125w, https:\/\/www.turismehostalric.cat\/wp-content\/uploads\/2024\/04\/Castell-Hostalric_Historia_2-e1714426221280-288x300.jpg 288w, https:\/\/www.turismehostalric.cat\/wp-content\/uploads\/2024\/04\/Castell-Hostalric_Historia_2-e1714426221280-983x1024.jpg 983w, https:\/\/www.turismehostalric.cat\/wp-content\/uploads\/2024\/04\/Castell-Hostalric_Historia_2-e1714426221280-768x800.jpg 768w\" sizes=\"(max-width: 1125px) 100vw, 1125px\" \/><\/p>\n<p>En 1949, l\u2019\u00c9tat vendit le ch\u00e2teau alors abandonn\u00e9 \u00e0 la mairie pour 18500 pesetas En 1963, le ch\u00e2teau et les murailles furent d\u00e9clar\u00e9es Bien d&rsquo;int\u00e9r\u00eat national En 1967, la concession du ch\u00e2teau a \u00e9t\u00e9 sign\u00e9e pour installer un restaurant dans la partie des chevaliers, tandis que le reste du complexe \u00e9tait enti\u00e8rement recouvert de v\u00e9g\u00e9tation jusqu&rsquo;\u00e0 ce qu&rsquo;en 2003 la Mairie reprenne la gestion de cette partie et la restauration et le d\u00e9gagement de l&rsquo;ensemble monumental de la le ch\u00e2teau commence.<\/p>\n<p><img loading=\"lazy\" decoding=\"async\" class=\"aligncenter size-large wp-image-1416\" src=\"https:\/\/www.turismehostalric.cat\/wp-content\/uploads\/2024\/04\/Castell-Hostalric_Historia_1-1024x628.jpg\" alt=\"\" width=\"1024\" height=\"628\" srcset=\"https:\/\/www.turismehostalric.cat\/wp-content\/uploads\/2024\/04\/Castell-Hostalric_Historia_1-1024x628.jpg 1024w, https:\/\/www.turismehostalric.cat\/wp-content\/uploads\/2024\/04\/Castell-Hostalric_Historia_1-300x184.jpg 300w, https:\/\/www.turismehostalric.cat\/wp-content\/uploads\/2024\/04\/Castell-Hostalric_Historia_1-768x471.jpg 768w, https:\/\/www.turismehostalric.cat\/wp-content\/uploads\/2024\/04\/Castell-Hostalric_Historia_1-1536x941.jpg 1536w, https:\/\/www.turismehostalric.cat\/wp-content\/uploads\/2024\/04\/Castell-Hostalric_Historia_1.jpg 1638w\" sizes=\"(max-width: 1024px) 100vw, 1024px\" \/><\/p>\n<p>En 2009, le Plan Directeur du Ch\u00e2teau a \u00e9t\u00e9 approuv\u00e9 et un plan d&rsquo;action a \u00e9t\u00e9 propos\u00e9 pour entretenir, conserver et r\u00e9habiliter le monument. <strong>En 2015, le <a href=\"https:\/\/www.turismehostalric.cat\/fr\/punts-interes\/corps-de-garde\/\">Centre d&rsquo;Interpr\u00e9tation du Ch\u00e2teau<\/a> a \u00e9t\u00e9 inaugur\u00e9<\/strong> et en 2016, la concession \u00e0 des particuliers faite il y a 50 ans a pris fin, laissant le restaurant inutilis\u00e9. C&rsquo;est en 2018 que le Plan strat\u00e9gique du ch\u00e2teau d&rsquo;Hostalric a \u00e9t\u00e9 \u00e9labor\u00e9 avec comme finalit\u00e9, l&rsquo;utilisation de tous les espaces du ch\u00e2teau pour les ann\u00e9es \u00e0 venir et le d\u00e9sir d&rsquo;en faire un r\u00e9f\u00e9rent en mati\u00e8re d&rsquo;interpr\u00e9tation du patrimoine de l&rsquo;\u00e9poque moderne d\u2019\u00e8poca moderna.<\/p>\n\t\t\t\t\t\t\t\t<\/div>\n\t\t\t\t<\/div>\n\t\t\t\t\t<\/div>\n\t\t\t\t<\/div>\n\t\t\t\t<\/div>\n\t\t","protected":false},"excerpt":{"rendered":"<p>Situ\u00e9 sur un ancien volcan, l&rsquo;ancien ch\u00e2teau m\u00e9di\u00e9val des Vicomtes de Cabrera faisait office de poste de contr\u00f4le sur le chemin royal, \u00e0 mi-distance entre G\u00e9rone et Barcelone. C&rsquo;est \u00e0 partir du XVIIe si\u00e8cle que des transformations prirent place afin de s&rsquo;adapter aux temps nouveaux et aux nouvelles strat\u00e9gies de d\u00e9fense de l&rsquo;\u00e9poque moderne. Voil\u00e0 pourquoi, m\u00eame s&rsquo;il s&rsquo;agit d&rsquo;une forteresse, le site est connu sous le nom de ch\u00e2teau d&rsquo;Hostalric. Pendant la guerre des Segadors (faucheurs), les fortifications du village ont \u00e9t\u00e9 modernis\u00e9es et les premiers travaux de campagne, \u00e0 partir de terre-pleins en terre et de palissades aidant \u00e0 prot\u00e9ger le ch\u00e2teau et les murailles m\u00e9di\u00e9vales, ont \u00e9t\u00e9 entrepris. Les premiers travaux de fortification d\u00e9finitive ont pris place en 1712 \u00e0 la suite de la Guerre de succession. La conception originale de la fortification moderne d&rsquo;Hostalric est l&rsquo;\u0153uvre de Francisco de Santa Cruz, ing\u00e9nieur militaire au service de l\u2019archiduc Charles. Bien que le village f\u00fbt livr\u00e9 aux troupes de Philippe V en 1713, d&rsquo;importants travaux de r\u00e9novation ont pris place au cours du XVIIIe si\u00e8cle, transformant ainsi le lieu en une forteresse militaire, telle que nous pouvons l&rsquo;admirer aujourd&rsquo;hui. Les principaux travaux permettant d\u2019utiliser la fortification datent de 1794 et 1795, pendant la guerre du Roussillonedievals. La fortification d&rsquo;Hostalric se caract\u00e9rise notamment par sa construction sur un terrain accident\u00e9, ce qui explique sa forme insolite. Les fondations et l&rsquo;\u00e9dification de fortifications situ\u00e9es sur des sites plats et accessibles s&rsquo;effectuaient selon un mod\u00e8le simple et r\u00e9p\u00e9titif. En revanche, \u00e0 Hostalric, la configuration sp\u00e9cifique du terrain associ\u00e9e aux moyens \u00e9conomiques de l&rsquo;\u00e9poque, \u00e0 l&rsquo;expertise de l&rsquo;ing\u00e9nieur et aux comp\u00e9tences des professionnels de la construction et ma\u00eetres d&rsquo;ouvrage engag\u00e9s ont permis d&rsquo;apporter de nombreuses solutions vari\u00e9es. Sa galerie \u00e0 l&rsquo;\u00e9preuve des bombes est l&rsquo;un des espaces les plus spectaculaires du ch\u00e2teau et figure au rang des lieux les plus singuliers de Catalogne. https:\/\/www.youtube.com\/embed\/bFZTyi1WOEc Sur le plan historique, elle s&rsquo;est d\u00e9marqu\u00e9e pendant la Guerre d&rsquo;ind\u00e9pendance en \u00e9tant l&rsquo;un des derniers bastions c\u00e9d\u00e9s par les Fran\u00e7ais \u00e0 l&rsquo;\u00c9tat espagnol. Transform\u00e9e en place forte militaire jusqu&rsquo;en 1929, elle a ensuite subi de fortes d\u00e9gradations dues \u00e0 son abandon. Pendant la Guerre civile, elle a fait office d&rsquo;entrep\u00f4t de munition et elle a ensuite servi de refuge et de logement pour des personnes de passage \u00e0 l&rsquo;apr\u00e8s-guerre. En 1949, l\u2019\u00c9tat vendit le ch\u00e2teau alors abandonn\u00e9 \u00e0 la mairie pour 18500 pesetas En 1963, le ch\u00e2teau et les murailles furent d\u00e9clar\u00e9es Bien d&rsquo;int\u00e9r\u00eat national En 1967, la concession du ch\u00e2teau a \u00e9t\u00e9 sign\u00e9e pour installer un restaurant dans la partie des chevaliers, tandis que le reste du complexe \u00e9tait enti\u00e8rement recouvert de v\u00e9g\u00e9tation jusqu&rsquo;\u00e0 ce qu&rsquo;en 2003 la Mairie reprenne la gestion de cette partie et la restauration et le d\u00e9gagement de l&rsquo;ensemble monumental de la le ch\u00e2teau commence. En 2009, le Plan Directeur du Ch\u00e2teau a \u00e9t\u00e9 approuv\u00e9 et un plan d&rsquo;action a \u00e9t\u00e9 propos\u00e9 pour entretenir, conserver et r\u00e9habiliter le monument. En 2015, le Centre d&rsquo;Interpr\u00e9tation du Ch\u00e2teau a \u00e9t\u00e9 inaugur\u00e9 et en 2016, la concession \u00e0 des particuliers faite il y a 50 ans a pris fin, laissant le restaurant inutilis\u00e9. C&rsquo;est en 2018 que le Plan strat\u00e9gique du ch\u00e2teau d&rsquo;Hostalric a \u00e9t\u00e9 \u00e9labor\u00e9 avec comme finalit\u00e9, l&rsquo;utilisation de tous les espaces du ch\u00e2teau pour les ann\u00e9es \u00e0 venir et le d\u00e9sir d&rsquo;en faire un r\u00e9f\u00e9rent en mati\u00e8re d&rsquo;interpr\u00e9tation du patrimoine de l&rsquo;\u00e9poque moderne d\u2019\u00e8poca moderna.<\/p>\n","protected":false},"author":1,"featured_media":1426,"parent":2824,"menu_order":13,"comment_status":"closed","ping_status":"closed","template":"","meta":{"_acf_changed":false,"footnotes":""},"class_list":["post-3187","page","type-page","status-publish","has-post-thumbnail"],"acf":[],"_links":{"self":[{"href":"https:\/\/www.turismehostalric.cat\/fr\/wp-json\/wp\/v2\/pages\/3187","targetHints":{"allow":["GET"]}}],"collection":[{"href":"https:\/\/www.turismehostalric.cat\/fr\/wp-json\/wp\/v2\/pages"}],"about":[{"href":"https:\/\/www.turismehostalric.cat\/fr\/wp-json\/wp\/v2\/types\/page"}],"author":[{"embeddable":true,"href":"https:\/\/www.turismehostalric.cat\/fr\/wp-json\/wp\/v2\/users\/1"}],"replies":[{"embeddable":true,"href":"https:\/\/www.turismehostalric.cat\/fr\/wp-json\/wp\/v2\/comments?post=3187"}],"version-history":[{"count":0,"href":"https:\/\/www.turismehostalric.cat\/fr\/wp-json\/wp\/v2\/pages\/3187\/revisions"}],"up":[{"embeddable":true,"href":"https:\/\/www.turismehostalric.cat\/fr\/wp-json\/wp\/v2\/pages\/2824"}],"wp:featuredmedia":[{"embeddable":true,"href":"https:\/\/www.turismehostalric.cat\/fr\/wp-json\/wp\/v2\/media\/1426"}],"wp:attachment":[{"href":"https:\/\/www.turismehostalric.cat\/fr\/wp-json\/wp\/v2\/media?parent=3187"}],"curies":[{"name":"wp","href":"https:\/\/api.w.org\/{rel}","templated":true}]}}