{"id":3179,"date":"2024-03-20T10:02:08","date_gmt":"2024-03-20T09:02:08","guid":{"rendered":"https:\/\/w.turismehostalric.cat\/le-chateau\/location-despaces\/"},"modified":"2024-10-04T09:18:38","modified_gmt":"2024-10-04T07:18:38","slug":"location-despaces","status":"publish","type":"page","link":"https:\/\/www.turismehostalric.cat\/fr\/le-chateau\/location-despaces\/","title":{"rendered":"R\u00e9servation d&rsquo;espaces"},"content":{"rendered":"\t\t<div data-elementor-type=\"wp-page\" data-elementor-id=\"3179\" class=\"elementor elementor-3179 elementor-482\" data-elementor-post-type=\"page\">\n\t\t\t\t<div class=\"elementor-element elementor-element-67692a7 e-flex e-con-boxed wpr-particle-no wpr-jarallax-no wpr-parallax-no wpr-sticky-section-no wpr-equal-height-no e-con e-parent\" data-id=\"67692a7\" data-element_type=\"container\">\n\t\t\t\t\t<div class=\"e-con-inner\">\n\t\t<div class=\"elementor-element elementor-element-15e581b e-con-full e-flex wpr-particle-no wpr-jarallax-no wpr-parallax-no wpr-sticky-section-no wpr-equal-height-no e-con e-child\" data-id=\"15e581b\" data-element_type=\"container\">\n\t\t\t\t<div class=\"elementor-element elementor-element-5501323 elementor-widget elementor-widget-image\" data-id=\"5501323\" data-element_type=\"widget\" data-widget_type=\"image.default\">\n\t\t\t\t<div class=\"elementor-widget-container\">\n\t\t\t\t\t\t\t\t\t\t\t\t\t\t\t<img fetchpriority=\"high\" decoding=\"async\" width=\"1024\" height=\"682\" src=\"https:\/\/www.turismehostalric.cat\/wp-content\/uploads\/2024\/04\/Castell-Hostalric_LloguersEspais_2-1024x682.jpg\" class=\"attachment-large size-large wp-image-1449\" alt=\"\" srcset=\"https:\/\/www.turismehostalric.cat\/wp-content\/uploads\/2024\/04\/Castell-Hostalric_LloguersEspais_2-1024x682.jpg 1024w, https:\/\/www.turismehostalric.cat\/wp-content\/uploads\/2024\/04\/Castell-Hostalric_LloguersEspais_2-300x200.jpg 300w, https:\/\/www.turismehostalric.cat\/wp-content\/uploads\/2024\/04\/Castell-Hostalric_LloguersEspais_2-768x512.jpg 768w, https:\/\/www.turismehostalric.cat\/wp-content\/uploads\/2024\/04\/Castell-Hostalric_LloguersEspais_2-1536x1024.jpg 1536w, https:\/\/www.turismehostalric.cat\/wp-content\/uploads\/2024\/04\/Castell-Hostalric_LloguersEspais_2.jpg 1550w\" sizes=\"(max-width: 1024px) 100vw, 1024px\" \/>\t\t\t\t\t\t\t\t\t\t\t\t\t\t\t<\/div>\n\t\t\t\t<\/div>\n\t\t\t\t<div class=\"elementor-element elementor-element-62796e95 elementor-widget elementor-widget-text-editor\" data-id=\"62796e95\" data-element_type=\"widget\" data-widget_type=\"text-editor.default\">\n\t\t\t\t<div class=\"elementor-widget-container\">\n\t\t\t\t\t\t\t\t\t<p>Le <strong>ch\u00e2teau d&rsquo;Hostalric<\/strong> dispose de plusieurs espaces \u00e0 la location pour organiser diverses c\u00e9r\u00e9monies ou \u00e9v\u00e9nements. Le lieu offre \u00e0 la fois <strong>des espaces int\u00e9rieurs<\/strong> , comme les anciennes d\u00e9pendances du chevalier pouvant accueillir jusqu&rsquo;\u00e0 300 personnes, et <strong>des espaces ext\u00e9rieurs<\/strong> . \u00c0 l&rsquo;ext\u00e9rieur, la cour d&rsquo;armes ou la dent de scie sont des exemples de lieux avec beaucoup de charme pour r\u00e9aliser tout type de c\u00e9l\u00e9bration.<\/p>\n\n<p>Une multitude d&rsquo;activit\u00e9s diff\u00e9rentes ont d\u00e9j\u00e0 \u00e9t\u00e9 r\u00e9alis\u00e9es, telles que des c\u00e9l\u00e9brations priv\u00e9es, des <strong>pr\u00e9sentations de produits, des r\u00e9unions de travail ou m\u00eame le grvation de films et de spots publicitaires<\/strong>. En fait, le ch\u00e2teau d&rsquo;Hostalric et l&rsquo;enceinte fortifi\u00e9e font partie de la <a href=\"http:\/\/www.bcncatfilmcommission.com\/\" target=\"_blank\" rel=\"noreferrer noopener\">Catalunya Film Comission <\/a> et du <a href=\"https:\/\/www.costabravagironacb.com\/\" target=\"_blank\" rel=\"noreferrer noopener\">Costa Brava Girona Convention Bureau.<\/a> \u00a0\u00bb <a href=\"https:\/\/www.netflix.com\/es\/title\/80990327\" target=\"_blank\" rel=\"noreferrer noopener\">El legado de los huesos<\/a> \u00ab\u00a0, la nouvelle s\u00e9rie Netflix \u00a0\u00bb <a href=\"https:\/\/www.turismehostalric.cat\/ca\/el-que-no-et-pots-perdre\/hostalric-escenari-duna-nova-serie-de-netflix\">Los herederos de la Tierra<\/a> \u00a0\u00bb ou le dernier film d&rsquo;Izaki Lacuesta \u00a0\u00bb <a href=\"https:\/\/www.turismehostalric.cat\/ca\/el-que-no-et-pots-perdre\/hostalric-localitzacio-de-la-nova-pellicula-disaki-lacuesta\">Un a\u00f1o, una noche<\/a> \u00a0\u00bb sont quelques-uns des tournages qu&rsquo;Hostalric a accueillis r\u00e9cemment.<\/p>\t\t\t\t\t\t\t\t<\/div>\n\t\t\t\t<\/div>\n\t\t\t\t<\/div>\n\t\t<div class=\"elementor-element elementor-element-e001572 e-con-full e-flex wpr-particle-no wpr-jarallax-no wpr-parallax-no wpr-sticky-section-no wpr-equal-height-no e-con e-child\" data-id=\"e001572\" data-element_type=\"container\">\n\t\t\t\t<div class=\"elementor-element elementor-element-c453106 elementor-widget-divider--view-line_text elementor-widget-divider--element-align-left elementor-widget elementor-widget-divider\" data-id=\"c453106\" data-element_type=\"widget\" data-widget_type=\"divider.default\">\n\t\t\t\t<div class=\"elementor-widget-container\">\n\t\t\t\t\t\t\t<div class=\"elementor-divider\">\n\t\t\t<span class=\"elementor-divider-separator\">\n\t\t\t\t\t\t\t<span class=\"elementor-divider__text elementor-divider__element\">\n\t\t\t\tContactez-nous\t\t\t\t<\/span>\n\t\t\t\t\t\t<\/span>\n\t\t<\/div>\n\t\t\t\t\t\t<\/div>\n\t\t\t\t<\/div>\n\t\t\t\t<div class=\"elementor-element elementor-element-a5509b3 elementor-widget elementor-widget-text-editor\" data-id=\"a5509b3\" data-element_type=\"widget\" data-widget_type=\"text-editor.default\">\n\t\t\t\t<div class=\"elementor-widget-container\">\n\t\t\t\t\t\t\t\t\t<p>Si vous pensez que nos espaces peuvent accueillir votre \u00e9v\u00e9nement, n&rsquo;h\u00e9sitez pas \u00e0 nous contacter via le formulaire suivant et nous vous enverrons toutes les informations.  <\/p>\n\t\t\t\t\t\t\t\t<\/div>\n\t\t\t\t<\/div>\n\t\t\t\t<div class=\"elementor-element elementor-element-a69529f elementor-icon-list--layout-traditional elementor-list-item-link-full_width elementor-widget elementor-widget-icon-list\" data-id=\"a69529f\" data-element_type=\"widget\" data-widget_type=\"icon-list.default\">\n\t\t\t\t<div class=\"elementor-widget-container\">\n\t\t\t\t\t\t\t<ul class=\"elementor-icon-list-items\">\n\t\t\t\t\t\t\t<li class=\"elementor-icon-list-item\">\n\t\t\t\t\t\t\t\t\t\t\t<span class=\"elementor-icon-list-icon\">\n\t\t\t\t\t\t\t<svg aria-hidden=\"true\" class=\"e-font-icon-svg e-fas-phone-alt\" viewBox=\"0 0 512 512\" xmlns=\"http:\/\/www.w3.org\/2000\/svg\"><path d=\"M497.39 361.8l-112-48a24 24 0 0 0-28 6.9l-49.6 60.6A370.66 370.66 0 0 1 130.6 204.11l60.6-49.6a23.94 23.94 0 0 0 6.9-28l-48-112A24.16 24.16 0 0 0 122.6.61l-104 24A24 24 0 0 0 0 48c0 256.5 207.9 464 464 464a24 24 0 0 0 23.4-18.6l24-104a24.29 24.29 0 0 0-14.01-27.6z\"><\/path><\/svg>\t\t\t\t\t\t<\/span>\n\t\t\t\t\t\t\t\t\t\t<span class=\"elementor-icon-list-text\">972 87 41 65<\/span>\n\t\t\t\t\t\t\t\t\t<\/li>\n\t\t\t\t\t\t\t\t<li class=\"elementor-icon-list-item\">\n\t\t\t\t\t\t\t\t\t\t\t<span class=\"elementor-icon-list-icon\">\n\t\t\t\t\t\t\t<svg aria-hidden=\"true\" class=\"e-font-icon-svg e-fab-whatsapp\" viewBox=\"0 0 448 512\" xmlns=\"http:\/\/www.w3.org\/2000\/svg\"><path d=\"M380.9 97.1C339 55.1 283.2 32 223.9 32c-122.4 0-222 99.6-222 222 0 39.1 10.2 77.3 29.6 111L0 480l117.7-30.9c32.4 17.7 68.9 27 106.1 27h.1c122.3 0 224.1-99.6 224.1-222 0-59.3-25.2-115-67.1-157zm-157 341.6c-33.2 0-65.7-8.9-94-25.7l-6.7-4-69.8 18.3L72 359.2l-4.4-7c-18.5-29.4-28.2-63.3-28.2-98.2 0-101.7 82.8-184.5 184.6-184.5 49.3 0 95.6 19.2 130.4 54.1 34.8 34.9 56.2 81.2 56.1 130.5 0 101.8-84.9 184.6-186.6 184.6zm101.2-138.2c-5.5-2.8-32.8-16.2-37.9-18-5.1-1.9-8.8-2.8-12.5 2.8-3.7 5.6-14.3 18-17.6 21.8-3.2 3.7-6.5 4.2-12 1.4-32.6-16.3-54-29.1-75.5-66-5.7-9.8 5.7-9.1 16.3-30.3 1.8-3.7.9-6.9-.5-9.7-1.4-2.8-12.5-30.1-17.1-41.2-4.5-10.8-9.1-9.3-12.5-9.5-3.2-.2-6.9-.2-10.6-.2-3.7 0-9.7 1.4-14.8 6.9-5.1 5.6-19.4 19-19.4 46.3 0 27.3 19.9 53.7 22.6 57.4 2.8 3.7 39.1 59.7 94.8 83.8 35.2 15.2 49 16.5 66.6 13.9 10.7-1.6 32.8-13.4 37.4-26.4 4.6-13 4.6-24.1 3.2-26.4-1.3-2.5-5-3.9-10.5-6.6z\"><\/path><\/svg>\t\t\t\t\t\t<\/span>\n\t\t\t\t\t\t\t\t\t\t<span class=\"elementor-icon-list-text\">685 88 28 49<\/span>\n\t\t\t\t\t\t\t\t\t<\/li>\n\t\t\t\t\t\t\t\t<li class=\"elementor-icon-list-item\">\n\t\t\t\t\t\t\t\t\t\t\t<span class=\"elementor-icon-list-icon\">\n\t\t\t\t\t\t\t<svg aria-hidden=\"true\" class=\"e-font-icon-svg e-far-envelope\" viewBox=\"0 0 512 512\" xmlns=\"http:\/\/www.w3.org\/2000\/svg\"><path d=\"M464 64H48C21.49 64 0 85.49 0 112v288c0 26.51 21.49 48 48 48h416c26.51 0 48-21.49 48-48V112c0-26.51-21.49-48-48-48zm0 48v40.805c-22.422 18.259-58.168 46.651-134.587 106.49-16.841 13.247-50.201 45.072-73.413 44.701-23.208.375-56.579-31.459-73.413-44.701C106.18 199.465 70.425 171.067 48 152.805V112h416zM48 400V214.398c22.914 18.251 55.409 43.862 104.938 82.646 21.857 17.205 60.134 55.186 103.062 54.955 42.717.231 80.509-37.199 103.053-54.947 49.528-38.783 82.032-64.401 104.947-82.653V400H48z\"><\/path><\/svg>\t\t\t\t\t\t<\/span>\n\t\t\t\t\t\t\t\t\t\t<span class=\"elementor-icon-list-text\">turisme@hostalric.cat<\/span>\n\t\t\t\t\t\t\t\t\t<\/li>\n\t\t\t\t\t\t<\/ul>\n\t\t\t\t\t\t<\/div>\n\t\t\t\t<\/div>\n\t\t\t\t<div class=\"elementor-element elementor-element-57482ea elementor-widget-divider--view-line elementor-widget elementor-widget-divider\" data-id=\"57482ea\" data-element_type=\"widget\" data-widget_type=\"divider.default\">\n\t\t\t\t<div class=\"elementor-widget-container\">\n\t\t\t\t\t\t\t<div class=\"elementor-divider\">\n\t\t\t<span class=\"elementor-divider-separator\">\n\t\t\t\t\t\t<\/span>\n\t\t<\/div>\n\t\t\t\t\t\t<\/div>\n\t\t\t\t<\/div>\n\t\t\t\t<div class=\"elementor-element elementor-element-f2defce elementor-button-align-stretch elementor-widget elementor-widget-form\" data-id=\"f2defce\" data-element_type=\"widget\" data-settings=\"{&quot;step_next_label&quot;:&quot;Next&quot;,&quot;step_previous_label&quot;:&quot;Previous&quot;,&quot;button_width&quot;:&quot;100&quot;,&quot;step_type&quot;:&quot;number_text&quot;,&quot;step_icon_shape&quot;:&quot;circle&quot;}\" data-widget_type=\"form.default\">\n\t\t\t\t<div class=\"elementor-widget-container\">\n\t\t\t\t\t\t\t<form class=\"elementor-form\" method=\"post\" name=\"New Form\" aria-label=\"New Form\">\n\t\t\t<input type=\"hidden\" name=\"post_id\" value=\"3179\"\/>\n\t\t\t<input type=\"hidden\" name=\"form_id\" value=\"f2defce\"\/>\n\t\t\t<input type=\"hidden\" name=\"referer_title\" value=\"R\u00e9servation d&rsquo;espaces\" \/>\n\n\t\t\t\t\t\t\t<input type=\"hidden\" name=\"queried_id\" value=\"3179\"\/>\n\t\t\t\n\t\t\t<div class=\"elementor-form-fields-wrapper elementor-labels-\">\n\t\t\t\t\t\t\t\t<div class=\"elementor-field-type-text elementor-field-group elementor-column elementor-field-group-name elementor-col-100 elementor-field-required\">\n\t\t\t\t\t\t\t\t\t\t\t\t<label for=\"form-field-name\" class=\"elementor-field-label elementor-screen-only\">\n\t\t\t\t\t\t\t\tPr\u00e9nom\t\t\t\t\t\t\t<\/label>\n\t\t\t\t\t\t\t\t\t\t\t\t\t\t<input size=\"1\" type=\"text\" name=\"form_fields[name]\" id=\"form-field-name\" class=\"elementor-field elementor-size-md  elementor-field-textual\" placeholder=\"Pr\u00e9nom\" required=\"required\">\n\t\t\t\t\t\t\t\t\t\t\t<\/div>\n\t\t\t\t\t\t\t\t<div class=\"elementor-field-type-text elementor-field-group elementor-column elementor-field-group-field_01e6a7d elementor-col-100 elementor-field-required\">\n\t\t\t\t\t\t\t\t\t\t\t\t<label for=\"form-field-field_01e6a7d\" class=\"elementor-field-label elementor-screen-only\">\n\t\t\t\t\t\t\t\tT\u00e9l\u00e9phone\t\t\t\t\t\t\t<\/label>\n\t\t\t\t\t\t\t\t\t\t\t\t\t\t<input size=\"1\" type=\"text\" name=\"form_fields[field_01e6a7d]\" id=\"form-field-field_01e6a7d\" class=\"elementor-field elementor-size-md  elementor-field-textual\" placeholder=\"T\u00e9l\u00e9phone\" required=\"required\">\n\t\t\t\t\t\t\t\t\t\t\t<\/div>\n\t\t\t\t\t\t\t\t<div class=\"elementor-field-type-email elementor-field-group elementor-column elementor-field-group-email elementor-col-100 elementor-field-required\">\n\t\t\t\t\t\t\t\t\t\t\t\t<label for=\"form-field-email\" class=\"elementor-field-label elementor-screen-only\">\n\t\t\t\t\t\t\t\tEmail\t\t\t\t\t\t\t<\/label>\n\t\t\t\t\t\t\t\t\t\t\t\t\t\t<input size=\"1\" type=\"email\" name=\"form_fields[email]\" id=\"form-field-email\" class=\"elementor-field elementor-size-md  elementor-field-textual\" placeholder=\"Email\" required=\"required\">\n\t\t\t\t\t\t\t\t\t\t\t<\/div>\n\t\t\t\t\t\t\t\t<div class=\"elementor-field-type-textarea elementor-field-group elementor-column elementor-field-group-message elementor-col-100 elementor-field-required\">\n\t\t\t\t\t\t\t\t\t\t\t\t<label for=\"form-field-message\" class=\"elementor-field-label elementor-screen-only\">\n\t\t\t\t\t\t\t\tMessage\t\t\t\t\t\t\t<\/label>\n\t\t\t\t\t\t<textarea class=\"elementor-field-textual elementor-field  elementor-size-md\" name=\"form_fields[message]\" id=\"form-field-message\" rows=\"4\" placeholder=\"Message\" required=\"required\"><\/textarea>\t\t\t\t<\/div>\n\t\t\t\t\t\t\t\t<div class=\"elementor-field-type-acceptance elementor-field-group elementor-column elementor-field-group-field_c4c1d3c elementor-col-100 elementor-field-required\">\n\t\t\t\t\t\t\t\t\t\t\t\t<label for=\"form-field-field_c4c1d3c\" class=\"elementor-field-label elementor-screen-only\">\n\t\t\t\t\t\t\t\taccepto\t\t\t\t\t\t\t<\/label>\n\t\t\t\t\t\t\t\t<div class=\"elementor-field-subgroup\">\n\t\t\t<span class=\"elementor-field-option\">\n\t\t\t\t<input type=\"checkbox\" name=\"form_fields[field_c4c1d3c]\" id=\"form-field-field_c4c1d3c\" class=\"elementor-field elementor-size-md  elementor-acceptance-field\" required=\"required\">\n\t\t\t\t<label for=\"form-field-field_c4c1d3c\">J'ai lu et j'accepte les <a href=\"https:\/\/www.turismehostalric.cat\/fr\/mentions-legales-et-politique-de-confidentialite\/\" target=\"_blank\">mentions l\u00e9gales et la politique de confidentialit\u00e9<\/a>.<\/label>\t\t\t<\/span>\n\t\t<\/div>\n\t\t\t\t\t\t<\/div>\n\t\t\t\t\t\t\t\t<div class=\"elementor-field-type-recaptcha_v3 elementor-field-group elementor-column elementor-field-group-field_6f31415 elementor-col-100 recaptcha_v3-inline\">\n\t\t\t\t\t<div class=\"elementor-field\" id=\"form-field-field_6f31415\"><div class=\"elementor-g-recaptcha\" data-sitekey=\"6LdhBqsfAAAAAD0on3DBGwiVcZV6Ev9gU6dXQDf8\" data-type=\"v3\" data-action=\"Form\" data-badge=\"inline\" data-size=\"invisible\"><\/div><\/div>\t\t\t\t<\/div>\n\t\t\t\t\t\t\t\t<div class=\"elementor-field-group elementor-column elementor-field-type-submit elementor-col-100 e-form__buttons\">\n\t\t\t\t\t<button class=\"elementor-button elementor-size-sm\" type=\"submit\">\n\t\t\t\t\t\t<span class=\"elementor-button-content-wrapper\">\n\t\t\t\t\t\t\t\t\t\t\t\t\t\t\t\t\t\t\t\t\t\t<span class=\"elementor-button-text\">Envoyer<\/span>\n\t\t\t\t\t\t\t\t\t\t\t\t\t<\/span>\n\t\t\t\t\t<\/button>\n\t\t\t\t<\/div>\n\t\t\t<\/div>\n\t\t<\/form>\n\t\t\t\t\t\t<\/div>\n\t\t\t\t<\/div>\n\t\t\t\t<\/div>\n\t\t\t\t\t<\/div>\n\t\t\t\t<\/div>\n\t\t<div class=\"elementor-element elementor-element-8e659fd e-flex e-con-boxed wpr-particle-no wpr-jarallax-no wpr-parallax-no wpr-sticky-section-no wpr-equal-height-no e-con e-parent\" data-id=\"8e659fd\" data-element_type=\"container\">\n\t\t\t\t\t<div class=\"e-con-inner\">\n\t\t\t\t<div class=\"elementor-element elementor-element-926a57a elementor-widget elementor-widget-gallery\" data-id=\"926a57a\" data-element_type=\"widget\" data-settings=\"{&quot;columns&quot;:2,&quot;lazyload&quot;:&quot;yes&quot;,&quot;gallery_layout&quot;:&quot;grid&quot;,&quot;columns_tablet&quot;:2,&quot;columns_mobile&quot;:1,&quot;gap&quot;:{&quot;unit&quot;:&quot;px&quot;,&quot;size&quot;:10,&quot;sizes&quot;:[]},&quot;gap_tablet&quot;:{&quot;unit&quot;:&quot;px&quot;,&quot;size&quot;:10,&quot;sizes&quot;:[]},&quot;gap_mobile&quot;:{&quot;unit&quot;:&quot;px&quot;,&quot;size&quot;:10,&quot;sizes&quot;:[]},&quot;link_to&quot;:&quot;file&quot;,&quot;aspect_ratio&quot;:&quot;3:2&quot;,&quot;overlay_background&quot;:&quot;yes&quot;,&quot;content_hover_animation&quot;:&quot;fade-in&quot;}\" data-widget_type=\"gallery.default\">\n\t\t\t\t<div class=\"elementor-widget-container\">\n\t\t\t\t\t\t\t<div class=\"elementor-gallery__container\">\n\t\t\t\t\t\t\t<a class=\"e-gallery-item elementor-gallery-item elementor-animated-content\" href=\"https:\/\/www.turismehostalric.cat\/wp-content\/uploads\/2024\/04\/Castell-Hostalric_LloguersEspais_5.jpeg\" data-elementor-open-lightbox=\"yes\" data-elementor-lightbox-slideshow=\"926a57a\" data-elementor-lightbox-title=\"Castell Hostalric_LloguersEspais_5\" data-e-action-hash=\"#elementor-action%3Aaction%3Dlightbox%26settings%3DeyJpZCI6MTQ1OSwidXJsIjoiaHR0cHM6XC9cL3d3dy50dXJpc21laG9zdGFscmljLmNhdFwvd3AtY29udGVudFwvdXBsb2Fkc1wvMjAyNFwvMDRcL0Nhc3RlbGwtSG9zdGFscmljX0xsb2d1ZXJzRXNwYWlzXzUuanBlZyIsInNsaWRlc2hvdyI6IjkyNmE1N2EifQ%3D%3D\">\n\t\t\t\t\t<div class=\"e-gallery-image elementor-gallery-item__image\" data-thumbnail=\"https:\/\/www.turismehostalric.cat\/wp-content\/uploads\/2024\/04\/Castell-Hostalric_LloguersEspais_5-1024x768.jpeg\" data-width=\"1024\" data-height=\"768\" aria-label=\"\" role=\"img\" ><\/div>\n\t\t\t\t\t\t\t\t\t\t\t<div class=\"elementor-gallery-item__overlay\"><\/div>\n\t\t\t\t\t\t\t\t\t\t\t\t\t\t<\/a>\n\t\t\t\t\t\t\t<a class=\"e-gallery-item elementor-gallery-item elementor-animated-content\" href=\"https:\/\/www.turismehostalric.cat\/wp-content\/uploads\/2024\/04\/Castell-Hostalric_LloguersEspais_4.jpg\" data-elementor-open-lightbox=\"yes\" data-elementor-lightbox-slideshow=\"926a57a\" data-elementor-lightbox-title=\"Castell Hostalric_LloguersEspais_4\" data-e-action-hash=\"#elementor-action%3Aaction%3Dlightbox%26settings%3DeyJpZCI6MTQ1NSwidXJsIjoiaHR0cHM6XC9cL3d3dy50dXJpc21laG9zdGFscmljLmNhdFwvd3AtY29udGVudFwvdXBsb2Fkc1wvMjAyNFwvMDRcL0Nhc3RlbGwtSG9zdGFscmljX0xsb2d1ZXJzRXNwYWlzXzQuanBnIiwic2xpZGVzaG93IjoiOTI2YTU3YSJ9\">\n\t\t\t\t\t<div class=\"e-gallery-image elementor-gallery-item__image\" data-thumbnail=\"https:\/\/www.turismehostalric.cat\/wp-content\/uploads\/2024\/04\/Castell-Hostalric_LloguersEspais_4-1024x683.jpg\" data-width=\"1024\" data-height=\"683\" aria-label=\"\" role=\"img\" ><\/div>\n\t\t\t\t\t\t\t\t\t\t\t<div class=\"elementor-gallery-item__overlay\"><\/div>\n\t\t\t\t\t\t\t\t\t\t\t\t\t\t<\/a>\n\t\t\t\t\t\t\t<a class=\"e-gallery-item elementor-gallery-item elementor-animated-content\" href=\"https:\/\/www.turismehostalric.cat\/wp-content\/uploads\/2024\/04\/Castell-Hostalric_LloguersEspais_3.jpg\" data-elementor-open-lightbox=\"yes\" data-elementor-lightbox-slideshow=\"926a57a\" data-elementor-lightbox-title=\"Castell Hostalric_LloguersEspais_3\" data-e-action-hash=\"#elementor-action%3Aaction%3Dlightbox%26settings%3DeyJpZCI6MTQ1MSwidXJsIjoiaHR0cHM6XC9cL3d3dy50dXJpc21laG9zdGFscmljLmNhdFwvd3AtY29udGVudFwvdXBsb2Fkc1wvMjAyNFwvMDRcL0Nhc3RlbGwtSG9zdGFscmljX0xsb2d1ZXJzRXNwYWlzXzMuanBnIiwic2xpZGVzaG93IjoiOTI2YTU3YSJ9\">\n\t\t\t\t\t<div class=\"e-gallery-image elementor-gallery-item__image\" data-thumbnail=\"https:\/\/www.turismehostalric.cat\/wp-content\/uploads\/2024\/04\/Castell-Hostalric_LloguersEspais_3-1024x683.jpg\" data-width=\"1024\" data-height=\"683\" aria-label=\"\" role=\"img\" ><\/div>\n\t\t\t\t\t\t\t\t\t\t\t<div class=\"elementor-gallery-item__overlay\"><\/div>\n\t\t\t\t\t\t\t\t\t\t\t\t\t\t<\/a>\n\t\t\t\t\t\t\t<a class=\"e-gallery-item elementor-gallery-item elementor-animated-content\" href=\"https:\/\/www.turismehostalric.cat\/wp-content\/uploads\/2024\/04\/Castell-Hostalric_LloguersEspais_1.jpg\" data-elementor-open-lightbox=\"yes\" data-elementor-lightbox-slideshow=\"926a57a\" data-elementor-lightbox-title=\"Castell Hostalric_LloguersEspais_1\" data-e-action-hash=\"#elementor-action%3Aaction%3Dlightbox%26settings%3DeyJpZCI6MTQ0MywidXJsIjoiaHR0cHM6XC9cL3d3dy50dXJpc21laG9zdGFscmljLmNhdFwvd3AtY29udGVudFwvdXBsb2Fkc1wvMjAyNFwvMDRcL0Nhc3RlbGwtSG9zdGFscmljX0xsb2d1ZXJzRXNwYWlzXzEuanBnIiwic2xpZGVzaG93IjoiOTI2YTU3YSJ9\">\n\t\t\t\t\t<div class=\"e-gallery-image elementor-gallery-item__image\" data-thumbnail=\"https:\/\/www.turismehostalric.cat\/wp-content\/uploads\/2024\/04\/Castell-Hostalric_LloguersEspais_1-768x1024.jpg\" data-width=\"768\" data-height=\"1024\" aria-label=\"\" role=\"img\" ><\/div>\n\t\t\t\t\t\t\t\t\t\t\t<div class=\"elementor-gallery-item__overlay\"><\/div>\n\t\t\t\t\t\t\t\t\t\t\t\t\t\t<\/a>\n\t\t\t\t\t<\/div>\n\t\t\t\t\t<\/div>\n\t\t\t\t<\/div>\n\t\t\t\t\t<\/div>\n\t\t\t\t<\/div>\n\t\t\t\t<\/div>\n\t\t","protected":false},"excerpt":{"rendered":"<p>Le ch\u00e2teau d&rsquo;Hostalric dispose de plusieurs espaces \u00e0 la location pour organiser diverses c\u00e9r\u00e9monies ou \u00e9v\u00e9nements. Le lieu offre \u00e0 la fois des espaces int\u00e9rieurs , comme les anciennes d\u00e9pendances du chevalier pouvant accueillir jusqu&rsquo;\u00e0 300 personnes, et des espaces ext\u00e9rieurs . \u00c0 l&rsquo;ext\u00e9rieur, la cour d&rsquo;armes ou la dent de scie sont des exemples de lieux avec beaucoup de charme pour r\u00e9aliser tout type de c\u00e9l\u00e9bration. Une multitude d&rsquo;activit\u00e9s diff\u00e9rentes ont d\u00e9j\u00e0 \u00e9t\u00e9 r\u00e9alis\u00e9es, telles que des c\u00e9l\u00e9brations priv\u00e9es, des pr\u00e9sentations de produits, des r\u00e9unions de travail ou m\u00eame le grvation de films et de spots publicitaires. En fait, le ch\u00e2teau d&rsquo;Hostalric et l&rsquo;enceinte fortifi\u00e9e font partie de la Catalunya Film Comission et du Costa Brava Girona Convention Bureau. \u00a0\u00bb El legado de los huesos \u00ab\u00a0, la nouvelle s\u00e9rie Netflix \u00a0\u00bb Los herederos de la Tierra \u00a0\u00bb ou le dernier film d&rsquo;Izaki Lacuesta \u00a0\u00bb Un a\u00f1o, una noche \u00a0\u00bb sont quelques-uns des tournages qu&rsquo;Hostalric a accueillis r\u00e9cemment. Contactez-nous Si vous pensez que nos espaces peuvent accueillir votre \u00e9v\u00e9nement, n&rsquo;h\u00e9sitez pas \u00e0 nous contacter via le formulaire suivant et nous vous enverrons toutes les informations. 972 87 41 65 685 88 28 49 turisme@hostalric.cat<\/p>\n","protected":false},"author":1,"featured_media":485,"parent":2824,"menu_order":16,"comment_status":"closed","ping_status":"closed","template":"","meta":{"_acf_changed":false,"footnotes":""},"class_list":["post-3179","page","type-page","status-publish","has-post-thumbnail"],"acf":[],"_links":{"self":[{"href":"https:\/\/www.turismehostalric.cat\/fr\/wp-json\/wp\/v2\/pages\/3179","targetHints":{"allow":["GET"]}}],"collection":[{"href":"https:\/\/www.turismehostalric.cat\/fr\/wp-json\/wp\/v2\/pages"}],"about":[{"href":"https:\/\/www.turismehostalric.cat\/fr\/wp-json\/wp\/v2\/types\/page"}],"author":[{"embeddable":true,"href":"https:\/\/www.turismehostalric.cat\/fr\/wp-json\/wp\/v2\/users\/1"}],"replies":[{"embeddable":true,"href":"https:\/\/www.turismehostalric.cat\/fr\/wp-json\/wp\/v2\/comments?post=3179"}],"version-history":[{"count":0,"href":"https:\/\/www.turismehostalric.cat\/fr\/wp-json\/wp\/v2\/pages\/3179\/revisions"}],"up":[{"embeddable":true,"href":"https:\/\/www.turismehostalric.cat\/fr\/wp-json\/wp\/v2\/pages\/2824"}],"wp:featuredmedia":[{"embeddable":true,"href":"https:\/\/www.turismehostalric.cat\/fr\/wp-json\/wp\/v2\/media\/485"}],"wp:attachment":[{"href":"https:\/\/www.turismehostalric.cat\/fr\/wp-json\/wp\/v2\/media?parent=3179"}],"curies":[{"name":"wp","href":"https:\/\/api.w.org\/{rel}","templated":true}]}}