{"id":3167,"date":"2024-02-19T12:14:15","date_gmt":"2024-02-19T11:14:15","guid":{"rendered":"https:\/\/w.turismehostalric.cat\/mentions-legales-et-politique-de-confidentialite\/"},"modified":"2024-07-03T09:27:54","modified_gmt":"2024-07-03T07:27:54","slug":"mentions-legales-et-politique-de-confidentialite","status":"publish","type":"page","link":"https:\/\/www.turismehostalric.cat\/fr\/mentions-legales-et-politique-de-confidentialite\/","title":{"rendered":"Mentions l\u00e9gales et politique de confidentialit\u00e9"},"content":{"rendered":"\t\t<div data-elementor-type=\"wp-page\" data-elementor-id=\"3167\" class=\"elementor elementor-3167 elementor-3\" data-elementor-post-type=\"page\">\n\t\t\t\t<div class=\"elementor-element elementor-element-225fdfb9 e-flex e-con-boxed wpr-particle-no wpr-jarallax-no wpr-parallax-no wpr-sticky-section-no wpr-equal-height-no e-con e-parent\" data-id=\"225fdfb9\" data-element_type=\"container\">\n\t\t\t\t\t<div class=\"e-con-inner\">\n\t\t\t\t<div class=\"elementor-element elementor-element-32b71927 elementor-widget elementor-widget-text-editor\" data-id=\"32b71927\" data-element_type=\"widget\" data-widget_type=\"text-editor.default\">\n\t\t\t\t<div class=\"elementor-widget-container\">\n\t\t\t\t\t\t\t\t\t\n<h3><strong>INFORMATIONS L\u00c9GALES LSSIICE<\/strong><\/h3>\n<p>Conform\u00e9ment aux obligations pr\u00e9vues par la loi 34\/2002, Services de la soci\u00e9t\u00e9 de l\u2019information et du commerce \u00e9lectronique (ci-apr\u00e8s LSSIICE), Mairie d\u2019Hostalric avec CIF P1708900D avec adresse \u00e0 C\/ Raval 45, 17450 Hostalric (G\u00c9RONE) et adresse mail <a href=\"mailto:hostalric@hostalric.cat\">hostalric@hostalric.cat<\/a>, d\u00e9clare qu\u2019ils sont sa propri\u00e9t\u00e9 :<\/p>\n<p>&#8211; le domaine web <a href=\"https:\/\/www.turismehostalric.cat\/ca\">https:\/\/www.turismehostalric.cat\/ca<\/a><\/p>\n<p>&#8211; les profils et la page dans les r\u00e9seaux sociaux suivants:<\/p>\n<ul>\n<li>Instagram : <a href=\"https:\/\/www.instagram.com\/visitahostalric\/\">https:\/\/www.instagram.com\/visitahostalric\/<\/a><\/li>\n<li>Facebook : <a href=\"https:\/\/www.facebook.com\/visitahostalric\">https:\/\/www.facebook.com\/visitahostalric<\/a><\/li>\n<li>X: <a href=\"https:\/\/twitter.com\/OTHostalric\">https:\/\/twitter.com\/OTHostalric<\/a><\/li>\n<\/ul>\n<p>La mairie d\u2019Hostalric ne peut assumer aucune responsabilit\u00e9 d\u00e9coulant de l\u2019utilisation incorrecte, inappropri\u00e9e ou ill\u00e9gale des informations figurant sur ses pages Internet ou de sa pr\u00e9sence en ligne sur les diff\u00e9rents r\u00e9seaux sociaux. Dans les limites fix\u00e9es par la loi, la mairie d\u2019Hostalric n\u2019assume aucune responsabilit\u00e9 d\u00e9coulant du manque de v\u00e9racit\u00e9, d\u2019int\u00e9grit\u00e9, de mise \u00e0 jour et de pr\u00e9cision des donn\u00e9es ou des informations contenues dans ses m\u00e9dias en ligne.<\/p>\n<p>Les contenus et informations des pages Internet et des r\u00e9seaux sociaux de la mairie d\u2019Hostalric sont pr\u00e9par\u00e9s par des professionnels d\u00fbment qualifi\u00e9s pour l\u2019exercice de leur profession. Cependant, les contenus et informations n\u2019engagent pas la soci\u00e9t\u00e9 susmentionn\u00e9e et ne constituent pas non plus des opinions, des conseils ou des conseils juridiques de quelque nature que ce soit, car il s\u2019agit simplement d\u2019un service offert \u00e0 titre d\u2019indication et de divulgation.<\/p>\n<p>Les pages Internet ou les r\u00e9seaux sociaux de la mairie d\u2019Hostalric peuvent contenir des liens vers d\u2019autres pages de tiers. Par cons\u00e9quent, il ne peut assumer la responsabilit\u00e9 du contenu qui pourrait appara\u00eetre sur des pages tierces. Les textes, images, sons, animations, logiciels et autres contenus inclus dans ce site Web sont la propri\u00e9t\u00e9 exclusive de la mairie d\u2019Hostalric, ou de ses conc\u00e9dants de licence. Tout acte de transmission, distribution, cession, reproduction, stockage ou communication publique totale ou partielle doit avoir l\u2019accord expr\u00e8s de la mairie d\u2019Hostalric.<\/p>\n<p>De la m\u00eame mani\u00e8re, elle se r\u00e9serve le droit de retirer l\u2019acc\u00e8s au Portail, sans pr\u00e9avis, \u00e0 tout utilisateur qui contreviendrait aux dispositions des pr\u00e9sentes mentions l\u00e9gales.<\/p>\n<h3><strong>R\u00c9SEAUX SOCIAUX<\/strong><\/h3>\n<p>L\u2019utilisateur devra disposer de son profil sur ces r\u00e9seaux sociaux pour pouvoir interagir avec la mairie d\u2019Hostalric et accepter la relation avec notre r\u00e9seau social. Dans ce cas, la mairie d\u2019Hostalric aura acc\u00e8s au profil de l\u2019utilisateur conform\u00e9ment aux param\u00e8tres stipul\u00e9s par le r\u00e9seau social lui-m\u00eame, et pourra interagir avec lui en envoyant des messages, des publications, en participant \u00e0 des concours et des tirages au sort. Si l\u2019utilisateur ne souhaite pas que la mairie d\u2019Hostalric puisse acc\u00e9der \u00e0 son profil ou interagir avec celui-ci, il devra se dissocier du profil en cessant de le suivre ou en le supprimant en tant qu\u2019ami, abonn\u00e9 ou utilisateur.<\/p>\n<p>Les actions r\u00e9alis\u00e9es par la mairie d\u2019Hostalric peuvent \u00eatre informatives et\/ou publicitaires de ses services ou produits, \u00e9tant donn\u00e9 que le r\u00e9seau social est un support publicitaire, sous la responsabilit\u00e9 de la mairie d\u2019Hostalric au niveau des publications et communications qu\u2019elles r\u00e9alisent pour ces m\u00e9dias en ligne.<\/p>\n<p>La participation des utilisateurs \u00e0 des concours, promotions ou tirages au sort impliquera que l\u2019utilisateur accepte les bases juridiques de ce concours, promotion ou tirage au sort qui sera publi\u00e9 sur le r\u00e9seau social de r\u00e9f\u00e9rence au moment opportun, et avec sa participation, cela impliquera que le \u2018l\u2019utilisateur les a accept\u00e9s.<\/p>\n<p>Il est rappel\u00e9 aux utilisateurs que les publications qu\u2019ils r\u00e9aliseront sur les r\u00e9seaux sociaux seront sous leur responsabilit\u00e9 et qu\u2019ils devront respecter la l\u00e9gislation et les droits des tiers qui pourraient \u00eatre concern\u00e9s, avec une attention particuli\u00e8re en mati\u00e8re de droits de propri\u00e9t\u00e9 intellectuelle, de protection des donn\u00e9es et \u00e0 l&rsquo;image de tiers, ainsi qu&rsquo;aux r\u00e8gles des r\u00e9seaux sociaux eux-m\u00eames figurant dans les liens suivants:<\/p>\n<p><a href=\"https:\/\/www.facebook.com\/legal\/terms\" target=\"_blank\" rel=\"noopener\">Facebook<\/a> \/\/ <a href=\"https:\/\/help.instagram.com\/\" target=\"_blank\" rel=\"noopener\">Instagram<\/a> \/\/ <a href=\"https:\/\/twitter.com\/es\/tos\" target=\"_blank\" rel=\"noopener\">X<\/a> \/\/ <a href=\"https:\/\/www.linkedin.com\/legal\/user-agreement\" target=\"_blank\" rel=\"noopener\">Linkedin<\/a> <\/p>\n<h3><strong>PROTECTION DES DONN\u00c9ES PERSONNELLES<\/strong><\/h3>\n<p>En vertu de la r\u00e9glementation sur la protection des donn\u00e9es personnelles, j\u2019autorise l\u2019incorporation et le traitement des donn\u00e9es personnelles fournies dans les m\u00e9dias en ligne dans les fichiers sous la responsabilit\u00e9 de la mairie d\u2019Hostalric, avec CIF P1708900D, dont l\u2019adresse est C\/ Raval, 45 17450 Hostalric (G\u00e9rone):<\/p>\n<p>&#8211; Si ces donn\u00e9es sont fournies dans les formulaires de contact, ces donn\u00e9es seront incorpor\u00e9es dans le fichier Contacts, sous la responsabilit\u00e9 de ladite entit\u00e9, afin de pouvoir r\u00e9pondre \u00e0 votre demande ou requ\u00eate. Ces donn\u00e9es ne seront pas transmises et seront conserv\u00e9es jusqu\u2019\u00e0 ce que la r\u00e9ponse \u00e0 votre requ\u00eate soit donn\u00e9e.<\/p>\n<p>&#8211; Formulaire d\u2019inscription \u00e0 la newsletter : Vos donn\u00e9es seront incorpor\u00e9es dans le fichier Contacts afin de vous informer des activit\u00e9s, des promotions et de l\u2019agenda. Vos donn\u00e9es seront conserv\u00e9es jusqu\u2019\u00e0 ce que vous r\u00e9voquiez le consentement accord\u00e9. Ils ne seront pas transmis \u00e0 des tiers.<\/p>\n<p>&#8211; Si elles sont trait\u00e9es sur nos r\u00e9seaux sociaux, conform\u00e9ment \u00e0 ce qui pr\u00e9c\u00e8de, ces derni\u00e8res seront incorpor\u00e9es dans le fichier de responsabilit\u00e9 R\u00e9seaux Sociaux et Marketing de cette entit\u00e9, afin de g\u00e9rer les informations et donn\u00e9es obtenues \u00e0 partir de l\u2019interaction des utilisateurs de ces r\u00e9seaux avec les profils\/pages de l\u2019entit\u00e9. Les pr\u00e9sentes donn\u00e9es seront conserv\u00e9es aussi longtemps que l\u2019int\u00e9r\u00eat l\u00e9gitime ayant permis leur traitement sera maintenu.<\/p>\n<p>Dans tous les cas, vous pouvez indiquer la r\u00e9vocation du consentement accord\u00e9, si c\u2019est la base qui a l\u00e9gitim\u00e9 le traitement ou exerc\u00e9 les droits pr\u00e9vus:<\/p>\n<p>&#8211; Acc\u00e8s: L\u2019int\u00e9ress\u00e9 a le droit de savoir si le responsable du traitement traite ses donn\u00e9es personnelles et, si tel est le cas, il a le droit d\u2019acc\u00e9der \u00e0 ces donn\u00e9es et d\u2019obtenir des informations sur les traitements effectu\u00e9s. <\/p>\n<p>&#8211; Rectification: Elle est li\u00e9e au caract\u00e8re inexact ou incomplet des donn\u00e9es. L\u2019int\u00e9ress\u00e9 a le droit de rectifier les donn\u00e9es personnelles inexactes et de faire compl\u00e9ter les donn\u00e9es personnelles incompl\u00e8tes.<\/p>\n<p>&#8211; Suppression: L\u2019int\u00e9ress\u00e9 a le droit d\u2019obtenir la suppression de ses donn\u00e9es personnelles (\u00ab droit \u00e0 l\u2019oubli \u00bb), lorsque celles-ci ne sont plus n\u00e9cessaires aux fins pour lesquelles elles ont \u00e9t\u00e9 collect\u00e9es, le consentement sur lequel le traitement \u00e9tait fond\u00e9 est r\u00e9voqu\u00e9, la personne concern\u00e9e s\u2019oppose au traitement, les donn\u00e9es ont \u00e9t\u00e9 trait\u00e9es ill\u00e9galement, doivent \u00eatre supprim\u00e9es pour respecter une obligation l\u00e9gale ou ont \u00e9t\u00e9 obtenues en relation avec l\u2019offre de services de la soci\u00e9t\u00e9 de l\u2019information destin\u00e9s aux mineurs. <\/p>\n<p>&#8211; Limitation du traitement: Il s\u2019agit d\u2019un droit de la personne int\u00e9ress\u00e9e consistant \u00e0 marquer ses donn\u00e9es personnelles stock\u00e9es, afin de limiter leur traitement dans le futur. La limitation du traitement signifie qu\u2019\u00e0 la demande de la personne concern\u00e9e, ses donn\u00e9es personnelles ne sont plus trait\u00e9es.<\/p>\n<p>&#8211; Opposition: L\u2019int\u00e9ress\u00e9 a le droit de s\u2019opposer au traitement de ses donn\u00e9es lorsqu\u2019il se fonde sur des hypoth\u00e8ses pr\u00e9cises et qu\u2019un motif li\u00e9 \u00e0 sa situation personnelle est invoqu\u00e9.<\/p>\n<p>&#8211; Portabilit\u00e9 des donn\u00e9es: L\u2019int\u00e9ress\u00e9 a le droit de recevoir les donn\u00e9es personnelles qu\u2019il a fournies \u00e0 un responsable du traitement dans un format structur\u00e9, couramment utilis\u00e9 et lisible par machine, si elles sont bas\u00e9es sur un consentement ou un contrat, ou lorsque le traitement est effectu\u00e9 par des moyens automatis\u00e9s. <\/p>\n<p>&#8211; Ne pas faire l\u2019objet de d\u00e9cisions individuelles automatis\u00e9es : L\u2019int\u00e9ress\u00e9 a le droit de ne pas faire l\u2019objet d\u2019une d\u00e9cision bas\u00e9e uniquement sur le traitement automatis\u00e9 de ses donn\u00e9es, y compris le profilage, qui produit des effets juridiques n\u00e9gatifs sur lui.<\/p>\n<p> Ces demandes doivent \u00eatre adress\u00e9es \u00e0 C\/ Raval 45, 17450 Hostalric (G\u00c9RONE) ou <a href=\"mailto:xxx@xxxx.xxx\">\u00e0<\/a> <a href=\"mailto:ostalric@hostalric.cat\">hostalric@hostalric.cat<\/a> . <\/p>\n<p>De m\u00eame, vous pouvez \u00e9galement d\u00e9poser une r\u00e9clamation aupr\u00e8s de l\u2019Autorit\u00e9 catalane de protection des donn\u00e9es ou contacter le d\u00e9l\u00e9gu\u00e9 \u00e0 la protection des donn\u00e9es \u00e0 <a href=\"mailto:xxx@xxxx.xxx\">h<\/a><a href=\"mailto:ostalric@hostalric.cat\">ostalric@hostalric.cat<\/a> . <\/p>\n<h3>PROPRI\u00c9T\u00c9 INDUSTRIELLE ET INTELLECTUELLE<\/h3>\n<p>Le pr\u00e9sent site Web est la propri\u00e9t\u00e9 de la mairie d\u2019Hostalric, qui garantit que tout le contenu \u00e9crit par cette entit\u00e9 est r\u00e9alis\u00e9 sous une licence Creative Commons CC-BY-NC-SA.<\/p>\n<p>Cette licence implique la n\u00e9cessit\u00e9 d\u2019une reconnaissance de la paternit\u00e9, ce qui implique qu\u2019il sera possible d\u2019utiliser et d\u2019exploiter tout le contenu \u00e9crit et pr\u00e9par\u00e9 par cette entit\u00e9 \u00e0 condition qu\u2019il soit mentionn\u00e9 que la mairie d\u2019Hostalric est l\u2019auteur du contenu, du design, du logo ou d\u2019autres marques d\u2019identification. De plus, l\u2019utilisation commerciale de ces \u0153uvres ou d\u2019\u00e9ventuelles \u0153uvres d\u00e9riv\u00e9es n\u2019est en aucun cas autoris\u00e9e. Dans tous les cas, les travaux d\u00e9riv\u00e9s qui peuvent \u00eatre r\u00e9alis\u00e9s doivent \u00e0 tout moment conserver la possibilit\u00e9 d\u2019\u00eatre utilis\u00e9s par d\u2019autres entit\u00e9s ou parties disposant d\u2019une licence, conform\u00e9ment aux caract\u00e9ristiques d\u00e9taill\u00e9es ci-dessus.<\/p>\n<p>Toute utilisation sans l\u2019attribution correcte de la cr\u00e9ation \u00e0 la mairie d\u2019Hostalric impliquera une violation de la pr\u00e9sente licence, se r\u00e9servant \u00e0 l\u2019entit\u00e9 d\u2019exiger sa cessation et son \u00e9limination imm\u00e9diate, en pouvant prendre les mesures qu\u2019elles jugent appropri\u00e9es au respect de la licence d\u00e9termin\u00e9e.<\/p>\n<p>Les droits de propri\u00e9t\u00e9 intellectuelle et les marques qui peuvent appartenir \u00e0 des tiers sont convenablement mis en \u00e9vidence et doivent \u00eatre respect\u00e9s par toute personne qui acc\u00e8de \u00e0 cette page, l&rsquo;utilisation que l&rsquo;utilisateur peut en faire n&rsquo;\u00e9tant pas de la responsabilit\u00e9 de la mairie d&rsquo;Hostalric, la responsabilit\u00e9 exclusive lui incombant, qui doit respecter les droits de propri\u00e9t\u00e9 ou d&rsquo;utilisation de la licence que le tiers a exprim\u00e9s.<\/p>\n<p>La mairie d\u2019Hostalric ne transf\u00e8re pas la propri\u00e9t\u00e9 de son logiciel aux utilisateurs. L\u2019utilisateur est propri\u00e9taire du support sur lequel le logiciel est enregistr\u00e9. La mairie d\u2019Hostalric est propri\u00e9taire de tous les droits de propri\u00e9t\u00e9 industrielle et intellectuelle, y compris le logiciel. Si l&rsquo;utilisateur transf\u00e8re le logiciel de ce site \u00e0 son terminal, il ne pourra pas l&rsquo;analyser pour \u00e9tude, ni le d\u00e9sassembler, ni traduire la version du code source original ou de son langage vers un autre code ou un autre langage.<\/p>\n<h3>LOI APPLICABLE ET JURIDICTION<\/h3>\n<p>Les pr\u00e9sentes conditions g\u00e9n\u00e9rales sont r\u00e9gies par la l\u00e9gislation espagnole, seuls \u00e9tant comp\u00e9tents les Tribunaux et Cours espagnols pour entendre toute question concernant l&rsquo;interpr\u00e9tation, l&rsquo;application et la r\u00e9alisation de celles-ci. L\u2019utilisateur, en vertu de son acceptation des conditions g\u00e9n\u00e9rales incluses dans les pr\u00e9sentes mentions l\u00e9gale, et chaque fois que cette soumission est possible, renonce express\u00e9ment \u00e0 toute juridiction qui, par application du droit de proc\u00e9dure civile en vigueur, pourrait lui correspondre. <\/p>\n\t\t\t\t\t\t\t\t<\/div>\n\t\t\t\t<\/div>\n\t\t\t\t\t<\/div>\n\t\t\t\t<\/div>\n\t\t\t\t<\/div>\n\t\t","protected":false},"excerpt":{"rendered":"<p>INFORMATIONS L\u00c9GALES LSSIICE Conform\u00e9ment aux obligations pr\u00e9vues par la loi 34\/2002, Services de la soci\u00e9t\u00e9 de l\u2019information et du commerce \u00e9lectronique (ci-apr\u00e8s LSSIICE), Mairie d\u2019Hostalric avec CIF P1708900D avec adresse \u00e0 C\/ Raval 45, 17450 Hostalric (G\u00c9RONE) et adresse mail hostalric@hostalric.cat, d\u00e9clare qu\u2019ils sont sa propri\u00e9t\u00e9 : &#8211; le domaine web https:\/\/www.turismehostalric.cat\/ca &#8211; les profils et la page dans les r\u00e9seaux sociaux suivants: Instagram : https:\/\/www.instagram.com\/visitahostalric\/ Facebook : https:\/\/www.facebook.com\/visitahostalric X: https:\/\/twitter.com\/OTHostalric La mairie d\u2019Hostalric ne peut assumer aucune responsabilit\u00e9 d\u00e9coulant de l\u2019utilisation incorrecte, inappropri\u00e9e ou ill\u00e9gale des informations figurant sur ses pages Internet ou de sa pr\u00e9sence en ligne sur les diff\u00e9rents r\u00e9seaux sociaux. Dans les limites fix\u00e9es par la loi, la mairie d\u2019Hostalric n\u2019assume aucune responsabilit\u00e9 d\u00e9coulant du manque de v\u00e9racit\u00e9, d\u2019int\u00e9grit\u00e9, de mise \u00e0 jour et de pr\u00e9cision des donn\u00e9es ou des informations contenues dans ses m\u00e9dias en ligne. Les contenus et informations des pages Internet et des r\u00e9seaux sociaux de la mairie d\u2019Hostalric sont pr\u00e9par\u00e9s par des professionnels d\u00fbment qualifi\u00e9s pour l\u2019exercice de leur profession. Cependant, les contenus et informations n\u2019engagent pas la soci\u00e9t\u00e9 susmentionn\u00e9e et ne constituent pas non plus des opinions, des conseils ou des conseils juridiques de quelque nature que ce soit, car il s\u2019agit simplement d\u2019un service offert \u00e0 titre d\u2019indication et de divulgation. Les pages Internet ou les r\u00e9seaux sociaux de la mairie d\u2019Hostalric peuvent contenir des liens vers d\u2019autres pages de tiers. Par cons\u00e9quent, il ne peut assumer la responsabilit\u00e9 du contenu qui pourrait appara\u00eetre sur des pages tierces. Les textes, images, sons, animations, logiciels et autres contenus inclus dans ce site Web sont la propri\u00e9t\u00e9 exclusive de la mairie d\u2019Hostalric, ou de ses conc\u00e9dants de licence. Tout acte de transmission, distribution, cession, reproduction, stockage ou communication publique totale ou partielle doit avoir l\u2019accord expr\u00e8s de la mairie d\u2019Hostalric. De la m\u00eame mani\u00e8re, elle se r\u00e9serve le droit de retirer l\u2019acc\u00e8s au Portail, sans pr\u00e9avis, \u00e0 tout utilisateur qui contreviendrait aux dispositions des pr\u00e9sentes mentions l\u00e9gales. R\u00c9SEAUX SOCIAUX L\u2019utilisateur devra disposer de son profil sur ces r\u00e9seaux sociaux pour pouvoir interagir avec la mairie d\u2019Hostalric et accepter la relation avec notre r\u00e9seau social. Dans ce cas, la mairie d\u2019Hostalric aura acc\u00e8s au profil de l\u2019utilisateur conform\u00e9ment aux param\u00e8tres stipul\u00e9s par le r\u00e9seau social lui-m\u00eame, et pourra interagir avec lui en envoyant des messages, des publications, en participant \u00e0 des concours et des tirages au sort. Si l\u2019utilisateur ne souhaite pas que la mairie d\u2019Hostalric puisse acc\u00e9der \u00e0 son profil ou interagir avec celui-ci, il devra se dissocier du profil en cessant de le suivre ou en le supprimant en tant qu\u2019ami, abonn\u00e9 ou utilisateur. Les actions r\u00e9alis\u00e9es par la mairie d\u2019Hostalric peuvent \u00eatre informatives et\/ou publicitaires de ses services ou produits, \u00e9tant donn\u00e9 que le r\u00e9seau social est un support publicitaire, sous la responsabilit\u00e9 de la mairie d\u2019Hostalric au niveau des publications et communications qu\u2019elles r\u00e9alisent pour ces m\u00e9dias en ligne. La participation des utilisateurs \u00e0 des concours, promotions ou tirages au sort impliquera que l\u2019utilisateur accepte les bases juridiques de ce concours, promotion ou tirage au sort qui sera publi\u00e9 sur le r\u00e9seau social de r\u00e9f\u00e9rence au moment opportun, et avec sa participation, cela impliquera que le \u2018l\u2019utilisateur les a accept\u00e9s. Il est rappel\u00e9 aux utilisateurs que les publications qu\u2019ils r\u00e9aliseront sur les r\u00e9seaux sociaux seront sous leur responsabilit\u00e9 et qu\u2019ils devront respecter la l\u00e9gislation et les droits des tiers qui pourraient \u00eatre concern\u00e9s, avec une attention particuli\u00e8re en mati\u00e8re de droits de propri\u00e9t\u00e9 intellectuelle, de protection des donn\u00e9es et \u00e0 l&rsquo;image de tiers, ainsi qu&rsquo;aux r\u00e8gles des r\u00e9seaux sociaux eux-m\u00eames figurant dans les liens suivants: Facebook \/\/ Instagram \/\/ X \/\/ Linkedin PROTECTION DES DONN\u00c9ES PERSONNELLES En vertu de la r\u00e9glementation sur la protection des donn\u00e9es personnelles, j\u2019autorise l\u2019incorporation et le traitement des donn\u00e9es personnelles fournies dans les m\u00e9dias en ligne dans les fichiers sous la responsabilit\u00e9 de la mairie d\u2019Hostalric, avec CIF P1708900D, dont l\u2019adresse est C\/ Raval, 45 17450 Hostalric (G\u00e9rone): &#8211; Si ces donn\u00e9es sont fournies dans les formulaires de contact, ces donn\u00e9es seront incorpor\u00e9es dans le fichier Contacts, sous la responsabilit\u00e9 de ladite entit\u00e9, afin de pouvoir r\u00e9pondre \u00e0 votre demande ou requ\u00eate. Ces donn\u00e9es ne seront pas transmises et seront conserv\u00e9es jusqu\u2019\u00e0 ce que la r\u00e9ponse \u00e0 votre requ\u00eate soit donn\u00e9e. &#8211; Formulaire d\u2019inscription \u00e0 la newsletter : Vos donn\u00e9es seront incorpor\u00e9es dans le fichier Contacts afin de vous informer des activit\u00e9s, des promotions et de l\u2019agenda. Vos donn\u00e9es seront conserv\u00e9es jusqu\u2019\u00e0 ce que vous r\u00e9voquiez le consentement accord\u00e9. Ils ne seront pas transmis \u00e0 des tiers. &#8211; Si elles sont trait\u00e9es sur nos r\u00e9seaux sociaux, conform\u00e9ment \u00e0 ce qui pr\u00e9c\u00e8de, ces derni\u00e8res seront incorpor\u00e9es dans le fichier de responsabilit\u00e9 R\u00e9seaux Sociaux et Marketing de cette entit\u00e9, afin de g\u00e9rer les informations et donn\u00e9es obtenues \u00e0 partir de l\u2019interaction des utilisateurs de ces r\u00e9seaux avec les profils\/pages de l\u2019entit\u00e9. Les pr\u00e9sentes donn\u00e9es seront conserv\u00e9es aussi longtemps que l\u2019int\u00e9r\u00eat l\u00e9gitime ayant permis leur traitement sera maintenu. Dans tous les cas, vous pouvez indiquer la r\u00e9vocation du consentement accord\u00e9, si c\u2019est la base qui a l\u00e9gitim\u00e9 le traitement ou exerc\u00e9 les droits pr\u00e9vus: &#8211; Acc\u00e8s: L\u2019int\u00e9ress\u00e9 a le droit de savoir si le responsable du traitement traite ses donn\u00e9es personnelles et, si tel est le cas, il a le droit d\u2019acc\u00e9der \u00e0 ces donn\u00e9es et d\u2019obtenir des informations sur les traitements effectu\u00e9s. &#8211; Rectification: Elle est li\u00e9e au caract\u00e8re inexact ou incomplet des donn\u00e9es. L\u2019int\u00e9ress\u00e9 a le droit de rectifier les donn\u00e9es personnelles inexactes et de faire compl\u00e9ter les donn\u00e9es personnelles incompl\u00e8tes. &#8211; Suppression: L\u2019int\u00e9ress\u00e9 a le droit d\u2019obtenir la suppression de ses donn\u00e9es personnelles (\u00ab droit \u00e0 l\u2019oubli \u00bb), lorsque celles-ci ne sont plus n\u00e9cessaires aux fins pour lesquelles elles ont \u00e9t\u00e9 collect\u00e9es, le consentement sur lequel le traitement \u00e9tait fond\u00e9 est r\u00e9voqu\u00e9, la personne concern\u00e9e s\u2019oppose au traitement, les donn\u00e9es ont \u00e9t\u00e9 trait\u00e9es ill\u00e9galement, doivent \u00eatre supprim\u00e9es pour respecter une obligation l\u00e9gale ou ont \u00e9t\u00e9 obtenues en relation avec l\u2019offre de services de la soci\u00e9t\u00e9 de l\u2019information destin\u00e9s aux mineurs. &#8211; Limitation du &#8230; <a title=\"Mentions l\u00e9gales et politique de confidentialit\u00e9\" class=\"read-more\" href=\"https:\/\/www.turismehostalric.cat\/fr\/mentions-legales-et-politique-de-confidentialite\/\" aria-label=\"En savoir plus sur Mentions l\u00e9gales et politique de confidentialit\u00e9\">Lire la suite<\/a><\/p>\n","protected":false},"author":1,"featured_media":1566,"parent":0,"menu_order":27,"comment_status":"closed","ping_status":"open","template":"","meta":{"_acf_changed":false,"footnotes":""},"class_list":["post-3167","page","type-page","status-publish","has-post-thumbnail"],"acf":[],"_links":{"self":[{"href":"https:\/\/www.turismehostalric.cat\/fr\/wp-json\/wp\/v2\/pages\/3167","targetHints":{"allow":["GET"]}}],"collection":[{"href":"https:\/\/www.turismehostalric.cat\/fr\/wp-json\/wp\/v2\/pages"}],"about":[{"href":"https:\/\/www.turismehostalric.cat\/fr\/wp-json\/wp\/v2\/types\/page"}],"author":[{"embeddable":true,"href":"https:\/\/www.turismehostalric.cat\/fr\/wp-json\/wp\/v2\/users\/1"}],"replies":[{"embeddable":true,"href":"https:\/\/www.turismehostalric.cat\/fr\/wp-json\/wp\/v2\/comments?post=3167"}],"version-history":[{"count":0,"href":"https:\/\/www.turismehostalric.cat\/fr\/wp-json\/wp\/v2\/pages\/3167\/revisions"}],"wp:featuredmedia":[{"embeddable":true,"href":"https:\/\/www.turismehostalric.cat\/fr\/wp-json\/wp\/v2\/media\/1566"}],"wp:attachment":[{"href":"https:\/\/www.turismehostalric.cat\/fr\/wp-json\/wp\/v2\/media?parent=3167"}],"curies":[{"name":"wp","href":"https:\/\/api.w.org\/{rel}","templated":true}]}}