{"id":3163,"date":"2024-03-20T09:48:20","date_gmt":"2024-03-20T08:48:20","guid":{"rendered":"https:\/\/w.turismehostalric.cat\/hostalric\/gastronomie\/"},"modified":"2025-04-08T12:04:48","modified_gmt":"2025-04-08T10:04:48","slug":"gastronomie","status":"publish","type":"page","link":"https:\/\/www.turismehostalric.cat\/fr\/hostalric\/gastronomie\/","title":{"rendered":"Gastronomie"},"content":{"rendered":"\t\t<div data-elementor-type=\"wp-page\" data-elementor-id=\"3163\" class=\"elementor elementor-3163 elementor-457\" data-elementor-post-type=\"page\">\n\t\t\t\t<div class=\"elementor-element elementor-element-061d282 e-flex e-con-boxed wpr-particle-no wpr-jarallax-no wpr-parallax-no wpr-sticky-section-no wpr-equal-height-no e-con e-parent\" data-id=\"061d282\" data-element_type=\"container\">\n\t\t\t\t\t<div class=\"e-con-inner\">\n\t\t\t\t<div class=\"elementor-element elementor-element-c2225c2 elementor-widget elementor-widget-video\" data-id=\"c2225c2\" data-element_type=\"widget\" data-settings=\"{&quot;youtube_url&quot;:&quot;https:\\\/\\\/www.youtube.com\\\/watch?v=XdyxPEHbzr0&quot;,&quot;video_type&quot;:&quot;youtube&quot;,&quot;controls&quot;:&quot;yes&quot;}\" data-widget_type=\"video.default\">\n\t\t\t\t<div class=\"elementor-widget-container\">\n\t\t\t\t\t\t\t<div class=\"elementor-wrapper elementor-open-inline\">\n\t\t\t<div class=\"elementor-video\"><\/div>\t\t<\/div>\n\t\t\t\t\t\t<\/div>\n\t\t\t\t<\/div>\n\t\t\t\t\t<\/div>\n\t\t\t\t<\/div>\n\t\t<div class=\"elementor-element elementor-element-1c01fe36 e-flex e-con-boxed wpr-particle-no wpr-jarallax-no wpr-parallax-no wpr-sticky-section-no wpr-equal-height-no e-con e-parent\" data-id=\"1c01fe36\" data-element_type=\"container\">\n\t\t\t\t\t<div class=\"e-con-inner\">\n\t\t\t\t<div class=\"elementor-element elementor-element-a4ccca6 elementor-widget__width-initial elementor-widget-mobile__width-initial elementor-widget elementor-widget-image\" data-id=\"a4ccca6\" data-element_type=\"widget\" data-widget_type=\"image.default\">\n\t\t\t\t<div class=\"elementor-widget-container\">\n\t\t\t\t\t\t\t\t\t\t\t\t\t\t\t<img fetchpriority=\"high\" decoding=\"async\" width=\"500\" height=\"333\" src=\"https:\/\/www.turismehostalric.cat\/wp-content\/uploads\/2024\/03\/gastronomia.png\" class=\"attachment-large size-large wp-image-460\" alt=\"\" srcset=\"https:\/\/www.turismehostalric.cat\/wp-content\/uploads\/2024\/03\/gastronomia.png 500w, https:\/\/www.turismehostalric.cat\/wp-content\/uploads\/2024\/03\/gastronomia-300x200.png 300w\" sizes=\"(max-width: 500px) 100vw, 500px\" \/>\t\t\t\t\t\t\t\t\t\t\t\t\t\t\t<\/div>\n\t\t\t\t<\/div>\n\t\t\t\t<div class=\"elementor-element elementor-element-2ae96b27 elementor-widget elementor-widget-text-editor\" data-id=\"2ae96b27\" data-element_type=\"widget\" data-widget_type=\"text-editor.default\">\n\t\t\t\t<div class=\"elementor-widget-container\">\n\t\t\t\t\t\t\t\t\t<p>Hostalric est c\u00e9l\u00e8bre pour ses charcuteries et p\u00e2tisseries artisanales. Les charcuteries du village offrent des produits \u00e9labor\u00e9s de mani\u00e8re artisanale en perp\u00e9trant des traditions familiales ancestrales, tout comme les boulangeries et p\u00e2tisseries qui proposent des confiseries et desserts fait maison. Certains de ces produits sont regroup\u00e9s sous le nom \u201c<a href=\"https:\/\/www.turismehostalric.cat\/wp-content\/uploads\/2024\/04\/Hostalric-producte-Ric.pdf\">Hostalric, producte Ric<\/a>\u201c qui englobe les produits fabriqu\u00e9s dans la ville ou qui la repr\u00e9sentent. Vous pouvez retrouver ces produits vari\u00e9s de proximit\u00e9 chez les commer\u00e7ants et dans les restaurants d&rsquo;Hostalric.<\/p>\n<p>Pour ce qui est de la restauration, m\u00eame si le village est petit, une offre vari\u00e9e et unique vous est propos\u00e9e : des plats les plus traditionnels \u00e0 la cuisine la plus audacieuse en passant par les sp\u00e9cialit\u00e9s des produits de la mer ou la restauration rapide de qualit\u00e9.<span style=\"letter-spacing: -0.4px;\"> <\/span><\/p>\n<p>\u00c0 cette offre gastronomique s&rsquo;ajoutent des \u00e9v\u00e9nements tels que la Foire M\u00e9di\u00e9vale ou la Foire de Sant Miquel, o\u00f9 la gastronomie joue un r\u00f4le de premier plan.<\/p>\n\t\t\t\t\t\t\t\t<\/div>\n\t\t\t\t<\/div>\n\t\t\t\t\t<\/div>\n\t\t\t\t<\/div>\n\t\t\t\t<\/div>\n\t\t","protected":false},"excerpt":{"rendered":"<p>Hostalric est c\u00e9l\u00e8bre pour ses charcuteries et p\u00e2tisseries artisanales. Les charcuteries du village offrent des produits \u00e9labor\u00e9s de mani\u00e8re artisanale en perp\u00e9trant des traditions familiales ancestrales, tout comme les boulangeries et p\u00e2tisseries qui proposent des confiseries et desserts fait maison. Certains de ces produits sont regroup\u00e9s sous le nom \u201cHostalric, producte Ric\u201c qui englobe les produits fabriqu\u00e9s dans la ville ou qui la repr\u00e9sentent. Vous pouvez retrouver ces produits vari\u00e9s de proximit\u00e9 chez les commer\u00e7ants et dans les restaurants d&rsquo;Hostalric. Pour ce qui est de la restauration, m\u00eame si le village est petit, une offre vari\u00e9e et unique vous est propos\u00e9e : des plats les plus traditionnels \u00e0 la cuisine la plus audacieuse en passant par les sp\u00e9cialit\u00e9s des produits de la mer ou la restauration rapide de qualit\u00e9. \u00c0 cette offre gastronomique s&rsquo;ajoutent des \u00e9v\u00e9nements tels que la Foire M\u00e9di\u00e9vale ou la Foire de Sant Miquel, o\u00f9 la gastronomie joue un r\u00f4le de premier plan.<\/p>\n","protected":false},"author":1,"featured_media":460,"parent":2818,"menu_order":10,"comment_status":"closed","ping_status":"closed","template":"","meta":{"_acf_changed":false,"footnotes":""},"class_list":["post-3163","page","type-page","status-publish","has-post-thumbnail"],"acf":[],"_links":{"self":[{"href":"https:\/\/www.turismehostalric.cat\/fr\/wp-json\/wp\/v2\/pages\/3163","targetHints":{"allow":["GET"]}}],"collection":[{"href":"https:\/\/www.turismehostalric.cat\/fr\/wp-json\/wp\/v2\/pages"}],"about":[{"href":"https:\/\/www.turismehostalric.cat\/fr\/wp-json\/wp\/v2\/types\/page"}],"author":[{"embeddable":true,"href":"https:\/\/www.turismehostalric.cat\/fr\/wp-json\/wp\/v2\/users\/1"}],"replies":[{"embeddable":true,"href":"https:\/\/www.turismehostalric.cat\/fr\/wp-json\/wp\/v2\/comments?post=3163"}],"version-history":[{"count":2,"href":"https:\/\/www.turismehostalric.cat\/fr\/wp-json\/wp\/v2\/pages\/3163\/revisions"}],"predecessor-version":[{"id":5171,"href":"https:\/\/www.turismehostalric.cat\/fr\/wp-json\/wp\/v2\/pages\/3163\/revisions\/5171"}],"up":[{"embeddable":true,"href":"https:\/\/www.turismehostalric.cat\/fr\/wp-json\/wp\/v2\/pages\/2818"}],"wp:featuredmedia":[{"embeddable":true,"href":"https:\/\/www.turismehostalric.cat\/fr\/wp-json\/wp\/v2\/media\/460"}],"wp:attachment":[{"href":"https:\/\/www.turismehostalric.cat\/fr\/wp-json\/wp\/v2\/media?parent=3163"}],"curies":[{"name":"wp","href":"https:\/\/api.w.org\/{rel}","templated":true}]}}