{"id":3157,"date":"2024-03-19T10:19:52","date_gmt":"2024-03-19T09:19:52","guid":{"rendered":"https:\/\/w.turismehostalric.cat\/hostalric\/la-nature-a-hostalric\/"},"modified":"2024-09-20T15:21:18","modified_gmt":"2024-09-20T13:21:18","slug":"la-nature-a-hostalric","status":"publish","type":"page","link":"https:\/\/www.turismehostalric.cat\/fr\/hostalric\/la-nature-a-hostalric\/","title":{"rendered":"La nature \u00e0 Hostalric"},"content":{"rendered":"\t\t<div data-elementor-type=\"wp-page\" data-elementor-id=\"3157\" class=\"elementor elementor-3157 elementor-227\" data-elementor-post-type=\"page\">\n\t\t\t\t<div class=\"elementor-element elementor-element-396c4c8 e-flex e-con-boxed wpr-particle-no wpr-jarallax-no wpr-parallax-no wpr-sticky-section-no wpr-equal-height-no e-con e-parent\" data-id=\"396c4c8\" data-element_type=\"container\">\n\t\t\t\t\t<div class=\"e-con-inner\">\n\t\t\t\t<div class=\"elementor-element elementor-element-0095575 elementor-widget elementor-widget-video\" data-id=\"0095575\" data-element_type=\"widget\" data-settings=\"{&quot;youtube_url&quot;:&quot;https:\\\/\\\/www.youtube.com\\\/watch?v=vzn9XyiUTxo&quot;,&quot;video_type&quot;:&quot;youtube&quot;,&quot;controls&quot;:&quot;yes&quot;}\" data-widget_type=\"video.default\">\n\t\t\t\t<div class=\"elementor-widget-container\">\n\t\t\t\t\t\t\t<div class=\"elementor-wrapper elementor-open-inline\">\n\t\t\t<div class=\"elementor-video\"><\/div>\t\t<\/div>\n\t\t\t\t\t\t<\/div>\n\t\t\t\t<\/div>\n\t\t\t\t\t<\/div>\n\t\t\t\t<\/div>\n\t\t<div class=\"elementor-element elementor-element-cd09d7a e-flex e-con-boxed wpr-particle-no wpr-jarallax-no wpr-parallax-no wpr-sticky-section-no wpr-equal-height-no e-con e-parent\" data-id=\"cd09d7a\" data-element_type=\"container\">\n\t\t\t\t\t<div class=\"e-con-inner\">\n\t\t<div class=\"elementor-element elementor-element-cba8270 e-con-full e-flex wpr-particle-no wpr-jarallax-no wpr-parallax-no wpr-sticky-section-no wpr-equal-height-no e-con e-child\" data-id=\"cba8270\" data-element_type=\"container\">\n\t\t\t\t<div class=\"elementor-element elementor-element-b418b5f elementor-widget elementor-widget-text-editor\" data-id=\"b418b5f\" data-element_type=\"widget\" data-widget_type=\"text-editor.default\">\n\t\t\t\t<div class=\"elementor-widget-container\">\n\t\t\t\t\t\t\t\t\t<p>Entour\u00e9 de montagnes aux pentes douces et offrant une vue magnifique sur la <strong>vall\u00e9e de la Tordera<\/strong> , <strong>le Montseny<\/strong> et <strong>le Montnegre<\/strong> , vous profiterez d&rsquo;un environnement privil\u00e9gi\u00e9 pour <strong><a href=\"https:\/\/www.turismehostalric.cat\/fr\/ce-quil-faut-faire\/itineraires-pedestres\/\">la randonn\u00e9e<\/a><\/strong> et <strong>le v\u00e9lo<\/strong> le long de sentiers balis\u00e9s comme le <strong><a href=\"https:\/\/www.turismehostalric.cat\/fr\/rutes-a-peu\/tourdera\/\">Tourdera<\/a> ,<\/strong> qui relie le Montseny \u00e0 la Costa Brava ou \u00e0 l&rsquo;une des <a href=\"http:\/\/www.laselvaturisme.com\/wp-content\/uploads\/2014\/05\/IMPR-MAPA-GRANS-CAMINS-3.pdf\" target=\"_blank\" rel=\"noopener\"><strong>grandes voies navigables.<\/strong><\/a> de la r\u00e9gion de Selva.  <\/p>\n<p>Pour ceux qui aiment faire des d\u00e9placements plus courts, vous trouverez deux itin\u00e9raires locaux : d&rsquo;une part <strong><a href=\"https:\/\/www.turismehostalric.cat\/fr\/rutes-a-peu\/la-volta-al-castell\/\">la ronde du ch\u00e2teau<\/a> ,<\/strong> qui retrace les abords du ch\u00e2teau offrant des vues insolites sur cette imposante forteresse, et d&rsquo;autre part la visite du vergers m\u00e9di\u00e9vaux suivant <a href=\"https:\/\/www.turismehostalric.cat\/fr\/rutes-a-peu\/la-ruta-del-parc-de-les-rieres\/\"><strong>le trac\u00e9 du Parc de les Rieres<\/strong><\/a> .<\/p>\n\t\t\t\t\t\t\t\t<\/div>\n\t\t\t\t<\/div>\n\t\t\t\t<\/div>\n\t\t<div class=\"elementor-element elementor-element-7e4d20f e-con-full e-flex wpr-particle-no wpr-jarallax-no wpr-parallax-no wpr-sticky-section-no wpr-equal-height-no e-con e-child\" data-id=\"7e4d20f\" data-element_type=\"container\">\n\t\t\t\t<div class=\"elementor-element elementor-element-8b3094b elementor-widget elementor-widget-gallery\" data-id=\"8b3094b\" data-element_type=\"widget\" data-settings=\"{&quot;gallery_layout&quot;:&quot;masonry&quot;,&quot;columns&quot;:3,&quot;gap&quot;:{&quot;unit&quot;:&quot;px&quot;,&quot;size&quot;:15,&quot;sizes&quot;:[]},&quot;lazyload&quot;:&quot;yes&quot;,&quot;columns_tablet&quot;:2,&quot;columns_mobile&quot;:1,&quot;gap_tablet&quot;:{&quot;unit&quot;:&quot;px&quot;,&quot;size&quot;:10,&quot;sizes&quot;:[]},&quot;gap_mobile&quot;:{&quot;unit&quot;:&quot;px&quot;,&quot;size&quot;:10,&quot;sizes&quot;:[]},&quot;link_to&quot;:&quot;file&quot;,&quot;overlay_background&quot;:&quot;yes&quot;,&quot;content_hover_animation&quot;:&quot;fade-in&quot;}\" data-widget_type=\"gallery.default\">\n\t\t\t\t<div class=\"elementor-widget-container\">\n\t\t\t\t\t\t\t<div class=\"elementor-gallery__container\">\n\t\t\t\t\t\t\t<a class=\"e-gallery-item elementor-gallery-item elementor-animated-content\" href=\"https:\/\/www.turismehostalric.cat\/wp-content\/uploads\/2024\/03\/9bb0e-natura-hostalric-sld8.jpg\" data-elementor-open-lightbox=\"yes\" data-elementor-lightbox-slideshow=\"8b3094b\" data-elementor-lightbox-title=\"9bb0e-natura-hostalric-sld8\" data-e-action-hash=\"#elementor-action%3Aaction%3Dlightbox%26settings%3DeyJpZCI6MjM2LCJ1cmwiOiJodHRwczpcL1wvd3d3LnR1cmlzbWVob3N0YWxyaWMuY2F0XC93cC1jb250ZW50XC91cGxvYWRzXC8yMDI0XC8wM1wvOWJiMGUtbmF0dXJhLWhvc3RhbHJpYy1zbGQ4LmpwZyIsInNsaWRlc2hvdyI6IjhiMzA5NGIifQ%3D%3D\">\n\t\t\t\t\t<div class=\"e-gallery-image elementor-gallery-item__image\" data-thumbnail=\"https:\/\/www.turismehostalric.cat\/wp-content\/uploads\/2024\/03\/9bb0e-natura-hostalric-sld8.jpg\" data-width=\"670\" data-height=\"446\" aria-label=\"\" role=\"img\" ><\/div>\n\t\t\t\t\t\t\t\t\t\t\t<div class=\"elementor-gallery-item__overlay\"><\/div>\n\t\t\t\t\t\t\t\t\t\t\t\t\t\t<\/a>\n\t\t\t\t\t\t\t<a class=\"e-gallery-item elementor-gallery-item elementor-animated-content\" href=\"https:\/\/www.turismehostalric.cat\/wp-content\/uploads\/2024\/03\/98fc1-natura-hostalric-sld4.jpg\" data-elementor-open-lightbox=\"yes\" data-elementor-lightbox-slideshow=\"8b3094b\" data-elementor-lightbox-title=\"98fc1-natura-hostalric-sld4\" data-e-action-hash=\"#elementor-action%3Aaction%3Dlightbox%26settings%3DeyJpZCI6MjQ0LCJ1cmwiOiJodHRwczpcL1wvd3d3LnR1cmlzbWVob3N0YWxyaWMuY2F0XC93cC1jb250ZW50XC91cGxvYWRzXC8yMDI0XC8wM1wvOThmYzEtbmF0dXJhLWhvc3RhbHJpYy1zbGQ0LmpwZyIsInNsaWRlc2hvdyI6IjhiMzA5NGIifQ%3D%3D\">\n\t\t\t\t\t<div class=\"e-gallery-image elementor-gallery-item__image\" data-thumbnail=\"https:\/\/www.turismehostalric.cat\/wp-content\/uploads\/2024\/03\/98fc1-natura-hostalric-sld4.jpg\" data-width=\"670\" data-height=\"446\" aria-label=\"\" role=\"img\" ><\/div>\n\t\t\t\t\t\t\t\t\t\t\t<div class=\"elementor-gallery-item__overlay\"><\/div>\n\t\t\t\t\t\t\t\t\t\t\t\t\t\t<\/a>\n\t\t\t\t\t\t\t<a class=\"e-gallery-item elementor-gallery-item elementor-animated-content\" href=\"https:\/\/www.turismehostalric.cat\/wp-content\/uploads\/2024\/03\/53ea4-natura-hostalric-sld3.jpg\" data-elementor-open-lightbox=\"yes\" data-elementor-lightbox-slideshow=\"8b3094b\" data-elementor-lightbox-title=\"53ea4-natura-hostalric-sld3\" data-e-action-hash=\"#elementor-action%3Aaction%3Dlightbox%26settings%3DeyJpZCI6MjQwLCJ1cmwiOiJodHRwczpcL1wvd3d3LnR1cmlzbWVob3N0YWxyaWMuY2F0XC93cC1jb250ZW50XC91cGxvYWRzXC8yMDI0XC8wM1wvNTNlYTQtbmF0dXJhLWhvc3RhbHJpYy1zbGQzLmpwZyIsInNsaWRlc2hvdyI6IjhiMzA5NGIifQ%3D%3D\">\n\t\t\t\t\t<div class=\"e-gallery-image elementor-gallery-item__image\" data-thumbnail=\"https:\/\/www.turismehostalric.cat\/wp-content\/uploads\/2024\/03\/53ea4-natura-hostalric-sld3.jpg\" data-width=\"670\" data-height=\"446\" aria-label=\"\" role=\"img\" ><\/div>\n\t\t\t\t\t\t\t\t\t\t\t<div class=\"elementor-gallery-item__overlay\"><\/div>\n\t\t\t\t\t\t\t\t\t\t\t\t\t\t<\/a>\n\t\t\t\t\t\t\t<a class=\"e-gallery-item elementor-gallery-item elementor-animated-content\" href=\"https:\/\/www.turismehostalric.cat\/wp-content\/uploads\/2024\/03\/4caf0-natura-hostalric-sld.jpg\" data-elementor-open-lightbox=\"yes\" data-elementor-lightbox-slideshow=\"8b3094b\" data-elementor-lightbox-title=\"4caf0-natura-hostalric-sld\" data-e-action-hash=\"#elementor-action%3Aaction%3Dlightbox%26settings%3DeyJpZCI6MjMyLCJ1cmwiOiJodHRwczpcL1wvd3d3LnR1cmlzbWVob3N0YWxyaWMuY2F0XC93cC1jb250ZW50XC91cGxvYWRzXC8yMDI0XC8wM1wvNGNhZjAtbmF0dXJhLWhvc3RhbHJpYy1zbGQuanBnIiwic2xpZGVzaG93IjoiOGIzMDk0YiJ9\">\n\t\t\t\t\t<div class=\"e-gallery-image elementor-gallery-item__image\" data-thumbnail=\"https:\/\/www.turismehostalric.cat\/wp-content\/uploads\/2024\/03\/4caf0-natura-hostalric-sld.jpg\" data-width=\"670\" data-height=\"446\" aria-label=\"\" role=\"img\" ><\/div>\n\t\t\t\t\t\t\t\t\t\t\t<div class=\"elementor-gallery-item__overlay\"><\/div>\n\t\t\t\t\t\t\t\t\t\t\t\t\t\t<\/a>\n\t\t\t\t\t\t\t<a class=\"e-gallery-item elementor-gallery-item elementor-animated-content\" href=\"https:\/\/www.turismehostalric.cat\/wp-content\/uploads\/2024\/03\/b78dc-natura-hostalric-sld6.jpg\" data-elementor-open-lightbox=\"yes\" data-elementor-lightbox-slideshow=\"8b3094b\" data-elementor-lightbox-title=\"b78dc-natura-hostalric-sld6\" data-e-action-hash=\"#elementor-action%3Aaction%3Dlightbox%26settings%3DeyJpZCI6MjUyLCJ1cmwiOiJodHRwczpcL1wvd3d3LnR1cmlzbWVob3N0YWxyaWMuY2F0XC93cC1jb250ZW50XC91cGxvYWRzXC8yMDI0XC8wM1wvYjc4ZGMtbmF0dXJhLWhvc3RhbHJpYy1zbGQ2LmpwZyIsInNsaWRlc2hvdyI6IjhiMzA5NGIifQ%3D%3D\">\n\t\t\t\t\t<div class=\"e-gallery-image elementor-gallery-item__image\" data-thumbnail=\"https:\/\/www.turismehostalric.cat\/wp-content\/uploads\/2024\/03\/b78dc-natura-hostalric-sld6.jpg\" data-width=\"670\" data-height=\"446\" aria-label=\"\" role=\"img\" ><\/div>\n\t\t\t\t\t\t\t\t\t\t\t<div class=\"elementor-gallery-item__overlay\"><\/div>\n\t\t\t\t\t\t\t\t\t\t\t\t\t\t<\/a>\n\t\t\t\t\t\t\t<a class=\"e-gallery-item elementor-gallery-item elementor-animated-content\" href=\"https:\/\/www.turismehostalric.cat\/wp-content\/uploads\/2024\/03\/3a9c8-natura-hostalric-sld2.jpg\" data-elementor-open-lightbox=\"yes\" data-elementor-lightbox-slideshow=\"8b3094b\" data-elementor-lightbox-title=\"3a9c8-natura-hostalric-sld2\" data-e-action-hash=\"#elementor-action%3Aaction%3Dlightbox%26settings%3DeyJpZCI6MjI4LCJ1cmwiOiJodHRwczpcL1wvd3d3LnR1cmlzbWVob3N0YWxyaWMuY2F0XC93cC1jb250ZW50XC91cGxvYWRzXC8yMDI0XC8wM1wvM2E5YzgtbmF0dXJhLWhvc3RhbHJpYy1zbGQyLmpwZyIsInNsaWRlc2hvdyI6IjhiMzA5NGIifQ%3D%3D\">\n\t\t\t\t\t<div class=\"e-gallery-image elementor-gallery-item__image\" data-thumbnail=\"https:\/\/www.turismehostalric.cat\/wp-content\/uploads\/2024\/03\/3a9c8-natura-hostalric-sld2.jpg\" data-width=\"670\" data-height=\"446\" aria-label=\"\" role=\"img\" ><\/div>\n\t\t\t\t\t\t\t\t\t\t\t<div class=\"elementor-gallery-item__overlay\"><\/div>\n\t\t\t\t\t\t\t\t\t\t\t\t\t\t<\/a>\n\t\t\t\t\t\t\t<a class=\"e-gallery-item elementor-gallery-item elementor-animated-content\" href=\"https:\/\/www.turismehostalric.cat\/wp-content\/uploads\/2024\/03\/a5200-natura-hostalric-sld9.jpg\" data-elementor-open-lightbox=\"yes\" data-elementor-lightbox-slideshow=\"8b3094b\" data-elementor-lightbox-title=\"a5200-natura-hostalric-sld9\" data-e-action-hash=\"#elementor-action%3Aaction%3Dlightbox%26settings%3DeyJpZCI6MjQ4LCJ1cmwiOiJodHRwczpcL1wvd3d3LnR1cmlzbWVob3N0YWxyaWMuY2F0XC93cC1jb250ZW50XC91cGxvYWRzXC8yMDI0XC8wM1wvYTUyMDAtbmF0dXJhLWhvc3RhbHJpYy1zbGQ5LmpwZyIsInNsaWRlc2hvdyI6IjhiMzA5NGIifQ%3D%3D\">\n\t\t\t\t\t<div class=\"e-gallery-image elementor-gallery-item__image\" data-thumbnail=\"https:\/\/www.turismehostalric.cat\/wp-content\/uploads\/2024\/03\/a5200-natura-hostalric-sld9.jpg\" data-width=\"670\" data-height=\"446\" aria-label=\"\" role=\"img\" ><\/div>\n\t\t\t\t\t\t\t\t\t\t\t<div class=\"elementor-gallery-item__overlay\"><\/div>\n\t\t\t\t\t\t\t\t\t\t\t\t\t\t<\/a>\n\t\t\t\t\t<\/div>\n\t\t\t\t\t<\/div>\n\t\t\t\t<\/div>\n\t\t\t\t<\/div>\n\t\t\t\t\t<\/div>\n\t\t\t\t<\/div>\n\t\t<div class=\"elementor-element elementor-element-550b1ee e-flex e-con-boxed wpr-particle-no wpr-jarallax-no wpr-parallax-no wpr-sticky-section-no wpr-equal-height-no e-con e-parent\" data-id=\"550b1ee\" data-element_type=\"container\">\n\t\t\t\t\t<div class=\"e-con-inner\">\n\t\t\t\t<div class=\"elementor-element elementor-element-cd3bba0 elementor-widget elementor-widget-text-editor\" data-id=\"cd3bba0\" data-element_type=\"widget\" data-widget_type=\"text-editor.default\">\n\t\t\t\t<div class=\"elementor-widget-container\">\n\t\t\t\t\t\t\t\t\t<p>\u00c0 travers ces itin\u00e9raires, vous pourrez profiter du <strong> patrimoine naturel<\/strong> (for\u00eat de berge, for\u00eat m\u00e9diterran\u00e9enne, rivi\u00e8re Tordera et ruisseau Arb\u00facies), <strong>agricole <\/strong> (vergers) et <strong>patrimonial <\/strong> (moulin verger, ch\u00e2teau d\u2019Hostalric et site m\u00e9di\u00e9val).<\/p>\n<p>Vous pouvez t\u00e9l\u00e9charger les trac\u00e9s des itin\u00e9raires locaux gr\u00e2ce \u00e0 l&rsquo;application <strong><a href=\"http:\/\/www.naturalocal.net\/itineraris?aid=&amp;tid=&amp;did=&amp;typ=&amp;kw=&amp;coid=2&amp;pid=2-3&amp;ciid=120\" target=\"_blank\" rel=\"noopener\">Natura Local<\/a><\/strong> .  <\/p>\n\t\t\t\t\t\t\t\t<\/div>\n\t\t\t\t<\/div>\n\t\t\t\t\t<\/div>\n\t\t\t\t<\/div>\n\t\t\t\t<\/div>\n\t\t","protected":false},"excerpt":{"rendered":"<p>https:\/\/www.youtube.com\/watch?v=vzn9XyiUTxo Entour\u00e9 de montagnes aux pentes douces et offrant une vue magnifique sur la vall\u00e9e de la Tordera , le Montseny et le Montnegre , vous profiterez d&rsquo;un environnement privil\u00e9gi\u00e9 pour la randonn\u00e9e et le v\u00e9lo le long de sentiers balis\u00e9s comme le Tourdera , qui relie le Montseny \u00e0 la Costa Brava ou \u00e0 l&rsquo;une des grandes voies navigables. de la r\u00e9gion de Selva. Pour ceux qui aiment faire des d\u00e9placements plus courts, vous trouverez deux itin\u00e9raires locaux : d&rsquo;une part la ronde du ch\u00e2teau , qui retrace les abords du ch\u00e2teau offrant des vues insolites sur cette imposante forteresse, et d&rsquo;autre part la visite du vergers m\u00e9di\u00e9vaux suivant le trac\u00e9 du Parc de les Rieres . \u00c0 travers ces itin\u00e9raires, vous pourrez profiter du patrimoine naturel (for\u00eat de berge, for\u00eat m\u00e9diterran\u00e9enne, rivi\u00e8re Tordera et ruisseau Arb\u00facies), agricole (vergers) et patrimonial (moulin verger, ch\u00e2teau d\u2019Hostalric et site m\u00e9di\u00e9val). Vous pouvez t\u00e9l\u00e9charger les trac\u00e9s des itin\u00e9raires locaux gr\u00e2ce \u00e0 l&rsquo;application Natura Local .<\/p>\n","protected":false},"author":1,"featured_media":230,"parent":2818,"menu_order":8,"comment_status":"closed","ping_status":"closed","template":"","meta":{"_acf_changed":false,"footnotes":""},"class_list":["post-3157","page","type-page","status-publish","has-post-thumbnail"],"acf":[],"_links":{"self":[{"href":"https:\/\/www.turismehostalric.cat\/fr\/wp-json\/wp\/v2\/pages\/3157","targetHints":{"allow":["GET"]}}],"collection":[{"href":"https:\/\/www.turismehostalric.cat\/fr\/wp-json\/wp\/v2\/pages"}],"about":[{"href":"https:\/\/www.turismehostalric.cat\/fr\/wp-json\/wp\/v2\/types\/page"}],"author":[{"embeddable":true,"href":"https:\/\/www.turismehostalric.cat\/fr\/wp-json\/wp\/v2\/users\/1"}],"replies":[{"embeddable":true,"href":"https:\/\/www.turismehostalric.cat\/fr\/wp-json\/wp\/v2\/comments?post=3157"}],"version-history":[{"count":0,"href":"https:\/\/www.turismehostalric.cat\/fr\/wp-json\/wp\/v2\/pages\/3157\/revisions"}],"up":[{"embeddable":true,"href":"https:\/\/www.turismehostalric.cat\/fr\/wp-json\/wp\/v2\/pages\/2818"}],"wp:featuredmedia":[{"embeddable":true,"href":"https:\/\/www.turismehostalric.cat\/fr\/wp-json\/wp\/v2\/media\/230"}],"wp:attachment":[{"href":"https:\/\/www.turismehostalric.cat\/fr\/wp-json\/wp\/v2\/media?parent=3157"}],"curies":[{"name":"wp","href":"https:\/\/api.w.org\/{rel}","templated":true}]}}