{"id":3151,"date":"2024-04-17T07:19:09","date_gmt":"2024-04-17T05:19:09","guid":{"rendered":"https:\/\/w.turismehostalric.cat\/politique-de-cookies\/"},"modified":"2024-07-03T11:26:51","modified_gmt":"2024-07-03T09:26:51","slug":"politique-de-cookies","status":"publish","type":"page","link":"https:\/\/www.turismehostalric.cat\/fr\/politique-de-cookies\/","title":{"rendered":"Politique de cookies"},"content":{"rendered":"\t\t<div data-elementor-type=\"wp-page\" data-elementor-id=\"3151\" class=\"elementor elementor-3151 elementor-1719\" data-elementor-post-type=\"page\">\n\t\t\t\t<div class=\"elementor-element elementor-element-481830c e-flex e-con-boxed wpr-particle-no wpr-jarallax-no wpr-parallax-no wpr-sticky-section-no wpr-equal-height-no e-con e-parent\" data-id=\"481830c\" data-element_type=\"container\">\n\t\t\t\t\t<div class=\"e-con-inner\">\n\t\t\t\t<div class=\"elementor-element elementor-element-bdd182d elementor-widget elementor-widget-text-editor\" data-id=\"bdd182d\" data-element_type=\"widget\" data-widget_type=\"text-editor.default\">\n\t\t\t\t<div class=\"elementor-widget-container\">\n\t\t\t\t\t\t\t\t\t<p>Nous vous informons que sur le site <a href=\"http:\/\/www.turismehostalric.cat\/\"> www.turismehostalric.cat<\/a>, le syst\u00e8me de navigation utilise certaines donn\u00e9es de navigation (\u00ab Cookies \u00bb) pour pouvoir offrir un service plus pr\u00e9cis aux utilisateurs du site.<\/p>\n<p>Les \u00ab cookies \u00bb sont de petits fichiers texte que le navigateur stocke lors de la navigation sur des sites Internet et des applications. En g\u00e9n\u00e9ral, ces technologies peuvent servir \u00e0 des fins tr\u00e8s diff\u00e9rentes, comme obtenir des informations sur vos habitudes de navigation ou personnaliser la mani\u00e8re dont le contenu est affich\u00e9.<\/p>\n<p>LA MAIRIE D\u2019HOSTALRIC utilise des \u00ab cookies \u00bb tiers sur son site Internet ;<\/p>\n<p>&#8211; Cookies d\u2019analyse : ce sont ceux qui, trait\u00e9s par des tiers, nous permettent de quantifier le nombre d\u2019utilisateurs et ainsi de pouvoir effectuer la m\u00e9dication et l\u2019analyse statistique de l\u2019utilisation faite par les utilisateurs du service propos\u00e9. C\u2019est la raison pour laquelle votre navigation sur notre site Internet est analys\u00e9e afin d\u2019am\u00e9liorer notre offre de produits et services. Le tiers est Google Analytics ; qui est un service de statistiques de pages Web propos\u00e9 par Google, Inc. Google Analytics collecte des informations sur l\u2019ordinateur de l\u2019utilisateur pour obtenir des rapports sur l\u2019activit\u00e9 des applications ; stocke les informations collect\u00e9es par des \u00ab cookies \u00bb sur des serveurs aux \u00c9tats-Unis.<\/p>\n<p>&#8211; Cookies de publicit\u00e9 comportementale : ce sont ceux, trait\u00e9s par des tiers, qui nous permettent d\u2019analyser les habitudes de navigation sur Internet afin d\u2019afficher de la publicit\u00e9 avec votre profil de navigation.<\/p>\n<p>Dans tous les cas, lorsque des donn\u00e9es \u00e0 caract\u00e8re personnel sont collect\u00e9es, et dans ce cas, uniquement l\u2019adresse IP d\u2019acc\u00e8s ; nous vous informons que ceux-ci seront trait\u00e9s et incorpor\u00e9s dans un Fichier appel\u00e9 \u00ab Marketing et r\u00e9seaux sociaux \u00bb sous la responsabilit\u00e9 de la mairie d\u2019HOSTALRIC.<\/p>\n<p>Le but de ce fichier est la gestion et le contr\u00f4le des r\u00e9seaux sociaux disponibles ainsi que des utilisateurs qui interagissent sur le Web et des informations obtenues. Ces donn\u00e9es seront transmises aux soci\u00e9t\u00e9s de gestion des cookies, et seront conserv\u00e9es conform\u00e9ment aux param\u00e8tres de ces entit\u00e9s. Ces donn\u00e9es seront transf\u00e9r\u00e9es vers des pays tiers, vous pouvez obtenir des informations \u00e0 ce sujet dans la propre politique de Google: <a href=\"https:\/\/policies.google.com\/privacy?hl=es\">https:\/\/policies.google.com\/privacy?hl=es<\/a><\/p>\n<p>Conform\u00e9ment aux dispositions de la r\u00e9glementation sur la Protection des donn\u00e9es \u00e0 caract\u00e8re personnel, nous vous informons que vous pouvez r\u00e9voquer ces autorisations via votre propre navigateur ou exercer les droits d\u2019acc\u00e8s, de rectification ou de suppression, de limitation de traitement ou d\u2019opposition, ainsi que votre droit \u00e0 la portabilit\u00e9 des donn\u00e9es \u00e0 : C\/ Raval, 45 17450 Hostalric ou envoy\u00e9 un email \u00e0 <a href=\"mailto:hostalric@hostalric.cat\">hostalric@hostalric.cat.<\/a> De la m\u00eame mani\u00e8re, vous pouvez d\u00e9poser une r\u00e9clamation aupr\u00e8s de l\u2019Autorit\u00e9 catalane de protection des donn\u00e9es ; ou contactez notre d\u00e9l\u00e9gu\u00e9 \u00e0 la protection des donn\u00e9es <a href=\"mailto:hostalric@hostalric.cat.\">hostalric@hostalric.cat<\/a>.<\/p>\n<p>L\u2019utilisateur est inform\u00e9 que Google pourra transmettre ces informations \u00e0 des tiers lorsque la loi l\u2019exige, ou lorsque ces tiers traiteront les informations pour le compte de Google. Google n\u2019associera pas l\u2019adresse IP de l\u2019utilisateur \u00e0 d\u2019autres donn\u00e9es dont il dispose, et le fera donc sous une forme totalement anonymis\u00e9e.<\/p>\n<p>Pour refuser ou supprimer ce \u00ab cookie \u00bb, vous pouvez consulter l\u2019adresse suivante : <a href=\"http:\/\/www.google.com\/intl\/ca\/policies\/privacy\/\"> http:\/\/www.google.com\/intl\/ca\/policies\/privacy\/<\/a> <a href=\"http:\/\/www.google.com\/intl\/en\/privacypolicy.html\">http:\/\/www.google.com\/intl\/en\/privacypolicy.html <\/a><\/p>\n<h3><strong>D\u00c9SACTIVATION ET BLOCAGE DES COOKIES<\/strong><\/h3>\n<p>Dans tous les cas, l\u2019utilisateur peut activer l\u2019option de son propre syst\u00e8me de navigation afin de ne pas permettre l\u2019installation de cookies ; La mairie d\u2019Hostalric ne peut en aucun cas \u00eatre responsable de la d\u00e9sactivation des cookies entra\u00eenant le mauvais fonctionnement de certains des services propos\u00e9s par ce site Web.<\/p>\n<p>Dans les liens suivants, vous trouverez des instructions qui vous aideront \u00e0 configurer les param\u00e8tres des navigateurs principaux et les plus utilis\u00e9s.<\/p>\n<p><a href=\"https:\/\/support.microsoft.com\/es-es\/help\/17442\/windows-internet-explorer-delete-manage-cookies\">Internet Explorer<\/a><\/p>\n<p><a href=\"https:\/\/support.microsoft.com\/es-es\/help\/4027947\/microsoft-edge-delete-cookies\">Microsoft Bord<\/a><\/p>\n<p><a href=\"https:\/\/support.google.com\/chrome\/answer\/95647?hl=es\">Google Chrome<\/a><\/p>\n<p><a href=\"http:\/\/support.mozilla.org\/es\/kb\/habilitar-y-deshabilitar-cookies-que-los-sitios-we\">Mozilla Firefox<\/a><\/p>\n<p><a href=\"http:\/\/support.apple.com\/kb\/ph5042\">Safari <\/a> <a href=\"http:\/\/support.apple.com\/kb\/ht1677?viewlocale=es_es&amp;locale=es_es\">pour IOS <\/a> (Iphone, iPad)<\/p>\n<p><a href=\"https:\/\/support.google.com\/chrome\/answer\/2392971?hl=es\">Chrome pour Android<\/a><\/p>\n<p>Si vous souhaitez plus d\u2019informations sur les cookies et comment les d\u00e9sactiver en fonction de votre syst\u00e8me de navigation, vous pouvez consulter les liens suivants:<\/p>\n<p><a href=\"http:\/\/www.aboutcookies.org\/\">www.aboutcookies.org<\/a>  <\/p>\n<p><a href=\"http:\/\/www.aboutcookies.org\/Default.aspx?page=1\">http:\/\/www.aboutcookies.org\/Default.aspx?page=1<\/a><\/p>\n<p>Dans le cas contraire, et apr\u00e8s avoir inform\u00e9 la mairie d\u2019Hostalric de l\u2019utilisation de cookies, et sans que ces derniers aient \u00e9t\u00e9 d\u00e9sactiv\u00e9s, cela implique que l\u2019utilisateur donne son consentement au traitement des donn\u00e9es par Google de la mani\u00e8re pr\u00e9vue dans le pr\u00e9sent avis et aux fins d\u00e9crites ici.<\/p>\n<p>Si vous avez des questions ou des commentaires, vous pouvez contacter la mairie d\u2019Hostalric via son service client\u00e8le ou nous contacter \u00e0 l\u2019adresse mail : <a href=\"mailto:hostalric@hostalric.cat\">hostalric@hostalric.cat<\/a> .<\/p>\n\t\t\t\t\t\t\t\t<\/div>\n\t\t\t\t<\/div>\n\t\t\t\t\t<\/div>\n\t\t\t\t<\/div>\n\t\t\t\t<\/div>\n\t\t","protected":false},"excerpt":{"rendered":"<p>Nous vous informons que sur le site www.turismehostalric.cat, le syst\u00e8me de navigation utilise certaines donn\u00e9es de navigation (\u00ab Cookies \u00bb) pour pouvoir offrir un service plus pr\u00e9cis aux utilisateurs du site. Les \u00ab cookies \u00bb sont de petits fichiers texte que le navigateur stocke lors de la navigation sur des sites Internet et des applications. En g\u00e9n\u00e9ral, ces technologies peuvent servir \u00e0 des fins tr\u00e8s diff\u00e9rentes, comme obtenir des informations sur vos habitudes de navigation ou personnaliser la mani\u00e8re dont le contenu est affich\u00e9. LA MAIRIE D\u2019HOSTALRIC utilise des \u00ab cookies \u00bb tiers sur son site Internet ; &#8211; Cookies d\u2019analyse : ce sont ceux qui, trait\u00e9s par des tiers, nous permettent de quantifier le nombre d\u2019utilisateurs et ainsi de pouvoir effectuer la m\u00e9dication et l\u2019analyse statistique de l\u2019utilisation faite par les utilisateurs du service propos\u00e9. C\u2019est la raison pour laquelle votre navigation sur notre site Internet est analys\u00e9e afin d\u2019am\u00e9liorer notre offre de produits et services. Le tiers est Google Analytics ; qui est un service de statistiques de pages Web propos\u00e9 par Google, Inc. Google Analytics collecte des informations sur l\u2019ordinateur de l\u2019utilisateur pour obtenir des rapports sur l\u2019activit\u00e9 des applications ; stocke les informations collect\u00e9es par des \u00ab cookies \u00bb sur des serveurs aux \u00c9tats-Unis. &#8211; Cookies de publicit\u00e9 comportementale : ce sont ceux, trait\u00e9s par des tiers, qui nous permettent d\u2019analyser les habitudes de navigation sur Internet afin d\u2019afficher de la publicit\u00e9 avec votre profil de navigation. Dans tous les cas, lorsque des donn\u00e9es \u00e0 caract\u00e8re personnel sont collect\u00e9es, et dans ce cas, uniquement l\u2019adresse IP d\u2019acc\u00e8s ; nous vous informons que ceux-ci seront trait\u00e9s et incorpor\u00e9s dans un Fichier appel\u00e9 \u00ab Marketing et r\u00e9seaux sociaux \u00bb sous la responsabilit\u00e9 de la mairie d\u2019HOSTALRIC. Le but de ce fichier est la gestion et le contr\u00f4le des r\u00e9seaux sociaux disponibles ainsi que des utilisateurs qui interagissent sur le Web et des informations obtenues. Ces donn\u00e9es seront transmises aux soci\u00e9t\u00e9s de gestion des cookies, et seront conserv\u00e9es conform\u00e9ment aux param\u00e8tres de ces entit\u00e9s. Ces donn\u00e9es seront transf\u00e9r\u00e9es vers des pays tiers, vous pouvez obtenir des informations \u00e0 ce sujet dans la propre politique de Google: https:\/\/policies.google.com\/privacy?hl=es Conform\u00e9ment aux dispositions de la r\u00e9glementation sur la Protection des donn\u00e9es \u00e0 caract\u00e8re personnel, nous vous informons que vous pouvez r\u00e9voquer ces autorisations via votre propre navigateur ou exercer les droits d\u2019acc\u00e8s, de rectification ou de suppression, de limitation de traitement ou d\u2019opposition, ainsi que votre droit \u00e0 la portabilit\u00e9 des donn\u00e9es \u00e0 : C\/ Raval, 45 17450 Hostalric ou envoy\u00e9 un email \u00e0 hostalric@hostalric.cat. De la m\u00eame mani\u00e8re, vous pouvez d\u00e9poser une r\u00e9clamation aupr\u00e8s de l\u2019Autorit\u00e9 catalane de protection des donn\u00e9es ; ou contactez notre d\u00e9l\u00e9gu\u00e9 \u00e0 la protection des donn\u00e9es hostalric@hostalric.cat. L\u2019utilisateur est inform\u00e9 que Google pourra transmettre ces informations \u00e0 des tiers lorsque la loi l\u2019exige, ou lorsque ces tiers traiteront les informations pour le compte de Google. Google n\u2019associera pas l\u2019adresse IP de l\u2019utilisateur \u00e0 d\u2019autres donn\u00e9es dont il dispose, et le fera donc sous une forme totalement anonymis\u00e9e. Pour refuser ou supprimer ce \u00ab cookie \u00bb, vous pouvez consulter l\u2019adresse suivante : http:\/\/www.google.com\/intl\/ca\/policies\/privacy\/ http:\/\/www.google.com\/intl\/en\/privacypolicy.html D\u00c9SACTIVATION ET BLOCAGE DES COOKIES Dans tous les cas, l\u2019utilisateur peut activer l\u2019option de son propre syst\u00e8me de navigation afin de ne pas permettre l\u2019installation de cookies ; La mairie d\u2019Hostalric ne peut en aucun cas \u00eatre responsable de la d\u00e9sactivation des cookies entra\u00eenant le mauvais fonctionnement de certains des services propos\u00e9s par ce site Web. Dans les liens suivants, vous trouverez des instructions qui vous aideront \u00e0 configurer les param\u00e8tres des navigateurs principaux et les plus utilis\u00e9s. Internet Explorer Microsoft Bord Google Chrome Mozilla Firefox Safari pour IOS (Iphone, iPad) Chrome pour Android Si vous souhaitez plus d\u2019informations sur les cookies et comment les d\u00e9sactiver en fonction de votre syst\u00e8me de navigation, vous pouvez consulter les liens suivants: www.aboutcookies.org http:\/\/www.aboutcookies.org\/Default.aspx?page=1 Dans le cas contraire, et apr\u00e8s avoir inform\u00e9 la mairie d\u2019Hostalric de l\u2019utilisation de cookies, et sans que ces derniers aient \u00e9t\u00e9 d\u00e9sactiv\u00e9s, cela implique que l\u2019utilisateur donne son consentement au traitement des donn\u00e9es par Google de la mani\u00e8re pr\u00e9vue dans le pr\u00e9sent avis et aux fins d\u00e9crites ici. Si vous avez des questions ou des commentaires, vous pouvez contacter la mairie d\u2019Hostalric via son service client\u00e8le ou nous contacter \u00e0 l\u2019adresse mail : hostalric@hostalric.cat .<\/p>\n","protected":false},"author":1,"featured_media":1582,"parent":0,"menu_order":0,"comment_status":"closed","ping_status":"closed","template":"","meta":{"_acf_changed":false,"footnotes":""},"class_list":["post-3151","page","type-page","status-publish","has-post-thumbnail"],"acf":[],"_links":{"self":[{"href":"https:\/\/www.turismehostalric.cat\/fr\/wp-json\/wp\/v2\/pages\/3151","targetHints":{"allow":["GET"]}}],"collection":[{"href":"https:\/\/www.turismehostalric.cat\/fr\/wp-json\/wp\/v2\/pages"}],"about":[{"href":"https:\/\/www.turismehostalric.cat\/fr\/wp-json\/wp\/v2\/types\/page"}],"author":[{"embeddable":true,"href":"https:\/\/www.turismehostalric.cat\/fr\/wp-json\/wp\/v2\/users\/1"}],"replies":[{"embeddable":true,"href":"https:\/\/www.turismehostalric.cat\/fr\/wp-json\/wp\/v2\/comments?post=3151"}],"version-history":[{"count":0,"href":"https:\/\/www.turismehostalric.cat\/fr\/wp-json\/wp\/v2\/pages\/3151\/revisions"}],"wp:featuredmedia":[{"embeddable":true,"href":"https:\/\/www.turismehostalric.cat\/fr\/wp-json\/wp\/v2\/media\/1582"}],"wp:attachment":[{"href":"https:\/\/www.turismehostalric.cat\/fr\/wp-json\/wp\/v2\/media?parent=3151"}],"curies":[{"name":"wp","href":"https:\/\/api.w.org\/{rel}","templated":true}]}}