{"id":3074,"date":"2024-03-21T15:44:34","date_gmt":"2024-03-21T14:44:34","guid":{"rendered":"https:\/\/w.turismehostalric.cat\/ce-quil-faut-faire\/a-proximite\/"},"modified":"2024-09-19T11:49:05","modified_gmt":"2024-09-19T09:49:05","slug":"a-proximite","status":"publish","type":"page","link":"https:\/\/www.turismehostalric.cat\/fr\/ce-quil-faut-faire\/a-proximite\/","title":{"rendered":"\u00c0 proximit\u00e9"},"content":{"rendered":"\t\t<div data-elementor-type=\"wp-page\" data-elementor-id=\"3074\" class=\"elementor elementor-3074 elementor-834\" data-elementor-post-type=\"page\">\n\t\t\t\t<div class=\"elementor-element elementor-element-310770d e-flex e-con-boxed wpr-particle-no wpr-jarallax-no wpr-parallax-no wpr-sticky-section-no wpr-equal-height-no e-con e-parent\" data-id=\"310770d\" data-element_type=\"container\">\n\t\t\t\t\t<div class=\"e-con-inner\">\n\t\t\t\t<div class=\"elementor-element elementor-element-687ee5e elementor-widget elementor-widget-text-editor\" data-id=\"687ee5e\" data-element_type=\"widget\" data-widget_type=\"text-editor.default\">\n\t\t\t\t<div class=\"elementor-widget-container\">\n\t\t\t\t\t\t\t\t\t<p>Hostalric jouit d&rsquo;une situation privil\u00e9gi\u00e9e et <strong>est tr\u00e8s bien desservi. <\/strong> La ville est situ\u00e9e \u00e0 c\u00f4t\u00e9 de la <a href=\"https:\/\/www.turismehostalric.cat\/ca\/espais-naturals\/la-tordera\"><strong>rivi\u00e8re Tordera<\/strong><\/a> et est l&rsquo;une des portes d&rsquo;entr\u00e9e du <strong>parc naturel du Montseny<\/strong> et du <strong>parc Montnegre Corredor<\/strong> . <strong><a href=\"https:\/\/www.turismehostalric.cat\/ca\/ciutats\/girona\">G\u00e9rone<\/a> et Barcelone<\/strong> sont respectivement <strong>\u00e0 40 et 60 km<\/strong> et les principaux centres touristiques de la <strong>Costa Brava<\/strong> sont accessibles en 30 minutes en voiture.<\/p>\n\t\t\t\t\t\t\t\t<\/div>\n\t\t\t\t<\/div>\n\t\t\t\t\t<\/div>\n\t\t\t\t<\/div>\n\t\t<div class=\"elementor-element elementor-element-056b50b e-flex e-con-boxed wpr-particle-no wpr-jarallax-no wpr-parallax-no wpr-sticky-section-no wpr-equal-height-no e-con e-parent\" data-id=\"056b50b\" data-element_type=\"container\">\n\t\t\t\t\t<div class=\"e-con-inner\">\n\t\t\t\t<div class=\"elementor-element elementor-element-a212c80 elementor-widget__width-initial elementor-widget elementor-widget-image-box\" data-id=\"a212c80\" data-element_type=\"widget\" data-widget_type=\"image-box.default\">\n\t\t\t\t<div class=\"elementor-widget-container\">\n\t\t\t\t\t<div class=\"elementor-image-box-wrapper\"><div class=\"elementor-image-box-content\"><h3 class=\"elementor-image-box-title\"><a href=\"https:\/\/www.laselvaturisme.com\/\" target=\"_blank\">Tourisme La Selva<\/a><\/h3><p class=\"elementor-image-box-description\">La Selva est une r\u00e9gion tr\u00e8s vari\u00e9e qui offre au visiteur une multitude de possibilit\u00e9s qui satisferont tous les go\u00fbts. Du littoral de la Costa Brava aux montagnes de Montseny, en passant par la Plana ou la zona du Ter Brugent. Connue sous les noms de \u00ab r\u00e9gion de l'eau \u00bb et de \u00ab terre de ch\u00e2teaux \u00bb, La Selva se distingue par son environnement naturel et son patrimoine.<\/p><\/div><\/div>\t\t\t\t<\/div>\n\t\t\t\t<\/div>\n\t\t\t\t<div class=\"elementor-element elementor-element-9f84e70 elementor-widget__width-initial elementor-widget elementor-widget-image-box\" data-id=\"9f84e70\" data-element_type=\"widget\" data-widget_type=\"image-box.default\">\n\t\t\t\t<div class=\"elementor-widget-container\">\n\t\t\t\t\t<div class=\"elementor-image-box-wrapper\"><div class=\"elementor-image-box-content\"><h3 class=\"elementor-image-box-title\"><a href=\"https:\/\/costabrava.org\/\" target=\"_blank\">Costa Brava Pyr\u00e9n\u00e9es de G\u00e9rone<\/a><\/h3><p class=\"elementor-image-box-description\">De Blanes \u00e0 Portbou, la Costa Brava vous surprendra par son savant m\u00e9lange de sensations. Nature, culture et patrimoine d\u00e9finissent ce territoire.  <\/p><\/div><\/div>\t\t\t\t<\/div>\n\t\t\t\t<\/div>\n\t\t\t\t<div class=\"elementor-element elementor-element-e83bf14 elementor-widget__width-initial elementor-widget elementor-widget-image-box\" data-id=\"e83bf14\" data-element_type=\"widget\" data-widget_type=\"image-box.default\">\n\t\t\t\t<div class=\"elementor-widget-container\">\n\t\t\t\t\t<div class=\"elementor-image-box-wrapper\"><div class=\"elementor-image-box-content\"><h3 class=\"elementor-image-box-title\"><a href=\"https:\/\/parcs.diba.cat\/web\/montseny\" target=\"_blank\">Parc Naturel del Montseny<\/a><\/h3><p class=\"elementor-image-box-description\">Le parc naturel du Montseny, \u00e9galement consid\u00e9r\u00e9 comme r\u00e9serve de biosph\u00e8re, est une mosa\u00efque de paysages m\u00e9diterran\u00e9ens et d'Europe centrale situ\u00e9e dans la cha\u00eene du Pr\u00e9littoral catalan, entre les d\u00e9marcations de Barcelone et de G\u00e9rone.  <\/p><\/div><\/div>\t\t\t\t<\/div>\n\t\t\t\t<\/div>\n\t\t\t\t<div class=\"elementor-element elementor-element-96670ad elementor-widget__width-initial elementor-widget elementor-widget-image-box\" data-id=\"96670ad\" data-element_type=\"widget\" data-widget_type=\"image-box.default\">\n\t\t\t\t<div class=\"elementor-widget-container\">\n\t\t\t\t\t<div class=\"elementor-image-box-wrapper\"><div class=\"elementor-image-box-content\"><h3 class=\"elementor-image-box-title\"><a href=\"https:\/\/parcs.diba.cat\/web\/montnegre\" target=\"_blank\">Parc naturel de Montnegre Corredor<\/a><\/h3><p class=\"elementor-image-box-description\">Le Corredor et le Montnegre sont les deux grands massifs qui composent cet espace situ\u00e9 sur la cordill\u00e8re littorale. Dolmens n\u00e9olithiques, vestiges arch\u00e9ologiques de l'\u00e9poque ib\u00e9rique et \u00e9glises m\u00e9di\u00e9vales se r\u00e9partissent dans un paysage bord\u00e9 de cultures, de for\u00eats et de fermes.  <\/p><\/div><\/div>\t\t\t\t<\/div>\n\t\t\t\t<\/div>\n\t\t\t\t\t<\/div>\n\t\t\t\t<\/div>\n\t\t<div class=\"elementor-element elementor-element-6d0c3dd e-flex e-con-boxed wpr-particle-no wpr-jarallax-no wpr-parallax-no wpr-sticky-section-no wpr-equal-height-no e-con e-parent\" data-id=\"6d0c3dd\" data-element_type=\"container\">\n\t\t\t\t\t<div class=\"e-con-inner\">\n\t\t\t\t\t<\/div>\n\t\t\t\t<\/div>\n\t\t\t\t<\/div>\n\t\t","protected":false},"excerpt":{"rendered":"<p>Hostalric jouit d&rsquo;une situation privil\u00e9gi\u00e9e et est tr\u00e8s bien desservi. La ville est situ\u00e9e \u00e0 c\u00f4t\u00e9 de la rivi\u00e8re Tordera et est l&rsquo;une des portes d&rsquo;entr\u00e9e du parc naturel du Montseny et du parc Montnegre Corredor . G\u00e9rone et Barcelone sont respectivement \u00e0 40 et 60 km et les principaux centres touristiques de la Costa Brava sont accessibles en 30 minutes en voiture. Tourisme La Selva La Selva est une r\u00e9gion tr\u00e8s vari\u00e9e qui offre au visiteur une multitude de possibilit\u00e9s qui satisferont tous les go\u00fbts. Du littoral de la Costa Brava aux montagnes de Montseny, en passant par la Plana ou la zona du Ter Brugent. Connue sous les noms de \u00ab r\u00e9gion de l&rsquo;eau \u00bb et de \u00ab terre de ch\u00e2teaux \u00bb, La Selva se distingue par son environnement naturel et son patrimoine. Costa Brava Pyr\u00e9n\u00e9es de G\u00e9rone De Blanes \u00e0 Portbou, la Costa Brava vous surprendra par son savant m\u00e9lange de sensations. Nature, culture et patrimoine d\u00e9finissent ce territoire. Parc Naturel del Montseny Le parc naturel du Montseny, \u00e9galement consid\u00e9r\u00e9 comme r\u00e9serve de biosph\u00e8re, est une mosa\u00efque de paysages m\u00e9diterran\u00e9ens et d&rsquo;Europe centrale situ\u00e9e dans la cha\u00eene du Pr\u00e9littoral catalan, entre les d\u00e9marcations de Barcelone et de G\u00e9rone. Parc naturel de Montnegre Corredor Le Corredor et le Montnegre sont les deux grands massifs qui composent cet espace situ\u00e9 sur la cordill\u00e8re littorale. Dolmens n\u00e9olithiques, vestiges arch\u00e9ologiques de l&rsquo;\u00e9poque ib\u00e9rique et \u00e9glises m\u00e9di\u00e9vales se r\u00e9partissent dans un paysage bord\u00e9 de cultures, de for\u00eats et de fermes.<\/p>\n","protected":false},"author":1,"featured_media":1999,"parent":2788,"menu_order":5,"comment_status":"closed","ping_status":"closed","template":"","meta":{"_acf_changed":false,"footnotes":""},"class_list":["post-3074","page","type-page","status-publish","has-post-thumbnail"],"acf":[],"_links":{"self":[{"href":"https:\/\/www.turismehostalric.cat\/fr\/wp-json\/wp\/v2\/pages\/3074","targetHints":{"allow":["GET"]}}],"collection":[{"href":"https:\/\/www.turismehostalric.cat\/fr\/wp-json\/wp\/v2\/pages"}],"about":[{"href":"https:\/\/www.turismehostalric.cat\/fr\/wp-json\/wp\/v2\/types\/page"}],"author":[{"embeddable":true,"href":"https:\/\/www.turismehostalric.cat\/fr\/wp-json\/wp\/v2\/users\/1"}],"replies":[{"embeddable":true,"href":"https:\/\/www.turismehostalric.cat\/fr\/wp-json\/wp\/v2\/comments?post=3074"}],"version-history":[{"count":0,"href":"https:\/\/www.turismehostalric.cat\/fr\/wp-json\/wp\/v2\/pages\/3074\/revisions"}],"up":[{"embeddable":true,"href":"https:\/\/www.turismehostalric.cat\/fr\/wp-json\/wp\/v2\/pages\/2788"}],"wp:featuredmedia":[{"embeddable":true,"href":"https:\/\/www.turismehostalric.cat\/fr\/wp-json\/wp\/v2\/media\/1999"}],"wp:attachment":[{"href":"https:\/\/www.turismehostalric.cat\/fr\/wp-json\/wp\/v2\/media?parent=3074"}],"curies":[{"name":"wp","href":"https:\/\/api.w.org\/{rel}","templated":true}]}}