{"id":2877,"date":"2024-03-20T10:26:54","date_gmt":"2024-03-20T09:26:54","guid":{"rendered":"https:\/\/w.turismehostalric.cat\/contactez-nous\/"},"modified":"2025-04-26T13:31:18","modified_gmt":"2025-04-26T11:31:18","slug":"contactez-nous","status":"publish","type":"page","link":"https:\/\/www.turismehostalric.cat\/fr\/contactez-nous\/","title":{"rendered":"Contactez nous"},"content":{"rendered":"\t\t<div data-elementor-type=\"wp-page\" data-elementor-id=\"2877\" class=\"elementor elementor-2877 elementor-518\" data-elementor-post-type=\"page\">\n\t\t\t\t<div class=\"elementor-element elementor-element-66735620 e-flex e-con-boxed wpr-particle-no wpr-jarallax-no wpr-parallax-no wpr-sticky-section-no wpr-equal-height-no e-con e-parent\" data-id=\"66735620\" data-element_type=\"container\">\n\t\t\t\t\t<div class=\"e-con-inner\">\n\t\t<div class=\"elementor-element elementor-element-bd67bc5 e-flex e-con-boxed wpr-particle-no wpr-jarallax-no wpr-parallax-no wpr-sticky-section-no wpr-equal-height-no e-con e-child\" data-id=\"bd67bc5\" data-element_type=\"container\">\n\t\t\t\t\t<div class=\"e-con-inner\">\n\t\t\t\t<div class=\"elementor-element elementor-element-1d55bd74 elementor-widget__width-initial elementor-widget-mobile__width-inherit elementor-widget elementor-widget-text-editor\" data-id=\"1d55bd74\" data-element_type=\"widget\" data-widget_type=\"text-editor.default\">\n\t\t\t\t<div class=\"elementor-widget-container\">\n\t\t\t\t\t\t\t\t\t<p>L&rsquo;Office de Tourisme d&rsquo;Hostalric existe depuis 2003, il fait partie du <strong><a href=\"http:\/\/empresa.gencat.cat\/ca\/treb_ambits_actuacio\/turisme\/informacio_promocio\/emo_oficines_turisme\/emo_xarxa_oficines_turisme\/\" target=\"_blank\" rel=\"noreferrer noopener\">R\u00e9seau des Offices de Tourisme de Catalogne<\/a><\/strong> et nous travaillons \u00e0 <strong>promouvoir et \u00e0 revitaliser le patrimoine de la ville<\/strong>, avec une repr\u00e9sentation de la <strong>p\u00e9riode m\u00e9di\u00e9vale et de l&rsquo;\u00e9poque moderne<\/strong>, combin\u00e9e \u00e0 <strong>la gastronomie<\/strong> et \u00e0 la <strong>nature<\/strong>. Notre objective est diversifier l&rsquo;offre touristique de soleil et de plage h\u00e9berg\u00e9e sur la <a href=\"https:\/\/ca.costabrava.org\/\" target=\"_blank\" rel=\"noreferrer noopener\"><strong>Costa Brava<\/strong><\/a> .<\/p><p>La vue sur la ville depuis l&rsquo;office de tourisme est le meilleur plan que nous puissions vous offrir. En regardant par la fen\u00eatre, vous trouverez tout ce que vous pourrez visiter dans la ville d\u2019Hostalric.<\/p><p>Nous vous attendons!<\/p><p>C\/ Raval, 45 (la Domus-Can Llensa), 17450 Hostalric, Girona<\/p><p><strong>HORAIRES<\/strong><\/p><ul><li>1\/11 \u2013 28\/02: de lundi \u00e0 dimanche de 10.00h a 14.00h<\/li><li><strong>1\/03 \u2013 30\/06 et 11\/09 \u2013 31\/10: de lundi \u00e0 dimanche de 10.00h \u00e0 14.00h et les samedis apr\u00e8s-midi de 15.00h \u00e0 18.00h<\/strong><\/li><li>1\/07 \u2013 10\/9: de lundi \u00e0 samedi de 10.00h \u00e0 14.00h et de 16.00h \u00e0 19.00h et dimanche de 10.00h a 14.00h<\/li><\/ul>\t\t\t\t\t\t\t\t<\/div>\n\t\t\t\t<\/div>\n\t\t\t\t<div class=\"elementor-element elementor-element-e658f16 elementor-widget__width-initial elementor-widget-mobile__width-inherit elementor-widget elementor-widget-image\" data-id=\"e658f16\" data-element_type=\"widget\" data-widget_type=\"image.default\">\n\t\t\t\t<div class=\"elementor-widget-container\">\n\t\t\t\t\t\t\t\t\t\t\t\t\t\t\t<img fetchpriority=\"high\" decoding=\"async\" width=\"1024\" height=\"768\" src=\"https:\/\/www.turismehostalric.cat\/wp-content\/uploads\/2024\/09\/Oficina-de-Turisme-1024x768.jpg\" class=\"attachment-large size-large wp-image-3787\" alt=\"\" srcset=\"https:\/\/www.turismehostalric.cat\/wp-content\/uploads\/2024\/09\/Oficina-de-Turisme-1024x768.jpg 1024w, https:\/\/www.turismehostalric.cat\/wp-content\/uploads\/2024\/09\/Oficina-de-Turisme-300x225.jpg 300w, https:\/\/www.turismehostalric.cat\/wp-content\/uploads\/2024\/09\/Oficina-de-Turisme-768x576.jpg 768w, https:\/\/www.turismehostalric.cat\/wp-content\/uploads\/2024\/09\/Oficina-de-Turisme-1536x1152.jpg 1536w, https:\/\/www.turismehostalric.cat\/wp-content\/uploads\/2024\/09\/Oficina-de-Turisme.jpg 2048w\" sizes=\"(max-width: 1024px) 100vw, 1024px\" \/>\t\t\t\t\t\t\t\t\t\t\t\t\t\t\t<\/div>\n\t\t\t\t<\/div>\n\t\t\t\t\t<\/div>\n\t\t\t\t<\/div>\n\t\t\t\t<div class=\"elementor-element elementor-element-6853231 elementor-widget-divider--view-line_text elementor-widget-divider--element-align-left elementor-widget elementor-widget-divider\" data-id=\"6853231\" data-element_type=\"widget\" data-widget_type=\"divider.default\">\n\t\t\t\t<div class=\"elementor-widget-container\">\n\t\t\t\t\t\t\t<div class=\"elementor-divider\">\n\t\t\t<span class=\"elementor-divider-separator\">\n\t\t\t\t\t\t\t<span class=\"elementor-divider__text elementor-divider__element\">\n\t\t\t\tContactez-nous\t\t\t\t<\/span>\n\t\t\t\t\t\t<\/span>\n\t\t<\/div>\n\t\t\t\t\t\t<\/div>\n\t\t\t\t<\/div>\n\t\t\t\t<div class=\"elementor-element elementor-element-253459a elementor-icon-list--layout-inline elementor-mobile-align-start elementor-list-item-link-full_width elementor-widget elementor-widget-icon-list\" data-id=\"253459a\" data-element_type=\"widget\" data-widget_type=\"icon-list.default\">\n\t\t\t\t<div class=\"elementor-widget-container\">\n\t\t\t\t\t\t\t<ul class=\"elementor-icon-list-items elementor-inline-items\">\n\t\t\t\t\t\t\t<li class=\"elementor-icon-list-item elementor-inline-item\">\n\t\t\t\t\t\t\t\t\t\t\t<span class=\"elementor-icon-list-icon\">\n\t\t\t\t\t\t\t<svg aria-hidden=\"true\" class=\"e-font-icon-svg e-fas-phone-alt\" viewBox=\"0 0 512 512\" xmlns=\"http:\/\/www.w3.org\/2000\/svg\"><path d=\"M497.39 361.8l-112-48a24 24 0 0 0-28 6.9l-49.6 60.6A370.66 370.66 0 0 1 130.6 204.11l60.6-49.6a23.94 23.94 0 0 0 6.9-28l-48-112A24.16 24.16 0 0 0 122.6.61l-104 24A24 24 0 0 0 0 48c0 256.5 207.9 464 464 464a24 24 0 0 0 23.4-18.6l24-104a24.29 24.29 0 0 0-14.01-27.6z\"><\/path><\/svg>\t\t\t\t\t\t<\/span>\n\t\t\t\t\t\t\t\t\t\t<span class=\"elementor-icon-list-text\">972 87 41 65<\/span>\n\t\t\t\t\t\t\t\t\t<\/li>\n\t\t\t\t\t\t\t\t<li class=\"elementor-icon-list-item elementor-inline-item\">\n\t\t\t\t\t\t\t\t\t\t\t<span class=\"elementor-icon-list-icon\">\n\t\t\t\t\t\t\t<svg aria-hidden=\"true\" class=\"e-font-icon-svg e-fab-whatsapp\" viewBox=\"0 0 448 512\" xmlns=\"http:\/\/www.w3.org\/2000\/svg\"><path d=\"M380.9 97.1C339 55.1 283.2 32 223.9 32c-122.4 0-222 99.6-222 222 0 39.1 10.2 77.3 29.6 111L0 480l117.7-30.9c32.4 17.7 68.9 27 106.1 27h.1c122.3 0 224.1-99.6 224.1-222 0-59.3-25.2-115-67.1-157zm-157 341.6c-33.2 0-65.7-8.9-94-25.7l-6.7-4-69.8 18.3L72 359.2l-4.4-7c-18.5-29.4-28.2-63.3-28.2-98.2 0-101.7 82.8-184.5 184.6-184.5 49.3 0 95.6 19.2 130.4 54.1 34.8 34.9 56.2 81.2 56.1 130.5 0 101.8-84.9 184.6-186.6 184.6zm101.2-138.2c-5.5-2.8-32.8-16.2-37.9-18-5.1-1.9-8.8-2.8-12.5 2.8-3.7 5.6-14.3 18-17.6 21.8-3.2 3.7-6.5 4.2-12 1.4-32.6-16.3-54-29.1-75.5-66-5.7-9.8 5.7-9.1 16.3-30.3 1.8-3.7.9-6.9-.5-9.7-1.4-2.8-12.5-30.1-17.1-41.2-4.5-10.8-9.1-9.3-12.5-9.5-3.2-.2-6.9-.2-10.6-.2-3.7 0-9.7 1.4-14.8 6.9-5.1 5.6-19.4 19-19.4 46.3 0 27.3 19.9 53.7 22.6 57.4 2.8 3.7 39.1 59.7 94.8 83.8 35.2 15.2 49 16.5 66.6 13.9 10.7-1.6 32.8-13.4 37.4-26.4 4.6-13 4.6-24.1 3.2-26.4-1.3-2.5-5-3.9-10.5-6.6z\"><\/path><\/svg>\t\t\t\t\t\t<\/span>\n\t\t\t\t\t\t\t\t\t\t<span class=\"elementor-icon-list-text\">685 88 28 49<\/span>\n\t\t\t\t\t\t\t\t\t<\/li>\n\t\t\t\t\t\t\t\t<li class=\"elementor-icon-list-item elementor-inline-item\">\n\t\t\t\t\t\t\t\t\t\t\t<span class=\"elementor-icon-list-icon\">\n\t\t\t\t\t\t\t<svg aria-hidden=\"true\" class=\"e-font-icon-svg e-far-envelope\" viewBox=\"0 0 512 512\" xmlns=\"http:\/\/www.w3.org\/2000\/svg\"><path d=\"M464 64H48C21.49 64 0 85.49 0 112v288c0 26.51 21.49 48 48 48h416c26.51 0 48-21.49 48-48V112c0-26.51-21.49-48-48-48zm0 48v40.805c-22.422 18.259-58.168 46.651-134.587 106.49-16.841 13.247-50.201 45.072-73.413 44.701-23.208.375-56.579-31.459-73.413-44.701C106.18 199.465 70.425 171.067 48 152.805V112h416zM48 400V214.398c22.914 18.251 55.409 43.862 104.938 82.646 21.857 17.205 60.134 55.186 103.062 54.955 42.717.231 80.509-37.199 103.053-54.947 49.528-38.783 82.032-64.401 104.947-82.653V400H48z\"><\/path><\/svg>\t\t\t\t\t\t<\/span>\n\t\t\t\t\t\t\t\t\t\t<span class=\"elementor-icon-list-text\">turisme@hostalric.cat<\/span>\n\t\t\t\t\t\t\t\t\t<\/li>\n\t\t\t\t\t\t<\/ul>\n\t\t\t\t\t\t<\/div>\n\t\t\t\t<\/div>\n\t\t\t\t<div class=\"elementor-element elementor-element-c8e1a15 elementor-button-align-stretch elementor-widget elementor-widget-form\" data-id=\"c8e1a15\" data-element_type=\"widget\" data-settings=\"{&quot;step_next_label&quot;:&quot;Next&quot;,&quot;step_previous_label&quot;:&quot;Previous&quot;,&quot;button_width&quot;:&quot;100&quot;,&quot;step_type&quot;:&quot;number_text&quot;,&quot;step_icon_shape&quot;:&quot;circle&quot;}\" data-widget_type=\"form.default\">\n\t\t\t\t<div class=\"elementor-widget-container\">\n\t\t\t\t\t\t\t<form class=\"elementor-form\" method=\"post\" name=\"New Form\" aria-label=\"New Form\">\n\t\t\t<input type=\"hidden\" name=\"post_id\" value=\"2877\"\/>\n\t\t\t<input type=\"hidden\" name=\"form_id\" value=\"c8e1a15\"\/>\n\t\t\t<input type=\"hidden\" name=\"referer_title\" value=\"Contactez nous\" \/>\n\n\t\t\t\t\t\t\t<input type=\"hidden\" name=\"queried_id\" value=\"2877\"\/>\n\t\t\t\n\t\t\t<div class=\"elementor-form-fields-wrapper elementor-labels-\">\n\t\t\t\t\t\t\t\t<div class=\"elementor-field-type-text elementor-field-group elementor-column elementor-field-group-name elementor-col-100 elementor-field-required\">\n\t\t\t\t\t\t\t\t\t\t\t\t<label for=\"form-field-name\" class=\"elementor-field-label elementor-screen-only\">\n\t\t\t\t\t\t\t\tPr\u00e9nom\t\t\t\t\t\t\t<\/label>\n\t\t\t\t\t\t\t\t\t\t\t\t\t\t<input size=\"1\" type=\"text\" name=\"form_fields[name]\" id=\"form-field-name\" class=\"elementor-field elementor-size-md  elementor-field-textual\" placeholder=\"Pr\u00e9nom\" required=\"required\">\n\t\t\t\t\t\t\t\t\t\t\t<\/div>\n\t\t\t\t\t\t\t\t<div class=\"elementor-field-type-text elementor-field-group elementor-column elementor-field-group-field_01e6a7d elementor-col-100 elementor-field-required\">\n\t\t\t\t\t\t\t\t\t\t\t\t<label for=\"form-field-field_01e6a7d\" class=\"elementor-field-label elementor-screen-only\">\n\t\t\t\t\t\t\t\tT\u00e9l\u00e9phone\t\t\t\t\t\t\t<\/label>\n\t\t\t\t\t\t\t\t\t\t\t\t\t\t<input size=\"1\" type=\"text\" name=\"form_fields[field_01e6a7d]\" id=\"form-field-field_01e6a7d\" class=\"elementor-field elementor-size-md  elementor-field-textual\" placeholder=\"T\u00e9l\u00e9phone\" required=\"required\">\n\t\t\t\t\t\t\t\t\t\t\t<\/div>\n\t\t\t\t\t\t\t\t<div class=\"elementor-field-type-email elementor-field-group elementor-column elementor-field-group-email elementor-col-100 elementor-field-required\">\n\t\t\t\t\t\t\t\t\t\t\t\t<label for=\"form-field-email\" class=\"elementor-field-label elementor-screen-only\">\n\t\t\t\t\t\t\t\tEmail\t\t\t\t\t\t\t<\/label>\n\t\t\t\t\t\t\t\t\t\t\t\t\t\t<input size=\"1\" type=\"email\" name=\"form_fields[email]\" id=\"form-field-email\" class=\"elementor-field elementor-size-md  elementor-field-textual\" placeholder=\"Email\" required=\"required\">\n\t\t\t\t\t\t\t\t\t\t\t<\/div>\n\t\t\t\t\t\t\t\t<div class=\"elementor-field-type-textarea elementor-field-group elementor-column elementor-field-group-message elementor-col-100 elementor-field-required\">\n\t\t\t\t\t\t\t\t\t\t\t\t<label for=\"form-field-message\" class=\"elementor-field-label elementor-screen-only\">\n\t\t\t\t\t\t\t\tMessage\t\t\t\t\t\t\t<\/label>\n\t\t\t\t\t\t<textarea class=\"elementor-field-textual elementor-field  elementor-size-md\" name=\"form_fields[message]\" id=\"form-field-message\" rows=\"4\" placeholder=\"Message\" required=\"required\"><\/textarea>\t\t\t\t<\/div>\n\t\t\t\t\t\t\t\t<div class=\"elementor-field-type-acceptance elementor-field-group elementor-column elementor-field-group-field_c4c1d3c elementor-col-100 elementor-field-required\">\n\t\t\t\t\t\t\t\t\t\t\t\t<label for=\"form-field-field_c4c1d3c\" class=\"elementor-field-label elementor-screen-only\">\n\t\t\t\t\t\t\t\taccepto\t\t\t\t\t\t\t<\/label>\n\t\t\t\t\t\t\t\t<div class=\"elementor-field-subgroup\">\n\t\t\t<span class=\"elementor-field-option\">\n\t\t\t\t<input type=\"checkbox\" name=\"form_fields[field_c4c1d3c]\" id=\"form-field-field_c4c1d3c\" class=\"elementor-field elementor-size-md  elementor-acceptance-field\" required=\"required\">\n\t\t\t\t<label for=\"form-field-field_c4c1d3c\">J'ai lu et j'accepte les <a href=\"https:\/\/www.turismehostalric.cat\/fr\/mentions-legales-et-politique-de-confidentialite\/\" target=\"_blank\">mentions l\u00e9gales et la politique de confidentialit\u00e9<\/a>.<\/label>\t\t\t<\/span>\n\t\t<\/div>\n\t\t\t\t\t\t<\/div>\n\t\t\t\t\t\t\t\t<div class=\"elementor-field-type-recaptcha_v3 elementor-field-group elementor-column elementor-field-group-field_a3b1fa9 elementor-col-100 recaptcha_v3-inline\">\n\t\t\t\t\t<div class=\"elementor-field\" id=\"form-field-field_a3b1fa9\"><div class=\"elementor-g-recaptcha\" data-sitekey=\"6LdhBqsfAAAAAD0on3DBGwiVcZV6Ev9gU6dXQDf8\" data-type=\"v3\" data-action=\"Form\" data-badge=\"inline\" data-size=\"invisible\"><\/div><\/div>\t\t\t\t<\/div>\n\t\t\t\t\t\t\t\t<div class=\"elementor-field-group elementor-column elementor-field-type-submit elementor-col-100 e-form__buttons\">\n\t\t\t\t\t<button class=\"elementor-button elementor-size-sm\" type=\"submit\">\n\t\t\t\t\t\t<span class=\"elementor-button-content-wrapper\">\n\t\t\t\t\t\t\t\t\t\t\t\t\t\t\t\t\t\t\t\t\t\t<span class=\"elementor-button-text\">Envoyer<\/span>\n\t\t\t\t\t\t\t\t\t\t\t\t\t<\/span>\n\t\t\t\t\t<\/button>\n\t\t\t\t<\/div>\n\t\t\t<\/div>\n\t\t<\/form>\n\t\t\t\t\t\t<\/div>\n\t\t\t\t<\/div>\n\t\t\t\t\t<\/div>\n\t\t\t\t<\/div>\n\t\t\t\t<\/div>\n\t\t","protected":false},"excerpt":{"rendered":"<p>L&rsquo;Office de Tourisme d&rsquo;Hostalric existe depuis 2003, il fait partie du R\u00e9seau des Offices de Tourisme de Catalogne et nous travaillons \u00e0 promouvoir et \u00e0 revitaliser le patrimoine de la ville, avec une repr\u00e9sentation de la p\u00e9riode m\u00e9di\u00e9vale et de l&rsquo;\u00e9poque moderne, combin\u00e9e \u00e0 la gastronomie et \u00e0 la nature. Notre objective est diversifier l&rsquo;offre touristique de soleil et de plage h\u00e9berg\u00e9e sur la Costa Brava . La vue sur la ville depuis l&rsquo;office de tourisme est le meilleur plan que nous puissions vous offrir. En regardant par la fen\u00eatre, vous trouverez tout ce que vous pourrez visiter dans la ville d\u2019Hostalric. Nous vous attendons! C\/ Raval, 45 (la Domus-Can Llensa), 17450 Hostalric, Girona HORAIRES 1\/11 \u2013 28\/02: de lundi \u00e0 dimanche de 10.00h a 14.00h 1\/03 \u2013 30\/06 et 11\/09 \u2013 31\/10: de lundi \u00e0 dimanche de 10.00h \u00e0 14.00h et les samedis apr\u00e8s-midi de 15.00h \u00e0 18.00h 1\/07 \u2013 10\/9: de lundi \u00e0 samedi de 10.00h \u00e0 14.00h et de 16.00h \u00e0 19.00h et dimanche de 10.00h a 14.00h Contactez-nous 972 87 41 65 685 88 28 49 turisme@hostalric.cat<\/p>\n","protected":false},"author":1,"featured_media":521,"parent":0,"menu_order":21,"comment_status":"closed","ping_status":"closed","template":"","meta":{"_acf_changed":false,"footnotes":""},"class_list":["post-2877","page","type-page","status-publish","has-post-thumbnail"],"acf":[],"_links":{"self":[{"href":"https:\/\/www.turismehostalric.cat\/fr\/wp-json\/wp\/v2\/pages\/2877","targetHints":{"allow":["GET"]}}],"collection":[{"href":"https:\/\/www.turismehostalric.cat\/fr\/wp-json\/wp\/v2\/pages"}],"about":[{"href":"https:\/\/www.turismehostalric.cat\/fr\/wp-json\/wp\/v2\/types\/page"}],"author":[{"embeddable":true,"href":"https:\/\/www.turismehostalric.cat\/fr\/wp-json\/wp\/v2\/users\/1"}],"replies":[{"embeddable":true,"href":"https:\/\/www.turismehostalric.cat\/fr\/wp-json\/wp\/v2\/comments?post=2877"}],"version-history":[{"count":2,"href":"https:\/\/www.turismehostalric.cat\/fr\/wp-json\/wp\/v2\/pages\/2877\/revisions"}],"predecessor-version":[{"id":5245,"href":"https:\/\/www.turismehostalric.cat\/fr\/wp-json\/wp\/v2\/pages\/2877\/revisions\/5245"}],"wp:featuredmedia":[{"embeddable":true,"href":"https:\/\/www.turismehostalric.cat\/fr\/wp-json\/wp\/v2\/media\/521"}],"wp:attachment":[{"href":"https:\/\/www.turismehostalric.cat\/fr\/wp-json\/wp\/v2\/media?parent=2877"}],"curies":[{"name":"wp","href":"https:\/\/api.w.org\/{rel}","templated":true}]}}