{"id":2824,"date":"2024-03-21T10:54:13","date_gmt":"2024-03-21T09:54:13","guid":{"rendered":"https:\/\/w.turismehostalric.cat\/le-chateau\/"},"modified":"2024-05-27T12:30:50","modified_gmt":"2024-05-27T10:30:50","slug":"le-chateau","status":"publish","type":"page","link":"https:\/\/www.turismehostalric.cat\/fr\/le-chateau\/","title":{"rendered":"Le ch\u00e2teau"},"content":{"rendered":"\t\t<div data-elementor-type=\"wp-page\" data-elementor-id=\"2824\" class=\"elementor elementor-2824 elementor-532\" data-elementor-post-type=\"page\">\n\t\t\t\t<div class=\"elementor-element elementor-element-b2106b0 e-flex e-con-boxed wpr-particle-no wpr-jarallax-no wpr-parallax-no wpr-sticky-section-no wpr-equal-height-no e-con e-parent\" data-id=\"b2106b0\" data-element_type=\"container\">\n\t\t\t\t\t<div class=\"e-con-inner\">\n\t\t\t\t<div class=\"elementor-element elementor-element-93d0865 elementor-grid-2 elementor-grid-tablet-2 elementor-grid-mobile-1 elementor-widget elementor-widget-loop-grid\" data-id=\"93d0865\" data-element_type=\"widget\" data-settings=\"{&quot;template_id&quot;:2375,&quot;columns&quot;:2,&quot;_skin&quot;:&quot;post&quot;,&quot;columns_tablet&quot;:&quot;2&quot;,&quot;columns_mobile&quot;:&quot;1&quot;,&quot;edit_handle_selector&quot;:&quot;[data-elementor-type=\\&quot;loop-item\\&quot;]&quot;,&quot;row_gap&quot;:{&quot;unit&quot;:&quot;px&quot;,&quot;size&quot;:&quot;&quot;,&quot;sizes&quot;:[]},&quot;row_gap_tablet&quot;:{&quot;unit&quot;:&quot;px&quot;,&quot;size&quot;:&quot;&quot;,&quot;sizes&quot;:[]},&quot;row_gap_mobile&quot;:{&quot;unit&quot;:&quot;px&quot;,&quot;size&quot;:&quot;&quot;,&quot;sizes&quot;:[]}}\" data-widget_type=\"loop-grid.post\">\n\t\t\t\t<div class=\"elementor-widget-container\">\n\t\t\t\t\t\t\t<div class=\"elementor-loop-container elementor-grid\" role=\"list\">\n\t\t<style id=\"loop-2375\">.elementor-2375 .elementor-element.elementor-element-ce78f18{--display:flex;--gap:0px 0px;--row-gap:0px;--column-gap:0px;border-style:solid;--border-style:solid;border-width:0px 0px 5px 0px;--border-top-width:0px;--border-right-width:0px;--border-bottom-width:5px;--border-left-width:0px;border-color:var( --e-global-color-b96a02b );--border-color:var( --e-global-color-b96a02b );--padding-top:0px;--padding-bottom:0px;--padding-left:0px;--padding-right:0px;}.elementor-2375 .elementor-element.elementor-element-ce78f18:not(.elementor-motion-effects-element-type-background), .elementor-2375 .elementor-element.elementor-element-ce78f18 > .elementor-motion-effects-container > .elementor-motion-effects-layer{background-color:var( --e-global-color-784407d );}.elementor-2375 .elementor-element.elementor-element-ce78f18:hover{border-style:solid;border-width:0px 0px 4px 0px;--border-top-width:0px;--border-right-width:0px;--border-bottom-width:4px;--border-left-width:0px;border-color:var( --e-global-color-8760ca8 );--border-color:var( --e-global-color-8760ca8 );}.elementor-2375 .elementor-element.elementor-element-ce78f18, .elementor-2375 .elementor-element.elementor-element-ce78f18::before{--border-transition:0.3s;}.elementor-widget-image .widget-image-caption{color:var( --e-global-color-text );font-family:var( --e-global-typography-text-font-family ), Sans-serif;font-weight:var( --e-global-typography-text-font-weight );}.elementor-2375 .elementor-element.elementor-element-8723079 img{width:100%;max-width:100%;height:300px;object-fit:cover;object-position:center center;transition-duration:0.5s;}.elementor-2375 .elementor-element.elementor-element-8723079:hover img{filter:brightness( 70% ) contrast( 130% ) saturate( 100% ) blur( 0px ) hue-rotate( 0deg );}.elementor-2375 .elementor-element.elementor-element-62a1f37{--display:flex;--gap:10px 10px;--row-gap:10px;--column-gap:10px;--padding-top:20px;--padding-bottom:20px;--padding-left:20px;--padding-right:20px;}.elementor-widget-heading .elementor-heading-title{font-family:var( --e-global-typography-primary-font-family ), Sans-serif;font-weight:var( --e-global-typography-primary-font-weight );color:var( --e-global-color-primary );}.elementor-2375 .elementor-element.elementor-element-d10ce3c{text-align:start;}.elementor-2375 .elementor-element.elementor-element-d10ce3c .elementor-heading-title{font-family:\"Poppins\", Sans-serif;font-size:22px;font-weight:600;letter-spacing:-0.3px;color:var( --e-global-color-b96a02b );}.elementor-widget-text-editor{font-family:var( --e-global-typography-text-font-family ), Sans-serif;font-weight:var( --e-global-typography-text-font-weight );color:var( --e-global-color-text );}.elementor-widget-text-editor.elementor-drop-cap-view-stacked .elementor-drop-cap{background-color:var( --e-global-color-primary );}.elementor-widget-text-editor.elementor-drop-cap-view-framed .elementor-drop-cap, .elementor-widget-text-editor.elementor-drop-cap-view-default .elementor-drop-cap{color:var( --e-global-color-primary );border-color:var( --e-global-color-primary );}.elementor-2375 .elementor-element.elementor-element-e2e42d6{text-align:start;font-family:var( --e-global-typography-5e9ee57-font-family ), Sans-serif;font-size:var( --e-global-typography-5e9ee57-font-size );font-weight:var( --e-global-typography-5e9ee57-font-weight );line-height:var( --e-global-typography-5e9ee57-line-height );letter-spacing:var( --e-global-typography-5e9ee57-letter-spacing );color:var( --e-global-color-b96a02b );}.elementor-widget-divider{--divider-color:var( --e-global-color-secondary );}.elementor-widget-divider .elementor-divider__text{color:var( --e-global-color-secondary );font-family:var( --e-global-typography-secondary-font-family ), Sans-serif;font-weight:var( --e-global-typography-secondary-font-weight );}.elementor-widget-divider.elementor-view-stacked .elementor-icon{background-color:var( --e-global-color-secondary );}.elementor-widget-divider.elementor-view-framed .elementor-icon, .elementor-widget-divider.elementor-view-default .elementor-icon{color:var( --e-global-color-secondary );border-color:var( --e-global-color-secondary );}.elementor-widget-divider.elementor-view-framed .elementor-icon, .elementor-widget-divider.elementor-view-default .elementor-icon svg{fill:var( --e-global-color-secondary );}.elementor-2375 .elementor-element.elementor-element-db472d9{--divider-border-style:solid;--divider-color:var( --e-global-color-b96a02b );--divider-border-width:1px;}.elementor-2375 .elementor-element.elementor-element-db472d9 .elementor-divider-separator{width:100%;}.elementor-2375 .elementor-element.elementor-element-db472d9 .elementor-divider{padding-block-start:5px;padding-block-end:5px;}.elementor-widget-button .elementor-button{background-color:var( --e-global-color-accent );font-family:var( --e-global-typography-accent-font-family ), Sans-serif;font-weight:var( --e-global-typography-accent-font-weight );}.elementor-2375 .elementor-element.elementor-element-d21a2e5 .elementor-button{background-color:var( --e-global-color-784407d );font-family:\"Poppins\", Sans-serif;font-size:16px;font-weight:500;letter-spacing:-0.2px;fill:var( --e-global-color-b96a02b );color:var( --e-global-color-b96a02b );padding:0px 0px 0px 0px;}.elementor-2375 .elementor-element.elementor-element-d21a2e5 .elementor-button:hover, .elementor-2375 .elementor-element.elementor-element-d21a2e5 .elementor-button:focus{background-color:var( --e-global-color-784407d );color:var( --e-global-color-8760ca8 );}.elementor-2375 .elementor-element.elementor-element-d21a2e5 > .elementor-widget-container{padding:0px 0px 0px 0px;}.elementor-2375 .elementor-element.elementor-element-d21a2e5 .elementor-button-content-wrapper{flex-direction:row-reverse;}.elementor-2375 .elementor-element.elementor-element-d21a2e5 .elementor-button .elementor-button-content-wrapper{gap:15px;}.elementor-2375 .elementor-element.elementor-element-d21a2e5 .elementor-button:hover svg, .elementor-2375 .elementor-element.elementor-element-d21a2e5 .elementor-button:focus svg{fill:var( --e-global-color-8760ca8 );}@media(max-width:1024px){.elementor-2375 .elementor-element.elementor-element-e2e42d6{font-size:var( --e-global-typography-5e9ee57-font-size );line-height:var( --e-global-typography-5e9ee57-line-height );letter-spacing:var( --e-global-typography-5e9ee57-letter-spacing );}}@media(max-width:767px){.elementor-2375 .elementor-element.elementor-element-e2e42d6{font-size:var( --e-global-typography-5e9ee57-font-size );line-height:var( --e-global-typography-5e9ee57-line-height );letter-spacing:var( --e-global-typography-5e9ee57-letter-spacing );}}<\/style>\t\t<div data-elementor-type=\"loop-item\" data-elementor-id=\"2375\" class=\"elementor elementor-2375 elementor-265 elementor-265 e-loop-item e-loop-item-3187 post-3187 page type-page status-publish has-post-thumbnail\" data-elementor-post-type=\"elementor_library\" data-custom-edit-handle=\"1\">\n\t\t\t<div class=\"elementor-element elementor-element-ce78f18 e-flex e-con-boxed wpr-particle-no wpr-jarallax-no wpr-parallax-no wpr-sticky-section-no wpr-equal-height-no e-con e-parent\" data-id=\"ce78f18\" data-element_type=\"container\" data-settings=\"{&quot;background_background&quot;:&quot;classic&quot;}\">\n\t\t\t\t\t<div class=\"e-con-inner\">\n\t\t\t\t<div class=\"elementor-element elementor-element-8723079 elementor-widget elementor-widget-image\" data-id=\"8723079\" data-element_type=\"widget\" data-widget_type=\"image.default\">\n\t\t\t\t<div class=\"elementor-widget-container\">\n\t\t\t\t\t\t\t\t\t\t\t\t\t\t\t\t<a href=\"https:\/\/www.turismehostalric.cat\/fr\/le-chateau\/lhistoire-du-chateau\/\">\n\t\t\t\t\t\t\t<img fetchpriority=\"high\" decoding=\"async\" width=\"1500\" height=\"980\" src=\"https:\/\/www.turismehostalric.cat\/wp-content\/uploads\/2024\/04\/Castell-Hostalric_Historia_3.jpg\" class=\"attachment-full size-full wp-image-1426\" alt=\"\" srcset=\"https:\/\/www.turismehostalric.cat\/wp-content\/uploads\/2024\/04\/Castell-Hostalric_Historia_3.jpg 1500w, https:\/\/www.turismehostalric.cat\/wp-content\/uploads\/2024\/04\/Castell-Hostalric_Historia_3-300x196.jpg 300w, https:\/\/www.turismehostalric.cat\/wp-content\/uploads\/2024\/04\/Castell-Hostalric_Historia_3-1024x669.jpg 1024w, https:\/\/www.turismehostalric.cat\/wp-content\/uploads\/2024\/04\/Castell-Hostalric_Historia_3-768x502.jpg 768w\" sizes=\"(max-width: 1500px) 100vw, 1500px\" \/>\t\t\t\t\t\t\t\t<\/a>\n\t\t\t\t\t\t\t\t\t\t\t\t\t\t\t<\/div>\n\t\t\t\t<\/div>\n\t\t<div class=\"elementor-element elementor-element-62a1f37 e-flex e-con-boxed wpr-particle-no wpr-jarallax-no wpr-parallax-no wpr-sticky-section-no wpr-equal-height-no e-con e-child\" data-id=\"62a1f37\" data-element_type=\"container\">\n\t\t\t\t\t<div class=\"e-con-inner\">\n\t\t\t\t<div class=\"elementor-element elementor-element-d10ce3c elementor-widget elementor-widget-heading\" data-id=\"d10ce3c\" data-element_type=\"widget\" data-widget_type=\"heading.default\">\n\t\t\t\t<div class=\"elementor-widget-container\">\n\t\t\t\t\t<h2 class=\"elementor-heading-title elementor-size-default\"><a href=\"https:\/\/www.turismehostalric.cat\/fr\/le-chateau\/lhistoire-du-chateau\/\">L&rsquo;histoire du ch\u00e2teau<\/a><\/h2>\t\t\t\t<\/div>\n\t\t\t\t<\/div>\n\t\t\t\t<div class=\"elementor-element elementor-element-e2e42d6 elementor-widget elementor-widget-text-editor\" data-id=\"e2e42d6\" data-element_type=\"widget\" data-widget_type=\"text-editor.default\">\n\t\t\t\t<div class=\"elementor-widget-container\">\n\t\t\t\t\t\t\t\t\tPendant la Guerre d\u2019ind\u00e9pendance espagnole, Hostalric a jou\u00e9 un immense r\u00f4le, \u00e0 la fois en soutenant l\u2019entr\u00e9e des produits d\u2019\u00e9picerie pendant le si\u00e8ge de G\u00e9rone et en bloquant l\u2019arriv\u00e9e des troupes ennemies. C\u2019est la raison pour laquelle les Fran\u00e7ais devaient absolument prendre la ville.\t\t\t\t\t\t\t\t<\/div>\n\t\t\t\t<\/div>\n\t\t\t\t<div class=\"elementor-element elementor-element-db472d9 elementor-hidden-desktop elementor-hidden-tablet elementor-hidden-mobile elementor-widget-divider--view-line elementor-widget elementor-widget-divider\" data-id=\"db472d9\" data-element_type=\"widget\" data-widget_type=\"divider.default\">\n\t\t\t\t<div class=\"elementor-widget-container\">\n\t\t\t\t\t\t\t<div class=\"elementor-divider\">\n\t\t\t<span class=\"elementor-divider-separator\">\n\t\t\t\t\t\t<\/span>\n\t\t<\/div>\n\t\t\t\t\t\t<\/div>\n\t\t\t\t<\/div>\n\t\t\t\t<div class=\"elementor-element elementor-element-d21a2e5 elementor-align-left elementor-hidden-desktop elementor-hidden-tablet elementor-hidden-mobile elementor-widget elementor-widget-button\" data-id=\"d21a2e5\" data-element_type=\"widget\" data-widget_type=\"button.default\">\n\t\t\t\t<div class=\"elementor-widget-container\">\n\t\t\t\t\t\t\t\t\t<div class=\"elementor-button-wrapper\">\n\t\t\t\t\t<a class=\"elementor-button elementor-button-link elementor-size-sm\" href=\"https:\/\/www.turismehostalric.cat\/fr\/le-chateau\/lhistoire-du-chateau\/\">\n\t\t\t\t\t\t<span class=\"elementor-button-content-wrapper\">\n\t\t\t\t\t\t<span class=\"elementor-button-icon\">\n\t\t\t\t<svg aria-hidden=\"true\" class=\"e-font-icon-svg e-fas-angle-right\" viewBox=\"0 0 256 512\" xmlns=\"http:\/\/www.w3.org\/2000\/svg\"><path d=\"M224.3 273l-136 136c-9.4 9.4-24.6 9.4-33.9 0l-22.6-22.6c-9.4-9.4-9.4-24.6 0-33.9l96.4-96.4-96.4-96.4c-9.4-9.4-9.4-24.6 0-33.9L54.3 103c9.4-9.4 24.6-9.4 33.9 0l136 136c9.5 9.4 9.5 24.6.1 34z\"><\/path><\/svg>\t\t\t<\/span>\n\t\t\t\t\t\t\t\t\t<span class=\"elementor-button-text\">Apprendre encore plus<\/span>\n\t\t\t\t\t<\/span>\n\t\t\t\t\t<\/a>\n\t\t\t\t<\/div>\n\t\t\t\t\t\t\t\t<\/div>\n\t\t\t\t<\/div>\n\t\t\t\t\t<\/div>\n\t\t\t\t<\/div>\n\t\t\t\t\t<\/div>\n\t\t\t\t<\/div>\n\t\t\t\t<\/div>\n\t\t\t\t<div data-elementor-type=\"loop-item\" data-elementor-id=\"2375\" class=\"elementor elementor-2375 elementor-265 elementor-265 e-loop-item e-loop-item-3183 post-3183 page type-page status-publish has-post-thumbnail\" data-elementor-post-type=\"elementor_library\" data-custom-edit-handle=\"1\">\n\t\t\t<div class=\"elementor-element elementor-element-ce78f18 e-flex e-con-boxed wpr-particle-no wpr-jarallax-no wpr-parallax-no wpr-sticky-section-no wpr-equal-height-no e-con e-parent\" data-id=\"ce78f18\" data-element_type=\"container\" data-settings=\"{&quot;background_background&quot;:&quot;classic&quot;}\">\n\t\t\t\t\t<div class=\"e-con-inner\">\n\t\t\t\t<div class=\"elementor-element elementor-element-8723079 elementor-widget elementor-widget-image\" data-id=\"8723079\" data-element_type=\"widget\" data-widget_type=\"image.default\">\n\t\t\t\t<div class=\"elementor-widget-container\">\n\t\t\t\t\t\t\t\t\t\t\t\t\t\t\t\t<a href=\"https:\/\/www.turismehostalric.cat\/fr\/le-chateau\/lieux-dinteret\/\">\n\t\t\t\t\t\t\t<img decoding=\"async\" width=\"2000\" height=\"400\" src=\"https:\/\/www.turismehostalric.cat\/wp-content\/uploads\/2024\/03\/contacte.jpg\" class=\"attachment-full size-full wp-image-521\" alt=\"\" srcset=\"https:\/\/www.turismehostalric.cat\/wp-content\/uploads\/2024\/03\/contacte.jpg 2000w, https:\/\/www.turismehostalric.cat\/wp-content\/uploads\/2024\/03\/contacte-300x60.jpg 300w, https:\/\/www.turismehostalric.cat\/wp-content\/uploads\/2024\/03\/contacte-1024x205.jpg 1024w, https:\/\/www.turismehostalric.cat\/wp-content\/uploads\/2024\/03\/contacte-768x154.jpg 768w, https:\/\/www.turismehostalric.cat\/wp-content\/uploads\/2024\/03\/contacte-1536x307.jpg 1536w\" sizes=\"(max-width: 2000px) 100vw, 2000px\" \/>\t\t\t\t\t\t\t\t<\/a>\n\t\t\t\t\t\t\t\t\t\t\t\t\t\t\t<\/div>\n\t\t\t\t<\/div>\n\t\t<div class=\"elementor-element elementor-element-62a1f37 e-flex e-con-boxed wpr-particle-no wpr-jarallax-no wpr-parallax-no wpr-sticky-section-no wpr-equal-height-no e-con e-child\" data-id=\"62a1f37\" data-element_type=\"container\">\n\t\t\t\t\t<div class=\"e-con-inner\">\n\t\t\t\t<div class=\"elementor-element elementor-element-d10ce3c elementor-widget elementor-widget-heading\" data-id=\"d10ce3c\" data-element_type=\"widget\" data-widget_type=\"heading.default\">\n\t\t\t\t<div class=\"elementor-widget-container\">\n\t\t\t\t\t<h2 class=\"elementor-heading-title elementor-size-default\"><a href=\"https:\/\/www.turismehostalric.cat\/fr\/le-chateau\/lieux-dinteret\/\">Lieux d&rsquo;int\u00e9r\u00eat<\/a><\/h2>\t\t\t\t<\/div>\n\t\t\t\t<\/div>\n\t\t\t\t<div class=\"elementor-element elementor-element-e2e42d6 elementor-widget elementor-widget-text-editor\" data-id=\"e2e42d6\" data-element_type=\"widget\" data-widget_type=\"text-editor.default\">\n\t\t\t\t<div class=\"elementor-widget-container\">\n\t\t\t\t\t\t\t\t\tLe ch\u00e2teau d&rsquo;Hostalric est construit sur une colline en pierre d&rsquo;origine basaltique. Il est prouv\u00e9 qu&rsquo;une fortification y existait d\u00e9j\u00e0 en 1145, mais le ch\u00e2teau qui a surv\u00e9cu jusqu&rsquo;\u00e0 nos jours a \u00e9t\u00e9 construit au XVIIIe si\u00e8cle.\t\t\t\t\t\t\t\t<\/div>\n\t\t\t\t<\/div>\n\t\t\t\t<div class=\"elementor-element elementor-element-db472d9 elementor-hidden-desktop elementor-hidden-tablet elementor-hidden-mobile elementor-widget-divider--view-line elementor-widget elementor-widget-divider\" data-id=\"db472d9\" data-element_type=\"widget\" data-widget_type=\"divider.default\">\n\t\t\t\t<div class=\"elementor-widget-container\">\n\t\t\t\t\t\t\t<div class=\"elementor-divider\">\n\t\t\t<span class=\"elementor-divider-separator\">\n\t\t\t\t\t\t<\/span>\n\t\t<\/div>\n\t\t\t\t\t\t<\/div>\n\t\t\t\t<\/div>\n\t\t\t\t<div class=\"elementor-element elementor-element-d21a2e5 elementor-align-left elementor-hidden-desktop elementor-hidden-tablet elementor-hidden-mobile elementor-widget elementor-widget-button\" data-id=\"d21a2e5\" data-element_type=\"widget\" data-widget_type=\"button.default\">\n\t\t\t\t<div class=\"elementor-widget-container\">\n\t\t\t\t\t\t\t\t\t<div class=\"elementor-button-wrapper\">\n\t\t\t\t\t<a class=\"elementor-button elementor-button-link elementor-size-sm\" href=\"https:\/\/www.turismehostalric.cat\/fr\/le-chateau\/lieux-dinteret\/\">\n\t\t\t\t\t\t<span class=\"elementor-button-content-wrapper\">\n\t\t\t\t\t\t<span class=\"elementor-button-icon\">\n\t\t\t\t<svg aria-hidden=\"true\" class=\"e-font-icon-svg e-fas-angle-right\" viewBox=\"0 0 256 512\" xmlns=\"http:\/\/www.w3.org\/2000\/svg\"><path d=\"M224.3 273l-136 136c-9.4 9.4-24.6 9.4-33.9 0l-22.6-22.6c-9.4-9.4-9.4-24.6 0-33.9l96.4-96.4-96.4-96.4c-9.4-9.4-9.4-24.6 0-33.9L54.3 103c9.4-9.4 24.6-9.4 33.9 0l136 136c9.5 9.4 9.5 24.6.1 34z\"><\/path><\/svg>\t\t\t<\/span>\n\t\t\t\t\t\t\t\t\t<span class=\"elementor-button-text\">Apprendre encore plus<\/span>\n\t\t\t\t\t<\/span>\n\t\t\t\t\t<\/a>\n\t\t\t\t<\/div>\n\t\t\t\t\t\t\t\t<\/div>\n\t\t\t\t<\/div>\n\t\t\t\t\t<\/div>\n\t\t\t\t<\/div>\n\t\t\t\t\t<\/div>\n\t\t\t\t<\/div>\n\t\t\t\t<\/div>\n\t\t\t\t<div data-elementor-type=\"loop-item\" data-elementor-id=\"2375\" class=\"elementor elementor-2375 elementor-265 elementor-265 e-loop-item e-loop-item-3179 post-3179 page type-page status-publish has-post-thumbnail\" data-elementor-post-type=\"elementor_library\" data-custom-edit-handle=\"1\">\n\t\t\t<div class=\"elementor-element elementor-element-ce78f18 e-flex e-con-boxed wpr-particle-no wpr-jarallax-no wpr-parallax-no wpr-sticky-section-no wpr-equal-height-no e-con e-parent\" data-id=\"ce78f18\" data-element_type=\"container\" data-settings=\"{&quot;background_background&quot;:&quot;classic&quot;}\">\n\t\t\t\t\t<div class=\"e-con-inner\">\n\t\t\t\t<div class=\"elementor-element elementor-element-8723079 elementor-widget elementor-widget-image\" data-id=\"8723079\" data-element_type=\"widget\" data-widget_type=\"image.default\">\n\t\t\t\t<div class=\"elementor-widget-container\">\n\t\t\t\t\t\t\t\t\t\t\t\t\t\t\t\t<a href=\"https:\/\/www.turismehostalric.cat\/fr\/le-chateau\/location-despaces\/\">\n\t\t\t\t\t\t\t<img decoding=\"async\" width=\"1200\" height=\"800\" src=\"https:\/\/www.turismehostalric.cat\/wp-content\/uploads\/2024\/03\/lloguer-espais.jpg\" class=\"attachment-full size-full wp-image-485\" alt=\"\" srcset=\"https:\/\/www.turismehostalric.cat\/wp-content\/uploads\/2024\/03\/lloguer-espais.jpg 1200w, https:\/\/www.turismehostalric.cat\/wp-content\/uploads\/2024\/03\/lloguer-espais-300x200.jpg 300w, https:\/\/www.turismehostalric.cat\/wp-content\/uploads\/2024\/03\/lloguer-espais-1024x683.jpg 1024w, https:\/\/www.turismehostalric.cat\/wp-content\/uploads\/2024\/03\/lloguer-espais-768x512.jpg 768w\" sizes=\"(max-width: 1200px) 100vw, 1200px\" \/>\t\t\t\t\t\t\t\t<\/a>\n\t\t\t\t\t\t\t\t\t\t\t\t\t\t\t<\/div>\n\t\t\t\t<\/div>\n\t\t<div class=\"elementor-element elementor-element-62a1f37 e-flex e-con-boxed wpr-particle-no wpr-jarallax-no wpr-parallax-no wpr-sticky-section-no wpr-equal-height-no e-con e-child\" data-id=\"62a1f37\" data-element_type=\"container\">\n\t\t\t\t\t<div class=\"e-con-inner\">\n\t\t\t\t<div class=\"elementor-element elementor-element-d10ce3c elementor-widget elementor-widget-heading\" data-id=\"d10ce3c\" data-element_type=\"widget\" data-widget_type=\"heading.default\">\n\t\t\t\t<div class=\"elementor-widget-container\">\n\t\t\t\t\t<h2 class=\"elementor-heading-title elementor-size-default\"><a href=\"https:\/\/www.turismehostalric.cat\/fr\/le-chateau\/location-despaces\/\">R\u00e9servation d&rsquo;espaces<\/a><\/h2>\t\t\t\t<\/div>\n\t\t\t\t<\/div>\n\t\t\t\t<div class=\"elementor-element elementor-element-e2e42d6 elementor-widget elementor-widget-text-editor\" data-id=\"e2e42d6\" data-element_type=\"widget\" data-widget_type=\"text-editor.default\">\n\t\t\t\t<div class=\"elementor-widget-container\">\n\t\t\t\t\t\t\t\t\tLe ch\u00e2teau d&rsquo;Hostalric dispose de plusieurs espaces \u00e0 la location pour organiser diverses c\u00e9r\u00e9monies ou \u00e9v\u00e9nements. \t\t\t\t\t\t\t\t<\/div>\n\t\t\t\t<\/div>\n\t\t\t\t<div class=\"elementor-element elementor-element-db472d9 elementor-hidden-desktop elementor-hidden-tablet elementor-hidden-mobile elementor-widget-divider--view-line elementor-widget elementor-widget-divider\" data-id=\"db472d9\" data-element_type=\"widget\" data-widget_type=\"divider.default\">\n\t\t\t\t<div class=\"elementor-widget-container\">\n\t\t\t\t\t\t\t<div class=\"elementor-divider\">\n\t\t\t<span class=\"elementor-divider-separator\">\n\t\t\t\t\t\t<\/span>\n\t\t<\/div>\n\t\t\t\t\t\t<\/div>\n\t\t\t\t<\/div>\n\t\t\t\t<div class=\"elementor-element elementor-element-d21a2e5 elementor-align-left elementor-hidden-desktop elementor-hidden-tablet elementor-hidden-mobile elementor-widget elementor-widget-button\" data-id=\"d21a2e5\" data-element_type=\"widget\" data-widget_type=\"button.default\">\n\t\t\t\t<div class=\"elementor-widget-container\">\n\t\t\t\t\t\t\t\t\t<div class=\"elementor-button-wrapper\">\n\t\t\t\t\t<a class=\"elementor-button elementor-button-link elementor-size-sm\" href=\"https:\/\/www.turismehostalric.cat\/fr\/le-chateau\/location-despaces\/\">\n\t\t\t\t\t\t<span class=\"elementor-button-content-wrapper\">\n\t\t\t\t\t\t<span class=\"elementor-button-icon\">\n\t\t\t\t<svg aria-hidden=\"true\" class=\"e-font-icon-svg e-fas-angle-right\" viewBox=\"0 0 256 512\" xmlns=\"http:\/\/www.w3.org\/2000\/svg\"><path d=\"M224.3 273l-136 136c-9.4 9.4-24.6 9.4-33.9 0l-22.6-22.6c-9.4-9.4-9.4-24.6 0-33.9l96.4-96.4-96.4-96.4c-9.4-9.4-9.4-24.6 0-33.9L54.3 103c9.4-9.4 24.6-9.4 33.9 0l136 136c9.5 9.4 9.5 24.6.1 34z\"><\/path><\/svg>\t\t\t<\/span>\n\t\t\t\t\t\t\t\t\t<span class=\"elementor-button-text\">Apprendre encore plus<\/span>\n\t\t\t\t\t<\/span>\n\t\t\t\t\t<\/a>\n\t\t\t\t<\/div>\n\t\t\t\t\t\t\t\t<\/div>\n\t\t\t\t<\/div>\n\t\t\t\t\t<\/div>\n\t\t\t\t<\/div>\n\t\t\t\t\t<\/div>\n\t\t\t\t<\/div>\n\t\t\t\t<\/div>\n\t\t\t\t<\/div>\n\t\t\n\t\t\t\t\t\t<\/div>\n\t\t\t\t<\/div>\n\t\t\t\t\t<\/div>\n\t\t\t\t<\/div>\n\t\t\t\t<\/div>\n\t\t","protected":false},"excerpt":{"rendered":"","protected":false},"author":1,"featured_media":479,"parent":0,"menu_order":12,"comment_status":"closed","ping_status":"closed","template":"","meta":{"_acf_changed":false,"footnotes":""},"class_list":["post-2824","page","type-page","status-publish","has-post-thumbnail"],"acf":[],"_links":{"self":[{"href":"https:\/\/www.turismehostalric.cat\/fr\/wp-json\/wp\/v2\/pages\/2824","targetHints":{"allow":["GET"]}}],"collection":[{"href":"https:\/\/www.turismehostalric.cat\/fr\/wp-json\/wp\/v2\/pages"}],"about":[{"href":"https:\/\/www.turismehostalric.cat\/fr\/wp-json\/wp\/v2\/types\/page"}],"author":[{"embeddable":true,"href":"https:\/\/www.turismehostalric.cat\/fr\/wp-json\/wp\/v2\/users\/1"}],"replies":[{"embeddable":true,"href":"https:\/\/www.turismehostalric.cat\/fr\/wp-json\/wp\/v2\/comments?post=2824"}],"version-history":[{"count":0,"href":"https:\/\/www.turismehostalric.cat\/fr\/wp-json\/wp\/v2\/pages\/2824\/revisions"}],"wp:featuredmedia":[{"embeddable":true,"href":"https:\/\/www.turismehostalric.cat\/fr\/wp-json\/wp\/v2\/media\/479"}],"wp:attachment":[{"href":"https:\/\/www.turismehostalric.cat\/fr\/wp-json\/wp\/v2\/media?parent=2824"}],"curies":[{"name":"wp","href":"https:\/\/api.w.org\/{rel}","templated":true}]}}