{"id":2800,"date":"2024-03-21T11:39:24","date_gmt":"2024-03-21T10:39:24","guid":{"rendered":"https:\/\/w.turismehostalric.cat\/ce-quil-faut-faire\/visites\/"},"modified":"2024-09-19T11:46:59","modified_gmt":"2024-09-19T09:46:59","slug":"visites","status":"publish","type":"page","link":"https:\/\/www.turismehostalric.cat\/fr\/ce-quil-faut-faire\/visites\/","title":{"rendered":"Visites"},"content":{"rendered":"\t\t<div data-elementor-type=\"wp-page\" data-elementor-id=\"2800\" class=\"elementor elementor-2800 elementor-538\" data-elementor-post-type=\"page\">\n\t\t\t\t<div class=\"elementor-element elementor-element-efc757f e-flex e-con-boxed wpr-particle-no wpr-jarallax-no wpr-parallax-no wpr-sticky-section-no wpr-equal-height-no e-con e-parent\" data-id=\"efc757f\" data-element_type=\"container\">\n\t\t\t\t\t<div class=\"e-con-inner\">\n\t\t\t\t<div class=\"elementor-element elementor-element-a521c15 elementor-grid-2 elementor-grid-tablet-2 elementor-grid-mobile-1 elementor-widget elementor-widget-loop-grid\" data-id=\"a521c15\" data-element_type=\"widget\" data-settings=\"{&quot;template_id&quot;:2323,&quot;columns&quot;:2,&quot;_skin&quot;:&quot;post&quot;,&quot;columns_tablet&quot;:&quot;2&quot;,&quot;columns_mobile&quot;:&quot;1&quot;,&quot;edit_handle_selector&quot;:&quot;[data-elementor-type=\\&quot;loop-item\\&quot;]&quot;,&quot;row_gap&quot;:{&quot;unit&quot;:&quot;px&quot;,&quot;size&quot;:&quot;&quot;,&quot;sizes&quot;:[]},&quot;row_gap_tablet&quot;:{&quot;unit&quot;:&quot;px&quot;,&quot;size&quot;:&quot;&quot;,&quot;sizes&quot;:[]},&quot;row_gap_mobile&quot;:{&quot;unit&quot;:&quot;px&quot;,&quot;size&quot;:&quot;&quot;,&quot;sizes&quot;:[]}}\" data-widget_type=\"loop-grid.post\">\n\t\t\t\t<div class=\"elementor-widget-container\">\n\t\t\t\t\t\t\t<div class=\"elementor-loop-container elementor-grid\" role=\"list\">\n\t\t<style id=\"loop-2323\">.elementor-2323 .elementor-element.elementor-element-74e910a{--display:flex;--justify-content:flex-end;--align-items:flex-start;--container-widget-width:calc( ( 1 - var( --container-widget-flex-grow ) ) * 100% );--gap:0px 0px;--row-gap:0px;--column-gap:0px;--overlay-opacity:0.25;--padding-top:0px;--padding-bottom:0px;--padding-left:0px;--padding-right:0px;}.elementor-2323 .elementor-element.elementor-element-74e910a::before, .elementor-2323 .elementor-element.elementor-element-74e910a > .elementor-background-video-container::before, .elementor-2323 .elementor-element.elementor-element-74e910a > .e-con-inner > .elementor-background-video-container::before, .elementor-2323 .elementor-element.elementor-element-74e910a > .elementor-background-slideshow::before, .elementor-2323 .elementor-element.elementor-element-74e910a > .e-con-inner > .elementor-background-slideshow::before, .elementor-2323 .elementor-element.elementor-element-74e910a > .elementor-motion-effects-container > .elementor-motion-effects-layer::before{--background-overlay:'';}.elementor-2323 .elementor-element.elementor-element-74e910a:hover::before, .elementor-2323 .elementor-element.elementor-element-74e910a:hover > .elementor-background-video-container::before, .elementor-2323 .elementor-element.elementor-element-74e910a:hover > .e-con-inner > .elementor-background-video-container::before, .elementor-2323 .elementor-element.elementor-element-74e910a > .elementor-background-slideshow:hover::before, .elementor-2323 .elementor-element.elementor-element-74e910a > .e-con-inner > .elementor-background-slideshow:hover::before{--background-overlay:'';}.elementor-2323 .elementor-element.elementor-element-74e910a:hover{--overlay-opacity:0.3;}.elementor-2323 .elementor-element.elementor-element-fc27a54{--display:flex;--gap:0px 0px;--row-gap:0px;--column-gap:0px;--padding-top:0px;--padding-bottom:0px;--padding-left:0px;--padding-right:0px;}.elementor-widget-theme-post-featured-image .widget-image-caption{color:var( --e-global-color-text );font-family:var( --e-global-typography-text-font-family ), Sans-serif;font-weight:var( --e-global-typography-text-font-weight );}.elementor-2323 .elementor-element.elementor-element-76b9022 img{width:100%;height:350px;object-fit:cover;object-position:center center;}.elementor-2323 .elementor-element.elementor-element-a101158{--display:flex;--min-height:185px;--justify-content:space-between;--background-transition:0.3s;--margin-top:-80px;--margin-bottom:0px;--margin-left:0px;--margin-right:0px;--padding-top:20px;--padding-bottom:20px;--padding-left:20px;--padding-right:20px;}.elementor-2323 .elementor-element.elementor-element-a101158:not(.elementor-motion-effects-element-type-background), .elementor-2323 .elementor-element.elementor-element-a101158 > .elementor-motion-effects-container > .elementor-motion-effects-layer{background-color:var( --e-global-color-b96a02b );}.elementor-2323 .elementor-element.elementor-element-a101158:hover{background-color:var( --e-global-color-8760ca8 );}.elementor-widget-heading .elementor-heading-title{font-family:var( --e-global-typography-primary-font-family ), Sans-serif;font-weight:var( --e-global-typography-primary-font-weight );color:var( --e-global-color-primary );}.elementor-2323 .elementor-element.elementor-element-29b1ef6{text-align:start;}.elementor-2323 .elementor-element.elementor-element-29b1ef6 .elementor-heading-title{font-family:\"Poppins\", Sans-serif;font-size:1.8em;font-weight:600;line-height:1em;letter-spacing:-0.2px;color:#FFFFFF;}.elementor-widget-button .elementor-button{background-color:var( --e-global-color-accent );font-family:var( --e-global-typography-accent-font-family ), Sans-serif;font-weight:var( --e-global-typography-accent-font-weight );}.elementor-2323 .elementor-element.elementor-element-bf079fc .elementor-button{background-color:#61CE7000;font-family:\"Poppins\", Sans-serif;font-size:16px;font-weight:500;line-height:0.8em;fill:var( --e-global-color-784407d );color:var( --e-global-color-784407d );border-radius:0px 0px 0px 0px;padding:0px 0px 0px 0px;}.elementor-2323 .elementor-element.elementor-element-bf079fc .elementor-button-content-wrapper{flex-direction:row-reverse;}.elementor-2323 .elementor-element.elementor-element-bf079fc .elementor-button .elementor-button-content-wrapper{gap:15px;}@media(min-width:768px){.elementor-2323 .elementor-element.elementor-element-74e910a{--content-width:100%;}.elementor-2323 .elementor-element.elementor-element-a101158{--width:85%;}}<\/style>\t\t<div data-elementor-type=\"loop-item\" data-elementor-id=\"2323\" class=\"elementor elementor-2323 elementor-769 elementor-769 e-loop-item e-loop-item-2733 post-2733 el-que-pots-visitar type-el-que-pots-visitar status-publish has-post-thumbnail hentry\" data-elementor-post-type=\"elementor_library\" data-custom-edit-handle=\"1\">\n\t\t\t<a class=\"elementor-element elementor-element-74e910a e-flex e-con-boxed wpr-particle-no wpr-jarallax-no wpr-parallax-no wpr-sticky-section-no wpr-equal-height-no e-con e-parent\" data-id=\"74e910a\" data-element_type=\"container\" data-settings=\"{&quot;background_background&quot;:&quot;classic&quot;}\" href=\"https:\/\/www.turismehostalric.cat\/fr\/el-que-pots-visitar\/visite-avec-remise-de-cles-lenceinte-medieval\/\">\n\t\t\t\t\t<div class=\"e-con-inner\">\n\t\t<div class=\"elementor-element elementor-element-fc27a54 e-con-full e-flex wpr-particle-no wpr-jarallax-no wpr-parallax-no wpr-sticky-section-no wpr-equal-height-no e-con e-child\" data-id=\"fc27a54\" data-element_type=\"container\">\n\t\t\t\t<div class=\"elementor-element elementor-element-76b9022 elementor-widget elementor-widget-theme-post-featured-image elementor-widget-image\" data-id=\"76b9022\" data-element_type=\"widget\" data-widget_type=\"theme-post-featured-image.default\">\n\t\t\t\t<div class=\"elementor-widget-container\">\n\t\t\t\t\t\t\t\t\t\t\t\t\t\t\t<img fetchpriority=\"high\" decoding=\"async\" width=\"500\" height=\"333\" src=\"https:\/\/www.turismehostalric.cat\/wp-content\/uploads\/2024\/03\/visita-amb-clau-muralla.png\" class=\"attachment-large size-large wp-image-549\" alt=\"\" srcset=\"https:\/\/www.turismehostalric.cat\/wp-content\/uploads\/2024\/03\/visita-amb-clau-muralla.png 500w, https:\/\/www.turismehostalric.cat\/wp-content\/uploads\/2024\/03\/visita-amb-clau-muralla-300x200.png 300w\" sizes=\"(max-width: 500px) 100vw, 500px\" \/>\t\t\t\t\t\t\t\t\t\t\t\t\t\t\t<\/div>\n\t\t\t\t<\/div>\n\t\t\t\t<\/div>\n\t\t<div class=\"elementor-element elementor-element-a101158 e-con-full e-flex wpr-particle-no wpr-jarallax-no wpr-parallax-no wpr-sticky-section-no wpr-equal-height-no e-con e-child\" data-id=\"a101158\" data-element_type=\"container\" data-settings=\"{&quot;background_background&quot;:&quot;classic&quot;}\">\n\t\t\t\t<div class=\"elementor-element elementor-element-29b1ef6 elementor-widget elementor-widget-heading\" data-id=\"29b1ef6\" data-element_type=\"widget\" data-widget_type=\"heading.default\">\n\t\t\t\t<div class=\"elementor-widget-container\">\n\t\t\t\t\t<h2 class=\"elementor-heading-title elementor-size-default\">Visite avec remise de cl\u00e9s l&rsquo;enceinte m\u00e9di\u00e9val<\/h2>\t\t\t\t<\/div>\n\t\t\t\t<\/div>\n\t\t\t\t<div class=\"elementor-element elementor-element-bf079fc elementor-align-left elementor-widget elementor-widget-button\" data-id=\"bf079fc\" data-element_type=\"widget\" data-widget_type=\"button.default\">\n\t\t\t\t<div class=\"elementor-widget-container\">\n\t\t\t\t\t\t\t\t\t<div class=\"elementor-button-wrapper\">\n\t\t\t\t\t<a class=\"elementor-button elementor-button-link elementor-size-sm\" href=\"https:\/\/www.turismehostalric.cat\/fr\/el-que-pots-visitar\/visite-avec-remise-de-cles-lenceinte-medieval\/\">\n\t\t\t\t\t\t<span class=\"elementor-button-content-wrapper\">\n\t\t\t\t\t\t<span class=\"elementor-button-icon\">\n\t\t\t\t<svg aria-hidden=\"true\" class=\"e-font-icon-svg e-fas-angle-right\" viewBox=\"0 0 256 512\" xmlns=\"http:\/\/www.w3.org\/2000\/svg\"><path d=\"M224.3 273l-136 136c-9.4 9.4-24.6 9.4-33.9 0l-22.6-22.6c-9.4-9.4-9.4-24.6 0-33.9l96.4-96.4-96.4-96.4c-9.4-9.4-9.4-24.6 0-33.9L54.3 103c9.4-9.4 24.6-9.4 33.9 0l136 136c9.5 9.4 9.5 24.6.1 34z\"><\/path><\/svg>\t\t\t<\/span>\n\t\t\t\t\t\t\t\t\t<span class=\"elementor-button-text\">Plus d'informations<\/span>\n\t\t\t\t\t<\/span>\n\t\t\t\t\t<\/a>\n\t\t\t\t<\/div>\n\t\t\t\t\t\t\t\t<\/div>\n\t\t\t\t<\/div>\n\t\t\t\t<\/div>\n\t\t\t\t\t<\/div>\n\t\t\t\t<\/a>\n\t\t\t\t<\/div>\n\t\t\t\t<div data-elementor-type=\"loop-item\" data-elementor-id=\"2323\" class=\"elementor elementor-2323 elementor-769 elementor-769 e-loop-item e-loop-item-5262 post-5262 el-que-pots-visitar type-el-que-pots-visitar status-publish has-post-thumbnail hentry\" data-elementor-post-type=\"elementor_library\" data-custom-edit-handle=\"1\">\n\t\t\t<a class=\"elementor-element elementor-element-74e910a e-flex e-con-boxed wpr-particle-no wpr-jarallax-no wpr-parallax-no wpr-sticky-section-no wpr-equal-height-no e-con e-parent\" data-id=\"74e910a\" data-element_type=\"container\" data-settings=\"{&quot;background_background&quot;:&quot;classic&quot;}\" href=\"https:\/\/www.turismehostalric.cat\/fr\/el-que-pots-visitar\/entree-au-chateau-dhostalric\/\">\n\t\t\t\t\t<div class=\"e-con-inner\">\n\t\t<div class=\"elementor-element elementor-element-fc27a54 e-con-full e-flex wpr-particle-no wpr-jarallax-no wpr-parallax-no wpr-sticky-section-no wpr-equal-height-no e-con e-child\" data-id=\"fc27a54\" data-element_type=\"container\">\n\t\t\t\t<div class=\"elementor-element elementor-element-76b9022 elementor-widget elementor-widget-theme-post-featured-image elementor-widget-image\" data-id=\"76b9022\" data-element_type=\"widget\" data-widget_type=\"theme-post-featured-image.default\">\n\t\t\t\t<div class=\"elementor-widget-container\">\n\t\t\t\t\t\t\t\t\t\t\t\t\t\t\t<img decoding=\"async\" width=\"1024\" height=\"684\" src=\"https:\/\/www.turismehostalric.cat\/wp-content\/uploads\/2024\/04\/Que-fer_visites_tour-autoguiat-1024x684.jpg\" class=\"attachment-large size-large wp-image-1991\" alt=\"\" srcset=\"https:\/\/www.turismehostalric.cat\/wp-content\/uploads\/2024\/04\/Que-fer_visites_tour-autoguiat-1024x684.jpg 1024w, https:\/\/www.turismehostalric.cat\/wp-content\/uploads\/2024\/04\/Que-fer_visites_tour-autoguiat-300x200.jpg 300w, https:\/\/www.turismehostalric.cat\/wp-content\/uploads\/2024\/04\/Que-fer_visites_tour-autoguiat-768x513.jpg 768w, https:\/\/www.turismehostalric.cat\/wp-content\/uploads\/2024\/04\/Que-fer_visites_tour-autoguiat-1536x1025.jpg 1536w, https:\/\/www.turismehostalric.cat\/wp-content\/uploads\/2024\/04\/Que-fer_visites_tour-autoguiat.jpg 1772w\" sizes=\"(max-width: 1024px) 100vw, 1024px\" \/>\t\t\t\t\t\t\t\t\t\t\t\t\t\t\t<\/div>\n\t\t\t\t<\/div>\n\t\t\t\t<\/div>\n\t\t<div class=\"elementor-element elementor-element-a101158 e-con-full e-flex wpr-particle-no wpr-jarallax-no wpr-parallax-no wpr-sticky-section-no wpr-equal-height-no e-con e-child\" data-id=\"a101158\" data-element_type=\"container\" data-settings=\"{&quot;background_background&quot;:&quot;classic&quot;}\">\n\t\t\t\t<div class=\"elementor-element elementor-element-29b1ef6 elementor-widget elementor-widget-heading\" data-id=\"29b1ef6\" data-element_type=\"widget\" data-widget_type=\"heading.default\">\n\t\t\t\t<div class=\"elementor-widget-container\">\n\t\t\t\t\t<h2 class=\"elementor-heading-title elementor-size-default\">Entr\u00e9e au ch\u00e2teau d&rsquo;Hostalric<\/h2>\t\t\t\t<\/div>\n\t\t\t\t<\/div>\n\t\t\t\t<div class=\"elementor-element elementor-element-bf079fc elementor-align-left elementor-widget elementor-widget-button\" data-id=\"bf079fc\" data-element_type=\"widget\" data-widget_type=\"button.default\">\n\t\t\t\t<div class=\"elementor-widget-container\">\n\t\t\t\t\t\t\t\t\t<div class=\"elementor-button-wrapper\">\n\t\t\t\t\t<a class=\"elementor-button elementor-button-link elementor-size-sm\" href=\"https:\/\/www.turismehostalric.cat\/fr\/el-que-pots-visitar\/entree-au-chateau-dhostalric\/\">\n\t\t\t\t\t\t<span class=\"elementor-button-content-wrapper\">\n\t\t\t\t\t\t<span class=\"elementor-button-icon\">\n\t\t\t\t<svg aria-hidden=\"true\" class=\"e-font-icon-svg e-fas-angle-right\" viewBox=\"0 0 256 512\" xmlns=\"http:\/\/www.w3.org\/2000\/svg\"><path d=\"M224.3 273l-136 136c-9.4 9.4-24.6 9.4-33.9 0l-22.6-22.6c-9.4-9.4-9.4-24.6 0-33.9l96.4-96.4-96.4-96.4c-9.4-9.4-9.4-24.6 0-33.9L54.3 103c9.4-9.4 24.6-9.4 33.9 0l136 136c9.5 9.4 9.5 24.6.1 34z\"><\/path><\/svg>\t\t\t<\/span>\n\t\t\t\t\t\t\t\t\t<span class=\"elementor-button-text\">Plus d'informations<\/span>\n\t\t\t\t\t<\/span>\n\t\t\t\t\t<\/a>\n\t\t\t\t<\/div>\n\t\t\t\t\t\t\t\t<\/div>\n\t\t\t\t<\/div>\n\t\t\t\t<\/div>\n\t\t\t\t\t<\/div>\n\t\t\t\t<\/a>\n\t\t\t\t<\/div>\n\t\t\t\t<div data-elementor-type=\"loop-item\" data-elementor-id=\"2323\" class=\"elementor elementor-2323 elementor-769 elementor-769 e-loop-item e-loop-item-5267 post-5267 el-que-pots-visitar type-el-que-pots-visitar status-publish has-post-thumbnail hentry\" data-elementor-post-type=\"elementor_library\" data-custom-edit-handle=\"1\">\n\t\t\t<a class=\"elementor-element elementor-element-74e910a e-flex e-con-boxed wpr-particle-no wpr-jarallax-no wpr-parallax-no wpr-sticky-section-no wpr-equal-height-no e-con e-parent\" data-id=\"74e910a\" data-element_type=\"container\" data-settings=\"{&quot;background_background&quot;:&quot;classic&quot;}\" href=\"https:\/\/www.turismehostalric.cat\/fr\/el-que-pots-visitar\/visite-guidee-au-chateau-dhostalric\/\">\n\t\t\t\t\t<div class=\"e-con-inner\">\n\t\t<div class=\"elementor-element elementor-element-fc27a54 e-con-full e-flex wpr-particle-no wpr-jarallax-no wpr-parallax-no wpr-sticky-section-no wpr-equal-height-no e-con e-child\" data-id=\"fc27a54\" data-element_type=\"container\">\n\t\t\t\t<div class=\"elementor-element elementor-element-76b9022 elementor-widget elementor-widget-theme-post-featured-image elementor-widget-image\" data-id=\"76b9022\" data-element_type=\"widget\" data-widget_type=\"theme-post-featured-image.default\">\n\t\t\t\t<div class=\"elementor-widget-container\">\n\t\t\t\t\t\t\t\t\t\t\t\t\t\t\t<img decoding=\"async\" width=\"1024\" height=\"768\" src=\"https:\/\/www.turismehostalric.cat\/wp-content\/uploads\/2024\/03\/Grups-organitzats_3-1024x768.jpg\" class=\"attachment-large size-large wp-image-2578\" alt=\"\" srcset=\"https:\/\/www.turismehostalric.cat\/wp-content\/uploads\/2024\/03\/Grups-organitzats_3-1024x768.jpg 1024w, https:\/\/www.turismehostalric.cat\/wp-content\/uploads\/2024\/03\/Grups-organitzats_3-300x225.jpg 300w, https:\/\/www.turismehostalric.cat\/wp-content\/uploads\/2024\/03\/Grups-organitzats_3-768x576.jpg 768w, https:\/\/www.turismehostalric.cat\/wp-content\/uploads\/2024\/03\/Grups-organitzats_3-1536x1152.jpg 1536w, https:\/\/www.turismehostalric.cat\/wp-content\/uploads\/2024\/03\/Grups-organitzats_3.jpg 1800w\" sizes=\"(max-width: 1024px) 100vw, 1024px\" \/>\t\t\t\t\t\t\t\t\t\t\t\t\t\t\t<\/div>\n\t\t\t\t<\/div>\n\t\t\t\t<\/div>\n\t\t<div class=\"elementor-element elementor-element-a101158 e-con-full e-flex wpr-particle-no wpr-jarallax-no wpr-parallax-no wpr-sticky-section-no wpr-equal-height-no e-con e-child\" data-id=\"a101158\" data-element_type=\"container\" data-settings=\"{&quot;background_background&quot;:&quot;classic&quot;}\">\n\t\t\t\t<div class=\"elementor-element elementor-element-29b1ef6 elementor-widget elementor-widget-heading\" data-id=\"29b1ef6\" data-element_type=\"widget\" data-widget_type=\"heading.default\">\n\t\t\t\t<div class=\"elementor-widget-container\">\n\t\t\t\t\t<h2 class=\"elementor-heading-title elementor-size-default\">Visite guid\u00e9e au ch\u00e2teau d&rsquo;Hostalric<\/h2>\t\t\t\t<\/div>\n\t\t\t\t<\/div>\n\t\t\t\t<div class=\"elementor-element elementor-element-bf079fc elementor-align-left elementor-widget elementor-widget-button\" data-id=\"bf079fc\" data-element_type=\"widget\" data-widget_type=\"button.default\">\n\t\t\t\t<div class=\"elementor-widget-container\">\n\t\t\t\t\t\t\t\t\t<div class=\"elementor-button-wrapper\">\n\t\t\t\t\t<a class=\"elementor-button elementor-button-link elementor-size-sm\" href=\"https:\/\/www.turismehostalric.cat\/fr\/el-que-pots-visitar\/visite-guidee-au-chateau-dhostalric\/\">\n\t\t\t\t\t\t<span class=\"elementor-button-content-wrapper\">\n\t\t\t\t\t\t<span class=\"elementor-button-icon\">\n\t\t\t\t<svg aria-hidden=\"true\" class=\"e-font-icon-svg e-fas-angle-right\" viewBox=\"0 0 256 512\" xmlns=\"http:\/\/www.w3.org\/2000\/svg\"><path d=\"M224.3 273l-136 136c-9.4 9.4-24.6 9.4-33.9 0l-22.6-22.6c-9.4-9.4-9.4-24.6 0-33.9l96.4-96.4-96.4-96.4c-9.4-9.4-9.4-24.6 0-33.9L54.3 103c9.4-9.4 24.6-9.4 33.9 0l136 136c9.5 9.4 9.5 24.6.1 34z\"><\/path><\/svg>\t\t\t<\/span>\n\t\t\t\t\t\t\t\t\t<span class=\"elementor-button-text\">Plus d'informations<\/span>\n\t\t\t\t\t<\/span>\n\t\t\t\t\t<\/a>\n\t\t\t\t<\/div>\n\t\t\t\t\t\t\t\t<\/div>\n\t\t\t\t<\/div>\n\t\t\t\t<\/div>\n\t\t\t\t\t<\/div>\n\t\t\t\t<\/a>\n\t\t\t\t<\/div>\n\t\t\t\t<div data-elementor-type=\"loop-item\" data-elementor-id=\"2323\" class=\"elementor elementor-2323 elementor-769 elementor-769 e-loop-item e-loop-item-2908 post-2908 el-que-pots-visitar type-el-que-pots-visitar status-publish has-post-thumbnail hentry\" data-elementor-post-type=\"elementor_library\" data-custom-edit-handle=\"1\">\n\t\t\t<a class=\"elementor-element elementor-element-74e910a e-flex e-con-boxed wpr-particle-no wpr-jarallax-no wpr-parallax-no wpr-sticky-section-no wpr-equal-height-no e-con e-parent\" data-id=\"74e910a\" data-element_type=\"container\" data-settings=\"{&quot;background_background&quot;:&quot;classic&quot;}\" href=\"https:\/\/www.turismehostalric.cat\/fr\/el-que-pots-visitar\/visite-theatralisee-au-chateau-dhostalric\/\">\n\t\t\t\t\t<div class=\"e-con-inner\">\n\t\t<div class=\"elementor-element elementor-element-fc27a54 e-con-full e-flex wpr-particle-no wpr-jarallax-no wpr-parallax-no wpr-sticky-section-no wpr-equal-height-no e-con e-child\" data-id=\"fc27a54\" data-element_type=\"container\">\n\t\t\t\t<div class=\"elementor-element elementor-element-76b9022 elementor-widget elementor-widget-theme-post-featured-image elementor-widget-image\" data-id=\"76b9022\" data-element_type=\"widget\" data-widget_type=\"theme-post-featured-image.default\">\n\t\t\t\t<div class=\"elementor-widget-container\">\n\t\t\t\t\t\t\t\t\t\t\t\t\t\t\t<img loading=\"lazy\" decoding=\"async\" width=\"1024\" height=\"1024\" src=\"https:\/\/www.turismehostalric.cat\/wp-content\/uploads\/2024\/03\/vista-teatralitzada-1024x1024.jpg\" class=\"attachment-large size-large wp-image-689\" alt=\"\" srcset=\"https:\/\/www.turismehostalric.cat\/wp-content\/uploads\/2024\/03\/vista-teatralitzada-1024x1024.jpg 1024w, https:\/\/www.turismehostalric.cat\/wp-content\/uploads\/2024\/03\/vista-teatralitzada-300x300.jpg 300w, https:\/\/www.turismehostalric.cat\/wp-content\/uploads\/2024\/03\/vista-teatralitzada-150x150.jpg 150w, https:\/\/www.turismehostalric.cat\/wp-content\/uploads\/2024\/03\/vista-teatralitzada-768x768.jpg 768w, https:\/\/www.turismehostalric.cat\/wp-content\/uploads\/2024\/03\/vista-teatralitzada.jpg 1200w\" sizes=\"(max-width: 1024px) 100vw, 1024px\" \/>\t\t\t\t\t\t\t\t\t\t\t\t\t\t\t<\/div>\n\t\t\t\t<\/div>\n\t\t\t\t<\/div>\n\t\t<div class=\"elementor-element elementor-element-a101158 e-con-full e-flex wpr-particle-no wpr-jarallax-no wpr-parallax-no wpr-sticky-section-no wpr-equal-height-no e-con e-child\" data-id=\"a101158\" data-element_type=\"container\" data-settings=\"{&quot;background_background&quot;:&quot;classic&quot;}\">\n\t\t\t\t<div class=\"elementor-element elementor-element-29b1ef6 elementor-widget elementor-widget-heading\" data-id=\"29b1ef6\" data-element_type=\"widget\" data-widget_type=\"heading.default\">\n\t\t\t\t<div class=\"elementor-widget-container\">\n\t\t\t\t\t<h2 class=\"elementor-heading-title elementor-size-default\">Visite th\u00e9\u00e2tralis\u00e9e au ch\u00e2teau d&rsquo;Hostalric<\/h2>\t\t\t\t<\/div>\n\t\t\t\t<\/div>\n\t\t\t\t<div class=\"elementor-element elementor-element-bf079fc elementor-align-left elementor-widget elementor-widget-button\" data-id=\"bf079fc\" data-element_type=\"widget\" data-widget_type=\"button.default\">\n\t\t\t\t<div class=\"elementor-widget-container\">\n\t\t\t\t\t\t\t\t\t<div class=\"elementor-button-wrapper\">\n\t\t\t\t\t<a class=\"elementor-button elementor-button-link elementor-size-sm\" href=\"https:\/\/www.turismehostalric.cat\/fr\/el-que-pots-visitar\/visite-theatralisee-au-chateau-dhostalric\/\">\n\t\t\t\t\t\t<span class=\"elementor-button-content-wrapper\">\n\t\t\t\t\t\t<span class=\"elementor-button-icon\">\n\t\t\t\t<svg aria-hidden=\"true\" class=\"e-font-icon-svg e-fas-angle-right\" viewBox=\"0 0 256 512\" xmlns=\"http:\/\/www.w3.org\/2000\/svg\"><path d=\"M224.3 273l-136 136c-9.4 9.4-24.6 9.4-33.9 0l-22.6-22.6c-9.4-9.4-9.4-24.6 0-33.9l96.4-96.4-96.4-96.4c-9.4-9.4-9.4-24.6 0-33.9L54.3 103c9.4-9.4 24.6-9.4 33.9 0l136 136c9.5 9.4 9.5 24.6.1 34z\"><\/path><\/svg>\t\t\t<\/span>\n\t\t\t\t\t\t\t\t\t<span class=\"elementor-button-text\">Plus d'informations<\/span>\n\t\t\t\t\t<\/span>\n\t\t\t\t\t<\/a>\n\t\t\t\t<\/div>\n\t\t\t\t\t\t\t\t<\/div>\n\t\t\t\t<\/div>\n\t\t\t\t<\/div>\n\t\t\t\t\t<\/div>\n\t\t\t\t<\/a>\n\t\t\t\t<\/div>\n\t\t\t\t<\/div>\n\t\t\n\t\t\t\t\t\t<\/div>\n\t\t\t\t<\/div>\n\t\t\t\t\t<\/div>\n\t\t\t\t<\/div>\n\t\t\t\t<\/div>\n\t\t","protected":false},"excerpt":{"rendered":"","protected":false},"author":1,"featured_media":1995,"parent":2788,"menu_order":2,"comment_status":"closed","ping_status":"closed","template":"","meta":{"_acf_changed":false,"footnotes":""},"class_list":["post-2800","page","type-page","status-publish","has-post-thumbnail","hentry"],"acf":[],"_links":{"self":[{"href":"https:\/\/www.turismehostalric.cat\/fr\/wp-json\/wp\/v2\/pages\/2800","targetHints":{"allow":["GET"]}}],"collection":[{"href":"https:\/\/www.turismehostalric.cat\/fr\/wp-json\/wp\/v2\/pages"}],"about":[{"href":"https:\/\/www.turismehostalric.cat\/fr\/wp-json\/wp\/v2\/types\/page"}],"author":[{"embeddable":true,"href":"https:\/\/www.turismehostalric.cat\/fr\/wp-json\/wp\/v2\/users\/1"}],"replies":[{"embeddable":true,"href":"https:\/\/www.turismehostalric.cat\/fr\/wp-json\/wp\/v2\/comments?post=2800"}],"version-history":[{"count":0,"href":"https:\/\/www.turismehostalric.cat\/fr\/wp-json\/wp\/v2\/pages\/2800\/revisions"}],"up":[{"embeddable":true,"href":"https:\/\/www.turismehostalric.cat\/fr\/wp-json\/wp\/v2\/pages\/2788"}],"wp:featuredmedia":[{"embeddable":true,"href":"https:\/\/www.turismehostalric.cat\/fr\/wp-json\/wp\/v2\/media\/1995"}],"wp:attachment":[{"href":"https:\/\/www.turismehostalric.cat\/fr\/wp-json\/wp\/v2\/media?parent=2800"}],"curies":[{"name":"wp","href":"https:\/\/api.w.org\/{rel}","templated":true}]}}