{"id":6068,"date":"2025-09-05T09:46:15","date_gmt":"2025-09-05T07:46:15","guid":{"rendered":"https:\/\/www.turismehostalric.cat\/preso\/"},"modified":"2025-12-07T09:37:57","modified_gmt":"2025-12-07T08:37:57","slug":"preso","status":"publish","type":"page","link":"https:\/\/www.turismehostalric.cat\/es\/preso\/","title":{"rendered":"Prisi\u00f3n"},"content":{"rendered":"\n<p>Uno de los castigos por alguna falta en la disciplina militar era la reclusi\u00f3n. Este espacio donde se encuentra fue durante d\u00e9cadas la c\u00e1rcel de la fortaleza de Hostalric. La reclusi\u00f3n era s\u00f3lo una de las formas de reanudar al soldado. Hacia 1800, los castigos corporales eran comunes a muchos ej\u00e9rcitos y lo siguieron siendo durante el siglo XIX.   <\/p>\n\n<p>Una muestra de ello es el reglamento disciplinario espa\u00f1ol:<\/p>\n\n<p><em>\u201cP. El que en dicho parage roba el valor de 50 hasta 200 reales vellon? <\/em><\/p>\n\n<p><em>R. Sufrir\u00e1 la pena de 10 a\u00f1os de presidio, y 6 carreras de Baquetas por 200 hombres.\u201d <\/em>(Prontuario, p\u00e0g.59)<\/p>\n<div class=\"wp-block-image\">\n<figure class=\"aligncenter size-full is-resized\"><img fetchpriority=\"high\" decoding=\"async\" width=\"886\" height=\"529\" src=\"https:\/\/www.turismehostalric.cat\/wp-content\/uploads\/2025\/12\/image-2.png\" alt=\"\" class=\"wp-image-6949\" style=\"aspect-ratio:1.67487815684537;width:511px;height:auto\" srcset=\"https:\/\/www.turismehostalric.cat\/wp-content\/uploads\/2025\/12\/image-2.png 886w, https:\/\/www.turismehostalric.cat\/wp-content\/uploads\/2025\/12\/image-2-300x179.png 300w, https:\/\/www.turismehostalric.cat\/wp-content\/uploads\/2025\/12\/image-2-768x459.png 768w\" sizes=\"(max-width: 886px) 100vw, 886px\" \/><\/figure>\n<\/div>\n<p>Las \u00abcarreras de baquetas\u00bb consist\u00edan en pasar corrientes entre dos hileras de soldados que, con las baquetas del fusil, azotaban al condenado.<\/p>\n\n<p>Los castigos corporales no exist\u00edan en el ej\u00e9rcito franc\u00e9s. Los condenados eran encarcelados o deb\u00edan realizar trabajos forzados. Los calabozos estaban regulados, habiendo espacios separados por oficiales, suboficiales y tropa. Tambi\u00e9n las condiciones de vida de los arrestados estaban reglamentadas.   <\/p>\n\n<p>Los prisioneros eran en primer lugar soldados de la guarnici\u00f3n. Pero en tiempos de guerra tambi\u00e9n se utiliz\u00f3 para encarcelar a enemigos, como fue el caso de la Segunda Guerra Carlista, en la que en 1848 fue recluido y fusilado el caudillo carlista Miquel Pujol. <\/p>\n\n<p>Aunque era b\u00e1sicamente de uso militar \u2014ya que el ayuntamiento dispon\u00eda de su propia c\u00e1rcel\u2014, con el tiempo el ej\u00e9rcito tambi\u00e9n asumi\u00f3 funciones de orden p\u00fablico y no puede descartarse que el espacio fuera utilizado para civiles.<\/p>\n\n<p>A principios del siglo XX, la fortaleza dispon\u00eda de tan reducida guarnici\u00f3n que los ciudadanos de Hostalric financiaron la construcci\u00f3n del cuartel de la Guardia Civil, que pas\u00f3 a hacerse cargo del orden p\u00fablico.<\/p>\n\n<p>De gran inter\u00e9s testimonial es el grafito a l\u00e1piz que se conserva en la jamba derecha de la puerta:<\/p>\n<div class=\"wp-block-image\">\n<figure class=\"aligncenter size-full\"><img decoding=\"async\" width=\"291\" height=\"330\" src=\"https:\/\/www.turismehostalric.cat\/wp-content\/uploads\/2025\/12\/image-18.jpeg\" alt=\"\" class=\"wp-image-6940\" srcset=\"https:\/\/www.turismehostalric.cat\/wp-content\/uploads\/2025\/12\/image-18.jpeg 291w, https:\/\/www.turismehostalric.cat\/wp-content\/uploads\/2025\/12\/image-18-265x300.jpeg 265w\" sizes=\"(max-width: 291px) 100vw, 291px\" \/><\/figure>\n<\/div>","protected":false},"excerpt":{"rendered":"<p>Uno de los castigos por alguna falta en la disciplina militar era la reclusi\u00f3n. Este espacio donde se encuentra fue durante d\u00e9cadas la c\u00e1rcel de la fortaleza de Hostalric. La reclusi\u00f3n era s\u00f3lo una de las formas de reanudar al soldado. Hacia 1800, los castigos corporales eran comunes a muchos ej\u00e9rcitos y lo siguieron siendo durante el siglo XIX. Una muestra de ello es el reglamento disciplinario espa\u00f1ol: \u201cP. El que en dicho parage roba el valor de 50 hasta 200 reales vellon? R. Sufrir\u00e1 la pena de 10 a\u00f1os de presidio, y 6 carreras de Baquetas por 200 hombres.\u201d (Prontuario, p\u00e0g.59) Las \u00abcarreras de baquetas\u00bb consist\u00edan en pasar corrientes entre dos hileras de soldados que, con las baquetas del fusil, azotaban al condenado. Los castigos corporales no exist\u00edan en el ej\u00e9rcito franc\u00e9s. Los condenados eran encarcelados o deb\u00edan realizar trabajos forzados. Los calabozos estaban regulados, habiendo espacios separados por oficiales, suboficiales y tropa. Tambi\u00e9n las condiciones de vida de los arrestados estaban reglamentadas. Los prisioneros eran en primer lugar soldados de la guarnici\u00f3n. Pero en tiempos de guerra tambi\u00e9n se utiliz\u00f3 para encarcelar a enemigos, como fue el caso de la Segunda Guerra Carlista, en la que en 1848 fue recluido y fusilado el caudillo carlista Miquel Pujol. Aunque era b\u00e1sicamente de uso militar \u2014ya que el ayuntamiento dispon\u00eda de su propia c\u00e1rcel\u2014, con el tiempo el ej\u00e9rcito tambi\u00e9n asumi\u00f3 funciones de orden p\u00fablico y no puede descartarse que el espacio fuera utilizado para civiles. A principios del siglo XX, la fortaleza dispon\u00eda de tan reducida guarnici\u00f3n que los ciudadanos de Hostalric financiaron la construcci\u00f3n del cuartel de la Guardia Civil, que pas\u00f3 a hacerse cargo del orden p\u00fablico. De gran inter\u00e9s testimonial es el grafito a l\u00e1piz que se conserva en la jamba derecha de la puerta:<\/p>\n","protected":false},"author":2,"featured_media":5903,"parent":0,"menu_order":0,"comment_status":"closed","ping_status":"closed","template":"","meta":{"_acf_changed":false,"footnotes":""},"class_list":["post-6068","page","type-page","status-publish","has-post-thumbnail"],"acf":[],"_links":{"self":[{"href":"https:\/\/www.turismehostalric.cat\/es\/wp-json\/wp\/v2\/pages\/6068","targetHints":{"allow":["GET"]}}],"collection":[{"href":"https:\/\/www.turismehostalric.cat\/es\/wp-json\/wp\/v2\/pages"}],"about":[{"href":"https:\/\/www.turismehostalric.cat\/es\/wp-json\/wp\/v2\/types\/page"}],"author":[{"embeddable":true,"href":"https:\/\/www.turismehostalric.cat\/es\/wp-json\/wp\/v2\/users\/2"}],"replies":[{"embeddable":true,"href":"https:\/\/www.turismehostalric.cat\/es\/wp-json\/wp\/v2\/comments?post=6068"}],"version-history":[{"count":4,"href":"https:\/\/www.turismehostalric.cat\/es\/wp-json\/wp\/v2\/pages\/6068\/revisions"}],"predecessor-version":[{"id":6954,"href":"https:\/\/www.turismehostalric.cat\/es\/wp-json\/wp\/v2\/pages\/6068\/revisions\/6954"}],"wp:featuredmedia":[{"embeddable":true,"href":"https:\/\/www.turismehostalric.cat\/es\/wp-json\/wp\/v2\/media\/5903"}],"wp:attachment":[{"href":"https:\/\/www.turismehostalric.cat\/es\/wp-json\/wp\/v2\/media?parent=6068"}],"curies":[{"name":"wp","href":"https:\/\/api.w.org\/{rel}","templated":true}]}}