{"id":3093,"date":"2024-04-17T07:19:09","date_gmt":"2024-04-17T05:19:09","guid":{"rendered":"https:\/\/w.turismehostalric.cat\/politica-de-cookies\/"},"modified":"2024-06-28T09:58:56","modified_gmt":"2024-06-28T07:58:56","slug":"politica-de-cookies","status":"publish","type":"page","link":"https:\/\/www.turismehostalric.cat\/es\/politica-de-cookies\/","title":{"rendered":"Pol\u00edtica de Cookies"},"content":{"rendered":"\t\t<div data-elementor-type=\"wp-page\" data-elementor-id=\"3093\" class=\"elementor elementor-3093 elementor-1719\" data-elementor-post-type=\"page\">\n\t\t\t\t<div class=\"elementor-element elementor-element-481830c e-flex e-con-boxed wpr-particle-no wpr-jarallax-no wpr-parallax-no wpr-sticky-section-no wpr-equal-height-no e-con e-parent\" data-id=\"481830c\" data-element_type=\"container\">\n\t\t\t\t\t<div class=\"e-con-inner\">\n\t\t\t\t<div class=\"elementor-element elementor-element-bdd182d elementor-widget elementor-widget-text-editor\" data-id=\"bdd182d\" data-element_type=\"widget\" data-widget_type=\"text-editor.default\">\n\t\t\t\t<div class=\"elementor-widget-container\">\n\t\t\t\t\t\t\t\t\t<p>Les informan que en la web <a href=\"http:\/\/www.turismehostalric.cat\/\">www.turismehostalric.cat<\/a>, el sistema de navegaci\u00f3n utiliza algunos datos de navegaci\u00f3n (\u201cCookies\u201d) para poder ofrecer un servicio m\u00e1s esmerado a los usuarios de la web.<\/p>\n<p>Las cookies son peque\u00f1os archivos de texto que el navegador almacena cuando se navega por sitios web y aplicaciones. Por lo general, estas tecnolog\u00edas pueden servir para finalidades muy diversas, como por ejemplo, obtener informaci\u00f3n de sus h\u00e1bitos de navegaci\u00f3n o personalizar la forma en que se muestra el contenido.<\/p>\n<p>AYUNTAMIENTO DE HOSTALRIC en su web utiliza \u201ccookies\u201d de terceros;<\/p>\n<p>&#8211; Cookies de an\u00e1lisis: son aquellas que, tratadas por terceros, nos permiten cuantificar el n\u00famero de usuarios y as\u00ed poder realizar la medicaci\u00f3n y an\u00e1lisis estad\u00edstico de la utilizaci\u00f3n que realizan los usuarios del servicio ofrecido. Por eso, se analiza su navegaci\u00f3n en nuestra web con el fin de mejorar nuestra oferta de productos y servicios. El tercero es Google Analytics; que es un servicio de estad\u00edsticas de p\u00e1ginas web que ofrece Google, Inc. Google Analytics recopila informaci\u00f3n del equipo del usuario para obtener informes sobre la actividad de la aplicaci\u00f3n; almacena la informaci\u00f3n recogida por las \u201ccookies\u201d en servidores en Estados Unidos.<\/p>\n<p>&#8211; Cookies publicitarias comportamentales: son aquellas que tratadas por terceros nos permiten analizar los h\u00e1bitos de navegaci\u00f3n en internet para poder mostrar publicidad con su perfil de navegaci\u00f3n.<\/p>\n<p>En cualquier caso, en el supuesto de que se capten datos de car\u00e1cter personal y en este caso, s\u00f3lo la direcci\u00f3n IP de acceso; les informamos que \u00e9stas ser\u00e1n tratadas e incorporadas en un Archivo denominado \u201cMarketing y redes sociales\u201d responsabilidad AYUNTAMIENTO DE HOSTALRIC.<\/p>\n<p>La finalidad de este archivo es la gesti\u00f3n y control de las redes sociales que se disponen, as\u00ed como de los usuarios que interact\u00faan en la web y la informaci\u00f3n que se obtiene. Estos datos ser\u00e1n transmitidos a las empresas gestoras de las cookies y ser\u00e1n conservados de acuerdo con los par\u00e1metros de estas entidades. Estos datos ser\u00e1n transferidos a terceros pa\u00edses, pudiendo obtener informaci\u00f3n al respecto en la propia pol\u00edtica de Google: <a href=\"https:\/\/policies.google.com\/privacy?hl=es\">https:\/\/policies.google.com\/privacy?hl=es<\/a><\/p>\n<p>Conforme a lo dispuesto en la normativa de Protecci\u00f3n de Datos de Car\u00e1cter Personal, le informamos que puede revocar estas autorizaciones a trav\u00e9s de su propio navegador o ejercitar los derechos de acceso, rectificaci\u00f3n o supresi\u00f3n, la limitaci\u00f3n del tratamiento u oponerse, as\u00ed como el derecho a la portabilidad de los datos en: C\/ Raval, 45 17450 Hostalric o bien enviado un correo electr\u00f3nico a <a href=\"mailto:hostalric@hostalric.cat\"> hostalric@hostalric.cat<\/a>. Asimismo, podr\u00e1 presentar una reclamaci\u00f3n ante la Autoridad Catalana de Protecci\u00f3n de Datos; o meterse en contacto con nuestro Delegado de Protecci\u00f3n de datos <a href=\"mailto:hostalric@hostalric.cat.\">hostalric@hostalric.cat<\/a>.<\/p>\n<p>Se informa al usuario que Google podr\u00e1 transmitir esta informaci\u00f3n a terceros cuando as\u00ed lo requiera la ley, o cuando estos terceros procesen la informaci\u00f3n por cuenta de Google. Google no asociar\u00e1 la direcci\u00f3n IP del usuario con ning\u00fan otro dato del que disponga, y por tanto lo har\u00e1 totalmente de forma anonimizada.<\/p>\n<p>Para rechazar o eliminar esta \u201ccookie\u201d se puede consultar la siguiente direcci\u00f3n: <a href=\"http:\/\/www.google.com\/intl\/ca\/policies\/privacy\/\">http:\/\/www.google.com\/intl\/ca\/policies\/privacy\/<\/a><a href=\"http:\/\/www.google.com\/intl\/en\/privacypolicy.html\">http:\/\/www.google.com\/intl\/en\/privacypolicy.html<\/a><\/p>\n<h3><strong>DESACTIVACI\u00d3N Y BLOQUEO DE LAS COOKIES<\/strong><\/h3>\n<p>En cualquier caso, el usuario puede habilitar la opci\u00f3n de su propio sistema de navegaci\u00f3n para no permitir la instalaci\u00f3n de cookies; sin que en ning\u00fan caso el Ayuntamiento de Hostalric pueda ser responsable de que la inhabilitaci\u00f3n de Cookies comporte que algunos de los servicios que ofrece esta web no funcionen correctamente.<\/p>\n<p>En los siguientes enlaces, podr\u00e1 encontrar instrucciones que le ayudar\u00e1n a configurar los ajustes de los principales navegadores m\u00e1s utilizados.<\/p>\n<p><a href=\"https:\/\/support.microsoft.com\/es-es\/help\/17442\/windows-internet-explorer-delete-manage-cookies\">Internet Explorer<\/a><\/p>\n<p><a href=\"https:\/\/support.microsoft.com\/es-es\/help\/4027947\/microsoft-edge-delete-cookies\">Microsoft Edge<\/a><\/p>\n<p><a href=\"https:\/\/support.google.com\/chrome\/answer\/95647?hl=es\">Google Chrome<\/a><\/p>\n<p><a href=\"http:\/\/support.mozilla.org\/es\/kb\/habilitar-y-deshabilitar-cookies-que-los-sitios-we\">Mozilla Firefox<\/a><\/p>\n<p><a href=\"http:\/\/support.apple.com\/kb\/ph5042\">Safari<\/a> <a href=\"http:\/\/support.apple.com\/kb\/ht1677?viewlocale=es_es&amp;locale=es_es\">Safari<\/a> para IOS (Iphone, IPad)<\/p>\n<p><a href=\"https:\/\/support.google.com\/chrome\/answer\/2392971?hl=es\">Chrome para Android<\/a><\/p>\n<p>Si se desea m\u00e1s informaci\u00f3n sobre las cookies y su forma de inhabilitarlas seg\u00fan su sistema de navegaci\u00f3n puede consultar los siguientes links:<\/p>\n<p><a href=\"http:\/\/www.aboutcookies.org\/\">www.aboutcookies.org<\/a>  <\/p>\n<p><a href=\"http:\/\/www.aboutcookies.org\/Default.aspx?page=1\">http:\/\/www.aboutcookies.org\/Default.aspx?page=1<\/a><\/p>\n<p>En caso contrario, y habiendo informado al Ayuntamiento de Hostalric del uso de cookies, y sin que \u00e9stas hayan sido inhabilitadas implica que el usuario da su consentimiento al tratamiento de datos por Google en la forma prevista en este aviso y por las finalidades aqu\u00ed descritas.<\/p>\n<p>En caso de duda o de cualquier comentario, puede dirigirse al Ayuntamiento de Hostalric a trav\u00e9s de sus medios de atenci\u00f3n al p\u00fablico o bien comunicarse con nosotros a trav\u00e9s de: <a href=\"mailto:hostalric@hostalric.cat\">hostalric@hostalric.cat<\/a>.<\/p>\n\t\t\t\t\t\t\t\t<\/div>\n\t\t\t\t<\/div>\n\t\t\t\t\t<\/div>\n\t\t\t\t<\/div>\n\t\t\t\t<\/div>\n\t\t","protected":false},"excerpt":{"rendered":"<p>Les informan que en la web www.turismehostalric.cat, el sistema de navegaci\u00f3n utiliza algunos datos de navegaci\u00f3n (\u201cCookies\u201d) para poder ofrecer un servicio m\u00e1s esmerado a los usuarios de la web. Las cookies son peque\u00f1os archivos de texto que el navegador almacena cuando se navega por sitios web y aplicaciones. Por lo general, estas tecnolog\u00edas pueden servir para finalidades muy diversas, como por ejemplo, obtener informaci\u00f3n de sus h\u00e1bitos de navegaci\u00f3n o personalizar la forma en que se muestra el contenido. AYUNTAMIENTO DE HOSTALRIC en su web utiliza \u201ccookies\u201d de terceros; &#8211; Cookies de an\u00e1lisis: son aquellas que, tratadas por terceros, nos permiten cuantificar el n\u00famero de usuarios y as\u00ed poder realizar la medicaci\u00f3n y an\u00e1lisis estad\u00edstico de la utilizaci\u00f3n que realizan los usuarios del servicio ofrecido. Por eso, se analiza su navegaci\u00f3n en nuestra web con el fin de mejorar nuestra oferta de productos y servicios. El tercero es Google Analytics; que es un servicio de estad\u00edsticas de p\u00e1ginas web que ofrece Google, Inc. Google Analytics recopila informaci\u00f3n del equipo del usuario para obtener informes sobre la actividad de la aplicaci\u00f3n; almacena la informaci\u00f3n recogida por las \u201ccookies\u201d en servidores en Estados Unidos. &#8211; Cookies publicitarias comportamentales: son aquellas que tratadas por terceros nos permiten analizar los h\u00e1bitos de navegaci\u00f3n en internet para poder mostrar publicidad con su perfil de navegaci\u00f3n. En cualquier caso, en el supuesto de que se capten datos de car\u00e1cter personal y en este caso, s\u00f3lo la direcci\u00f3n IP de acceso; les informamos que \u00e9stas ser\u00e1n tratadas e incorporadas en un Archivo denominado \u201cMarketing y redes sociales\u201d responsabilidad AYUNTAMIENTO DE HOSTALRIC. La finalidad de este archivo es la gesti\u00f3n y control de las redes sociales que se disponen, as\u00ed como de los usuarios que interact\u00faan en la web y la informaci\u00f3n que se obtiene. Estos datos ser\u00e1n transmitidos a las empresas gestoras de las cookies y ser\u00e1n conservados de acuerdo con los par\u00e1metros de estas entidades. Estos datos ser\u00e1n transferidos a terceros pa\u00edses, pudiendo obtener informaci\u00f3n al respecto en la propia pol\u00edtica de Google: https:\/\/policies.google.com\/privacy?hl=es Conforme a lo dispuesto en la normativa de Protecci\u00f3n de Datos de Car\u00e1cter Personal, le informamos que puede revocar estas autorizaciones a trav\u00e9s de su propio navegador o ejercitar los derechos de acceso, rectificaci\u00f3n o supresi\u00f3n, la limitaci\u00f3n del tratamiento u oponerse, as\u00ed como el derecho a la portabilidad de los datos en: C\/ Raval, 45 17450 Hostalric o bien enviado un correo electr\u00f3nico a hostalric@hostalric.cat. Asimismo, podr\u00e1 presentar una reclamaci\u00f3n ante la Autoridad Catalana de Protecci\u00f3n de Datos; o meterse en contacto con nuestro Delegado de Protecci\u00f3n de datos hostalric@hostalric.cat. Se informa al usuario que Google podr\u00e1 transmitir esta informaci\u00f3n a terceros cuando as\u00ed lo requiera la ley, o cuando estos terceros procesen la informaci\u00f3n por cuenta de Google. Google no asociar\u00e1 la direcci\u00f3n IP del usuario con ning\u00fan otro dato del que disponga, y por tanto lo har\u00e1 totalmente de forma anonimizada. Para rechazar o eliminar esta \u201ccookie\u201d se puede consultar la siguiente direcci\u00f3n: http:\/\/www.google.com\/intl\/ca\/policies\/privacy\/http:\/\/www.google.com\/intl\/en\/privacypolicy.html DESACTIVACI\u00d3N Y BLOQUEO DE LAS COOKIES En cualquier caso, el usuario puede habilitar la opci\u00f3n de su propio sistema de navegaci\u00f3n para no permitir la instalaci\u00f3n de cookies; sin que en ning\u00fan caso el Ayuntamiento de Hostalric pueda ser responsable de que la inhabilitaci\u00f3n de Cookies comporte que algunos de los servicios que ofrece esta web no funcionen correctamente. En los siguientes enlaces, podr\u00e1 encontrar instrucciones que le ayudar\u00e1n a configurar los ajustes de los principales navegadores m\u00e1s utilizados. Internet Explorer Microsoft Edge Google Chrome Mozilla Firefox Safari Safari para IOS (Iphone, IPad) Chrome para Android Si se desea m\u00e1s informaci\u00f3n sobre las cookies y su forma de inhabilitarlas seg\u00fan su sistema de navegaci\u00f3n puede consultar los siguientes links: www.aboutcookies.org http:\/\/www.aboutcookies.org\/Default.aspx?page=1 En caso contrario, y habiendo informado al Ayuntamiento de Hostalric del uso de cookies, y sin que \u00e9stas hayan sido inhabilitadas implica que el usuario da su consentimiento al tratamiento de datos por Google en la forma prevista en este aviso y por las finalidades aqu\u00ed descritas. En caso de duda o de cualquier comentario, puede dirigirse al Ayuntamiento de Hostalric a trav\u00e9s de sus medios de atenci\u00f3n al p\u00fablico o bien comunicarse con nosotros a trav\u00e9s de: hostalric@hostalric.cat.<\/p>\n","protected":false},"author":1,"featured_media":1583,"parent":0,"menu_order":0,"comment_status":"closed","ping_status":"closed","template":"","meta":{"_acf_changed":false,"footnotes":""},"class_list":["post-3093","page","type-page","status-publish","has-post-thumbnail"],"acf":[],"_links":{"self":[{"href":"https:\/\/www.turismehostalric.cat\/es\/wp-json\/wp\/v2\/pages\/3093","targetHints":{"allow":["GET"]}}],"collection":[{"href":"https:\/\/www.turismehostalric.cat\/es\/wp-json\/wp\/v2\/pages"}],"about":[{"href":"https:\/\/www.turismehostalric.cat\/es\/wp-json\/wp\/v2\/types\/page"}],"author":[{"embeddable":true,"href":"https:\/\/www.turismehostalric.cat\/es\/wp-json\/wp\/v2\/users\/1"}],"replies":[{"embeddable":true,"href":"https:\/\/www.turismehostalric.cat\/es\/wp-json\/wp\/v2\/comments?post=3093"}],"version-history":[{"count":0,"href":"https:\/\/www.turismehostalric.cat\/es\/wp-json\/wp\/v2\/pages\/3093\/revisions"}],"wp:featuredmedia":[{"embeddable":true,"href":"https:\/\/www.turismehostalric.cat\/es\/wp-json\/wp\/v2\/media\/1583"}],"wp:attachment":[{"href":"https:\/\/www.turismehostalric.cat\/es\/wp-json\/wp\/v2\/media?parent=3093"}],"curies":[{"name":"wp","href":"https:\/\/api.w.org\/{rel}","templated":true}]}}