{"id":3085,"date":"2024-03-20T09:48:20","date_gmt":"2024-03-20T08:48:20","guid":{"rendered":"https:\/\/w.turismehostalric.cat\/hostalric\/gastronomia\/"},"modified":"2025-04-08T12:04:48","modified_gmt":"2025-04-08T10:04:48","slug":"gastronomia","status":"publish","type":"page","link":"https:\/\/www.turismehostalric.cat\/es\/hostalric\/gastronomia\/","title":{"rendered":"Gastronom\u00eda"},"content":{"rendered":"\t\t<div data-elementor-type=\"wp-page\" data-elementor-id=\"3085\" class=\"elementor elementor-3085 elementor-457\" data-elementor-post-type=\"page\">\n\t\t\t\t<div class=\"elementor-element elementor-element-061d282 e-flex e-con-boxed wpr-particle-no wpr-jarallax-no wpr-parallax-no wpr-sticky-section-no wpr-equal-height-no e-con e-parent\" data-id=\"061d282\" data-element_type=\"container\">\n\t\t\t\t\t<div class=\"e-con-inner\">\n\t\t\t\t<div class=\"elementor-element elementor-element-c2225c2 elementor-widget elementor-widget-video\" data-id=\"c2225c2\" data-element_type=\"widget\" data-settings=\"{&quot;youtube_url&quot;:&quot;https:\\\/\\\/www.youtube.com\\\/watch?v=XdyxPEHbzr0&quot;,&quot;video_type&quot;:&quot;youtube&quot;,&quot;controls&quot;:&quot;yes&quot;}\" data-widget_type=\"video.default\">\n\t\t\t\t<div class=\"elementor-widget-container\">\n\t\t\t\t\t\t\t<div class=\"elementor-wrapper elementor-open-inline\">\n\t\t\t<div class=\"elementor-video\"><\/div>\t\t<\/div>\n\t\t\t\t\t\t<\/div>\n\t\t\t\t<\/div>\n\t\t\t\t\t<\/div>\n\t\t\t\t<\/div>\n\t\t<div class=\"elementor-element elementor-element-1c01fe36 e-flex e-con-boxed wpr-particle-no wpr-jarallax-no wpr-parallax-no wpr-sticky-section-no wpr-equal-height-no e-con e-parent\" data-id=\"1c01fe36\" data-element_type=\"container\">\n\t\t\t\t\t<div class=\"e-con-inner\">\n\t\t\t\t<div class=\"elementor-element elementor-element-a4ccca6 elementor-widget__width-initial elementor-widget-mobile__width-initial elementor-widget elementor-widget-image\" data-id=\"a4ccca6\" data-element_type=\"widget\" data-widget_type=\"image.default\">\n\t\t\t\t<div class=\"elementor-widget-container\">\n\t\t\t\t\t\t\t\t\t\t\t\t\t\t\t<img fetchpriority=\"high\" decoding=\"async\" width=\"500\" height=\"333\" src=\"https:\/\/www.turismehostalric.cat\/wp-content\/uploads\/2024\/03\/gastronomia.png\" class=\"attachment-large size-large wp-image-461\" alt=\"\" srcset=\"https:\/\/www.turismehostalric.cat\/wp-content\/uploads\/2024\/03\/gastronomia.png 500w, https:\/\/www.turismehostalric.cat\/wp-content\/uploads\/2024\/03\/gastronomia-300x200.png 300w\" sizes=\"(max-width: 500px) 100vw, 500px\" \/>\t\t\t\t\t\t\t\t\t\t\t\t\t\t\t<\/div>\n\t\t\t\t<\/div>\n\t\t\t\t<div class=\"elementor-element elementor-element-2ae96b27 elementor-widget elementor-widget-text-editor\" data-id=\"2ae96b27\" data-element_type=\"widget\" data-widget_type=\"text-editor.default\">\n\t\t\t\t<div class=\"elementor-widget-container\">\n\t\t\t\t\t\t\t\t\t<p>Hostalric destaca por los embutidos y dulces artesanos. En las charcuter\u00edas encontrar\u00e9is embutidos hechos a la manera tradicional siguiendo la tradici\u00f3n familiar de a\u00f1os de historia y en las flecas y pasteler\u00edas, dulces y postres artesanales de elaboraci\u00f3n propia. Algunos de estos productos se agrupan con el nombre \u201c<a href=\"https:\/\/www.turismehostalric.cat\/wp-content\/uploads\/2024\/04\/Hostalric-producte-Ric.pdf\">Hostalric, producte Ric<\/a>\u201c, productos hechos en Hostalric o que son representativos. Esta diversidad de productos de proximidad tambi\u00e9n se puede encontrar en los comercios y restaurantes de Hostalric.<\/p>\n<p>En cuanto a la restauraci\u00f3n, tenemos la suerte de tener, a pesar de ser un pueblo peque\u00f1o, una oferta variada y singular, que va desde los platos m\u00e1s tradicionales a la cocina m\u00e1s creativa, pasando por la especializaci\u00f3n en productos del mar o la comida r\u00e1pida de calidad.<span style=\"letter-spacing: -0.4px;\"> <\/span><\/p>\n<p>A esta oferta gastron\u00f3mica se a\u00f1ade a eventos como la Feria Medieval o la Feria de Sant Miquel, donde la comida tiene un papel destacado.<\/p>\n\t\t\t\t\t\t\t\t<\/div>\n\t\t\t\t<\/div>\n\t\t\t\t\t<\/div>\n\t\t\t\t<\/div>\n\t\t\t\t<\/div>\n\t\t","protected":false},"excerpt":{"rendered":"<p>Hostalric destaca por los embutidos y dulces artesanos. En las charcuter\u00edas encontrar\u00e9is embutidos hechos a la manera tradicional siguiendo la tradici\u00f3n familiar de a\u00f1os de historia y en las flecas y pasteler\u00edas, dulces y postres artesanales de elaboraci\u00f3n propia. Algunos de estos productos se agrupan con el nombre \u201cHostalric, producte Ric\u201c, productos hechos en Hostalric o que son representativos. Esta diversidad de productos de proximidad tambi\u00e9n se puede encontrar en los comercios y restaurantes de Hostalric. En cuanto a la restauraci\u00f3n, tenemos la suerte de tener, a pesar de ser un pueblo peque\u00f1o, una oferta variada y singular, que va desde los platos m\u00e1s tradicionales a la cocina m\u00e1s creativa, pasando por la especializaci\u00f3n en productos del mar o la comida r\u00e1pida de calidad. A esta oferta gastron\u00f3mica se a\u00f1ade a eventos como la Feria Medieval o la Feria de Sant Miquel, donde la comida tiene un papel destacado.<\/p>\n","protected":false},"author":1,"featured_media":461,"parent":2814,"menu_order":10,"comment_status":"closed","ping_status":"closed","template":"","meta":{"_acf_changed":false,"footnotes":""},"class_list":["post-3085","page","type-page","status-publish","has-post-thumbnail"],"acf":[],"_links":{"self":[{"href":"https:\/\/www.turismehostalric.cat\/es\/wp-json\/wp\/v2\/pages\/3085","targetHints":{"allow":["GET"]}}],"collection":[{"href":"https:\/\/www.turismehostalric.cat\/es\/wp-json\/wp\/v2\/pages"}],"about":[{"href":"https:\/\/www.turismehostalric.cat\/es\/wp-json\/wp\/v2\/types\/page"}],"author":[{"embeddable":true,"href":"https:\/\/www.turismehostalric.cat\/es\/wp-json\/wp\/v2\/users\/1"}],"replies":[{"embeddable":true,"href":"https:\/\/www.turismehostalric.cat\/es\/wp-json\/wp\/v2\/comments?post=3085"}],"version-history":[{"count":3,"href":"https:\/\/www.turismehostalric.cat\/es\/wp-json\/wp\/v2\/pages\/3085\/revisions"}],"predecessor-version":[{"id":5167,"href":"https:\/\/www.turismehostalric.cat\/es\/wp-json\/wp\/v2\/pages\/3085\/revisions\/5167"}],"up":[{"embeddable":true,"href":"https:\/\/www.turismehostalric.cat\/es\/wp-json\/wp\/v2\/pages\/2814"}],"wp:featuredmedia":[{"embeddable":true,"href":"https:\/\/www.turismehostalric.cat\/es\/wp-json\/wp\/v2\/media\/461"}],"wp:attachment":[{"href":"https:\/\/www.turismehostalric.cat\/es\/wp-json\/wp\/v2\/media?parent=3085"}],"curies":[{"name":"wp","href":"https:\/\/api.w.org\/{rel}","templated":true}]}}