{"id":3078,"date":"2024-03-19T09:45:23","date_gmt":"2024-03-19T08:45:23","guid":{"rendered":"https:\/\/w.turismehostalric.cat\/hostalric\/historia-de-hostalric\/"},"modified":"2024-09-19T11:42:01","modified_gmt":"2024-09-19T09:42:01","slug":"historia-de-hostalric","status":"publish","type":"page","link":"https:\/\/www.turismehostalric.cat\/es\/hostalric\/historia-de-hostalric\/","title":{"rendered":"Historia de Hostalric"},"content":{"rendered":"\t\t<div data-elementor-type=\"wp-page\" data-elementor-id=\"3078\" class=\"elementor elementor-3078 elementor-161\" data-elementor-post-type=\"page\">\n\t\t\t\t<div class=\"elementor-element elementor-element-1413c6f e-flex e-con-boxed wpr-particle-no wpr-jarallax-no wpr-parallax-no wpr-sticky-section-no e-con e-parent\" data-id=\"1413c6f\" data-element_type=\"container\">\n\t\t\t\t\t<div class=\"e-con-inner\">\n\t\t\t\t<div class=\"elementor-element elementor-element-efa4363 elementor-widget__width-initial elementor-widget elementor-widget-text-editor\" data-id=\"efa4363\" data-element_type=\"widget\" data-widget_type=\"text-editor.default\">\n\t\t\t\t<div class=\"elementor-widget-container\">\n\t\t\t\t\t\t\t\t\t<p><b>Hostalric se encuentra sobre un antiguo volc\u00e1n entre la v\u00eda romana y el desfiladero del r\u00edo Tordera. <\/b> La situaci\u00f3n estrat\u00e9gica del pueblo y el hecho de estar situado en una zona de paso, hace pensar que desde tiempos muy antiguos el hombre se estableci\u00f3 en este lugar. La configuraci\u00f3n geogr\u00e1fica es id\u00e9ntica a la de los poblados iberos y, adem\u00e1s, durante la \u00e9poca romana pasaba por aqu\u00ed una bifurcaci\u00f3n de la V\u00eda Augusta.<\/p>\n<p>Parece que el nombre de Hostalric tuvo su origen en un hostal cuyos primeros testimonios datan del siglo XI, aunque no es hasta 1106 cuando se documenta el nombre del pueblo. En 1145 ya se habla de su castillo.<\/p>\n<p>En 1242 Jaime I el Conquistador otorg\u00f3 al vizconde de Cabrera la licencia para la celebraci\u00f3n del mercado semanal en Hostalric y un a\u00f1o m\u00e1s tarde la ciudad obtuvo la carta de poblaci\u00f3n con el objetivo de favorecer la creaci\u00f3n de un n\u00facleo poblacional estable cerca del castillo.<\/p>\n\t\t\t\t\t\t\t\t<\/div>\n\t\t\t\t<\/div>\n\t\t\t\t<div class=\"elementor-element elementor-element-ade3b5e elementor-widget__width-initial elementor-widget elementor-widget-image\" data-id=\"ade3b5e\" data-element_type=\"widget\" data-widget_type=\"image.default\">\n\t\t\t\t<div class=\"elementor-widget-container\">\n\t\t\t\t\t\t\t\t\t\t\t\t\t\t\t<img fetchpriority=\"high\" decoding=\"async\" width=\"700\" height=\"450\" src=\"https:\/\/www.turismehostalric.cat\/wp-content\/uploads\/2024\/03\/50b41-Carrer-Major-1935.png\" class=\"attachment-large size-large wp-image-190\" alt=\"\" srcset=\"https:\/\/www.turismehostalric.cat\/wp-content\/uploads\/2024\/03\/50b41-Carrer-Major-1935.png 700w, https:\/\/www.turismehostalric.cat\/wp-content\/uploads\/2024\/03\/50b41-Carrer-Major-1935-300x193.png 300w\" sizes=\"(max-width: 700px) 100vw, 700px\" \/>\t\t\t\t\t\t\t\t\t\t\t\t\t\t\t<\/div>\n\t\t\t\t<\/div>\n\t\t\t\t\t<\/div>\n\t\t\t\t<\/div>\n\t\t<div class=\"elementor-element elementor-element-dfc3460 e-flex e-con-boxed wpr-particle-no wpr-jarallax-no wpr-parallax-no wpr-sticky-section-no e-con e-parent\" data-id=\"dfc3460\" data-element_type=\"container\">\n\t\t\t\t\t<div class=\"e-con-inner\">\n\t\t\t\t<div class=\"elementor-element elementor-element-2aeb427 elementor-widget__width-initial elementor-widget elementor-widget-image\" data-id=\"2aeb427\" data-element_type=\"widget\" data-widget_type=\"image.default\">\n\t\t\t\t<div class=\"elementor-widget-container\">\n\t\t\t\t\t\t\t\t\t\t\t\t\t\t\t<img decoding=\"async\" width=\"700\" height=\"450\" src=\"https:\/\/www.turismehostalric.cat\/wp-content\/uploads\/2024\/03\/8934d-1935-tren-i-al-fons-Hostalric.png\" class=\"attachment-full size-full wp-image-198\" alt=\"\" srcset=\"https:\/\/www.turismehostalric.cat\/wp-content\/uploads\/2024\/03\/8934d-1935-tren-i-al-fons-Hostalric.png 700w, https:\/\/www.turismehostalric.cat\/wp-content\/uploads\/2024\/03\/8934d-1935-tren-i-al-fons-Hostalric-300x193.png 300w\" sizes=\"(max-width: 700px) 100vw, 700px\" \/>\t\t\t\t\t\t\t\t\t\t\t\t\t\t\t<\/div>\n\t\t\t\t<\/div>\n\t\t\t\t<div class=\"elementor-element elementor-element-c9185b4 elementor-widget elementor-widget-text-editor\" data-id=\"c9185b4\" data-element_type=\"widget\" data-widget_type=\"text-editor.default\">\n\t\t\t\t<div class=\"elementor-widget-container\">\n\t\t\t\t\t\t\t\t\t<p>A <strong>Bernardo I de Cabrera<\/strong> se le debe el primer amurallamiento de <strong>Hostalric.<\/strong> Bajo el mandato de sus descendientes, la ciudad se convirti\u00f3 en la capital administrativa de los extensos territorios del vizcondado.<\/p>\n<p>Las luchas feudales tuvieron eco en la villa de Hostalric y en 1462 la <strong>guerra de los Remences<\/strong> dejaba su huella cuando los habitantes de la villa se resist\u00edan a abrir las puertas a las tropas de la Generalitat, que cortando vi\u00f1edos y campos de trigo amenazaban con entrar en el recinto amurallado.<\/p>\n<p>Como consecuencia de ello se decidi\u00f3 modernizar las fortificaciones de Hostalric y durante la Guerra de Separaci\u00f3n \u2014m\u00e1s conocida como \u00abGuerra de los Segadores\u00bb\u2014 se llevaron a cabo las primeras obras de campa\u00f1a, con terraplenes de tierra y fajinas que proteg\u00edan el castillo y las murallas medievales.<\/p>\n<p>Con el escenario de la <strong>Guerra de Sucesi\u00f3n<\/strong> se iniciaron las obras permanentes, destinadas a convertir la fortaleza de Hostalric en un punto neur\u00e1lgico del sistema defensivo del ej\u00e9rcito del archiduque Carlos de Austria en Catalu\u00f1a.<\/p>\n\t\t\t\t\t\t\t\t<\/div>\n\t\t\t\t<\/div>\n\t\t\t\t\t<\/div>\n\t\t\t\t<\/div>\n\t\t<div class=\"elementor-element elementor-element-223dfe8 e-flex e-con-boxed wpr-particle-no wpr-jarallax-no wpr-parallax-no wpr-sticky-section-no e-con e-parent\" data-id=\"223dfe8\" data-element_type=\"container\">\n\t\t\t\t\t<div class=\"e-con-inner\">\n\t\t\t\t<div class=\"elementor-element elementor-element-7c12e41 elementor-widget__width-initial elementor-widget elementor-widget-text-editor\" data-id=\"7c12e41\" data-element_type=\"widget\" data-widget_type=\"text-editor.default\">\n\t\t\t\t<div class=\"elementor-widget-container\">\n\t\t\t\t\t\t\t\t\t<p>Durante la <strong>Guerra de la Independencia <\/strong> Hostalric tuvo un papel brillante, tanto por su apoyo a la entrada de v\u00edveres durante el sitio de Girona como por estorbar el paso a las tropas enemigas. Por ello, a los franceses les conven\u00eda tomar la poblaci\u00f3n.<\/p>\n<p>El 7 de noviembre de 1809 un ej\u00e9rcito de cuatro mil hombres saque\u00f3 e incendi\u00f3 Hostalric. Los franceses quemaron todo el pueblo y sus habitantes tuvieron que huir hacia los n\u00facleos vecinos. En enero de 1810 los franceses tomaron la ciudad y se inici\u00f3 el largo asedio del castillo. Despu\u00e9s de cuatro meses y m\u00e1s de cuatro mil bombas ca\u00eddas, el coronel Estrada y toda la guarnici\u00f3n intentaron salvarse abri\u00e9ndose paso entre el enemigo y huyeron de la fortaleza. Al d\u00eda siguiente, los franceses tomaban la plaza.<\/p>\n<p>El capit\u00e1n general de Catalu\u00f1a concedi\u00f3 una medalla de oro a los oficiales de la guarnici\u00f3n y una de plata a la tropa. La inscripci\u00f3n rezaba: <strong>\u00abValor y fidelidad constante, Hostalric, 12 de mayo de 1810\u00bb.<\/strong><\/p>\n\t\t\t\t\t\t\t\t<\/div>\n\t\t\t\t<\/div>\n\t\t\t\t<div class=\"elementor-element elementor-element-576b938 elementor-widget__width-initial elementor-widget elementor-widget-image\" data-id=\"576b938\" data-element_type=\"widget\" data-widget_type=\"image.default\">\n\t\t\t\t<div class=\"elementor-widget-container\">\n\t\t\t\t\t\t\t\t\t\t\t\t\t\t\t<img decoding=\"async\" width=\"700\" height=\"450\" src=\"https:\/\/www.turismehostalric.cat\/wp-content\/uploads\/2024\/03\/612bb-Muralles.png\" class=\"attachment-full size-full wp-image-194\" alt=\"\" srcset=\"https:\/\/www.turismehostalric.cat\/wp-content\/uploads\/2024\/03\/612bb-Muralles.png 700w, https:\/\/www.turismehostalric.cat\/wp-content\/uploads\/2024\/03\/612bb-Muralles-300x193.png 300w\" sizes=\"(max-width: 700px) 100vw, 700px\" \/>\t\t\t\t\t\t\t\t\t\t\t\t\t\t\t<\/div>\n\t\t\t\t<\/div>\n\t\t\t\t\t<\/div>\n\t\t\t\t<\/div>\n\t\t<div class=\"elementor-element elementor-element-8ce1dcc e-flex e-con-boxed wpr-particle-no wpr-jarallax-no wpr-parallax-no wpr-sticky-section-no e-con e-parent\" data-id=\"8ce1dcc\" data-element_type=\"container\">\n\t\t\t\t\t<div class=\"e-con-inner\">\n\t\t\t\t<div class=\"elementor-element elementor-element-6891c92 elementor-widget-divider--view-line elementor-widget elementor-widget-divider\" data-id=\"6891c92\" data-element_type=\"widget\" data-widget_type=\"divider.default\">\n\t\t\t\t<div class=\"elementor-widget-container\">\n\t\t\t\t\t\t\t<div class=\"elementor-divider\">\n\t\t\t<span class=\"elementor-divider-separator\">\n\t\t\t\t\t\t<\/span>\n\t\t<\/div>\n\t\t\t\t\t\t<\/div>\n\t\t\t\t<\/div>\n\t\t\t\t<div class=\"elementor-element elementor-element-a3a6595 elementor-widget__width-initial elementor-widget elementor-widget-text-editor\" data-id=\"a3a6595\" data-element_type=\"widget\" data-widget_type=\"text-editor.default\">\n\t\t\t\t<div class=\"elementor-widget-container\">\n\t\t\t\t\t\t\t\t\t<p>Otros hechos importantes de ese siglo fueron la desamortizaci\u00f3n del convento de los m\u00ednimos en 1835, la llegada de las hermanas carmelitas de la Caridad para hacerse cargo del antiguo hospital y de una escuela de ni\u00f1as en 1856, la llegada del tren en 1860, la fiesta literaria en honor a Frederic Soler, Pitarra, en 1887, la instalaci\u00f3n de la electricidad en 1895 y la construcci\u00f3n de la f\u00e1brica de tapones Llensa.<\/p>\n\t\t\t\t\t\t\t\t<\/div>\n\t\t\t\t<\/div>\n\t\t\t\t<div class=\"elementor-element elementor-element-9b12c1a elementor-widget-divider--view-line elementor-widget elementor-widget-divider\" data-id=\"9b12c1a\" data-element_type=\"widget\" data-widget_type=\"divider.default\">\n\t\t\t\t<div class=\"elementor-widget-container\">\n\t\t\t\t\t\t\t<div class=\"elementor-divider\">\n\t\t\t<span class=\"elementor-divider-separator\">\n\t\t\t\t\t\t<\/span>\n\t\t<\/div>\n\t\t\t\t\t\t<\/div>\n\t\t\t\t<\/div>\n\t\t\t\t\t<\/div>\n\t\t\t\t<\/div>\n\t\t<div class=\"elementor-element elementor-element-d5daeeb e-flex e-con-boxed wpr-particle-no wpr-jarallax-no wpr-parallax-no wpr-sticky-section-no e-con e-parent\" data-id=\"d5daeeb\" data-element_type=\"container\">\n\t\t\t\t\t<div class=\"e-con-inner\">\n\t\t\t\t<div class=\"elementor-element elementor-element-8fd83c9 elementor-widget__width-initial elementor-widget elementor-widget-image\" data-id=\"8fd83c9\" data-element_type=\"widget\" data-widget_type=\"image.default\">\n\t\t\t\t<div class=\"elementor-widget-container\">\n\t\t\t\t\t\t\t\t\t\t\t\t\t\t\t<img loading=\"lazy\" decoding=\"async\" width=\"700\" height=\"450\" src=\"https:\/\/www.turismehostalric.cat\/wp-content\/uploads\/2024\/03\/8934d-1935-tren-i-al-fons-Hostalric.png\" class=\"attachment-large size-large wp-image-198\" alt=\"\" srcset=\"https:\/\/www.turismehostalric.cat\/wp-content\/uploads\/2024\/03\/8934d-1935-tren-i-al-fons-Hostalric.png 700w, https:\/\/www.turismehostalric.cat\/wp-content\/uploads\/2024\/03\/8934d-1935-tren-i-al-fons-Hostalric-300x193.png 300w\" sizes=\"(max-width: 700px) 100vw, 700px\" \/>\t\t\t\t\t\t\t\t\t\t\t\t\t\t\t<\/div>\n\t\t\t\t<\/div>\n\t\t\t\t<div class=\"elementor-element elementor-element-176434c elementor-widget__width-initial elementor-widget elementor-widget-text-editor\" data-id=\"176434c\" data-element_type=\"widget\" data-widget_type=\"text-editor.default\">\n\t\t\t\t<div class=\"elementor-widget-container\">\n\t\t\t\t\t\t\t\t\t<p>La Guerra Civil se inici\u00f3 en la ciudad con la quema de la iglesia, aunque Hostalric no sufri\u00f3 bombardeos. Durante esta \u00e9poca, el castillo se utiliz\u00f3 como almac\u00e9n de combustible y munici\u00f3n de los republicanos, y despu\u00e9s de la guerra de refugio y vivienda de muchos pasantes.<br \/> En junio de 1939, el Ayuntamiento orden\u00f3 cambiar todos los r\u00f3tulos escritos en catal\u00e1n.<br \/> Joan Guitart i Roca, llamado Sancho, fue alcalde de 1937 a 1939, cuando fue llamado a filas. En julio del mismo a\u00f1o la represi\u00f3n franquista le fusilaba en Girona.<\/p>\n<p>En el a\u00f1o 1949 el Estado vendi\u00f3 la fortaleza, ya en desuso, al Ayuntamiento por 18.500 pesetas.<\/p>\n<p>En 1967 se iniciaron las obras de rehabilitaci\u00f3n del castillo para convertirlo posteriormente en restaurante.<\/p>\n<p>En 1963 tanto la fortaleza como las murallas fueron declaradas <strong>Bien Cultural de Inter\u00e9s Nacional <\/strong> (BCIN) y a partir de este momento se empez\u00f3 la lenta pero continua recuperaci\u00f3n, conservaci\u00f3n y divulgaci\u00f3n de su patrimonio monumental.<\/p>\n\t\t\t\t\t\t\t\t<\/div>\n\t\t\t\t<\/div>\n\t\t\t\t\t<\/div>\n\t\t\t\t<\/div>\n\t\t\t\t<\/div>\n\t\t","protected":false},"excerpt":{"rendered":"<p>Hostalric se encuentra sobre un antiguo volc\u00e1n entre la v\u00eda romana y el desfiladero del r\u00edo Tordera. La situaci\u00f3n estrat\u00e9gica del pueblo y el hecho de estar situado en una zona de paso, hace pensar que desde tiempos muy antiguos el hombre se estableci\u00f3 en este lugar. La configuraci\u00f3n geogr\u00e1fica es id\u00e9ntica a la de los poblados iberos y, adem\u00e1s, durante la \u00e9poca romana pasaba por aqu\u00ed una bifurcaci\u00f3n de la V\u00eda Augusta. Parece que el nombre de Hostalric tuvo su origen en un hostal cuyos primeros testimonios datan del siglo XI, aunque no es hasta 1106 cuando se documenta el nombre del pueblo. En 1145 ya se habla de su castillo. En 1242 Jaime I el Conquistador otorg\u00f3 al vizconde de Cabrera la licencia para la celebraci\u00f3n del mercado semanal en Hostalric y un a\u00f1o m\u00e1s tarde la ciudad obtuvo la carta de poblaci\u00f3n con el objetivo de favorecer la creaci\u00f3n de un n\u00facleo poblacional estable cerca del castillo. A Bernardo I de Cabrera se le debe el primer amurallamiento de Hostalric. Bajo el mandato de sus descendientes, la ciudad se convirti\u00f3 en la capital administrativa de los extensos territorios del vizcondado. Las luchas feudales tuvieron eco en la villa de Hostalric y en 1462 la guerra de los Remences dejaba su huella cuando los habitantes de la villa se resist\u00edan a abrir las puertas a las tropas de la Generalitat, que cortando vi\u00f1edos y campos de trigo amenazaban con entrar en el recinto amurallado. Como consecuencia de ello se decidi\u00f3 modernizar las fortificaciones de Hostalric y durante la Guerra de Separaci\u00f3n \u2014m\u00e1s conocida como \u00abGuerra de los Segadores\u00bb\u2014 se llevaron a cabo las primeras obras de campa\u00f1a, con terraplenes de tierra y fajinas que proteg\u00edan el castillo y las murallas medievales. Con el escenario de la Guerra de Sucesi\u00f3n se iniciaron las obras permanentes, destinadas a convertir la fortaleza de Hostalric en un punto neur\u00e1lgico del sistema defensivo del ej\u00e9rcito del archiduque Carlos de Austria en Catalu\u00f1a. Durante la Guerra de la Independencia Hostalric tuvo un papel brillante, tanto por su apoyo a la entrada de v\u00edveres durante el sitio de Girona como por estorbar el paso a las tropas enemigas. Por ello, a los franceses les conven\u00eda tomar la poblaci\u00f3n. El 7 de noviembre de 1809 un ej\u00e9rcito de cuatro mil hombres saque\u00f3 e incendi\u00f3 Hostalric. Los franceses quemaron todo el pueblo y sus habitantes tuvieron que huir hacia los n\u00facleos vecinos. En enero de 1810 los franceses tomaron la ciudad y se inici\u00f3 el largo asedio del castillo. Despu\u00e9s de cuatro meses y m\u00e1s de cuatro mil bombas ca\u00eddas, el coronel Estrada y toda la guarnici\u00f3n intentaron salvarse abri\u00e9ndose paso entre el enemigo y huyeron de la fortaleza. Al d\u00eda siguiente, los franceses tomaban la plaza. El capit\u00e1n general de Catalu\u00f1a concedi\u00f3 una medalla de oro a los oficiales de la guarnici\u00f3n y una de plata a la tropa. La inscripci\u00f3n rezaba: \u00abValor y fidelidad constante, Hostalric, 12 de mayo de 1810\u00bb. Otros hechos importantes de ese siglo fueron la desamortizaci\u00f3n del convento de los m\u00ednimos en 1835, la llegada de las hermanas carmelitas de la Caridad para hacerse cargo del antiguo hospital y de una escuela de ni\u00f1as en 1856, la llegada del tren en 1860, la fiesta literaria en honor a Frederic Soler, Pitarra, en 1887, la instalaci\u00f3n de la electricidad en 1895 y la construcci\u00f3n de la f\u00e1brica de tapones Llensa. La Guerra Civil se inici\u00f3 en la ciudad con la quema de la iglesia, aunque Hostalric no sufri\u00f3 bombardeos. Durante esta \u00e9poca, el castillo se utiliz\u00f3 como almac\u00e9n de combustible y munici\u00f3n de los republicanos, y despu\u00e9s de la guerra de refugio y vivienda de muchos pasantes. En junio de 1939, el Ayuntamiento orden\u00f3 cambiar todos los r\u00f3tulos escritos en catal\u00e1n. Joan Guitart i Roca, llamado Sancho, fue alcalde de 1937 a 1939, cuando fue llamado a filas. En julio del mismo a\u00f1o la represi\u00f3n franquista le fusilaba en Girona. En el a\u00f1o 1949 el Estado vendi\u00f3 la fortaleza, ya en desuso, al Ayuntamiento por 18.500 pesetas. En 1967 se iniciaron las obras de rehabilitaci\u00f3n del castillo para convertirlo posteriormente en restaurante. En 1963 tanto la fortaleza como las murallas fueron declaradas Bien Cultural de Inter\u00e9s Nacional (BCIN) y a partir de este momento se empez\u00f3 la lenta pero continua recuperaci\u00f3n, conservaci\u00f3n y divulgaci\u00f3n de su patrimonio monumental.<\/p>\n","protected":false},"author":1,"featured_media":165,"parent":2814,"menu_order":7,"comment_status":"closed","ping_status":"closed","template":"","meta":{"_acf_changed":false,"footnotes":""},"class_list":["post-3078","page","type-page","status-publish","has-post-thumbnail"],"acf":[],"_links":{"self":[{"href":"https:\/\/www.turismehostalric.cat\/es\/wp-json\/wp\/v2\/pages\/3078","targetHints":{"allow":["GET"]}}],"collection":[{"href":"https:\/\/www.turismehostalric.cat\/es\/wp-json\/wp\/v2\/pages"}],"about":[{"href":"https:\/\/www.turismehostalric.cat\/es\/wp-json\/wp\/v2\/types\/page"}],"author":[{"embeddable":true,"href":"https:\/\/www.turismehostalric.cat\/es\/wp-json\/wp\/v2\/users\/1"}],"replies":[{"embeddable":true,"href":"https:\/\/www.turismehostalric.cat\/es\/wp-json\/wp\/v2\/comments?post=3078"}],"version-history":[{"count":0,"href":"https:\/\/www.turismehostalric.cat\/es\/wp-json\/wp\/v2\/pages\/3078\/revisions"}],"up":[{"embeddable":true,"href":"https:\/\/www.turismehostalric.cat\/es\/wp-json\/wp\/v2\/pages\/2814"}],"wp:featuredmedia":[{"embeddable":true,"href":"https:\/\/www.turismehostalric.cat\/es\/wp-json\/wp\/v2\/media\/165"}],"wp:attachment":[{"href":"https:\/\/www.turismehostalric.cat\/es\/wp-json\/wp\/v2\/media?parent=3078"}],"curies":[{"name":"wp","href":"https:\/\/api.w.org\/{rel}","templated":true}]}}