{"id":3070,"date":"2024-03-21T15:44:34","date_gmt":"2024-03-21T14:44:34","guid":{"rendered":"https:\/\/w.turismehostalric.cat\/que-hacer\/cerca\/"},"modified":"2024-09-19T11:49:16","modified_gmt":"2024-09-19T09:49:16","slug":"cerca","status":"publish","type":"page","link":"https:\/\/www.turismehostalric.cat\/es\/que-hacer\/cerca\/","title":{"rendered":"Cerca"},"content":{"rendered":"\t\t<div data-elementor-type=\"wp-page\" data-elementor-id=\"3070\" class=\"elementor elementor-3070 elementor-834\" data-elementor-post-type=\"page\">\n\t\t\t\t<div class=\"elementor-element elementor-element-310770d e-flex e-con-boxed wpr-particle-no wpr-jarallax-no wpr-parallax-no wpr-sticky-section-no wpr-equal-height-no e-con e-parent\" data-id=\"310770d\" data-element_type=\"container\">\n\t\t\t\t\t<div class=\"e-con-inner\">\n\t\t\t\t<div class=\"elementor-element elementor-element-687ee5e elementor-widget elementor-widget-text-editor\" data-id=\"687ee5e\" data-element_type=\"widget\" data-widget_type=\"text-editor.default\">\n\t\t\t\t<div class=\"elementor-widget-container\">\n\t\t\t\t\t\t\t\t\t<p>Hostalric se encuentra en un sitio privilegiado y muy <strong>bien comunicado. <\/strong> La villa est\u00e1 situada junto al <a href=\"https:\/\/www.turismehostalric.cat\/ca\/espais-naturals\/la-tordera\"><strong>r\u00edo Tordera<\/strong><\/a> y es una de las puertas de entrada al <strong>Parque Natural del Montseny<\/strong> y el <strong>Parque del Montnegre Corredor<\/strong> . <strong><a href=\"https:\/\/www.turismehostalric.cat\/ca\/ciutats\/girona\">Girona<\/a> y Barcelona<\/strong> se encuentran a <strong>40 y 60 km<\/strong> respectivamente, ya 30 minutos en coche tenemos los principales n\u00facleos tur\u00edsticos de la <strong>Costa Brava<\/strong> .<\/p>\n\t\t\t\t\t\t\t\t<\/div>\n\t\t\t\t<\/div>\n\t\t\t\t\t<\/div>\n\t\t\t\t<\/div>\n\t\t<div class=\"elementor-element elementor-element-056b50b e-flex e-con-boxed wpr-particle-no wpr-jarallax-no wpr-parallax-no wpr-sticky-section-no wpr-equal-height-no e-con e-parent\" data-id=\"056b50b\" data-element_type=\"container\">\n\t\t\t\t\t<div class=\"e-con-inner\">\n\t\t\t\t<div class=\"elementor-element elementor-element-a212c80 elementor-widget__width-initial elementor-widget elementor-widget-image-box\" data-id=\"a212c80\" data-element_type=\"widget\" data-widget_type=\"image-box.default\">\n\t\t\t\t<div class=\"elementor-widget-container\">\n\t\t\t\t\t<div class=\"elementor-image-box-wrapper\"><div class=\"elementor-image-box-content\"><h3 class=\"elementor-image-box-title\"><a href=\"https:\/\/www.laselvaturisme.com\/\" target=\"_blank\">Turisme la Selva<\/a><\/h3><p class=\"elementor-image-box-description\">La Selva es una comarca muy heterog\u00e9nea que ofrece al visitante una amplia oferta para todos los gustos. Desde el litoral de la Costa Brava, pasando por la plana o la zona del Ter Brugent hasta llegar al macizo del Montseny. La Selva es conocida como \u00abla comarca del agua\u00bb y \u00abtierra de castillos\u00bb, la cual cosa demuestra los valores naturales y patrimoniales del territorio.<\/p><\/div><\/div>\t\t\t\t<\/div>\n\t\t\t\t<\/div>\n\t\t\t\t<div class=\"elementor-element elementor-element-9f84e70 elementor-widget__width-initial elementor-widget elementor-widget-image-box\" data-id=\"9f84e70\" data-element_type=\"widget\" data-widget_type=\"image-box.default\">\n\t\t\t\t<div class=\"elementor-widget-container\">\n\t\t\t\t\t<div class=\"elementor-image-box-wrapper\"><div class=\"elementor-image-box-content\"><h3 class=\"elementor-image-box-title\"><a href=\"https:\/\/costabrava.org\/\" target=\"_blank\">Costa Brava Pirineu de Girona<\/a><\/h3><p class=\"elementor-image-box-description\">La Costa Brava es una suma de sensaciones que os sorprender\u00e1n desde Blanes hasta Portbou. Naturaleza, cultura y patrimonio definen ese territorio.  <\/p><\/div><\/div>\t\t\t\t<\/div>\n\t\t\t\t<\/div>\n\t\t\t\t<div class=\"elementor-element elementor-element-e83bf14 elementor-widget__width-initial elementor-widget elementor-widget-image-box\" data-id=\"e83bf14\" data-element_type=\"widget\" data-widget_type=\"image-box.default\">\n\t\t\t\t<div class=\"elementor-widget-container\">\n\t\t\t\t\t<div class=\"elementor-image-box-wrapper\"><div class=\"elementor-image-box-content\"><h3 class=\"elementor-image-box-title\"><a href=\"https:\/\/parcs.diba.cat\/web\/montseny\" target=\"_blank\">Parc Natural del Montseny<\/a><\/h3><p class=\"elementor-image-box-description\">El Parque Natural del Montseny, considerado tambi\u00e9n Reserva de la Biosfera, es un mosaico de paisajes mediterr\u00e1neos y centroeuropeos situado en la cordillera Prelitoral Catalana, entre las demarcaciones de Barcelona y Girona.  <\/p><\/div><\/div>\t\t\t\t<\/div>\n\t\t\t\t<\/div>\n\t\t\t\t<div class=\"elementor-element elementor-element-96670ad elementor-widget__width-initial elementor-widget elementor-widget-image-box\" data-id=\"96670ad\" data-element_type=\"widget\" data-widget_type=\"image-box.default\">\n\t\t\t\t<div class=\"elementor-widget-container\">\n\t\t\t\t\t<div class=\"elementor-image-box-wrapper\"><div class=\"elementor-image-box-content\"><h3 class=\"elementor-image-box-title\"><a href=\"https:\/\/parcs.diba.cat\/web\/montnegre\" target=\"_blank\">Parc Natural del Montnegre Corredor<\/a><\/h3><p class=\"elementor-image-box-description\">Dos grandes macizos, el Corredor y el Montnegre, configuran este espacio, situado en la Cordillera Litoral. D\u00f3lmenes neol\u00edticos, restos arqueol\u00f3gicos de \u00e9poca ib\u00e9rica e iglesias medievales se reparten dentro de un paisaje bordeado de cultivos, bosques y mas\u00edas  <\/p><\/div><\/div>\t\t\t\t<\/div>\n\t\t\t\t<\/div>\n\t\t\t\t\t<\/div>\n\t\t\t\t<\/div>\n\t\t<div class=\"elementor-element elementor-element-6d0c3dd e-flex e-con-boxed wpr-particle-no wpr-jarallax-no wpr-parallax-no wpr-sticky-section-no wpr-equal-height-no e-con e-parent\" data-id=\"6d0c3dd\" data-element_type=\"container\">\n\t\t\t\t\t<div class=\"e-con-inner\">\n\t\t\t\t\t<\/div>\n\t\t\t\t<\/div>\n\t\t\t\t<\/div>\n\t\t","protected":false},"excerpt":{"rendered":"<p>Hostalric se encuentra en un sitio privilegiado y muy bien comunicado. La villa est\u00e1 situada junto al r\u00edo Tordera y es una de las puertas de entrada al Parque Natural del Montseny y el Parque del Montnegre Corredor . Girona y Barcelona se encuentran a 40 y 60 km respectivamente, ya 30 minutos en coche tenemos los principales n\u00facleos tur\u00edsticos de la Costa Brava . Turisme la Selva La Selva es una comarca muy heterog\u00e9nea que ofrece al visitante una amplia oferta para todos los gustos. Desde el litoral de la Costa Brava, pasando por la plana o la zona del Ter Brugent hasta llegar al macizo del Montseny. La Selva es conocida como \u00abla comarca del agua\u00bb y \u00abtierra de castillos\u00bb, la cual cosa demuestra los valores naturales y patrimoniales del territorio. Costa Brava Pirineu de Girona La Costa Brava es una suma de sensaciones que os sorprender\u00e1n desde Blanes hasta Portbou. Naturaleza, cultura y patrimonio definen ese territorio. Parc Natural del Montseny El Parque Natural del Montseny, considerado tambi\u00e9n Reserva de la Biosfera, es un mosaico de paisajes mediterr\u00e1neos y centroeuropeos situado en la cordillera Prelitoral Catalana, entre las demarcaciones de Barcelona y Girona. Parc Natural del Montnegre Corredor Dos grandes macizos, el Corredor y el Montnegre, configuran este espacio, situado en la Cordillera Litoral. D\u00f3lmenes neol\u00edticos, restos arqueol\u00f3gicos de \u00e9poca ib\u00e9rica e iglesias medievales se reparten dentro de un paisaje bordeado de cultivos, bosques y mas\u00edas<\/p>\n","protected":false},"author":1,"featured_media":2000,"parent":2507,"menu_order":5,"comment_status":"closed","ping_status":"closed","template":"","meta":{"_acf_changed":false,"footnotes":""},"class_list":["post-3070","page","type-page","status-publish","has-post-thumbnail"],"acf":[],"_links":{"self":[{"href":"https:\/\/www.turismehostalric.cat\/es\/wp-json\/wp\/v2\/pages\/3070","targetHints":{"allow":["GET"]}}],"collection":[{"href":"https:\/\/www.turismehostalric.cat\/es\/wp-json\/wp\/v2\/pages"}],"about":[{"href":"https:\/\/www.turismehostalric.cat\/es\/wp-json\/wp\/v2\/types\/page"}],"author":[{"embeddable":true,"href":"https:\/\/www.turismehostalric.cat\/es\/wp-json\/wp\/v2\/users\/1"}],"replies":[{"embeddable":true,"href":"https:\/\/www.turismehostalric.cat\/es\/wp-json\/wp\/v2\/comments?post=3070"}],"version-history":[{"count":0,"href":"https:\/\/www.turismehostalric.cat\/es\/wp-json\/wp\/v2\/pages\/3070\/revisions"}],"up":[{"embeddable":true,"href":"https:\/\/www.turismehostalric.cat\/es\/wp-json\/wp\/v2\/pages\/2507"}],"wp:featuredmedia":[{"embeddable":true,"href":"https:\/\/www.turismehostalric.cat\/es\/wp-json\/wp\/v2\/media\/2000"}],"wp:attachment":[{"href":"https:\/\/www.turismehostalric.cat\/es\/wp-json\/wp\/v2\/media?parent=3070"}],"curies":[{"name":"wp","href":"https:\/\/api.w.org\/{rel}","templated":true}]}}