{"id":2501,"date":"2024-03-20T10:03:41","date_gmt":"2024-03-20T09:03:41","guid":{"rendered":"https:\/\/w.turismehostalric.cat\/historia-y-evolucion\/"},"modified":"2025-10-26T11:41:56","modified_gmt":"2025-10-26T10:41:56","slug":"historia-y-evolucion","status":"publish","type":"page","link":"https:\/\/www.turismehostalric.cat\/es\/la-muralla\/historia-y-evolucion\/","title":{"rendered":"Historia y evoluci\u00f3n"},"content":{"rendered":"\t\t<div data-elementor-type=\"wp-page\" data-elementor-id=\"2501\" class=\"elementor elementor-2501 elementor-488\" data-elementor-post-type=\"page\">\n\t\t\t\t<div class=\"elementor-element elementor-element-4a3edfa4 e-flex e-con-boxed wpr-particle-no wpr-jarallax-no wpr-parallax-no wpr-sticky-section-no e-con e-parent\" data-id=\"4a3edfa4\" data-element_type=\"container\">\n\t\t\t\t\t<div class=\"e-con-inner\">\n\t\t\t\t<div class=\"elementor-element elementor-element-2f7cee3d elementor-widget elementor-widget-text-editor\" data-id=\"2f7cee3d\" data-element_type=\"widget\" data-widget_type=\"text-editor.default\">\n\t\t\t\t<div class=\"elementor-widget-container\">\n\t\t\t\t\t\t\t\t\t<p><img fetchpriority=\"high\" decoding=\"async\" class=\"aligncenter wp-image-1208 size-full\" src=\"https:\/\/www.turismehostalric.cat\/wp-content\/uploads\/2024\/04\/04431-Turo-i-castell_Anys_Fons-Ramon-Reyero.jpg\" alt=\"\" width=\"700\" height=\"450\" srcset=\"https:\/\/www.turismehostalric.cat\/wp-content\/uploads\/2024\/04\/04431-Turo-i-castell_Anys_Fons-Ramon-Reyero.jpg 700w, https:\/\/www.turismehostalric.cat\/wp-content\/uploads\/2024\/04\/04431-Turo-i-castell_Anys_Fons-Ramon-Reyero-300x193.jpg 300w\" sizes=\"(max-width: 700px) 100vw, 700px\" \/><\/p><p>El n\u00facleo edificado de Hostalric se estructura en un sitio claramente estrat\u00e9gico: cruzado por el camino Ral y al medio de la red de caminos catalanes medievales. Esta situaci\u00f3n justifica el car\u00e1cter fortificado del pueblo. <strong>La finalidad principal de la muralla era convertirse en un cintur\u00f3n defensivo de la colina del castillo hasta el r\u00edo en sentido longitudinal.<\/strong><\/p><p>Los inicios de la <strong>muralla de Hostalric datan del s. XIV<\/strong> cuando la poblaci\u00f3n ya dispon\u00eda de varios servicios (iglesia parroquial, notaria, escriban\u00eda, mercado semanal&#8230;). La primera evidencia documental sobre las murallas de Hostalric es del 17 de enero de 1364 cuando se habla de obras y condicionamiento de los muros. De esto se deduce que su origen es anterior.<\/p><p>A finales del siglo XIV, el vizconde Bernardo IV, potenciando Hostalric como capital de gobierno del <strong>Vizcondado de Cabrera<\/strong>, orden\u00f3 tambi\u00e9n reformar y reforzar las defensas del pueblo con las murallas y torres que, en parte, forman parte actualmente de nuestro patrimonio monumental.<\/p><p>La introducci\u00f3n de la p\u00f3lvora en el arte de la guerra a partir de la baja edad media comport\u00f3 la modernizaci\u00f3n de los castillos medievales o bien la construcci\u00f3n de fortalezas adaptadas para hacer frente a esta nueva modalidad.<\/p><p><img decoding=\"async\" class=\"aligncenter size-full wp-image-1212\" src=\"https:\/\/www.turismehostalric.cat\/wp-content\/uploads\/2024\/04\/040e6-Av.-Coronel-Estrada_anys60.jpg\" alt=\"\" width=\"700\" height=\"450\" srcset=\"https:\/\/www.turismehostalric.cat\/wp-content\/uploads\/2024\/04\/040e6-Av.-Coronel-Estrada_anys60.jpg 700w, https:\/\/www.turismehostalric.cat\/wp-content\/uploads\/2024\/04\/040e6-Av.-Coronel-Estrada_anys60-300x193.jpg 300w\" sizes=\"(max-width: 700px) 100vw, 700px\" \/><\/p><p>El <a href=\"https:\/\/www.turismehostalric.cat\/es\/el-castillo\/historia-del-castillo-de-hostalric\/\"><strong>castillo de Hostalric<\/strong><\/a> tambi\u00e9n se vio superado por esta nueva tecnolog\u00eda y, poco a poco, sus estructuras quedaron abandonadas. No fue hasta la segunda mitad del siglo XVII cuando se plantearon las primeras obras de fortificaci\u00f3n de la fortaleza, enfocadas claramente a hacer frente a la pirobal\u00edstica. Estas reformas se llevaron a cabo durante el siglo XVIII y supuso la desmilitarizaci\u00f3n de la vila y la muralla y sus edificios evolucionaron a casas residenciales. No obstante, estas no ten\u00edan las condiciones higi\u00e9nicas y sanitarias m\u00ednimas (no fueron concebidas como tal) como consecuencia de la basura y las aguas residuales que se hab\u00edan acumulado durante a\u00f1os, hecho que dio lugar a enfermedades infecciosas.<\/p><p>El 1873 se solicit\u00f3 el primer permiso de edificaci\u00f3n de balcones, ventanas y terrados. Esto permit\u00eda tener un terrado o, en algunos casos, una galer\u00eda a la altura de la planta baja y un local justo debajo, a pie de carretera, que a\u00f1os despu\u00e9s se destinar\u00edan a obradores, talleres y garajes.<\/p><p><img decoding=\"async\" class=\"aligncenter size-full wp-image-1216\" src=\"https:\/\/www.turismehostalric.cat\/wp-content\/uploads\/2024\/04\/06956-Av-Coronel-Estrada_1900_Fons-Ramon-Reyero.jpg\" alt=\"\" width=\"700\" height=\"450\" srcset=\"https:\/\/www.turismehostalric.cat\/wp-content\/uploads\/2024\/04\/06956-Av-Coronel-Estrada_1900_Fons-Ramon-Reyero.jpg 700w, https:\/\/www.turismehostalric.cat\/wp-content\/uploads\/2024\/04\/06956-Av-Coronel-Estrada_1900_Fons-Ramon-Reyero-300x193.jpg 300w\" sizes=\"(max-width: 700px) 100vw, 700px\" \/><\/p><p>El \u00faltimo permiso de construcci\u00f3n de terrado se otorg\u00f3 en el 1943. La mayor\u00eda de estas edificaciones singulares, espacio de ocio de las familias y excelentes miradores, desaparecieron en el<strong> 2011 en la cuarta intervenci\u00f3n a la muralla<\/strong>.<\/p><p>En todo el <strong>n\u00facleo antiguo<\/strong> se conservan muy pocos elementes arquitect\u00f3nicos anteriores al siglo XIX, ya que los franceses arrasaron cuasi todo el pueblo en el 1809. En la calle Mayor a\u00fan se conservan las inscripciones militares de las antiguas casas (1854): \u201ccapit\u00e1n\u201d, \u201ccoronel\u201d, \u201coficial\u201d o \u201cjefe\u201d. En estas casas se alojaron temporalmente los oficiales de la guarnici\u00f3n de la fortaleza de Hostalric.<\/p><p>Con el objetivo de estructurar y uniformizar la muralla se inici\u00f3 un proceso de transformaci\u00f3n que avanzaba hacia su reutilizaci\u00f3n como \u201cpared utilitaria\u201d: la muralla se convertir\u00eda en la fachada posterior de la l\u00ednea de edificaciones del recinto. Este proceso se realiz\u00f3 entre finales de los 60 y principios de los 70 a cargo del arquitecto Bassegoda.<\/p><p>Las primeras actuaciones se centraron en la reparaci\u00f3n de los par\u00e1metros exteriores de la muralla (limpieza, rejuntado de los muros de mamposter\u00eda, reconstrucci\u00f3n de los brancales y arcos superiores de ladrillo de las aperturas de la muralla, desplazamiento a un plano m\u00e1s atrasado de barandillas y carpinter\u00edas de cierre, y el pintado de estas \u00faltimas a un tono rojizo) y la recuperaci\u00f3n y mejora del acceso al <strong>paso de ronda<\/strong>  que recorrer el coronamiento superior de la muralla (recogida y canalizaci\u00f3n de las aguas pluviales,  <strong>adecuaci\u00f3n paso itinerario tur\u00edstico<\/strong>  con la compra de una casa en ruinas que permite la comunicaci\u00f3n f\u00edsica y visual entre la calle Major, el camino de ronda y el exterior de la muralla).<\/p>\t\t\t\t\t\t\t\t<\/div>\n\t\t\t\t<\/div>\n\t\t\t\t\t<\/div>\n\t\t\t\t<\/div>\n\t\t\t\t<\/div>\n\t\t","protected":false},"excerpt":{"rendered":"<p>El n\u00facleo edificado de Hostalric se estructura en un sitio claramente estrat\u00e9gico: cruzado por el camino Ral y al medio de la red de caminos catalanes medievales. Esta situaci\u00f3n justifica el car\u00e1cter fortificado del pueblo. La finalidad principal de la muralla era convertirse en un cintur\u00f3n defensivo de la colina del castillo hasta el r\u00edo en sentido longitudinal. Los inicios de la muralla de Hostalric datan del s. XIV cuando la poblaci\u00f3n ya dispon\u00eda de varios servicios (iglesia parroquial, notaria, escriban\u00eda, mercado semanal&#8230;). La primera evidencia documental sobre las murallas de Hostalric es del 17 de enero de 1364 cuando se habla de obras y condicionamiento de los muros. De esto se deduce que su origen es anterior. A finales del siglo XIV, el vizconde Bernardo IV, potenciando Hostalric como capital de gobierno del Vizcondado de Cabrera, orden\u00f3 tambi\u00e9n reformar y reforzar las defensas del pueblo con las murallas y torres que, en parte, forman parte actualmente de nuestro patrimonio monumental. La introducci\u00f3n de la p\u00f3lvora en el arte de la guerra a partir de la baja edad media comport\u00f3 la modernizaci\u00f3n de los castillos medievales o bien la construcci\u00f3n de fortalezas adaptadas para hacer frente a esta nueva modalidad. El castillo de Hostalric tambi\u00e9n se vio superado por esta nueva tecnolog\u00eda y, poco a poco, sus estructuras quedaron abandonadas. No fue hasta la segunda mitad del siglo XVII cuando se plantearon las primeras obras de fortificaci\u00f3n de la fortaleza, enfocadas claramente a hacer frente a la pirobal\u00edstica. Estas reformas se llevaron a cabo durante el siglo XVIII y supuso la desmilitarizaci\u00f3n de la vila y la muralla y sus edificios evolucionaron a casas residenciales. No obstante, estas no ten\u00edan las condiciones higi\u00e9nicas y sanitarias m\u00ednimas (no fueron concebidas como tal) como consecuencia de la basura y las aguas residuales que se hab\u00edan acumulado durante a\u00f1os, hecho que dio lugar a enfermedades infecciosas. El 1873 se solicit\u00f3 el primer permiso de edificaci\u00f3n de balcones, ventanas y terrados. Esto permit\u00eda tener un terrado o, en algunos casos, una galer\u00eda a la altura de la planta baja y un local justo debajo, a pie de carretera, que a\u00f1os despu\u00e9s se destinar\u00edan a obradores, talleres y garajes. El \u00faltimo permiso de construcci\u00f3n de terrado se otorg\u00f3 en el 1943. La mayor\u00eda de estas edificaciones singulares, espacio de ocio de las familias y excelentes miradores, desaparecieron en el 2011 en la cuarta intervenci\u00f3n a la muralla. En todo el n\u00facleo antiguo se conservan muy pocos elementes arquitect\u00f3nicos anteriores al siglo XIX, ya que los franceses arrasaron cuasi todo el pueblo en el 1809. En la calle Mayor a\u00fan se conservan las inscripciones militares de las antiguas casas (1854): \u201ccapit\u00e1n\u201d, \u201ccoronel\u201d, \u201coficial\u201d o \u201cjefe\u201d. En estas casas se alojaron temporalmente los oficiales de la guarnici\u00f3n de la fortaleza de Hostalric. Con el objetivo de estructurar y uniformizar la muralla se inici\u00f3 un proceso de transformaci\u00f3n que avanzaba hacia su reutilizaci\u00f3n como \u201cpared utilitaria\u201d: la muralla se convertir\u00eda en la fachada posterior de la l\u00ednea de edificaciones del recinto. Este proceso se realiz\u00f3 entre finales de los 60 y principios de los 70 a cargo del arquitecto Bassegoda. Las primeras actuaciones se centraron en la reparaci\u00f3n de los par\u00e1metros exteriores de la muralla (limpieza, rejuntado de los muros de mamposter\u00eda, reconstrucci\u00f3n de los brancales y arcos superiores de ladrillo de las aperturas de la muralla, desplazamiento a un plano m\u00e1s atrasado de barandillas y carpinter\u00edas de cierre, y el pintado de estas \u00faltimas a un tono rojizo) y la recuperaci\u00f3n y mejora del acceso al paso de ronda que recorrer el coronamiento superior de la muralla (recogida y canalizaci\u00f3n de las aguas pluviales, adecuaci\u00f3n paso itinerario tur\u00edstico con la compra de una casa en ruinas que permite la comunicaci\u00f3n f\u00edsica y visual entre la calle Major, el camino de ronda y el exterior de la muralla).<\/p>\n","protected":false},"author":1,"featured_media":492,"parent":2826,"menu_order":18,"comment_status":"closed","ping_status":"closed","template":"","meta":{"_acf_changed":false,"footnotes":""},"class_list":["post-2501","page","type-page","status-publish","has-post-thumbnail"],"acf":[],"_links":{"self":[{"href":"https:\/\/www.turismehostalric.cat\/es\/wp-json\/wp\/v2\/pages\/2501","targetHints":{"allow":["GET"]}}],"collection":[{"href":"https:\/\/www.turismehostalric.cat\/es\/wp-json\/wp\/v2\/pages"}],"about":[{"href":"https:\/\/www.turismehostalric.cat\/es\/wp-json\/wp\/v2\/types\/page"}],"author":[{"embeddable":true,"href":"https:\/\/www.turismehostalric.cat\/es\/wp-json\/wp\/v2\/users\/1"}],"replies":[{"embeddable":true,"href":"https:\/\/www.turismehostalric.cat\/es\/wp-json\/wp\/v2\/comments?post=2501"}],"version-history":[{"count":2,"href":"https:\/\/www.turismehostalric.cat\/es\/wp-json\/wp\/v2\/pages\/2501\/revisions"}],"predecessor-version":[{"id":6189,"href":"https:\/\/www.turismehostalric.cat\/es\/wp-json\/wp\/v2\/pages\/2501\/revisions\/6189"}],"up":[{"embeddable":true,"href":"https:\/\/www.turismehostalric.cat\/es\/wp-json\/wp\/v2\/pages\/2826"}],"wp:featuredmedia":[{"embeddable":true,"href":"https:\/\/www.turismehostalric.cat\/es\/wp-json\/wp\/v2\/media\/492"}],"wp:attachment":[{"href":"https:\/\/www.turismehostalric.cat\/es\/wp-json\/wp\/v2\/media?parent=2501"}],"curies":[{"name":"wp","href":"https:\/\/api.w.org\/{rel}","templated":true}]}}