{"id":2845,"date":"2024-03-19T15:07:36","date_gmt":"2024-03-19T14:07:36","guid":{"rendered":"https:\/\/w.turismehostalric.cat\/agenda-en\/"},"modified":"2026-01-15T12:20:31","modified_gmt":"2026-01-15T11:20:31","slug":"agenda-en","status":"publish","type":"page","link":"https:\/\/www.turismehostalric.cat\/en\/agenda-en\/","title":{"rendered":"Agenda"},"content":{"rendered":"\t\t<div data-elementor-type=\"wp-page\" data-elementor-id=\"2845\" class=\"elementor elementor-2845 elementor-428\" data-elementor-post-type=\"page\">\n\t\t\t\t<div class=\"elementor-element elementor-element-37de408 e-flex e-con-boxed wpr-particle-no wpr-jarallax-no wpr-parallax-no wpr-sticky-section-no wpr-equal-height-no e-con e-parent\" data-id=\"37de408\" data-element_type=\"container\">\n\t\t\t\t\t<div class=\"e-con-inner\">\n\t\t\t\t<div class=\"elementor-element elementor-element-7fd9093 elementor-widget elementor-widget-ova_events\" data-id=\"7fd9093\" data-element_type=\"widget\" data-widget_type=\"ova_events.default\">\n\t\t\t\t<div class=\"elementor-widget-container\">\n\t\t\t\t\t\n<div class=\"ovaev-event-element version_2\" >\n\n\t\n\t\n\n\t\n\t\t\t<div class=\"wp-content two_column\">\n\t\t\t\t\t\t\t<\/div>\n\n\t\t<\/div>\n\t\t\t\t<\/div>\n\t\t\t\t<\/div>\n\t\t\t\t\t<\/div>\n\t\t\t\t<\/div>\n\t\t\t\t<\/div>\n\t\t","protected":false},"excerpt":{"rendered":"<p>07 juny 2025 Recollida de pl\u00e0stics i residus a la natura d&#8217;Hostalric 12:00 &#8211; 13:30 More details 15 juny 2025 Cicle cinema Gaud\u00ed: Los destellos 18:00 &#8211; 19:40 More details 20 juny 2025 Festa del Comer\u00e7 d&#8217;estiu 20:00 &#8211; 00:00 Pla\u00e7a dels Bous More details 27 juny 2025 Teatre: Locus Operandi 22:00 &#8211; 23:45 More details 11 jul. 2025 Visita guiada de posta de sol al Castell d&#8217;Hostalric 18:30 &#8211; 20:30 Castell d&#039;Hostalric More details<\/p>\n","protected":false},"author":1,"featured_media":131,"parent":0,"menu_order":25,"comment_status":"closed","ping_status":"closed","template":"","meta":{"_acf_changed":false,"footnotes":""},"class_list":["post-2845","page","type-page","status-publish","has-post-thumbnail"],"acf":[],"_links":{"self":[{"href":"https:\/\/www.turismehostalric.cat\/en\/wp-json\/wp\/v2\/pages\/2845","targetHints":{"allow":["GET"]}}],"collection":[{"href":"https:\/\/www.turismehostalric.cat\/en\/wp-json\/wp\/v2\/pages"}],"about":[{"href":"https:\/\/www.turismehostalric.cat\/en\/wp-json\/wp\/v2\/types\/page"}],"author":[{"embeddable":true,"href":"https:\/\/www.turismehostalric.cat\/en\/wp-json\/wp\/v2\/users\/1"}],"replies":[{"embeddable":true,"href":"https:\/\/www.turismehostalric.cat\/en\/wp-json\/wp\/v2\/comments?post=2845"}],"version-history":[{"count":2,"href":"https:\/\/www.turismehostalric.cat\/en\/wp-json\/wp\/v2\/pages\/2845\/revisions"}],"predecessor-version":[{"id":7086,"href":"https:\/\/www.turismehostalric.cat\/en\/wp-json\/wp\/v2\/pages\/2845\/revisions\/7086"}],"wp:featuredmedia":[{"embeddable":true,"href":"https:\/\/www.turismehostalric.cat\/en\/wp-json\/wp\/v2\/media\/131"}],"wp:attachment":[{"href":"https:\/\/www.turismehostalric.cat\/en\/wp-json\/wp\/v2\/media?parent=2845"}],"curies":[{"name":"wp","href":"https:\/\/api.w.org\/{rel}","templated":true}]}}