{"id":469,"date":"2024-03-20T09:55:28","date_gmt":"2024-03-20T08:55:28","guid":{"rendered":"https:\/\/w.turismehostalric.cat\/?page_id=469"},"modified":"2024-09-20T15:28:24","modified_gmt":"2024-09-20T13:28:24","slug":"historia","status":"publish","type":"page","link":"https:\/\/www.turismehostalric.cat\/ca\/el-castell\/historia\/","title":{"rendered":"Hist\u00f2ria del Castell d&#8217;Hostalric"},"content":{"rendered":"\t\t<div data-elementor-type=\"wp-page\" data-elementor-id=\"469\" class=\"elementor elementor-469\" data-elementor-post-type=\"page\">\n\t\t\t\t<div class=\"elementor-element elementor-element-7f1aa400 e-flex e-con-boxed wpr-particle-no wpr-jarallax-no wpr-parallax-no wpr-sticky-section-no wpr-equal-height-no e-con e-parent\" data-id=\"7f1aa400\" data-element_type=\"container\">\n\t\t\t\t\t<div class=\"e-con-inner\">\n\t\t\t\t<div class=\"elementor-element elementor-element-56aefd7e elementor-widget elementor-widget-text-editor\" data-id=\"56aefd7e\" data-element_type=\"widget\" data-widget_type=\"text-editor.default\">\n\t\t\t\t<div class=\"elementor-widget-container\">\n\t\t\t\t\t\t\t\t\t<p>Situat sobre un antic volc\u00e0, l\u2019<strong>antic castell medieval dels vescomtes de Cabrera<\/strong>\u00a0mantenia el control sobre el cam\u00ed Ral, a mitja dist\u00e0ncia entre Girona i Barcelona. A partir del segle XVII aquest es comen\u00e7\u00e0 a transformar per adaptar-se als nous temps i a les noves estrat\u00e8gies de defensa de l\u2019\u00e8poca moderna. \u00c9s per aix\u00f2, que tot i que\u00a0<strong>actualment ens trobem amb una fortalesa<\/strong>, popularment es coneix com el\u00a0<strong>Castell d\u2019Hostalric<\/strong>.<\/p><p><img fetchpriority=\"high\" decoding=\"async\" class=\"aligncenter wp-image-1424 size-full\" src=\"https:\/\/www.turismehostalric.cat\/wp-content\/uploads\/2024\/04\/Castell-Hostalric_Historia_3.jpg\" alt=\"\" width=\"1500\" height=\"980\" srcset=\"https:\/\/www.turismehostalric.cat\/wp-content\/uploads\/2024\/04\/Castell-Hostalric_Historia_3.jpg 1500w, https:\/\/www.turismehostalric.cat\/wp-content\/uploads\/2024\/04\/Castell-Hostalric_Historia_3-300x196.jpg 300w, https:\/\/www.turismehostalric.cat\/wp-content\/uploads\/2024\/04\/Castell-Hostalric_Historia_3-1024x669.jpg 1024w, https:\/\/www.turismehostalric.cat\/wp-content\/uploads\/2024\/04\/Castell-Hostalric_Historia_3-768x502.jpg 768w\" sizes=\"(max-width: 1500px) 100vw, 1500px\" \/><\/p><p>Durant la\u00a0<a href=\"https:\/\/www.sapiens.cat\/temes\/batalles-i-guerres\/la-guerra-dels-segadors_11153_102.html\">Guerra dels Segadors<\/a>\u00a0es va comen\u00e7ar a modernitzar les fortificacions de la vila i es van portar a terme les primeres obres de campanya, amb terraplens de terra i feixines\u00a0que protegien el castell i les muralles medievals.<\/p><p>Les primeres obres de fortificaci\u00f3 permanents van tenir lloc durant el 1712, a conseq\u00fc\u00e8ncia de la Guerra de Successi\u00f3. El disseny original de la fortificaci\u00f3 moderna d\u2019Hostalric va ser obra de Francisco de Santa Cruz, enginyer militar al servei de l\u2019arxiduc Carles. Tot i el seu lliurament a les tropes de Felip V l\u2019any 1713, durant el segle XVIII s\u2019hi van fer importants obres de reforma, convertint aquesta pla\u00e7a en la fortalesa militar que ha arribat fins els nostres dies. Les principals obres per a deixar en condicions d\u2019\u00fas la fortificaci\u00f3 van ser entre 1794 i 1795, en el transcurs de la Guerra Gran.<\/p><p><img decoding=\"async\" class=\"aligncenter size-large wp-image-1436\" src=\"https:\/\/www.turismehostalric.cat\/wp-content\/uploads\/2024\/04\/Castell-Hostalric_Historia_6-1024x740.jpg\" alt=\"\" width=\"1024\" height=\"740\" srcset=\"https:\/\/www.turismehostalric.cat\/wp-content\/uploads\/2024\/04\/Castell-Hostalric_Historia_6-1024x740.jpg 1024w, https:\/\/www.turismehostalric.cat\/wp-content\/uploads\/2024\/04\/Castell-Hostalric_Historia_6-300x217.jpg 300w, https:\/\/www.turismehostalric.cat\/wp-content\/uploads\/2024\/04\/Castell-Hostalric_Historia_6-768x555.jpg 768w, https:\/\/www.turismehostalric.cat\/wp-content\/uploads\/2024\/04\/Castell-Hostalric_Historia_6.jpg 1500w\" sizes=\"(max-width: 1024px) 100vw, 1024px\" \/><\/p><p><strong>Una de les caracter\u00edstiques de la fortificaci\u00f3 d\u2019Hostalric \u00e9s que es troba constru\u00efda sobre terreny irregular<\/strong>, i aix\u00f2 es reflecteix en la seva peculiar forma. Els plantejaments i sistemes de construcci\u00f3 en fortificacions ubicades en lloc f\u00e0cils i planers eren simples i repetitius. En canvi a Hostalric, donada la configuraci\u00f3 del terreny afegit a les possibilitats econ\u00f2miques del moment, a la per\u00edcia de l\u2019enginyer i l\u2019habilitat dels professionals constructors i mestres d\u2019obra donava espai a una extensa varietat de solucions.<\/p><p><img decoding=\"async\" class=\"aligncenter wp-image-1432 size-large\" src=\"https:\/\/www.turismehostalric.cat\/wp-content\/uploads\/2024\/04\/Castell-Hostalric_Historia_5-e1714426468177-1024x621.jpg\" alt=\"\" width=\"1024\" height=\"621\" srcset=\"https:\/\/www.turismehostalric.cat\/wp-content\/uploads\/2024\/04\/Castell-Hostalric_Historia_5-e1714426468177-1024x621.jpg 1024w, https:\/\/www.turismehostalric.cat\/wp-content\/uploads\/2024\/04\/Castell-Hostalric_Historia_5-e1714426468177-300x182.jpg 300w, https:\/\/www.turismehostalric.cat\/wp-content\/uploads\/2024\/04\/Castell-Hostalric_Historia_5-e1714426468177-768x466.jpg 768w, https:\/\/www.turismehostalric.cat\/wp-content\/uploads\/2024\/04\/Castell-Hostalric_Historia_5-e1714426468177.jpg 1500w\" sizes=\"(max-width: 1024px) 100vw, 1024px\" \/><\/p>\t\t\t\t\t\t\t\t<\/div>\n\t\t\t\t<\/div>\n\t\t\t\t<div class=\"elementor-element elementor-element-cc96422 elementor-widget__width-initial elementor-widget elementor-widget-text-editor\" data-id=\"cc96422\" data-element_type=\"widget\" data-widget_type=\"text-editor.default\">\n\t\t\t\t<div class=\"elementor-widget-container\">\n\t\t\t\t\t\t\t\t\t<p><strong>La seva\u00a0<a href=\"https:\/\/www.turismehostalric.cat\/punts-interes\/galeria-a-prova-de-bomba\/\">galeria a prova de bomba<\/a>\u00a0\u00e9s considerada com un dels espais m\u00e9s espectaculars del castell i un del m\u00e9s singulars de Catalunya.<\/strong><\/p>\t\t\t\t\t\t\t\t<\/div>\n\t\t\t\t<\/div>\n\t\t\t\t<div class=\"elementor-element elementor-element-e035510 elementor-widget elementor-widget-video\" data-id=\"e035510\" data-element_type=\"widget\" data-settings=\"{&quot;youtube_url&quot;:&quot;https:\\\/\\\/www.youtube.com\\\/embed\\\/bFZTyi1WOEc&quot;,&quot;video_type&quot;:&quot;youtube&quot;,&quot;controls&quot;:&quot;yes&quot;}\" data-widget_type=\"video.default\">\n\t\t\t\t<div class=\"elementor-widget-container\">\n\t\t\t\t\t\t\t<div class=\"elementor-wrapper elementor-open-inline\">\n\t\t\t<div class=\"elementor-video\"><\/div>\t\t<\/div>\n\t\t\t\t\t\t<\/div>\n\t\t\t\t<\/div>\n\t\t\t\t<div class=\"elementor-element elementor-element-f92438f elementor-widget elementor-widget-text-editor\" data-id=\"f92438f\" data-element_type=\"widget\" data-widget_type=\"text-editor.default\">\n\t\t\t\t<div class=\"elementor-widget-container\">\n\t\t\t\t\t\t\t\t\t<p>Amb notable rellev\u00e0ncia hist\u00f2rica durant la Guerra del Franc\u00e8s, fou una de les \u00faltimes places que abandonaren els francesos a l\u2019estat espanyol.<\/p><p>Convertit en pla\u00e7a forta militar fins el 1929, a partir d\u2019aquest any va caure en un progressiu deteriorament a causa del seu abandonament. Durant la Guerra Civil serv\u00ed com a magatzem de munici\u00f3 i despr\u00e9s de la guerra de refugi i habitatge de molts passants.<\/p><p><img loading=\"lazy\" decoding=\"async\" class=\"aligncenter wp-image-1420 size-full\" src=\"https:\/\/www.turismehostalric.cat\/wp-content\/uploads\/2024\/04\/Castell-Hostalric_Historia_2-e1714426221280.jpg\" alt=\"\" width=\"1125\" height=\"1172\" srcset=\"https:\/\/www.turismehostalric.cat\/wp-content\/uploads\/2024\/04\/Castell-Hostalric_Historia_2-e1714426221280.jpg 1125w, https:\/\/www.turismehostalric.cat\/wp-content\/uploads\/2024\/04\/Castell-Hostalric_Historia_2-e1714426221280-288x300.jpg 288w, https:\/\/www.turismehostalric.cat\/wp-content\/uploads\/2024\/04\/Castell-Hostalric_Historia_2-e1714426221280-983x1024.jpg 983w, https:\/\/www.turismehostalric.cat\/wp-content\/uploads\/2024\/04\/Castell-Hostalric_Historia_2-e1714426221280-768x800.jpg 768w\" sizes=\"(max-width: 1125px) 100vw, 1125px\" \/><\/p><p>El 1949 l&#8217;estat espanyol va vendre la fortalesa a l&#8217;Ajuntament d&#8217;Hostalric per 18.500 pessestes.\u00a0El 1963 el castell i les muralles van ser declarats B\u00e9 Cultural d\u2019Inter\u00e8s Nacional. El 1967 es signa la concessi\u00f3 del castell per ubicar-hi un resturant a la part del cavaller, mentre que la resta del conjunt queda completament tapada per la vegetaci\u00f3 fins que l&#8217;any 2003 l&#8217;Ajuntament recupera la gesti\u00f3 d&#8217;aquesta part i es comencen les obres de restauraci\u00f3 i desbrossament del conjunt monumental del castell.<\/p><p><img loading=\"lazy\" decoding=\"async\" class=\"aligncenter size-large wp-image-1416\" src=\"https:\/\/www.turismehostalric.cat\/wp-content\/uploads\/2024\/04\/Castell-Hostalric_Historia_1-1024x628.jpg\" alt=\"\" width=\"1024\" height=\"628\" srcset=\"https:\/\/www.turismehostalric.cat\/wp-content\/uploads\/2024\/04\/Castell-Hostalric_Historia_1-1024x628.jpg 1024w, https:\/\/www.turismehostalric.cat\/wp-content\/uploads\/2024\/04\/Castell-Hostalric_Historia_1-300x184.jpg 300w, https:\/\/www.turismehostalric.cat\/wp-content\/uploads\/2024\/04\/Castell-Hostalric_Historia_1-768x471.jpg 768w, https:\/\/www.turismehostalric.cat\/wp-content\/uploads\/2024\/04\/Castell-Hostalric_Historia_1-1536x941.jpg 1536w, https:\/\/www.turismehostalric.cat\/wp-content\/uploads\/2024\/04\/Castell-Hostalric_Historia_1.jpg 1638w\" sizes=\"(max-width: 1024px) 100vw, 1024px\" \/><\/p><p>L\u2019any 2009 es va aprovar el Pla Director del Castell i es va proposar un pla d\u2019actuacions per mantenir, conservar i rehabilitar el monument.<strong>\u00a0Al 2015 s\u2019inaugurava el\u00a0<a href=\"https:\/\/www.turismehostalric.cat\/punts-interes\/cos-de-guardia\/\">Centre d\u2019Interpretaci\u00f3 del Castell<\/a><\/strong>\u00a0i el 2016 finalitzava la concessi\u00f3 a mans privades que s\u2019havia fet 50 anys enrere, quedant en des\u00fas el restaurant.\u00a0Durant el 2018 es va redactar el Pla Estrat\u00e8gic del Castell d\u2019Hostalric, que pret\u00e9n definir els usos de tots els espais del castell durant els propers anys i convertir-lo en un referent en temes d\u2019interpretaci\u00f3 del patrimoni d\u2019\u00e8poca moderna.<\/p>\t\t\t\t\t\t\t\t<\/div>\n\t\t\t\t<\/div>\n\t\t\t\t\t<\/div>\n\t\t\t\t<\/div>\n\t\t\t\t<\/div>\n\t\t","protected":false},"excerpt":{"rendered":"<p>Situat sobre un antic volc\u00e0, l\u2019antic castell medieval dels vescomtes de Cabrera\u00a0mantenia el control sobre el cam\u00ed Ral, a mitja dist\u00e0ncia entre Girona i Barcelona. A partir del segle XVII aquest es comen\u00e7\u00e0 a transformar per adaptar-se als nous temps i a les noves estrat\u00e8gies de defensa de l\u2019\u00e8poca moderna. \u00c9s per aix\u00f2, que tot i que\u00a0actualment ens trobem amb una fortalesa, popularment es coneix com el\u00a0Castell d\u2019Hostalric. Durant la\u00a0Guerra dels Segadors\u00a0es va comen\u00e7ar a modernitzar les fortificacions de la vila i es van portar a terme les primeres obres de campanya, amb terraplens de terra i feixines\u00a0que protegien el castell i les muralles medievals. Les primeres obres de fortificaci\u00f3 permanents van tenir lloc durant el 1712, a conseq\u00fc\u00e8ncia de la Guerra de Successi\u00f3. El disseny original de la fortificaci\u00f3 moderna d\u2019Hostalric va ser obra de Francisco de Santa Cruz, enginyer militar al servei de l\u2019arxiduc Carles. Tot i el seu lliurament a les tropes de Felip V l\u2019any 1713, durant el segle XVIII s\u2019hi van fer importants obres de reforma, convertint aquesta pla\u00e7a en la fortalesa militar que ha arribat fins els nostres dies. Les principals obres per a deixar en condicions d\u2019\u00fas la fortificaci\u00f3 van ser entre 1794 i 1795, en el transcurs de la Guerra Gran. Una de les caracter\u00edstiques de la fortificaci\u00f3 d\u2019Hostalric \u00e9s que es troba constru\u00efda sobre terreny irregular, i aix\u00f2 es reflecteix en la seva peculiar forma. Els plantejaments i sistemes de construcci\u00f3 en fortificacions ubicades en lloc f\u00e0cils i planers eren simples i repetitius. En canvi a Hostalric, donada la configuraci\u00f3 del terreny afegit a les possibilitats econ\u00f2miques del moment, a la per\u00edcia de l\u2019enginyer i l\u2019habilitat dels professionals constructors i mestres d\u2019obra donava espai a una extensa varietat de solucions. La seva\u00a0galeria a prova de bomba\u00a0\u00e9s considerada com un dels espais m\u00e9s espectaculars del castell i un del m\u00e9s singulars de Catalunya. https:\/\/www.youtube.com\/embed\/bFZTyi1WOEc Amb notable rellev\u00e0ncia hist\u00f2rica durant la Guerra del Franc\u00e8s, fou una de les \u00faltimes places que abandonaren els francesos a l\u2019estat espanyol. Convertit en pla\u00e7a forta militar fins el 1929, a partir d\u2019aquest any va caure en un progressiu deteriorament a causa del seu abandonament. Durant la Guerra Civil serv\u00ed com a magatzem de munici\u00f3 i despr\u00e9s de la guerra de refugi i habitatge de molts passants. El 1949 l&#8217;estat espanyol va vendre la fortalesa a l&#8217;Ajuntament d&#8217;Hostalric per 18.500 pessestes.\u00a0El 1963 el castell i les muralles van ser declarats B\u00e9 Cultural d\u2019Inter\u00e8s Nacional. El 1967 es signa la concessi\u00f3 del castell per ubicar-hi un resturant a la part del cavaller, mentre que la resta del conjunt queda completament tapada per la vegetaci\u00f3 fins que l&#8217;any 2003 l&#8217;Ajuntament recupera la gesti\u00f3 d&#8217;aquesta part i es comencen les obres de restauraci\u00f3 i desbrossament del conjunt monumental del castell. L\u2019any 2009 es va aprovar el Pla Director del Castell i es va proposar un pla d\u2019actuacions per mantenir, conservar i rehabilitar el monument.\u00a0Al 2015 s\u2019inaugurava el\u00a0Centre d\u2019Interpretaci\u00f3 del Castell\u00a0i el 2016 finalitzava la concessi\u00f3 a mans privades que s\u2019havia fet 50 anys enrere, quedant en des\u00fas el restaurant.\u00a0Durant el 2018 es va redactar el Pla Estrat\u00e8gic del Castell d\u2019Hostalric, que pret\u00e9n definir els usos de tots els espais del castell durant els propers anys i convertir-lo en un referent en temes d\u2019interpretaci\u00f3 del patrimoni d\u2019\u00e8poca moderna.<\/p>\n","protected":false},"author":1,"featured_media":1424,"parent":532,"menu_order":13,"comment_status":"closed","ping_status":"closed","template":"","meta":{"_acf_changed":false,"footnotes":""},"class_list":["post-469","page","type-page","status-publish","has-post-thumbnail"],"acf":[],"_links":{"self":[{"href":"https:\/\/www.turismehostalric.cat\/ca\/wp-json\/wp\/v2\/pages\/469","targetHints":{"allow":["GET"]}}],"collection":[{"href":"https:\/\/www.turismehostalric.cat\/ca\/wp-json\/wp\/v2\/pages"}],"about":[{"href":"https:\/\/www.turismehostalric.cat\/ca\/wp-json\/wp\/v2\/types\/page"}],"author":[{"embeddable":true,"href":"https:\/\/www.turismehostalric.cat\/ca\/wp-json\/wp\/v2\/users\/1"}],"replies":[{"embeddable":true,"href":"https:\/\/www.turismehostalric.cat\/ca\/wp-json\/wp\/v2\/comments?post=469"}],"version-history":[{"count":0,"href":"https:\/\/www.turismehostalric.cat\/ca\/wp-json\/wp\/v2\/pages\/469\/revisions"}],"up":[{"embeddable":true,"href":"https:\/\/www.turismehostalric.cat\/ca\/wp-json\/wp\/v2\/pages\/532"}],"wp:featuredmedia":[{"embeddable":true,"href":"https:\/\/www.turismehostalric.cat\/ca\/wp-json\/wp\/v2\/media\/1424"}],"wp:attachment":[{"href":"https:\/\/www.turismehostalric.cat\/ca\/wp-json\/wp\/v2\/media?parent=469"}],"curies":[{"name":"wp","href":"https:\/\/api.w.org\/{rel}","templated":true}]}}