{"id":457,"date":"2024-03-20T09:48:20","date_gmt":"2024-03-20T08:48:20","guid":{"rendered":"https:\/\/w.turismehostalric.cat\/?page_id=457"},"modified":"2025-04-08T12:04:48","modified_gmt":"2025-04-08T10:04:48","slug":"gastronomia","status":"publish","type":"page","link":"https:\/\/www.turismehostalric.cat\/ca\/hostalric\/gastronomia\/","title":{"rendered":"Gastronomia"},"content":{"rendered":"\t\t<div data-elementor-type=\"wp-page\" data-elementor-id=\"457\" class=\"elementor elementor-457\" data-elementor-post-type=\"page\">\n\t\t\t\t<div class=\"elementor-element elementor-element-061d282 e-flex e-con-boxed wpr-particle-no wpr-jarallax-no wpr-parallax-no wpr-sticky-section-no wpr-equal-height-no e-con e-parent\" data-id=\"061d282\" data-element_type=\"container\">\n\t\t\t\t\t<div class=\"e-con-inner\">\n\t\t\t\t<div class=\"elementor-element elementor-element-c2225c2 elementor-widget elementor-widget-video\" data-id=\"c2225c2\" data-element_type=\"widget\" data-settings=\"{&quot;youtube_url&quot;:&quot;https:\\\/\\\/www.youtube.com\\\/watch?v=XdyxPEHbzr0&quot;,&quot;video_type&quot;:&quot;youtube&quot;,&quot;controls&quot;:&quot;yes&quot;}\" data-widget_type=\"video.default\">\n\t\t\t\t<div class=\"elementor-widget-container\">\n\t\t\t\t\t\t\t<div class=\"elementor-wrapper elementor-open-inline\">\n\t\t\t<div class=\"elementor-video\"><\/div>\t\t<\/div>\n\t\t\t\t\t\t<\/div>\n\t\t\t\t<\/div>\n\t\t\t\t\t<\/div>\n\t\t\t\t<\/div>\n\t\t<div class=\"elementor-element elementor-element-1c01fe36 e-flex e-con-boxed wpr-particle-no wpr-jarallax-no wpr-parallax-no wpr-sticky-section-no wpr-equal-height-no e-con e-parent\" data-id=\"1c01fe36\" data-element_type=\"container\">\n\t\t\t\t\t<div class=\"e-con-inner\">\n\t\t\t\t<div class=\"elementor-element elementor-element-a4ccca6 elementor-widget__width-initial elementor-widget-mobile__width-initial elementor-widget elementor-widget-image\" data-id=\"a4ccca6\" data-element_type=\"widget\" data-widget_type=\"image.default\">\n\t\t\t\t<div class=\"elementor-widget-container\">\n\t\t\t\t\t\t\t\t\t\t\t\t\t\t\t<img fetchpriority=\"high\" decoding=\"async\" width=\"500\" height=\"333\" src=\"https:\/\/www.turismehostalric.cat\/wp-content\/uploads\/2024\/03\/gastronomia.png\" class=\"attachment-large size-large wp-image-458\" alt=\"\" srcset=\"https:\/\/www.turismehostalric.cat\/wp-content\/uploads\/2024\/03\/gastronomia.png 500w, https:\/\/www.turismehostalric.cat\/wp-content\/uploads\/2024\/03\/gastronomia-300x200.png 300w\" sizes=\"(max-width: 500px) 100vw, 500px\" \/>\t\t\t\t\t\t\t\t\t\t\t\t\t\t\t<\/div>\n\t\t\t\t<\/div>\n\t\t\t\t<div class=\"elementor-element elementor-element-2ae96b27 elementor-widget elementor-widget-text-editor\" data-id=\"2ae96b27\" data-element_type=\"widget\" data-widget_type=\"text-editor.default\">\n\t\t\t\t<div class=\"elementor-widget-container\">\n\t\t\t\t\t\t\t\t\t<p>Hostalric destaca pels seus embotits i dol\u00e7os artesans. A les carnisseries, fleques i pastisseries del poble s\u2019hi poden trobar embotits fets a la manera tradicional seguint la tradici\u00f3 familiar a carnisseries amb anys d\u2019hist\u00f2ria i dol\u00e7os i postres artesanals d\u2019elaboraci\u00f3 pr\u00f2pia. Alguns d\u2019aquests productes s\u2019agrupen amb el nom \u201c<a href=\"https:\/\/www.turismehostalric.cat\/wp-content\/uploads\/2024\/04\/Hostalric-producte-Ric.pdf\">Hostalric, producte Ric<\/a>\u201c que engloba aquells productes que s\u00f3n fets a la vila o en s\u00f3n representatius. Aquesta diversitat de productes de proximitat tamb\u00e9 la podeu trobar en els comer\u00e7os i restaurants d\u2019Hostalric.<\/p><p>Pel que fa a la restauraci\u00f3, tenim la sort de comptar, tot i ser un poble petit, amb una oferta variada i singular, que va des dels plats m\u00e9s tradicionals, a la cuina m\u00e9s d\u2019avantguarda passant per l\u2019especialitzaci\u00f3 en productes del mar o el menjar r\u00e0pid de qualitat.<span style=\"letter-spacing: -0.4px;\">\u00a0<\/span><\/p><p>A aquesta oferta gastron\u00f2mica s\u2019hi afegeix a esdeveniments com la\u00a0Fira Medieval\u00a0o la\u00a0Fira de Sant Miquel, on el menjar hi t\u00e9 un paper destacat.<\/p>\t\t\t\t\t\t\t\t<\/div>\n\t\t\t\t<\/div>\n\t\t\t\t\t<\/div>\n\t\t\t\t<\/div>\n\t\t\t\t<\/div>\n\t\t","protected":false},"excerpt":{"rendered":"<p>Hostalric destaca pels seus embotits i dol\u00e7os artesans. A les carnisseries, fleques i pastisseries del poble s\u2019hi poden trobar embotits fets a la manera tradicional seguint la tradici\u00f3 familiar a carnisseries amb anys d\u2019hist\u00f2ria i dol\u00e7os i postres artesanals d\u2019elaboraci\u00f3 pr\u00f2pia. Alguns d\u2019aquests productes s\u2019agrupen amb el nom \u201cHostalric, producte Ric\u201c que engloba aquells productes que s\u00f3n fets a la vila o en s\u00f3n representatius. Aquesta diversitat de productes de proximitat tamb\u00e9 la podeu trobar en els comer\u00e7os i restaurants d\u2019Hostalric. Pel que fa a la restauraci\u00f3, tenim la sort de comptar, tot i ser un poble petit, amb una oferta variada i singular, que va des dels plats m\u00e9s tradicionals, a la cuina m\u00e9s d\u2019avantguarda passant per l\u2019especialitzaci\u00f3 en productes del mar o el menjar r\u00e0pid de qualitat.\u00a0 A aquesta oferta gastron\u00f2mica s\u2019hi afegeix a esdeveniments com la\u00a0Fira Medieval\u00a0o la\u00a0Fira de Sant Miquel, on el menjar hi t\u00e9 un paper destacat.<\/p>\n","protected":false},"author":1,"featured_media":458,"parent":527,"menu_order":10,"comment_status":"closed","ping_status":"closed","template":"","meta":{"_acf_changed":false,"footnotes":""},"class_list":["post-457","page","type-page","status-publish","has-post-thumbnail"],"acf":[],"_links":{"self":[{"href":"https:\/\/www.turismehostalric.cat\/ca\/wp-json\/wp\/v2\/pages\/457","targetHints":{"allow":["GET"]}}],"collection":[{"href":"https:\/\/www.turismehostalric.cat\/ca\/wp-json\/wp\/v2\/pages"}],"about":[{"href":"https:\/\/www.turismehostalric.cat\/ca\/wp-json\/wp\/v2\/types\/page"}],"author":[{"embeddable":true,"href":"https:\/\/www.turismehostalric.cat\/ca\/wp-json\/wp\/v2\/users\/1"}],"replies":[{"embeddable":true,"href":"https:\/\/www.turismehostalric.cat\/ca\/wp-json\/wp\/v2\/comments?post=457"}],"version-history":[{"count":9,"href":"https:\/\/www.turismehostalric.cat\/ca\/wp-json\/wp\/v2\/pages\/457\/revisions"}],"predecessor-version":[{"id":5166,"href":"https:\/\/www.turismehostalric.cat\/ca\/wp-json\/wp\/v2\/pages\/457\/revisions\/5166"}],"up":[{"embeddable":true,"href":"https:\/\/www.turismehostalric.cat\/ca\/wp-json\/wp\/v2\/pages\/527"}],"wp:featuredmedia":[{"embeddable":true,"href":"https:\/\/www.turismehostalric.cat\/ca\/wp-json\/wp\/v2\/media\/458"}],"wp:attachment":[{"href":"https:\/\/www.turismehostalric.cat\/ca\/wp-json\/wp\/v2\/media?parent=457"}],"curies":[{"name":"wp","href":"https:\/\/api.w.org\/{rel}","templated":true}]}}