{"id":450,"date":"2024-03-20T09:18:20","date_gmt":"2024-03-20T08:18:20","guid":{"rendered":"https:\/\/w.turismehostalric.cat\/?page_id=450"},"modified":"2024-09-20T15:17:47","modified_gmt":"2024-09-20T13:17:47","slug":"patrimoni","status":"publish","type":"page","link":"https:\/\/www.turismehostalric.cat\/ca\/hostalric\/patrimoni\/","title":{"rendered":"Patrimoni"},"content":{"rendered":"\t\t<div data-elementor-type=\"wp-page\" data-elementor-id=\"450\" class=\"elementor elementor-450\" data-elementor-post-type=\"page\">\n\t\t\t\t<div class=\"elementor-element elementor-element-48ea43b4 e-flex e-con-boxed wpr-particle-no wpr-jarallax-no wpr-parallax-no wpr-sticky-section-no wpr-equal-height-no e-con e-parent\" data-id=\"48ea43b4\" data-element_type=\"container\">\n\t\t\t\t\t<div class=\"e-con-inner\">\n\t\t\t\t<div class=\"elementor-element elementor-element-1bdc119 elementor-widget elementor-widget-video\" data-id=\"1bdc119\" data-element_type=\"widget\" data-settings=\"{&quot;youtube_url&quot;:&quot;https:\\\/\\\/www.youtube.com\\\/watch?v=Rv-hUup4dnI&quot;,&quot;yt_privacy&quot;:&quot;yes&quot;,&quot;video_type&quot;:&quot;youtube&quot;,&quot;controls&quot;:&quot;yes&quot;}\" data-widget_type=\"video.default\">\n\t\t\t\t<div class=\"elementor-widget-container\">\n\t\t\t\t\t\t\t<div class=\"elementor-wrapper elementor-open-inline\">\n\t\t\t<div class=\"elementor-video\"><\/div>\t\t<\/div>\n\t\t\t\t\t\t<\/div>\n\t\t\t\t<\/div>\n\t\t\t\t<div class=\"elementor-element elementor-element-17c2e1dc elementor-widget elementor-widget-text-editor\" data-id=\"17c2e1dc\" data-element_type=\"widget\" data-widget_type=\"text-editor.default\">\n\t\t\t\t<div class=\"elementor-widget-container\">\n\t\t\t\t\t\t\t\t\t<p><strong>Declarada B\u00e9 Cultural d\u2019Inter\u00e8s Nacional (1963),<\/strong>\u00a0la vila d\u2019Hostalric conserva un dels llegats monumentals m\u00e9s notables de l\u2019\u00e8poca medieval catalana i est\u00e0 protegida per l\u2019imponent fortalesa militar d\u2019\u00e8poca moderna.<\/p><p>Situat sobre un antic volc\u00e0, l\u2019antic castell medieval dels vescomtes de Cabrera mantenia el control sobre el\u00a0<strong>cam\u00ed Ral<\/strong>, a mitja dist\u00e0ncia entre Girona i Barcelona. A partir del segle XVII aquest es comen\u00e7\u00e0 a transformar per adaptar-se als nous temps i a les noves estrat\u00e8gies de defensa de l\u2019\u00e8poca moderna. \u00c9s per aix\u00f2, que tot i que actualment ens trobem amb una fortalesa, popularment es coneix com el\u00a0<strong>Castell d\u2019Hostalric<\/strong>.<\/p><p>La fortalesa constitueix el principal element identificatiu de la vila i, avui dia, \u00e9s un dels m\u00e0xims exponents culturals del segle XVIII i un dels escassos testimonis monumentals originats arrel de la Guerra de Successi\u00f3.<\/p><p>Amb notable rellev\u00e0ncia hist\u00f2rica durant la\u00a0<strong>Guerra del Franc\u00e8s<\/strong>, fou una de les \u00faltimes places que abandonaren els francesos a l\u2019estat espanyol.<\/p><p>El castell d\u2019Hostalric, \u00e9s una\u00a0<strong>fortalesa militar<\/strong>\u00a0constru\u00efda sobre un terreny irregular amb els t\u00edpics elements defensius de l\u2019\u00e8poca. La seva\u00a0<a href=\"https:\/\/www.turismehostalric.cat\/punts-interes\/galeria-a-prova-de-bomba\/\"><strong>galeria a prova de bomba<\/strong><\/a>\u00a0\u00e9s considerada com un dels espais m\u00e9s espectaculars del castell i un del m\u00e9s singulars de Catalunya.\u00a0La part m\u00e9s alta ocupa el lloc de l\u2019antic castell medieval dels Cabrera i, actualment, es destina a la celebraci\u00f3 d\u2019esdeveniments amb possibilitat de llogar aquests espais.\u00a0<\/p><p>A trav\u00e9s del\u00a0<a href=\"https:\/\/www.turismehostalric.cat\/punts-interes\/cos-de-guardia\/\"><strong>Centre d\u2019Interpretaci\u00f3<\/strong><\/a>\u00a0\u00e9s possible fer una viatge en el temps per con\u00e8ixer les funcions i transformacions que aquest monument ha viscut al llarg de la hist\u00f2ria.\u00a0<\/p><p>Tot i la reconstrucci\u00f3 del castell, l\u2019edat mitjana continua present a la vila d\u2019Hostalric. El\u00a0<strong>recinte medieval<\/strong>\u00a0ofereix racons plens d\u2019hist\u00f2ria i singularitat. L\u2019espectacular\u00a0<a href=\"https:\/\/www.turismehostalric.cat\/punts-interes\/muralles-medievals\/\"><strong>muralla<\/strong><\/a>\u00a0s\u2019allarga fins a<strong>\u00a0600 metres<\/strong>\u00a0i en el seu recorregut s\u2019hi poden trobar\u00a0<strong>deu torres<\/strong>\u00a0excepcionalment ben conservades. Passejar pel\u00a0<strong>cam\u00ed de ronda de la muralla<\/strong>\u00a0us pot transportar a l\u2019esplendor\u00f3s passat medieval d\u2019Hostalric, i pujar al\u00a0<strong>mirador<\/strong>\u00a0de la\u00a0<a href=\"https:\/\/www.turismehostalric.cat\/punts-interes\/torre-dels-frares\/\"><strong>torre dels Frares<\/strong><\/a>\u00a0promet recompensar amb una de les vistes m\u00e9s espectaculars de tota la vila.<\/p><p>El color negr\u00f3s de la<strong>\u00a0pedra bas\u00e0ltica<\/strong>\u00a0amb la qual es va construir la muralla, les torres i el castell li atorga a la vila una personalitat \u00fanica i una singularitat extraordin\u00e0ria.<\/p><p>Per la Rita, amfitriona local d&#8217;Hostalric, visitar Hostalric \u00e9s fer un passeig per la hist\u00f2ria. Visita&#8217;ns i comprova-ho in situ!<\/p>\t\t\t\t\t\t\t\t<\/div>\n\t\t\t\t<\/div>\n\t\t\t\t\t<\/div>\n\t\t\t\t<\/div>\n\t\t<div class=\"elementor-element elementor-element-0db65b8 e-flex e-con-boxed wpr-particle-no wpr-jarallax-no wpr-parallax-no wpr-sticky-section-no wpr-equal-height-no e-con e-parent\" data-id=\"0db65b8\" data-element_type=\"container\">\n\t\t\t\t\t<div class=\"e-con-inner\">\n\t\t\t\t<div class=\"elementor-element elementor-element-31c19c6 elementor-widget elementor-widget-gallery\" data-id=\"31c19c6\" data-element_type=\"widget\" data-settings=\"{&quot;gallery_layout&quot;:&quot;masonry&quot;,&quot;columns&quot;:3,&quot;gap&quot;:{&quot;unit&quot;:&quot;px&quot;,&quot;size&quot;:15,&quot;sizes&quot;:[]},&quot;lazyload&quot;:&quot;yes&quot;,&quot;columns_tablet&quot;:2,&quot;columns_mobile&quot;:1,&quot;gap_tablet&quot;:{&quot;unit&quot;:&quot;px&quot;,&quot;size&quot;:10,&quot;sizes&quot;:[]},&quot;gap_mobile&quot;:{&quot;unit&quot;:&quot;px&quot;,&quot;size&quot;:10,&quot;sizes&quot;:[]},&quot;link_to&quot;:&quot;file&quot;,&quot;overlay_background&quot;:&quot;yes&quot;,&quot;content_hover_animation&quot;:&quot;fade-in&quot;}\" data-widget_type=\"gallery.default\">\n\t\t\t\t<div class=\"elementor-widget-container\">\n\t\t\t\t\t\t\t<div class=\"elementor-gallery__container\">\n\t\t\t\t\t\t\t<a class=\"e-gallery-item elementor-gallery-item elementor-animated-content\" href=\"https:\/\/www.turismehostalric.cat\/wp-content\/uploads\/2024\/03\/ac143-hostalric-monumental-sld5.jpeg\" data-elementor-open-lightbox=\"yes\" data-elementor-lightbox-slideshow=\"31c19c6\" data-elementor-lightbox-title=\"ac143-hostalric-monumental-sld5\" data-e-action-hash=\"#elementor-action%3Aaction%3Dlightbox%26settings%3DeyJpZCI6NjMxLCJ1cmwiOiJodHRwczpcL1wvd3d3LnR1cmlzbWVob3N0YWxyaWMuY2F0XC93cC1jb250ZW50XC91cGxvYWRzXC8yMDI0XC8wM1wvYWMxNDMtaG9zdGFscmljLW1vbnVtZW50YWwtc2xkNS5qcGVnIiwic2xpZGVzaG93IjoiMzFjMTljNiJ9\">\n\t\t\t\t\t<div class=\"e-gallery-image elementor-gallery-item__image\" data-thumbnail=\"https:\/\/www.turismehostalric.cat\/wp-content\/uploads\/2024\/03\/ac143-hostalric-monumental-sld5.jpeg\" data-width=\"670\" data-height=\"446\" aria-label=\"\" role=\"img\" ><\/div>\n\t\t\t\t\t\t\t\t\t\t\t<div class=\"elementor-gallery-item__overlay\"><\/div>\n\t\t\t\t\t\t\t\t\t\t\t\t\t\t<\/a>\n\t\t\t\t\t\t\t<a class=\"e-gallery-item elementor-gallery-item elementor-animated-content\" href=\"https:\/\/www.turismehostalric.cat\/wp-content\/uploads\/2024\/03\/03711-hostalric-monumental-sld3.jpeg\" data-elementor-open-lightbox=\"yes\" data-elementor-lightbox-slideshow=\"31c19c6\" data-elementor-lightbox-title=\"03711-hostalric-monumental-sld3\" data-e-action-hash=\"#elementor-action%3Aaction%3Dlightbox%26settings%3DeyJpZCI6NjI3LCJ1cmwiOiJodHRwczpcL1wvd3d3LnR1cmlzbWVob3N0YWxyaWMuY2F0XC93cC1jb250ZW50XC91cGxvYWRzXC8yMDI0XC8wM1wvMDM3MTEtaG9zdGFscmljLW1vbnVtZW50YWwtc2xkMy5qcGVnIiwic2xpZGVzaG93IjoiMzFjMTljNiJ9\">\n\t\t\t\t\t<div class=\"e-gallery-image elementor-gallery-item__image\" data-thumbnail=\"https:\/\/www.turismehostalric.cat\/wp-content\/uploads\/2024\/03\/03711-hostalric-monumental-sld3.jpeg\" data-width=\"670\" data-height=\"446\" aria-label=\"\" role=\"img\" ><\/div>\n\t\t\t\t\t\t\t\t\t\t\t<div class=\"elementor-gallery-item__overlay\"><\/div>\n\t\t\t\t\t\t\t\t\t\t\t\t\t\t<\/a>\n\t\t\t\t\t\t\t<a class=\"e-gallery-item elementor-gallery-item elementor-animated-content\" href=\"https:\/\/www.turismehostalric.cat\/wp-content\/uploads\/2024\/03\/ee6be-Castell_webturisme.png\" data-elementor-open-lightbox=\"yes\" data-elementor-lightbox-slideshow=\"31c19c6\" data-elementor-lightbox-title=\"ee6be-Castell_webturisme\" data-e-action-hash=\"#elementor-action%3Aaction%3Dlightbox%26settings%3DeyJpZCI6NjU1LCJ1cmwiOiJodHRwczpcL1wvd3d3LnR1cmlzbWVob3N0YWxyaWMuY2F0XC93cC1jb250ZW50XC91cGxvYWRzXC8yMDI0XC8wM1wvZWU2YmUtQ2FzdGVsbF93ZWJ0dXJpc21lLnBuZyIsInNsaWRlc2hvdyI6IjMxYzE5YzYifQ%3D%3D\">\n\t\t\t\t\t<div class=\"e-gallery-image elementor-gallery-item__image\" data-thumbnail=\"https:\/\/www.turismehostalric.cat\/wp-content\/uploads\/2024\/03\/ee6be-Castell_webturisme.png\" data-width=\"500\" data-height=\"333\" aria-label=\"\" role=\"img\" ><\/div>\n\t\t\t\t\t\t\t\t\t\t\t<div class=\"elementor-gallery-item__overlay\"><\/div>\n\t\t\t\t\t\t\t\t\t\t\t\t\t\t<\/a>\n\t\t\t\t\t\t\t<a class=\"e-gallery-item elementor-gallery-item elementor-animated-content\" href=\"https:\/\/www.turismehostalric.cat\/wp-content\/uploads\/2024\/03\/d6551-hostalric-monumental-sld6.jpeg\" data-elementor-open-lightbox=\"yes\" data-elementor-lightbox-slideshow=\"31c19c6\" data-elementor-lightbox-title=\"d6551-hostalric-monumental-sld6\" data-e-action-hash=\"#elementor-action%3Aaction%3Dlightbox%26settings%3DeyJpZCI6NjQ3LCJ1cmwiOiJodHRwczpcL1wvd3d3LnR1cmlzbWVob3N0YWxyaWMuY2F0XC93cC1jb250ZW50XC91cGxvYWRzXC8yMDI0XC8wM1wvZDY1NTEtaG9zdGFscmljLW1vbnVtZW50YWwtc2xkNi5qcGVnIiwic2xpZGVzaG93IjoiMzFjMTljNiJ9\">\n\t\t\t\t\t<div class=\"e-gallery-image elementor-gallery-item__image\" data-thumbnail=\"https:\/\/www.turismehostalric.cat\/wp-content\/uploads\/2024\/03\/d6551-hostalric-monumental-sld6.jpeg\" data-width=\"670\" data-height=\"446\" aria-label=\"\" role=\"img\" ><\/div>\n\t\t\t\t\t\t\t\t\t\t\t<div class=\"elementor-gallery-item__overlay\"><\/div>\n\t\t\t\t\t\t\t\t\t\t\t\t\t\t<\/a>\n\t\t\t\t\t\t\t<a class=\"e-gallery-item elementor-gallery-item elementor-animated-content\" href=\"https:\/\/www.turismehostalric.cat\/wp-content\/uploads\/2024\/03\/bfbcf-hostalric-monumental-sld7.jpeg\" data-elementor-open-lightbox=\"yes\" data-elementor-lightbox-slideshow=\"31c19c6\" data-elementor-lightbox-title=\"bfbcf-hostalric-monumental-sld7\" data-e-action-hash=\"#elementor-action%3Aaction%3Dlightbox%26settings%3DeyJpZCI6NjM5LCJ1cmwiOiJodHRwczpcL1wvd3d3LnR1cmlzbWVob3N0YWxyaWMuY2F0XC93cC1jb250ZW50XC91cGxvYWRzXC8yMDI0XC8wM1wvYmZiY2YtaG9zdGFscmljLW1vbnVtZW50YWwtc2xkNy5qcGVnIiwic2xpZGVzaG93IjoiMzFjMTljNiJ9\">\n\t\t\t\t\t<div class=\"e-gallery-image elementor-gallery-item__image\" data-thumbnail=\"https:\/\/www.turismehostalric.cat\/wp-content\/uploads\/2024\/03\/bfbcf-hostalric-monumental-sld7.jpeg\" data-width=\"670\" data-height=\"446\" aria-label=\"\" role=\"img\" ><\/div>\n\t\t\t\t\t\t\t\t\t\t\t<div class=\"elementor-gallery-item__overlay\"><\/div>\n\t\t\t\t\t\t\t\t\t\t\t\t\t\t<\/a>\n\t\t\t\t\t\t\t<a class=\"e-gallery-item elementor-gallery-item elementor-animated-content\" href=\"https:\/\/www.turismehostalric.cat\/wp-content\/uploads\/2024\/03\/d3c1e-hostalric-monumental-sld4.jpeg\" data-elementor-open-lightbox=\"yes\" data-elementor-lightbox-slideshow=\"31c19c6\" data-elementor-lightbox-title=\"d3c1e-hostalric-monumental-sld4\" data-e-action-hash=\"#elementor-action%3Aaction%3Dlightbox%26settings%3DeyJpZCI6NjQzLCJ1cmwiOiJodHRwczpcL1wvd3d3LnR1cmlzbWVob3N0YWxyaWMuY2F0XC93cC1jb250ZW50XC91cGxvYWRzXC8yMDI0XC8wM1wvZDNjMWUtaG9zdGFscmljLW1vbnVtZW50YWwtc2xkNC5qcGVnIiwic2xpZGVzaG93IjoiMzFjMTljNiJ9\">\n\t\t\t\t\t<div class=\"e-gallery-image elementor-gallery-item__image\" data-thumbnail=\"https:\/\/www.turismehostalric.cat\/wp-content\/uploads\/2024\/03\/d3c1e-hostalric-monumental-sld4.jpeg\" data-width=\"670\" data-height=\"446\" aria-label=\"\" role=\"img\" ><\/div>\n\t\t\t\t\t\t\t\t\t\t\t<div class=\"elementor-gallery-item__overlay\"><\/div>\n\t\t\t\t\t\t\t\t\t\t\t\t\t\t<\/a>\n\t\t\t\t\t\t\t<a class=\"e-gallery-item elementor-gallery-item elementor-animated-content\" href=\"https:\/\/www.turismehostalric.cat\/wp-content\/uploads\/2024\/03\/b1630-hostalric-monumental-sld.jpeg\" data-elementor-open-lightbox=\"yes\" data-elementor-lightbox-slideshow=\"31c19c6\" data-elementor-lightbox-title=\"b1630-hostalric-monumental-sld\" data-e-action-hash=\"#elementor-action%3Aaction%3Dlightbox%26settings%3DeyJpZCI6NjM1LCJ1cmwiOiJodHRwczpcL1wvd3d3LnR1cmlzbWVob3N0YWxyaWMuY2F0XC93cC1jb250ZW50XC91cGxvYWRzXC8yMDI0XC8wM1wvYjE2MzAtaG9zdGFscmljLW1vbnVtZW50YWwtc2xkLmpwZWciLCJzbGlkZXNob3ciOiIzMWMxOWM2In0%3D\">\n\t\t\t\t\t<div class=\"e-gallery-image elementor-gallery-item__image\" data-thumbnail=\"https:\/\/www.turismehostalric.cat\/wp-content\/uploads\/2024\/03\/b1630-hostalric-monumental-sld.jpeg\" data-width=\"670\" data-height=\"446\" aria-label=\"\" role=\"img\" ><\/div>\n\t\t\t\t\t\t\t\t\t\t\t<div class=\"elementor-gallery-item__overlay\"><\/div>\n\t\t\t\t\t\t\t\t\t\t\t\t\t\t<\/a>\n\t\t\t\t\t\t\t<a class=\"e-gallery-item elementor-gallery-item elementor-animated-content\" href=\"https:\/\/www.turismehostalric.cat\/wp-content\/uploads\/2024\/03\/ec230-hostalric-monumental-sld1.jpeg\" data-elementor-open-lightbox=\"yes\" data-elementor-lightbox-slideshow=\"31c19c6\" data-elementor-lightbox-title=\"ec230-hostalric-monumental-sld1\" data-e-action-hash=\"#elementor-action%3Aaction%3Dlightbox%26settings%3DeyJpZCI6NjUxLCJ1cmwiOiJodHRwczpcL1wvd3d3LnR1cmlzbWVob3N0YWxyaWMuY2F0XC93cC1jb250ZW50XC91cGxvYWRzXC8yMDI0XC8wM1wvZWMyMzAtaG9zdGFscmljLW1vbnVtZW50YWwtc2xkMS5qcGVnIiwic2xpZGVzaG93IjoiMzFjMTljNiJ9\">\n\t\t\t\t\t<div class=\"e-gallery-image elementor-gallery-item__image\" data-thumbnail=\"https:\/\/www.turismehostalric.cat\/wp-content\/uploads\/2024\/03\/ec230-hostalric-monumental-sld1.jpeg\" data-width=\"670\" data-height=\"446\" aria-label=\"\" role=\"img\" ><\/div>\n\t\t\t\t\t\t\t\t\t\t\t<div class=\"elementor-gallery-item__overlay\"><\/div>\n\t\t\t\t\t\t\t\t\t\t\t\t\t\t<\/a>\n\t\t\t\t\t<\/div>\n\t\t\t\t\t<\/div>\n\t\t\t\t<\/div>\n\t\t\t\t\t<\/div>\n\t\t\t\t<\/div>\n\t\t\t\t<\/div>\n\t\t","protected":false},"excerpt":{"rendered":"<p>https:\/\/www.youtube.com\/watch?v=Rv-hUup4dnI Declarada B\u00e9 Cultural d\u2019Inter\u00e8s Nacional (1963),\u00a0la vila d\u2019Hostalric conserva un dels llegats monumentals m\u00e9s notables de l\u2019\u00e8poca medieval catalana i est\u00e0 protegida per l\u2019imponent fortalesa militar d\u2019\u00e8poca moderna. Situat sobre un antic volc\u00e0, l\u2019antic castell medieval dels vescomtes de Cabrera mantenia el control sobre el\u00a0cam\u00ed Ral, a mitja dist\u00e0ncia entre Girona i Barcelona. A partir del segle XVII aquest es comen\u00e7\u00e0 a transformar per adaptar-se als nous temps i a les noves estrat\u00e8gies de defensa de l\u2019\u00e8poca moderna. \u00c9s per aix\u00f2, que tot i que actualment ens trobem amb una fortalesa, popularment es coneix com el\u00a0Castell d\u2019Hostalric. La fortalesa constitueix el principal element identificatiu de la vila i, avui dia, \u00e9s un dels m\u00e0xims exponents culturals del segle XVIII i un dels escassos testimonis monumentals originats arrel de la Guerra de Successi\u00f3. Amb notable rellev\u00e0ncia hist\u00f2rica durant la\u00a0Guerra del Franc\u00e8s, fou una de les \u00faltimes places que abandonaren els francesos a l\u2019estat espanyol. El castell d\u2019Hostalric, \u00e9s una\u00a0fortalesa militar\u00a0constru\u00efda sobre un terreny irregular amb els t\u00edpics elements defensius de l\u2019\u00e8poca. La seva\u00a0galeria a prova de bomba\u00a0\u00e9s considerada com un dels espais m\u00e9s espectaculars del castell i un del m\u00e9s singulars de Catalunya.\u00a0La part m\u00e9s alta ocupa el lloc de l\u2019antic castell medieval dels Cabrera i, actualment, es destina a la celebraci\u00f3 d\u2019esdeveniments amb possibilitat de llogar aquests espais.\u00a0 A trav\u00e9s del\u00a0Centre d\u2019Interpretaci\u00f3\u00a0\u00e9s possible fer una viatge en el temps per con\u00e8ixer les funcions i transformacions que aquest monument ha viscut al llarg de la hist\u00f2ria.\u00a0 Tot i la reconstrucci\u00f3 del castell, l\u2019edat mitjana continua present a la vila d\u2019Hostalric. El\u00a0recinte medieval\u00a0ofereix racons plens d\u2019hist\u00f2ria i singularitat. L\u2019espectacular\u00a0muralla\u00a0s\u2019allarga fins a\u00a0600 metres\u00a0i en el seu recorregut s\u2019hi poden trobar\u00a0deu torres\u00a0excepcionalment ben conservades. Passejar pel\u00a0cam\u00ed de ronda de la muralla\u00a0us pot transportar a l\u2019esplendor\u00f3s passat medieval d\u2019Hostalric, i pujar al\u00a0mirador\u00a0de la\u00a0torre dels Frares\u00a0promet recompensar amb una de les vistes m\u00e9s espectaculars de tota la vila. El color negr\u00f3s de la\u00a0pedra bas\u00e0ltica\u00a0amb la qual es va construir la muralla, les torres i el castell li atorga a la vila una personalitat \u00fanica i una singularitat extraordin\u00e0ria. Per la Rita, amfitriona local d&#8217;Hostalric, visitar Hostalric \u00e9s fer un passeig per la hist\u00f2ria. Visita&#8217;ns i comprova-ho in situ!<\/p>\n","protected":false},"author":1,"featured_media":452,"parent":527,"menu_order":9,"comment_status":"closed","ping_status":"closed","template":"","meta":{"_acf_changed":false,"footnotes":""},"class_list":["post-450","page","type-page","status-publish","has-post-thumbnail"],"acf":[],"_links":{"self":[{"href":"https:\/\/www.turismehostalric.cat\/ca\/wp-json\/wp\/v2\/pages\/450","targetHints":{"allow":["GET"]}}],"collection":[{"href":"https:\/\/www.turismehostalric.cat\/ca\/wp-json\/wp\/v2\/pages"}],"about":[{"href":"https:\/\/www.turismehostalric.cat\/ca\/wp-json\/wp\/v2\/types\/page"}],"author":[{"embeddable":true,"href":"https:\/\/www.turismehostalric.cat\/ca\/wp-json\/wp\/v2\/users\/1"}],"replies":[{"embeddable":true,"href":"https:\/\/www.turismehostalric.cat\/ca\/wp-json\/wp\/v2\/comments?post=450"}],"version-history":[{"count":0,"href":"https:\/\/www.turismehostalric.cat\/ca\/wp-json\/wp\/v2\/pages\/450\/revisions"}],"up":[{"embeddable":true,"href":"https:\/\/www.turismehostalric.cat\/ca\/wp-json\/wp\/v2\/pages\/527"}],"wp:featuredmedia":[{"embeddable":true,"href":"https:\/\/www.turismehostalric.cat\/ca\/wp-json\/wp\/v2\/media\/452"}],"wp:attachment":[{"href":"https:\/\/www.turismehostalric.cat\/ca\/wp-json\/wp\/v2\/media?parent=450"}],"curies":[{"name":"wp","href":"https:\/\/api.w.org\/{rel}","templated":true}]}}