{"id":428,"date":"2024-03-19T15:07:36","date_gmt":"2024-03-19T14:07:36","guid":{"rendered":"https:\/\/w.turismehostalric.cat\/?page_id=428"},"modified":"2025-06-06T09:13:32","modified_gmt":"2025-06-06T07:13:32","slug":"agenda","status":"publish","type":"page","link":"https:\/\/www.turismehostalric.cat\/ca\/agenda\/","title":{"rendered":"Agenda"},"content":{"rendered":"\t\t<div data-elementor-type=\"wp-page\" data-elementor-id=\"428\" class=\"elementor elementor-428\" data-elementor-post-type=\"page\">\n\t\t\t\t<div class=\"elementor-element elementor-element-37de408 e-flex e-con-boxed wpr-particle-no wpr-jarallax-no wpr-parallax-no wpr-sticky-section-no wpr-equal-height-no e-con e-parent\" data-id=\"37de408\" data-element_type=\"container\">\n\t\t\t\t\t<div class=\"e-con-inner\">\n\t\t\t\t<div class=\"elementor-element elementor-element-7fd9093 elementor-widget elementor-widget-ova_events\" data-id=\"7fd9093\" data-element_type=\"widget\" data-widget_type=\"ova_events.default\">\n\t\t\t\t<div class=\"elementor-widget-container\">\n\t\t\t\t\t\n<div class=\"ovaev-event-element version_2\" >\n\n\t\n\t\n\n\t\n\t\t\t<div class=\"wp-content two_column\">\n\t\t\t\t\n<div class=\"ovaev-content content-grid\">\n\t<div class=\"item\">\n\t\t<!-- Display Highlight Date 2 -->\n\t\t\n<div class=\"date-event\">\n\n\t<span class=\"date second_font\">\n\t\t25\t<\/span>\n\n\t<span class=\"month-year second_font\">\n\n\t\t<span class=\"month\">\n\t\t\tabr.\t\t<\/span>\n\t\t\n\t\t<span class=\"year\">\n\t\t\t2026\t\t<\/span>\n\n\t<\/span>\n\n<\/div>\n\n\t\t<div class=\"desc\">\n\n\t\t\t<!-- Thumbnail -->\n\t\t\t\n<div class=\"event-thumbnail\">\t\n\n\t<a href=\"https:\/\/www.turismehostalric.cat\/ca\/event\/festa-gegantera-dhostalric\/\">\n\t\t<img fetchpriority=\"high\" decoding=\"async\" width=\"595\" height=\"450\" src=\"https:\/\/www.turismehostalric.cat\/wp-content\/uploads\/2026\/03\/Festa-gegantera-2025-595x450.png\" class=\"attachment-ovaev_event_thumbnail size-ovaev_event_thumbnail wp-post-image\" alt=\"\" \/>\t<\/a>\n\n<\/div>\n\t\t\t<div class=\"event_post\">\n\t\t\t\t\n\t\t\t\t<!-- Taxonomy Type -->\n\t\t\t\t\n\t\t\t\t\n<h2 class=\"second_font event_title\">\n\t<a href=\"https:\/\/www.turismehostalric.cat\/ca\/event\/festa-gegantera-dhostalric\/\">\n\t\tFesta Gegantera d&#8217;Hostalric\t<\/a>\n<\/h2>\t\t\t\t<div class=\"time-event\">\n\t\t\t\t\t\n<div class=\"time equal-date\">\n\t\n\t<span class=\"icon-time\">\n\t\t<i class=\"far fa-clock icon_event\"><\/i>\n\t<\/span>\n\n\t\t\t<span class=\"time-date-child\">\n\t\t\t<span class=\"date-child\">\n\t\t\t\t16:30 - 21:00\t\t\t<\/span>\n\t\t<\/span>\n\t\n<\/div>\n\t\t\t\t\t\n\t\t\t\t<\/div>\n\t\t\t\t\n\t\t\t\t\n<div class=\"button_event\">\n\t<a class=\"view_detail second_font\" href=\"https:\/\/www.turismehostalric.cat\/ca\/event\/festa-gegantera-dhostalric\/\">\n\t\tMore details\t<\/a>\n<\/div>\n\t\t\t<\/div>\n\t\t<\/div>\n\t<\/div>\n<\/div>\n\n<div class=\"ovaev-content content-grid\">\n\t<div class=\"item\">\n\t\t<!-- Display Highlight Date 2 -->\n\t\t\n<div class=\"date-event\">\n\n\t<span class=\"date second_font\">\n\t\t03\t<\/span>\n\n\t<span class=\"month-year second_font\">\n\n\t\t<span class=\"month\">\n\t\t\tmaig\t\t<\/span>\n\t\t\n\t\t<span class=\"year\">\n\t\t\t2026\t\t<\/span>\n\n\t<\/span>\n\n<\/div>\n\n\t\t<div class=\"desc\">\n\n\t\t\t<!-- Thumbnail -->\n\t\t\t\n<div class=\"event-thumbnail\">\t\n\n\t<a href=\"https:\/\/www.turismehostalric.cat\/ca\/event\/marxa-del-ginebro\/\">\n\t\t<img decoding=\"async\" width=\"700\" height=\"450\" src=\"https:\/\/www.turismehostalric.cat\/wp-content\/uploads\/2026\/03\/Marxa-Ginebro-700x450.jpg\" class=\"attachment-ovaev_event_thumbnail size-ovaev_event_thumbnail wp-post-image\" alt=\"\" \/>\t<\/a>\n\n<\/div>\n\t\t\t<div class=\"event_post\">\n\t\t\t\t\n\t\t\t\t<!-- Taxonomy Type -->\n\t\t\t\t\n\t\t\t\t\n<h2 class=\"second_font event_title\">\n\t<a href=\"https:\/\/www.turismehostalric.cat\/ca\/event\/marxa-del-ginebro\/\">\n\t\tMarxa del Ginebr\u00f3\t<\/a>\n<\/h2>\t\t\t\t<div class=\"time-event\">\n\t\t\t\t\t\n<div class=\"time equal-date\">\n\t\n\t<span class=\"icon-time\">\n\t\t<i class=\"far fa-clock icon_event\"><\/i>\n\t<\/span>\n\n\t\t\t<span class=\"time-date-child\">\n\t\t\t<span class=\"date-child\">\n\t\t\t\t08:30 - 13:00\t\t\t<\/span>\n\t\t<\/span>\n\t\n<\/div>\n\t\t\t\t\t\n\t\t\t\t<\/div>\n\t\t\t\t\n\t\t\t\t\n<div class=\"button_event\">\n\t<a class=\"view_detail second_font\" href=\"https:\/\/www.turismehostalric.cat\/ca\/event\/marxa-del-ginebro\/\">\n\t\tMore details\t<\/a>\n<\/div>\n\t\t\t<\/div>\n\t\t<\/div>\n\t<\/div>\n<\/div>\n\n<div class=\"ovaev-content content-grid\">\n\t<div class=\"item\">\n\t\t<!-- Display Highlight Date 2 -->\n\t\t\n<div class=\"date-event\">\n\n\t<span class=\"date second_font\">\n\t\t10\t<\/span>\n\n\t<span class=\"month-year second_font\">\n\n\t\t<span class=\"month\">\n\t\t\tmaig\t\t<\/span>\n\t\t\n\t\t<span class=\"year\">\n\t\t\t2026\t\t<\/span>\n\n\t<\/span>\n\n<\/div>\n\n\t\t<div class=\"desc\">\n\n\t\t\t<!-- Thumbnail -->\n\t\t\t\n<div class=\"event-thumbnail\">\t\n\n\t<a href=\"https:\/\/www.turismehostalric.cat\/ca\/event\/la-casaca-del-capita-visita-teatralitzada-al-castell-dhostalric\/\">\n\t\t<img decoding=\"async\" width=\"700\" height=\"450\" src=\"https:\/\/www.turismehostalric.cat\/wp-content\/uploads\/2026\/03\/Visita-teatralitzada_@cristinamejuto_8-700x450.png\" class=\"attachment-ovaev_event_thumbnail size-ovaev_event_thumbnail wp-post-image\" alt=\"\" \/>\t<\/a>\n\n<\/div>\n\t\t\t<div class=\"event_post\">\n\t\t\t\t\n\t\t\t\t<!-- Taxonomy Type -->\n\t\t\t\t\n<div class=\"post_cat\">\n\t<a class=\"event_type\" href=\"https:\/\/www.turismehostalric.cat\/ca\/event_category\/visites-teatralitzades\/\">Visites teatralitzades<\/a><\/div>\n\n\n\t\t\t\t\n<h2 class=\"second_font event_title\">\n\t<a href=\"https:\/\/www.turismehostalric.cat\/ca\/event\/la-casaca-del-capita-visita-teatralitzada-al-castell-dhostalric\/\">\n\t\tLa casaca del capit\u00e0. Visita teatralitzada al Castell d&#8217;Hostalric\t<\/a>\n<\/h2>\t\t\t\t<div class=\"time-event\">\n\t\t\t\t\t\n<div class=\"time equal-date\">\n\t\n\t<span class=\"icon-time\">\n\t\t<i class=\"far fa-clock icon_event\"><\/i>\n\t<\/span>\n\n\t\t\t<span class=\"time-date-child\">\n\t\t\t<span class=\"date-child\">\n\t\t\t\t11:30 - 12:30\t\t\t<\/span>\n\t\t<\/span>\n\t\n<\/div>\n\t\t\t\t\t\n\t<div class=\"venue\">\n\t\t\n\t\t<i class=\"fas fa-map-marker-alt icon_event\"><\/i>\n\t\t\n\t\t<span class=\"number\">\n\t\t\tCastell d&#039;Hostalric\t\t<\/span>\n\t\t\n\t<\/div>\n\t\t\t\t<\/div>\n\t\t\t\t\n\t\t\t\t\n<div class=\"button_event\">\n\t<a class=\"view_detail second_font\" href=\"https:\/\/www.turismehostalric.cat\/ca\/event\/la-casaca-del-capita-visita-teatralitzada-al-castell-dhostalric\/\">\n\t\tMore details\t<\/a>\n<\/div>\n\t\t\t<\/div>\n\t\t<\/div>\n\t<\/div>\n<\/div>\n\n<div class=\"ovaev-content content-grid\">\n\t<div class=\"item\">\n\t\t<!-- Display Highlight Date 2 -->\n\t\t\n<div class=\"date-event\">\n\n\t<span class=\"date second_font\">\n\t\t14\t<\/span>\n\n\t<span class=\"month-year second_font\">\n\n\t\t<span class=\"month\">\n\t\t\tjuny\t\t<\/span>\n\t\t\n\t\t<span class=\"year\">\n\t\t\t2026\t\t<\/span>\n\n\t<\/span>\n\n<\/div>\n\n\t\t<div class=\"desc\">\n\n\t\t\t<!-- Thumbnail -->\n\t\t\t\n<div class=\"event-thumbnail\">\t\n\n\t<a href=\"https:\/\/www.turismehostalric.cat\/ca\/event\/la-casaca-del-capita-visita-teatralitzada-al-castell-dhostalric-2\/\">\n\t\t<img decoding=\"async\" width=\"700\" height=\"450\" src=\"https:\/\/www.turismehostalric.cat\/wp-content\/uploads\/2026\/03\/Visita-teatralitzada_@cristinamejuto_8-700x450.png\" class=\"attachment-ovaev_event_thumbnail size-ovaev_event_thumbnail wp-post-image\" alt=\"\" \/>\t<\/a>\n\n<\/div>\n\t\t\t<div class=\"event_post\">\n\t\t\t\t\n\t\t\t\t<!-- Taxonomy Type -->\n\t\t\t\t\n<div class=\"post_cat\">\n\t<a class=\"event_type\" href=\"https:\/\/www.turismehostalric.cat\/ca\/event_category\/visites-teatralitzades\/\">Visites teatralitzades<\/a><\/div>\n\n\n\t\t\t\t\n<h2 class=\"second_font event_title\">\n\t<a href=\"https:\/\/www.turismehostalric.cat\/ca\/event\/la-casaca-del-capita-visita-teatralitzada-al-castell-dhostalric-2\/\">\n\t\tLa casaca del capit\u00e0. Visita teatralitzada al Castell d&#8217;Hostalric.\t<\/a>\n<\/h2>\t\t\t\t<div class=\"time-event\">\n\t\t\t\t\t\n<div class=\"time equal-date\">\n\t\n\t<span class=\"icon-time\">\n\t\t<i class=\"far fa-clock icon_event\"><\/i>\n\t<\/span>\n\n\t\t\t<span class=\"time-date-child\">\n\t\t\t<span class=\"date-child\">\n\t\t\t\t11:30 - 12:30\t\t\t<\/span>\n\t\t<\/span>\n\t\n<\/div>\n\t\t\t\t\t\n\t\t\t\t<\/div>\n\t\t\t\t\n\t\t\t\t\n<div class=\"button_event\">\n\t<a class=\"view_detail second_font\" href=\"https:\/\/www.turismehostalric.cat\/ca\/event\/la-casaca-del-capita-visita-teatralitzada-al-castell-dhostalric-2\/\">\n\t\tMore details\t<\/a>\n<\/div>\n\t\t\t<\/div>\n\t\t<\/div>\n\t<\/div>\n<\/div>\n\t\t\t<\/div>\n\n\t\t<\/div>\n\t\t\t\t<\/div>\n\t\t\t\t<\/div>\n\t\t\t\t\t<\/div>\n\t\t\t\t<\/div>\n\t\t\t\t<\/div>\n\t\t","protected":false},"excerpt":{"rendered":"<p>07 juny 2025 Recollida de pl\u00e0stics i residus a la natura d&#8217;Hostalric 12:00 &#8211; 13:30 More details 15 juny 2025 Cicle cinema Gaud\u00ed: Los destellos 18:00 &#8211; 19:40 More details 20 juny 2025 Festa del Comer\u00e7 d&#8217;estiu 20:00 &#8211; 00:00 Pla\u00e7a dels Bous More details 27 juny 2025 Teatre: Locus Operandi 22:00 &#8211; 23:45 More details 11 jul. 2025 Visita guiada de posta de sol al Castell d&#8217;Hostalric 18:30 &#8211; 20:30 Castell d&#039;Hostalric More details<\/p>\n","protected":false},"author":1,"featured_media":89,"parent":0,"menu_order":25,"comment_status":"closed","ping_status":"closed","template":"","meta":{"_acf_changed":false,"footnotes":""},"class_list":["post-428","page","type-page","status-publish","has-post-thumbnail","hentry"],"acf":[],"_links":{"self":[{"href":"https:\/\/www.turismehostalric.cat\/ca\/wp-json\/wp\/v2\/pages\/428","targetHints":{"allow":["GET"]}}],"collection":[{"href":"https:\/\/www.turismehostalric.cat\/ca\/wp-json\/wp\/v2\/pages"}],"about":[{"href":"https:\/\/www.turismehostalric.cat\/ca\/wp-json\/wp\/v2\/types\/page"}],"author":[{"embeddable":true,"href":"https:\/\/www.turismehostalric.cat\/ca\/wp-json\/wp\/v2\/users\/1"}],"replies":[{"embeddable":true,"href":"https:\/\/www.turismehostalric.cat\/ca\/wp-json\/wp\/v2\/comments?post=428"}],"version-history":[{"count":3,"href":"https:\/\/www.turismehostalric.cat\/ca\/wp-json\/wp\/v2\/pages\/428\/revisions"}],"predecessor-version":[{"id":5378,"href":"https:\/\/www.turismehostalric.cat\/ca\/wp-json\/wp\/v2\/pages\/428\/revisions\/5378"}],"wp:featuredmedia":[{"embeddable":true,"href":"https:\/\/www.turismehostalric.cat\/ca\/wp-json\/wp\/v2\/media\/89"}],"wp:attachment":[{"href":"https:\/\/www.turismehostalric.cat\/ca\/wp-json\/wp\/v2\/media?parent=428"}],"curies":[{"name":"wp","href":"https:\/\/api.w.org\/{rel}","templated":true}]}}