{"id":3,"date":"2024-02-19T12:14:15","date_gmt":"2024-02-19T11:14:15","guid":{"rendered":"https:\/\/w.turismehostalric.cat\/?page_id=3"},"modified":"2024-04-17T07:18:24","modified_gmt":"2024-04-17T05:18:24","slug":"politica-privacidad","status":"publish","type":"page","link":"https:\/\/www.turismehostalric.cat\/ca\/politica-privacidad\/","title":{"rendered":"Av\u00eds legal i Pol\u00edtica de privacitat"},"content":{"rendered":"\t\t<div data-elementor-type=\"wp-page\" data-elementor-id=\"3\" class=\"elementor elementor-3\" data-elementor-post-type=\"page\">\n\t\t\t\t<div class=\"elementor-element elementor-element-225fdfb9 e-flex e-con-boxed wpr-particle-no wpr-jarallax-no wpr-parallax-no wpr-sticky-section-no wpr-equal-height-no e-con e-parent\" data-id=\"225fdfb9\" data-element_type=\"container\">\n\t\t\t\t\t<div class=\"e-con-inner\">\n\t\t\t\t<div class=\"elementor-element elementor-element-32b71927 elementor-widget elementor-widget-text-editor\" data-id=\"32b71927\" data-element_type=\"widget\" data-widget_type=\"text-editor.default\">\n\t\t\t\t<div class=\"elementor-widget-container\">\n\t\t\t\t\t\t\t\t\t\n<h3><strong>INFORMACI\u00d3 LEGAL LSSIICE<\/strong><\/h3>\n<p>D\u2019acord amb les obligacions previstes en la Llei 34\/2002, de Serveis de la Societat de la Informaci\u00f3 i de Comer\u00e7 Electr\u00f2nic (en endavant LSSIICE), \u00a0Ajuntament d\u2019Hostalric amb CIF P1708900D amb domicili a C\/ Raval 45 , 17450 Hostalric (GIRONA) i adre\u00e7a electr\u00f2nica\u00a0<a href=\"mailto:hostalric@hostalric.cat\">hostalric@hostalric.cat<\/a>, manifesta que s\u00f3n de la seva \u00a0propietat:<\/p>\n<p>&#8211; el domini web\u00a0<a href=\"https:\/\/www.turismehostalric.cat\/ca\">https:\/\/www.turismehostalric.cat\/ca<\/a><\/p>\n<p>&#8211; els perfils i p\u00e0gina en les seguents xarxes socials:<\/p>\n<ul>\n<li>Instagram:\u00a0<a href=\"https:\/\/www.instagram.com\/visitahostalric\/\">https:\/\/www.instagram.com\/visitahostalric\/<\/a><\/li>\n<li>Facebook:\u00a0<a href=\"https:\/\/www.facebook.com\/visitahostalric\">https:\/\/www.facebook.com\/visitahostalric<\/a><\/li>\n<li>Twitter:\u00a0<a href=\"https:\/\/twitter.com\/OTHostalric\">https:\/\/twitter.com\/OTHostalric<\/a><\/li>\n<\/ul>\n<p>Ajuntament d\u2019Hostalric no pot assumir cap responsabilitat derivada de l&#8217;\u00fas incorrecte, inadequat o il\u00b7l\u00edcit de la informaci\u00f3 apareguda en les seves p\u00e0gines d&#8217;Internet o pres\u00e8ncia online a les diverses xarxes socials. Amb els l\u00edmits establerts a la llei, Ajuntament d\u2019Hostalric \u00a0no assumeix cap responsabilitat derivada de la falta de veracitat, integritat, actualitzaci\u00f3 i precisi\u00f3 de les dades o informacions que es contenen en els seus mitjans online.<\/p>\n<p>Els continguts i informaci\u00f3 de les p\u00e0gines d&#8217;Internet i xarxes socials \u00a0de Ajuntament d\u2019Hostalric estan elaborades per professionals degudament qualificats per a l&#8217;exercici de la seva professi\u00f3. No obstant aix\u00f2, els continguts i informaci\u00f3 no vinculen a l\u2019esmentada corporaci\u00f3 ni constitueixen opinions, consells o assessorament legal de cap tipus, doncs es tracta merament d&#8217;un servei ofert amb car\u00e0cter informatiu i divulgatiu.<\/p>\n<p>Les p\u00e0gines d&#8217;Internet o xarxes socials \u00a0de Ajuntament d\u2019Hostalric poden contenir enlla\u00e7os (links) a altres p\u00e0gines de terceres parts. Per tant, aquesta no pot assumir responsabilitats pel contingut que pugui apar\u00e8ixer en p\u00e0gines de tercers. Els textos, imatges, sons, animacions, programari i la resta de continguts inclosos en aquest website s\u00f3n propietat exclusiva de Ajuntament d\u2019Hostalric \u00a0o les seves llicenciants. Qualsevol acte de transmissi\u00f3, distribuci\u00f3, cessi\u00f3, reproducci\u00f3, emmagatzematge o comunicaci\u00f3 p\u00fablica total o parcial, ha de comptar amb el consentiment expr\u00e9s de Ajuntament d\u2019Hostalric.<\/p>\n<p>De la mateixa manera es reserva el dret a retirar l\u2019acc\u00e9s al Portal, sense necessitat de previ av\u00eds, a qualsevol usuari que contravingui el disposat en aquest av\u00eds legal.<\/p>\n<h3><strong>XARXES SOCIALS<\/strong><\/h3>\n<p>L\u2019usuari caldr\u00e0 que disposi del seu perfil en aquestes xarxes socials per poder interactuar amb Ajuntament d\u2019Hostalric i que accepti la relaci\u00f3 amb la nostra xarxa social.\u00a0 Si aix\u00ed es realitza, Ajuntament d\u2019Hostalric tindr\u00e0 acc\u00e9s al perfil de l\u2019usuari d\u2019acord amb els par\u00e0metres estipulats per la pr\u00f2pia xarxa social i podr\u00e0 interactuar amb ell amb l\u2019enviament de missatges, publicacions, participaci\u00f3 en concursos i sortejos.\u00a0 \u00a0Si l\u2019usuari no desitja que Ajuntament d\u2019Hostalric pugui accedir al seu perfil o interrelacionar-se amb ell caldr\u00e0 que es desvinculi del perfil deixant de seguir o eliminar com amistat, seguidor o usuari.<\/p>\n<p>Les actuacions que realitzi Ajuntament d\u2019Hostalric podran tenir car\u00e0cter informatiu i\/o publicitari del seus serveis o productes, considerant que la xarxa social es un mitj\u00e0 publicitari, sota la responsabilitat de Ajuntament d\u2019Hostalric en quant a les publicacions i comunicacions que realitzen per aquest mitjans online.<\/p>\n<p>La participaci\u00f3 dels usuaris en concursos, promocions o sortejos implicar\u00e0 que l\u2019usuari accepta les bases legals d\u2019aquest concurs, promoci\u00f3 o sorteig que seran publicades a la xarxa social de refer\u00e8ncia\u00a0 en el moment oport\u00fa,\u00a0 i\u00a0 amb la seva participaci\u00f3,\u00a0 implicar\u00e0 que l\u2019usuari ha acceptat les mateixes.<\/p>\n<p>Es recorda als usuaris que les publicacions que realitzin en les xarxes socials ser\u00e0 sota la seva responsabilitat i caldr\u00e0 que respectin la legislaci\u00f3 i els drets de tercers que es puguin afectar, amb especial rellev\u00e0ncia els drets de propietat intel\u00b7lectual, de protecci\u00f3 de dades i de la pr\u00f2pia imatge de tercers, aix\u00ed com les normes de les pr\u00f2pies xarxes socials que consten en els seg\u00fcents links:<\/p>\n<p><a href=\"https:\/\/www.facebook.com\/legal\/terms\" target=\"_blank\" rel=\"noopener\">Facebook<\/a>\u00a0\/\/\u00a0<a href=\"https:\/\/help.instagram.com\/\" target=\"_blank\" rel=\"noopener\">Instagram<\/a>\u00a0\/\/\u00a0<a href=\"https:\/\/twitter.com\/es\/tos\" target=\"_blank\" rel=\"noopener\">Twitter<\/a>\u00a0\/\/\u00a0<a href=\"https:\/\/www.linkedin.com\/legal\/user-agreement\" target=\"_blank\" rel=\"noopener\">Linkedin<\/a>\u00a0<\/p>\n<h3><strong>PROTECCI\u00d3 DE DADES PERSONALS<\/strong><\/h3>\n<p>En virtut de la normativa de protecci\u00f3 de dades de car\u00e0cter personal, per la present autoritza a que les dades personals facilitades en els mitjans online siguin incorporades i tractades en els fitxers responsabilitat de Ajuntament d\u2019Hostalricamb CIF P1708900D, amb domicili a C\/ Raval, 45 17450 Hostalric (Girona):<\/p>\n<p>-Si aquestes dades son facilitades en els formulari \u00a0de contacte, \u00a0aquestes dades seran incorporades en el fitxer de Contactes, responsabilitat de dita entitat, amb la finalitat de poder atendre la seva petici\u00f3 o consulta. Aquestes dades no seran transmeses i seran conservades fins que es doni la resposta a la seva consulta.<\/p>\n<p>-Formulari d\u2019alta a la newsletter: Les seves dades seran incorporades en el fitxer de Contactes amb la finalitat de informar-li de les activitats, promocions i agenda. Les seves dades seran conservades mentre no revoqui el consentiment atorgat. No seran transmeses a tercers.<\/p>\n<p>-Si son tractades a les nostres xarxes socials, d\u2019acord amb el detallat anteriorment, aquestes seran incorporades en el fitxer de Xarxes socials i M\u00e0rqueting responsabilitat d\u2019aquesta entitat, amb la finalitat de gestionar aquella informaci\u00f3 i dades obtingudes de l\u2019interactuaci\u00f3 dels usuaris d\u2019aquestes xarxes amb els perfils\/p\u00e0gina de l\u2019entitat. Aquestes dades seran conservades sempre que es mantingui l\u2019inter\u00e8s leg\u00edtim que va permetre el seu tractament.<\/p>\n<p>En qualsevol cas, podr\u00e0 indicar la revocaci\u00f3 del consentiment atorgat, \u00a0si aquesta va ser la base que va legitimar el tractament o exercitar els drets previstos:<\/p>\n<p>&#8211; D\u2019acc\u00e9s: L&#8217;interessat t\u00e9 dret a saber si el responsable del tractament tracta dades personals seves i, si \u00e9s aix\u00ed, t\u00e9 dret a accedir a aquestes dades i a obtenir la informaci\u00f3 al respecte del tractaments realitzats.\u00a0<\/p>\n<p>&#8211; Rectificaci\u00f3: Est\u00e0 vinculat al car\u00e0cter inexacte o incomplet de les dades.\u00a0 L&#8217;interessat t\u00e9 dret a rectificar les seves dades personals inexactes i que es completin les seves dades personals incompletes.<\/p>\n<p>&#8211; Supressi\u00f3: \u00a0L\u2019interessat t\u00e9 dret a obtenir la supressi\u00f3 de les seves dades personals (&#8220;dret a l&#8217;oblit&#8221;), quan aquestes ja no s\u00f3n necess\u00e0ries per a la finalitat per a la qual es van recollir, es revoca el consentiment en el qual es basava el tractament, l&#8217;interessat s&#8217;oposa al tractament, les dades s&#8217;han tractat il\u00b7l\u00edcitament, s&#8217;han de suprimir per complir una obligaci\u00f3 legal o \u00a0s&#8217;han obtingut en relaci\u00f3 amb l&#8217;oferta de serveis de la societat de la informaci\u00f3 adre\u00e7ada a menors.\u00a0<\/p>\n<p>&#8211; Limitaci\u00f3 del tractament: \u00c9s un dret de la persona interessada consistent en marcar les seves dades de car\u00e0cter personal conservades, amb la finalitat de limitar-ne el tractament en el futur.\u00a0 La limitaci\u00f3 del tractament suposa que, a petici\u00f3 de la persona interessada, les seves dades personals es deixen de tractar.<\/p>\n<p>&#8211; Oposici\u00f3: l\u2019interessat t\u00e9 dret a oposar-se al tractament de les seves dades quan es basa en alguns sup\u00f2sits concrets \u00a0i s\u2019invoca un motiu relacionat amb la seva situaci\u00f3 personal.<\/p>\n<p>&#8211; Portabilitat de les dades. L\u2019interessat t\u00e9 dret a rebre les dades personals que ha facilitat a un responsable del tractament en un format estructurat, d&#8217;\u00fas com\u00fa i de lectura mec\u00e0nica, , si es basa en el consentiment o en un contracte o quan el tractament es fa per mitjans automatitzats.\u00a0<\/p>\n<p>&#8211; No ser objecte de decisions individuals automatitzades:\u00a0\u00a0 L\u2019interessat t\u00e9 dret a no ser objecte d\u2019una decisi\u00f3 basada nom\u00e9s en el tractament automatitzat de les seves dades, inclosa l\u2019elaboraci\u00f3 de perfils, que produeixi efectes jur\u00eddics en ell o l\u2019afecti negativament.<\/p>\n<p>\u00a0Aquestes peticions caldr\u00e0 que es faci a C\/ Raval 45 , 17450 Hostalric (GIRONA) o a\u00a0<a href=\"mailto:xxx@xxxx.xxx\">h<\/a><a href=\"mailto:ostalric@hostalric.cat\">ostalric@hostalric.cat<\/a>.\u00a0<\/p>\n<p>Aix\u00ed mateix tamb\u00e9 podr\u00e0 presentar una reclamaci\u00f3 davant l\u2019Autoritat Catalana de Protecci\u00f3 de Dades o posar-se en contacte amb el Delegat de Protecci\u00f3 de Dades a\u00a0<a href=\"mailto:xxx@xxxx.xxx\">h<\/a><a href=\"mailto:ostalric@hostalric.cat\">ostalric@hostalric.cat<\/a>.\u00a0<\/p>\n<h3>PROPIETAT INDUSTRIAL I INTEL\u00b7LECTUAL<\/h3>\n<p>Aquest web \u00e9s propietat de Ajuntament d\u2019Hostalric, qui atorga determina que tot el contingut redactat per aquesta entitat es realitza sota una llic\u00e8ncia Creative Commons CC-BY-NC-SA.<\/p>\n<p>Aquesta llic\u00e8ncia implica la necessitat del reconeixement de l&#8217;autoria; que implica que es podr\u00e0 utilitzar, explotar tots els continguts redactats i elaborats per aquesta entitat sempre i quan es faci menci\u00f3 que Ajuntament d\u2019Hostalric \u00e9s l&#8217;autor del contingut, disseny, logotip o altres marques identificatives. A m\u00e9s, no es permet en cap cas un \u00fas comercial dels mateixos ni de les possibles obres derivades. En tot cas, les obres derivades que es poden dur a terme caldr\u00e0 que mantinguin en tot moment la possibilitat d&#8217;\u00e9sser emprades per altres entitats o parts amb una llic\u00e8ncia sota les caracter\u00edstiques detallades anteriorment.<\/p>\n<p>Qualsevol \u00fas sense la correcta assignaci\u00f3 d\u2019autoria a Ajuntament d\u2019Hostalric de les mateixes implicar\u00e0 l&#8217;incompliment d\u2019aquesta llic\u00e8ncia, reservant-se l\u2019entitat a exigir el seu immediat cessament i eliminaci\u00f3, podent exercitar les accions que considerin adients pel respecte a la llic\u00e8ncia determinada.<\/p>\n<p>Els drets de propietat intel\u00b7lectual i marques que poden \u00e9sser propietat de tercers estan destacats convenientment i han de ser respectats per tot aquell que accedeixi a aquesta p\u00e0gina, no essent responsabilitat de Ajuntament d\u2019Hostalric l&#8217;\u00fas que l\u2019usuari pugui portar a terme referent a aix\u00f2, recaient la responsabilitat exclusiva en la seva persona, qui haur\u00e0 de complir amb els drets de propietat o d&#8217;utilitzaci\u00f3 de la llic\u00e8ncia que el tercer hagi manifestat.<\/p>\n<p>Ajuntament d\u2019Hostalric no transfereix als usuaris la propietat del seu\u00a0software. L\u2019usuari \u00e9s el propietari del suport en el qual el\u00a0software\u00a0\u00e9s gravat. Ajuntament d\u2019Hostalric posseeix tots els drets de propietat industrial i intel\u00b7lectual, incloent el\u00a0software. Si l&#8217;usuari transfereix\u00a0software\u00a0d&#8217;aquest website al seu terminal, no podr\u00e0 disseccionar pel seu estudi i descompilar, traduir la versi\u00f3 del codi objecte original o el seu llenguatge a un altre codi o llenguatge.<\/p>\n<h3>LLEI APLICABLE I JURISDICCI\u00d3<\/h3>\n<p>Les presents condicions generals es regeixen per la Legislaci\u00f3 espanyola, sent competents els Jutjats i Tribunals espanyols per a con\u00e8ixer de quantes q\u00fcestions se suscitin sobre la interpretaci\u00f3, aplicaci\u00f3 i compliment de les mateixes. L&#8217;usuari, en virtut de la seva acceptaci\u00f3 a les condicions generals recollides en aquest av\u00eds legal i sempre que aquesta submissi\u00f3 sigui possible, renuncia expressament a qualsevol fur que, per aplicaci\u00f3 de la Llei d&#8217;Enjudiciament Civil vigent pogu\u00e9s correspondre-li.\u00a0<\/p>\n\t\t\t\t\t\t\t\t<\/div>\n\t\t\t\t<\/div>\n\t\t\t\t\t<\/div>\n\t\t\t\t<\/div>\n\t\t\t\t<\/div>\n\t\t","protected":false},"excerpt":{"rendered":"<p>INFORMACI\u00d3 LEGAL LSSIICE D\u2019acord amb les obligacions previstes en la Llei 34\/2002, de Serveis de la Societat de la Informaci\u00f3 i de Comer\u00e7 Electr\u00f2nic (en endavant LSSIICE), \u00a0Ajuntament d\u2019Hostalric amb CIF P1708900D amb domicili a C\/ Raval 45 , 17450 Hostalric (GIRONA) i adre\u00e7a electr\u00f2nica\u00a0hostalric@hostalric.cat, manifesta que s\u00f3n de la seva \u00a0propietat: &#8211; el domini web\u00a0https:\/\/www.turismehostalric.cat\/ca &#8211; els perfils i p\u00e0gina en les seguents xarxes socials: Instagram:\u00a0https:\/\/www.instagram.com\/visitahostalric\/ Facebook:\u00a0https:\/\/www.facebook.com\/visitahostalric Twitter:\u00a0https:\/\/twitter.com\/OTHostalric Ajuntament d\u2019Hostalric no pot assumir cap responsabilitat derivada de l&#8217;\u00fas incorrecte, inadequat o il\u00b7l\u00edcit de la informaci\u00f3 apareguda en les seves p\u00e0gines d&#8217;Internet o pres\u00e8ncia online a les diverses xarxes socials. Amb els l\u00edmits establerts a la llei, Ajuntament d\u2019Hostalric \u00a0no assumeix cap responsabilitat derivada de la falta de veracitat, integritat, actualitzaci\u00f3 i precisi\u00f3 de les dades o informacions que es contenen en els seus mitjans online. Els continguts i informaci\u00f3 de les p\u00e0gines d&#8217;Internet i xarxes socials \u00a0de Ajuntament d\u2019Hostalric estan elaborades per professionals degudament qualificats per a l&#8217;exercici de la seva professi\u00f3. No obstant aix\u00f2, els continguts i informaci\u00f3 no vinculen a l\u2019esmentada corporaci\u00f3 ni constitueixen opinions, consells o assessorament legal de cap tipus, doncs es tracta merament d&#8217;un servei ofert amb car\u00e0cter informatiu i divulgatiu. Les p\u00e0gines d&#8217;Internet o xarxes socials \u00a0de Ajuntament d\u2019Hostalric poden contenir enlla\u00e7os (links) a altres p\u00e0gines de terceres parts. Per tant, aquesta no pot assumir responsabilitats pel contingut que pugui apar\u00e8ixer en p\u00e0gines de tercers. Els textos, imatges, sons, animacions, programari i la resta de continguts inclosos en aquest website s\u00f3n propietat exclusiva de Ajuntament d\u2019Hostalric \u00a0o les seves llicenciants. Qualsevol acte de transmissi\u00f3, distribuci\u00f3, cessi\u00f3, reproducci\u00f3, emmagatzematge o comunicaci\u00f3 p\u00fablica total o parcial, ha de comptar amb el consentiment expr\u00e9s de Ajuntament d\u2019Hostalric. De la mateixa manera es reserva el dret a retirar l\u2019acc\u00e9s al Portal, sense necessitat de previ av\u00eds, a qualsevol usuari que contravingui el disposat en aquest av\u00eds legal. XARXES SOCIALS L\u2019usuari caldr\u00e0 que disposi del seu perfil en aquestes xarxes socials per poder interactuar amb Ajuntament d\u2019Hostalric i que accepti la relaci\u00f3 amb la nostra xarxa social.\u00a0 Si aix\u00ed es realitza, Ajuntament d\u2019Hostalric tindr\u00e0 acc\u00e9s al perfil de l\u2019usuari d\u2019acord amb els par\u00e0metres estipulats per la pr\u00f2pia xarxa social i podr\u00e0 interactuar amb ell amb l\u2019enviament de missatges, publicacions, participaci\u00f3 en concursos i sortejos.\u00a0 \u00a0Si l\u2019usuari no desitja que Ajuntament d\u2019Hostalric pugui accedir al seu perfil o interrelacionar-se amb ell caldr\u00e0 que es desvinculi del perfil deixant de seguir o eliminar com amistat, seguidor o usuari. Les actuacions que realitzi Ajuntament d\u2019Hostalric podran tenir car\u00e0cter informatiu i\/o publicitari del seus serveis o productes, considerant que la xarxa social es un mitj\u00e0 publicitari, sota la responsabilitat de Ajuntament d\u2019Hostalric en quant a les publicacions i comunicacions que realitzen per aquest mitjans online. La participaci\u00f3 dels usuaris en concursos, promocions o sortejos implicar\u00e0 que l\u2019usuari accepta les bases legals d\u2019aquest concurs, promoci\u00f3 o sorteig que seran publicades a la xarxa social de refer\u00e8ncia\u00a0 en el moment oport\u00fa,\u00a0 i\u00a0 amb la seva participaci\u00f3,\u00a0 implicar\u00e0 que l\u2019usuari ha acceptat les mateixes. Es recorda als usuaris que les publicacions que realitzin en les xarxes socials ser\u00e0 sota la seva responsabilitat i caldr\u00e0 que respectin la legislaci\u00f3 i els drets de tercers que es puguin afectar, amb especial rellev\u00e0ncia els drets de propietat intel\u00b7lectual, de protecci\u00f3 de dades i de la pr\u00f2pia imatge de tercers, aix\u00ed com les normes de les pr\u00f2pies xarxes socials que consten en els seg\u00fcents links: Facebook\u00a0\/\/\u00a0Instagram\u00a0\/\/\u00a0Twitter\u00a0\/\/\u00a0Linkedin\u00a0 PROTECCI\u00d3 DE DADES PERSONALS En virtut de la normativa de protecci\u00f3 de dades de car\u00e0cter personal, per la present autoritza a que les dades personals facilitades en els mitjans online siguin incorporades i tractades en els fitxers responsabilitat de Ajuntament d\u2019Hostalricamb CIF P1708900D, amb domicili a C\/ Raval, 45 17450 Hostalric (Girona): -Si aquestes dades son facilitades en els formulari \u00a0de contacte, \u00a0aquestes dades seran incorporades en el fitxer de Contactes, responsabilitat de dita entitat, amb la finalitat de poder atendre la seva petici\u00f3 o consulta. Aquestes dades no seran transmeses i seran conservades fins que es doni la resposta a la seva consulta. -Formulari d\u2019alta a la newsletter: Les seves dades seran incorporades en el fitxer de Contactes amb la finalitat de informar-li de les activitats, promocions i agenda. Les seves dades seran conservades mentre no revoqui el consentiment atorgat. No seran transmeses a tercers. -Si son tractades a les nostres xarxes socials, d\u2019acord amb el detallat anteriorment, aquestes seran incorporades en el fitxer de Xarxes socials i M\u00e0rqueting responsabilitat d\u2019aquesta entitat, amb la finalitat de gestionar aquella informaci\u00f3 i dades obtingudes de l\u2019interactuaci\u00f3 dels usuaris d\u2019aquestes xarxes amb els perfils\/p\u00e0gina de l\u2019entitat. Aquestes dades seran conservades sempre que es mantingui l\u2019inter\u00e8s leg\u00edtim que va permetre el seu tractament. En qualsevol cas, podr\u00e0 indicar la revocaci\u00f3 del consentiment atorgat, \u00a0si aquesta va ser la base que va legitimar el tractament o exercitar els drets previstos: &#8211; D\u2019acc\u00e9s: L&#8217;interessat t\u00e9 dret a saber si el responsable del tractament tracta dades personals seves i, si \u00e9s aix\u00ed, t\u00e9 dret a accedir a aquestes dades i a obtenir la informaci\u00f3 al respecte del tractaments realitzats.\u00a0 &#8211; Rectificaci\u00f3: Est\u00e0 vinculat al car\u00e0cter inexacte o incomplet de les dades.\u00a0 L&#8217;interessat t\u00e9 dret a rectificar les seves dades personals inexactes i que es completin les seves dades personals incompletes. &#8211; Supressi\u00f3: \u00a0L\u2019interessat t\u00e9 dret a obtenir la supressi\u00f3 de les seves dades personals (&#8220;dret a l&#8217;oblit&#8221;), quan aquestes ja no s\u00f3n necess\u00e0ries per a la finalitat per a la qual es van recollir, es revoca el consentiment en el qual es basava el tractament, l&#8217;interessat s&#8217;oposa al tractament, les dades s&#8217;han tractat il\u00b7l\u00edcitament, s&#8217;han de suprimir per complir una obligaci\u00f3 legal o \u00a0s&#8217;han obtingut en relaci\u00f3 amb l&#8217;oferta de serveis de la societat de la informaci\u00f3 adre\u00e7ada a menors.\u00a0 &#8211; Limitaci\u00f3 del tractament: \u00c9s un dret de la persona interessada consistent en marcar les seves dades de car\u00e0cter personal conservades, amb la finalitat de limitar-ne el tractament en el futur.\u00a0 La limitaci\u00f3 del tractament suposa que, a petici\u00f3 de la persona interessada, les seves dades personals es &#8230; <a title=\"Av\u00eds legal i Pol\u00edtica de privacitat\" class=\"read-more\" href=\"https:\/\/www.turismehostalric.cat\/ca\/politica-privacidad\/\" aria-label=\"M\u00e9s informaci\u00f3 sobre Av\u00eds legal i Pol\u00edtica de privacitat\">Llegiu m\u00e9s<\/a><\/p>\n","protected":false},"author":1,"featured_media":1564,"parent":0,"menu_order":27,"comment_status":"closed","ping_status":"open","template":"","meta":{"_acf_changed":false,"footnotes":""},"class_list":["post-3","page","type-page","status-publish","has-post-thumbnail"],"acf":[],"_links":{"self":[{"href":"https:\/\/www.turismehostalric.cat\/ca\/wp-json\/wp\/v2\/pages\/3","targetHints":{"allow":["GET"]}}],"collection":[{"href":"https:\/\/www.turismehostalric.cat\/ca\/wp-json\/wp\/v2\/pages"}],"about":[{"href":"https:\/\/www.turismehostalric.cat\/ca\/wp-json\/wp\/v2\/types\/page"}],"author":[{"embeddable":true,"href":"https:\/\/www.turismehostalric.cat\/ca\/wp-json\/wp\/v2\/users\/1"}],"replies":[{"embeddable":true,"href":"https:\/\/www.turismehostalric.cat\/ca\/wp-json\/wp\/v2\/comments?post=3"}],"version-history":[{"count":0,"href":"https:\/\/www.turismehostalric.cat\/ca\/wp-json\/wp\/v2\/pages\/3\/revisions"}],"wp:featuredmedia":[{"embeddable":true,"href":"https:\/\/www.turismehostalric.cat\/ca\/wp-json\/wp\/v2\/media\/1564"}],"wp:attachment":[{"href":"https:\/\/www.turismehostalric.cat\/ca\/wp-json\/wp\/v2\/media?parent=3"}],"curies":[{"name":"wp","href":"https:\/\/api.w.org\/{rel}","templated":true}]}}