{"id":161,"date":"2024-03-19T09:45:23","date_gmt":"2024-03-19T08:45:23","guid":{"rendered":"https:\/\/w.turismehostalric.cat\/?page_id=161"},"modified":"2024-03-26T10:52:14","modified_gmt":"2024-03-26T09:52:14","slug":"historia","status":"publish","type":"page","link":"https:\/\/www.turismehostalric.cat\/ca\/hostalric\/historia\/","title":{"rendered":"Hist\u00f2ria d&#8217;Hostalric"},"content":{"rendered":"\t\t<div data-elementor-type=\"wp-page\" data-elementor-id=\"161\" class=\"elementor elementor-161\" data-elementor-post-type=\"page\">\n\t\t\t\t<div class=\"elementor-element elementor-element-1413c6f e-flex e-con-boxed wpr-particle-no wpr-jarallax-no wpr-parallax-no wpr-sticky-section-no e-con e-parent\" data-id=\"1413c6f\" data-element_type=\"container\">\n\t\t\t\t\t<div class=\"e-con-inner\">\n\t\t\t\t<div class=\"elementor-element elementor-element-efa4363 elementor-widget__width-initial elementor-widget elementor-widget-text-editor\" data-id=\"efa4363\" data-element_type=\"widget\" data-widget_type=\"text-editor.default\">\n\t\t\t\t<div class=\"elementor-widget-container\">\n\t\t\t\t\t\t\t\t\t<p>Capricis de la geografia van fer que <b>la vila d&#8217;Hostalric s&#8217;assent\u00e9 a peu de l&#8217;anomenat cam\u00ed Ral<\/b> i en plena xarxa de camins catalans medievals, el que va fer de la vila un indret privilegiat i estrat\u00e8gic.<\/p><p>Sembla que el nom d\u2019Hostalric va tenir el seu origen en un hostal testimoniat des del segle XI, per\u00f2 no \u00e9s fins al 1106 que veiem documentat el nom de la vila, i al 1145 ja es parla del castell.<\/p><p>Al 1242 Jaume I el Conqueridor atorga al vescomte de Cabrera la llic\u00e8ncia per a la celebraci\u00f3 del mercat setmanal i un any m\u00e9s tard la vila obt\u00e9 la carta de poblament amb l\u2019objectiu d\u2019afavorir la creaci\u00f3 d\u2019un nucli de poblaci\u00f3 estable prop del castell.<\/p>\t\t\t\t\t\t\t\t<\/div>\n\t\t\t\t<\/div>\n\t\t\t\t<div class=\"elementor-element elementor-element-ade3b5e elementor-widget__width-initial elementor-widget elementor-widget-image\" data-id=\"ade3b5e\" data-element_type=\"widget\" data-widget_type=\"image.default\">\n\t\t\t\t<div class=\"elementor-widget-container\">\n\t\t\t\t\t\t\t\t\t\t\t\t\t\t\t<img fetchpriority=\"high\" decoding=\"async\" width=\"700\" height=\"450\" src=\"https:\/\/www.turismehostalric.cat\/wp-content\/uploads\/2024\/03\/50b41-Carrer-Major-1935.png\" class=\"attachment-large size-large wp-image-187\" alt=\"\" srcset=\"https:\/\/www.turismehostalric.cat\/wp-content\/uploads\/2024\/03\/50b41-Carrer-Major-1935.png 700w, https:\/\/www.turismehostalric.cat\/wp-content\/uploads\/2024\/03\/50b41-Carrer-Major-1935-300x193.png 300w\" sizes=\"(max-width: 700px) 100vw, 700px\" \/>\t\t\t\t\t\t\t\t\t\t\t\t\t\t\t<\/div>\n\t\t\t\t<\/div>\n\t\t\t\t\t<\/div>\n\t\t\t\t<\/div>\n\t\t<div class=\"elementor-element elementor-element-dfc3460 e-flex e-con-boxed wpr-particle-no wpr-jarallax-no wpr-parallax-no wpr-sticky-section-no e-con e-parent\" data-id=\"dfc3460\" data-element_type=\"container\">\n\t\t\t\t\t<div class=\"e-con-inner\">\n\t\t\t\t<div class=\"elementor-element elementor-element-2aeb427 elementor-widget__width-initial elementor-widget elementor-widget-image\" data-id=\"2aeb427\" data-element_type=\"widget\" data-widget_type=\"image.default\">\n\t\t\t\t<div class=\"elementor-widget-container\">\n\t\t\t\t\t\t\t\t\t\t\t\t\t\t\t<img decoding=\"async\" width=\"700\" height=\"450\" src=\"https:\/\/www.turismehostalric.cat\/wp-content\/uploads\/2024\/03\/8934d-1935-tren-i-al-fons-Hostalric.png\" class=\"attachment-full size-full wp-image-195\" alt=\"\" srcset=\"https:\/\/www.turismehostalric.cat\/wp-content\/uploads\/2024\/03\/8934d-1935-tren-i-al-fons-Hostalric.png 700w, https:\/\/www.turismehostalric.cat\/wp-content\/uploads\/2024\/03\/8934d-1935-tren-i-al-fons-Hostalric-300x193.png 300w\" sizes=\"(max-width: 700px) 100vw, 700px\" \/>\t\t\t\t\t\t\t\t\t\t\t\t\t\t\t<\/div>\n\t\t\t\t<\/div>\n\t\t\t\t<div class=\"elementor-element elementor-element-c9185b4 elementor-widget elementor-widget-text-editor\" data-id=\"c9185b4\" data-element_type=\"widget\" data-widget_type=\"text-editor.default\">\n\t\t\t\t<div class=\"elementor-widget-container\">\n\t\t\t\t\t\t\t\t\t<p>A\u00a0<strong>Bernat I de Cabrera<\/strong>\u00a0se li deu el primer emmurallament de la vila i amb els seus descendents\u00a0<strong>Hostalric<\/strong>\u00a0es va convertir en la capital administrativa dels extensos territoris del vescomtat.<\/p><p>Les lluites feudals van tenir ress\u00f3 a la vila d\u2019Hostalric i l\u2019any 1462\u00a0la<strong>\u00a0guerra dels Remences<\/strong>\u00a0deixava la seva empremta quan els habitants de la vila es resistien a obrir les portes a les tropes de la Generalitat, que tallant vinyes i camps de blat amena\u00e7aven per entrar al recinte emmurallat.<\/p><p>En conseq\u00fc\u00e8ncia es decid\u00ed modernitzar les fortificacions de la vila, i durant la guerra dels Segadors es dugueren a terme les primeres obres de campanya, amb terraplens de terra i feixines\u00a0que protegien el castell i les muralles medievals.<\/p><p>Amb l\u2019escenari de la\u00a0<strong>Guerra de Successi\u00f3<\/strong>\u00a0es van iniciar les obres permanents destinades a convertir la fortalesa d\u2019Hostalric en un punt neur\u00e0lgic del sistema defensiu de l\u2019ex\u00e8rcit de l\u2019Arxiduc a Catalunya.<\/p>\t\t\t\t\t\t\t\t<\/div>\n\t\t\t\t<\/div>\n\t\t\t\t\t<\/div>\n\t\t\t\t<\/div>\n\t\t<div class=\"elementor-element elementor-element-223dfe8 e-flex e-con-boxed wpr-particle-no wpr-jarallax-no wpr-parallax-no wpr-sticky-section-no e-con e-parent\" data-id=\"223dfe8\" data-element_type=\"container\">\n\t\t\t\t\t<div class=\"e-con-inner\">\n\t\t\t\t<div class=\"elementor-element elementor-element-7c12e41 elementor-widget__width-initial elementor-widget elementor-widget-text-editor\" data-id=\"7c12e41\" data-element_type=\"widget\" data-widget_type=\"text-editor.default\">\n\t\t\t\t<div class=\"elementor-widget-container\">\n\t\t\t\t\t\t\t\t\t<p>Durant la\u00a0<strong>Guerra del Franc\u00e8s\u00a0<\/strong>Hostalric va tenir un paper brillant, tant donant suport a l\u2019entrada de queviures durant el setge de Girona com destorbant el pas a les tropes enemigues. Es per aix\u00f2 que convenia als francesos prendre la vila.<\/p><p>La vila va ser saquejada i incendiada el 7 de novembre de 1809 per un ex\u00e8rcit de 4000 homes. Els francesos van cremar tot el poble, i els seus habitants van haver de fugir als pobles ve\u00efns. El gener de 1810 els francesos van prendre la vila i s\u2019inici\u00e0 el llarg setge de la fortalesa. Despr\u00e9s de 4 mesos i m\u00e9s de 4000 bombes caigudes el coronel el Estrada i tota la guarnici\u00f3 \u00fatil van provar de salvar-se obrint-se pas entre l\u2019enemic\u00a0 i van fugir de la fortalesa. L\u2019endem\u00e0 el francesos prenien la pla\u00e7a.<\/p><p>El capit\u00e0 general de Catalunya va concedir una medalla d\u2019or als oficials de la guarnici\u00f3 i una de plata a la tropa. La inscripci\u00f3 deia:\u201d<strong>Valor y fidelidad constante, Hostalric 12 de mayo de 1810\u201d.<\/strong><\/p>\t\t\t\t\t\t\t\t<\/div>\n\t\t\t\t<\/div>\n\t\t\t\t<div class=\"elementor-element elementor-element-576b938 elementor-widget__width-initial elementor-widget elementor-widget-image\" data-id=\"576b938\" data-element_type=\"widget\" data-widget_type=\"image.default\">\n\t\t\t\t<div class=\"elementor-widget-container\">\n\t\t\t\t\t\t\t\t\t\t\t\t\t\t\t<img decoding=\"async\" width=\"700\" height=\"450\" src=\"https:\/\/www.turismehostalric.cat\/wp-content\/uploads\/2024\/03\/612bb-Muralles.png\" class=\"attachment-full size-full wp-image-191\" alt=\"\" srcset=\"https:\/\/www.turismehostalric.cat\/wp-content\/uploads\/2024\/03\/612bb-Muralles.png 700w, https:\/\/www.turismehostalric.cat\/wp-content\/uploads\/2024\/03\/612bb-Muralles-300x193.png 300w\" sizes=\"(max-width: 700px) 100vw, 700px\" \/>\t\t\t\t\t\t\t\t\t\t\t\t\t\t\t<\/div>\n\t\t\t\t<\/div>\n\t\t\t\t\t<\/div>\n\t\t\t\t<\/div>\n\t\t<div class=\"elementor-element elementor-element-8ce1dcc e-flex e-con-boxed wpr-particle-no wpr-jarallax-no wpr-parallax-no wpr-sticky-section-no e-con e-parent\" data-id=\"8ce1dcc\" data-element_type=\"container\">\n\t\t\t\t\t<div class=\"e-con-inner\">\n\t\t\t\t<div class=\"elementor-element elementor-element-6891c92 elementor-widget-divider--view-line elementor-widget elementor-widget-divider\" data-id=\"6891c92\" data-element_type=\"widget\" data-widget_type=\"divider.default\">\n\t\t\t\t<div class=\"elementor-widget-container\">\n\t\t\t\t\t\t\t<div class=\"elementor-divider\">\n\t\t\t<span class=\"elementor-divider-separator\">\n\t\t\t\t\t\t<\/span>\n\t\t<\/div>\n\t\t\t\t\t\t<\/div>\n\t\t\t\t<\/div>\n\t\t\t\t<div class=\"elementor-element elementor-element-a3a6595 elementor-widget__width-initial elementor-widget elementor-widget-text-editor\" data-id=\"a3a6595\" data-element_type=\"widget\" data-widget_type=\"text-editor.default\">\n\t\t\t\t<div class=\"elementor-widget-container\">\n\t\t\t\t\t\t\t\t\t<p>D\u2019altres fets importants d\u2019aquesta cent\u00faria van ser la desamortitzaci\u00f3 del convent dels m\u00ednims el 1835, la vinguda de les germanes Carmelites de la Caritat per fer-se c\u00e0rrec de l\u2019antic hospital i d\u2019una escola de nenes el 1856, l\u2019arribada del tren el 1860, la festa liter\u00e0ria en honor a Frederic Soler Pitarra el 1887, la instal\u2022laci\u00f3 de l\u2019electricitat el 1895 i la construcci\u00f3 de la f\u00e0brica de taps Llensa.<\/p>\t\t\t\t\t\t\t\t<\/div>\n\t\t\t\t<\/div>\n\t\t\t\t<div class=\"elementor-element elementor-element-9b12c1a elementor-widget-divider--view-line elementor-widget elementor-widget-divider\" data-id=\"9b12c1a\" data-element_type=\"widget\" data-widget_type=\"divider.default\">\n\t\t\t\t<div class=\"elementor-widget-container\">\n\t\t\t\t\t\t\t<div class=\"elementor-divider\">\n\t\t\t<span class=\"elementor-divider-separator\">\n\t\t\t\t\t\t<\/span>\n\t\t<\/div>\n\t\t\t\t\t\t<\/div>\n\t\t\t\t<\/div>\n\t\t\t\t\t<\/div>\n\t\t\t\t<\/div>\n\t\t<div class=\"elementor-element elementor-element-d5daeeb e-flex e-con-boxed wpr-particle-no wpr-jarallax-no wpr-parallax-no wpr-sticky-section-no e-con e-parent\" data-id=\"d5daeeb\" data-element_type=\"container\">\n\t\t\t\t\t<div class=\"e-con-inner\">\n\t\t\t\t<div class=\"elementor-element elementor-element-8fd83c9 elementor-widget__width-initial elementor-widget elementor-widget-image\" data-id=\"8fd83c9\" data-element_type=\"widget\" data-widget_type=\"image.default\">\n\t\t\t\t<div class=\"elementor-widget-container\">\n\t\t\t\t\t\t\t\t\t\t\t\t\t\t\t<img loading=\"lazy\" decoding=\"async\" width=\"700\" height=\"450\" src=\"https:\/\/www.turismehostalric.cat\/wp-content\/uploads\/2024\/03\/8934d-1935-tren-i-al-fons-Hostalric.png\" class=\"attachment-large size-large wp-image-195\" alt=\"\" srcset=\"https:\/\/www.turismehostalric.cat\/wp-content\/uploads\/2024\/03\/8934d-1935-tren-i-al-fons-Hostalric.png 700w, https:\/\/www.turismehostalric.cat\/wp-content\/uploads\/2024\/03\/8934d-1935-tren-i-al-fons-Hostalric-300x193.png 300w\" sizes=\"(max-width: 700px) 100vw, 700px\" \/>\t\t\t\t\t\t\t\t\t\t\t\t\t\t\t<\/div>\n\t\t\t\t<\/div>\n\t\t\t\t<div class=\"elementor-element elementor-element-176434c elementor-widget__width-initial elementor-widget elementor-widget-text-editor\" data-id=\"176434c\" data-element_type=\"widget\" data-widget_type=\"text-editor.default\">\n\t\t\t\t<div class=\"elementor-widget-container\">\n\t\t\t\t\t\t\t\t\t<p>La Guerra Civil s\u2019inici\u00e0 a la vila amb la crema de l\u2019esgl\u00e9sia per\u00f2 no va patir bombardeigs. Durant aquesta \u00e8poca, el castell es va fer servir com a magatzem de combustible i munici\u00f3 dels republicans, i despr\u00e9s de la guerra de refugi i habitatge de molts passants.<br \/>El juny de 1939, l\u2019Ajuntament va ordenar canviar tots els r\u00e8tols escrits en catal\u00e0.<br \/>Joan Guitart i Roca, anomenat \u201cSanxo\u201d, va ser alcalde de 1937 al 1939, quan va ser cridat a files. El juliol del mateix any la repressi\u00f3 franquista l\u2019afusellava a Girona.<\/p><p>L\u2019any 1949 l\u2019Estat va vendre la fortalesa, ja en des\u00fas, a l\u2019Ajuntament per 18.500 pessetes.<\/p><p>El 1967 es van comen\u00e7ar les obres de rehabilitaci\u00f3 del mateix per a convertir-lo m\u00e9s tard en restaurant.<\/p><p>El 1963 tant la fortalesa com les muralles van ser declarades\u00a0<strong>B\u00e9 Cultural d\u2019Inter\u00e8s Nacional<\/strong>.<\/p>\t\t\t\t\t\t\t\t<\/div>\n\t\t\t\t<\/div>\n\t\t\t\t\t<\/div>\n\t\t\t\t<\/div>\n\t\t\t\t<\/div>\n\t\t","protected":false},"excerpt":{"rendered":"<p>Capricis de la geografia van fer que la vila d&#8217;Hostalric s&#8217;assent\u00e9 a peu de l&#8217;anomenat cam\u00ed Ral i en plena xarxa de camins catalans medievals, el que va fer de la vila un indret privilegiat i estrat\u00e8gic. Sembla que el nom d\u2019Hostalric va tenir el seu origen en un hostal testimoniat des del segle XI, per\u00f2 no \u00e9s fins al 1106 que veiem documentat el nom de la vila, i al 1145 ja es parla del castell. Al 1242 Jaume I el Conqueridor atorga al vescomte de Cabrera la llic\u00e8ncia per a la celebraci\u00f3 del mercat setmanal i un any m\u00e9s tard la vila obt\u00e9 la carta de poblament amb l\u2019objectiu d\u2019afavorir la creaci\u00f3 d\u2019un nucli de poblaci\u00f3 estable prop del castell. A\u00a0Bernat I de Cabrera\u00a0se li deu el primer emmurallament de la vila i amb els seus descendents\u00a0Hostalric\u00a0es va convertir en la capital administrativa dels extensos territoris del vescomtat. Les lluites feudals van tenir ress\u00f3 a la vila d\u2019Hostalric i l\u2019any 1462\u00a0la\u00a0guerra dels Remences\u00a0deixava la seva empremta quan els habitants de la vila es resistien a obrir les portes a les tropes de la Generalitat, que tallant vinyes i camps de blat amena\u00e7aven per entrar al recinte emmurallat. En conseq\u00fc\u00e8ncia es decid\u00ed modernitzar les fortificacions de la vila, i durant la guerra dels Segadors es dugueren a terme les primeres obres de campanya, amb terraplens de terra i feixines\u00a0que protegien el castell i les muralles medievals. Amb l\u2019escenari de la\u00a0Guerra de Successi\u00f3\u00a0es van iniciar les obres permanents destinades a convertir la fortalesa d\u2019Hostalric en un punt neur\u00e0lgic del sistema defensiu de l\u2019ex\u00e8rcit de l\u2019Arxiduc a Catalunya. Durant la\u00a0Guerra del Franc\u00e8s\u00a0Hostalric va tenir un paper brillant, tant donant suport a l\u2019entrada de queviures durant el setge de Girona com destorbant el pas a les tropes enemigues. Es per aix\u00f2 que convenia als francesos prendre la vila. La vila va ser saquejada i incendiada el 7 de novembre de 1809 per un ex\u00e8rcit de 4000 homes. Els francesos van cremar tot el poble, i els seus habitants van haver de fugir als pobles ve\u00efns. El gener de 1810 els francesos van prendre la vila i s\u2019inici\u00e0 el llarg setge de la fortalesa. Despr\u00e9s de 4 mesos i m\u00e9s de 4000 bombes caigudes el coronel el Estrada i tota la guarnici\u00f3 \u00fatil van provar de salvar-se obrint-se pas entre l\u2019enemic\u00a0 i van fugir de la fortalesa. L\u2019endem\u00e0 el francesos prenien la pla\u00e7a. El capit\u00e0 general de Catalunya va concedir una medalla d\u2019or als oficials de la guarnici\u00f3 i una de plata a la tropa. La inscripci\u00f3 deia:\u201dValor y fidelidad constante, Hostalric 12 de mayo de 1810\u201d. D\u2019altres fets importants d\u2019aquesta cent\u00faria van ser la desamortitzaci\u00f3 del convent dels m\u00ednims el 1835, la vinguda de les germanes Carmelites de la Caritat per fer-se c\u00e0rrec de l\u2019antic hospital i d\u2019una escola de nenes el 1856, l\u2019arribada del tren el 1860, la festa liter\u00e0ria en honor a Frederic Soler Pitarra el 1887, la instal\u2022laci\u00f3 de l\u2019electricitat el 1895 i la construcci\u00f3 de la f\u00e0brica de taps Llensa. La Guerra Civil s\u2019inici\u00e0 a la vila amb la crema de l\u2019esgl\u00e9sia per\u00f2 no va patir bombardeigs. Durant aquesta \u00e8poca, el castell es va fer servir com a magatzem de combustible i munici\u00f3 dels republicans, i despr\u00e9s de la guerra de refugi i habitatge de molts passants.El juny de 1939, l\u2019Ajuntament va ordenar canviar tots els r\u00e8tols escrits en catal\u00e0.Joan Guitart i Roca, anomenat \u201cSanxo\u201d, va ser alcalde de 1937 al 1939, quan va ser cridat a files. El juliol del mateix any la repressi\u00f3 franquista l\u2019afusellava a Girona. L\u2019any 1949 l\u2019Estat va vendre la fortalesa, ja en des\u00fas, a l\u2019Ajuntament per 18.500 pessetes. El 1967 es van comen\u00e7ar les obres de rehabilitaci\u00f3 del mateix per a convertir-lo m\u00e9s tard en restaurant. El 1963 tant la fortalesa com les muralles van ser declarades\u00a0B\u00e9 Cultural d\u2019Inter\u00e8s Nacional.<\/p>\n","protected":false},"author":1,"featured_media":162,"parent":527,"menu_order":7,"comment_status":"closed","ping_status":"closed","template":"","meta":{"_acf_changed":false,"footnotes":""},"class_list":["post-161","page","type-page","status-publish","has-post-thumbnail"],"acf":[],"_links":{"self":[{"href":"https:\/\/www.turismehostalric.cat\/ca\/wp-json\/wp\/v2\/pages\/161","targetHints":{"allow":["GET"]}}],"collection":[{"href":"https:\/\/www.turismehostalric.cat\/ca\/wp-json\/wp\/v2\/pages"}],"about":[{"href":"https:\/\/www.turismehostalric.cat\/ca\/wp-json\/wp\/v2\/types\/page"}],"author":[{"embeddable":true,"href":"https:\/\/www.turismehostalric.cat\/ca\/wp-json\/wp\/v2\/users\/1"}],"replies":[{"embeddable":true,"href":"https:\/\/www.turismehostalric.cat\/ca\/wp-json\/wp\/v2\/comments?post=161"}],"version-history":[{"count":0,"href":"https:\/\/www.turismehostalric.cat\/ca\/wp-json\/wp\/v2\/pages\/161\/revisions"}],"up":[{"embeddable":true,"href":"https:\/\/www.turismehostalric.cat\/ca\/wp-json\/wp\/v2\/pages\/527"}],"wp:featuredmedia":[{"embeddable":true,"href":"https:\/\/www.turismehostalric.cat\/ca\/wp-json\/wp\/v2\/media\/162"}],"wp:attachment":[{"href":"https:\/\/www.turismehostalric.cat\/ca\/wp-json\/wp\/v2\/media?parent=161"}],"curies":[{"name":"wp","href":"https:\/\/api.w.org\/{rel}","templated":true}]}}