{"id":1336,"date":"2024-04-10T22:30:27","date_gmt":"2024-04-10T20:30:27","guid":{"rendered":"https:\/\/w.turismehostalric.cat\/?page_id=1336"},"modified":"2024-10-21T13:42:30","modified_gmt":"2024-10-21T11:42:30","slug":"hostalric-amb-nens","status":"publish","type":"page","link":"https:\/\/www.turismehostalric.cat\/ca\/hostalric-amb-nens\/","title":{"rendered":"Hostalric amb nens"},"content":{"rendered":"<p><b>Visitar un castell i viatjar a l\u2019\u00e8poca medieval<\/b> sempre \u00e9s una bona idea per gaudir del temps lliure amb la fam\u00edlia, i a Hostalric, un petit poble de la comarca de la Selva a menys d\u2019una hora en cotxe de Barcelona i a 30 minuts de la Costa Brava, ho podreu fer!<\/p>\n<p><b>Us ho oferim diverses propostes familiars que segur que us faran gaudir d\u2019una molt bona estona amb les vostres criatures.<\/b><\/p>\n<p>D\u2019una banda us proposem que us <b>convertiu <a href=\"https:\/\/www.turismehostalric.cat\/ca\/el-que-pots-visitar\/visita-amb-clau-hostalric\/\">en els amos i mestresses del recinte emmurallat d\u2019Hostalric<\/a>!<\/b> \u00c9s tant senzill com passar per l\u2019<a href=\"https:\/\/maps.app.goo.gl\/nKU5ArS9qxBfABHq8\">oficina de turisme<\/a> on us facilitarem un mapa i una clau que obre les portes de tots els espais visitables, incl\u00f2s el cam\u00ed de ronda de l\u2019espectacular muralla medieval. Amb la visita amb clau podreu fer la visita al vostre ritme, permetent aturar-vos als gronxadors de la pla\u00e7a dels Bous, passar m\u00e9s estona al mirador de la Torre dels Frares o comprant algun dol\u00e7 o pasta a les fleques del poble.<\/p>\n<p><style>\/*! elementor - v3.20.0 - 10-04-2024 *\/<br \/>\n.elementor-widget-image{text-align:center}.elementor-widget-image a{display:inline-block}.elementor-widget-image a img[src$=\".svg\"]{width:48px}.elementor-widget-image img{vertical-align:middle;display:inline-block}<\/style>\n<\/p>\n<p><img fetchpriority=\"high\" decoding=\"async\" src=\"https:\/\/www.turismehostalric.cat\/wp-content\/uploads\/2024\/04\/imatge_hostalric-amb-nens.jpg\" sizes=\"(max-width: 1600px) 100vw, 1600px\" srcset=\"https:\/\/www.turismehostalric.cat\/wp-content\/uploads\/2024\/04\/imatge_hostalric-amb-nens.jpg 1600w, https:\/\/www.turismehostalric.cat\/wp-content\/uploads\/2024\/04\/imatge_hostalric-amb-nens-300x148.jpg 300w, https:\/\/www.turismehostalric.cat\/wp-content\/uploads\/2024\/04\/imatge_hostalric-amb-nens-1024x504.jpg 1024w, https:\/\/www.turismehostalric.cat\/wp-content\/uploads\/2024\/04\/imatge_hostalric-amb-nens-768x378.jpg 768w, https:\/\/www.turismehostalric.cat\/wp-content\/uploads\/2024\/04\/imatge_hostalric-amb-nens-1536x756.jpg 1536w\" alt=\"\" width=\"1600\" height=\"787\" \/><\/p>\n<p>Alhora, podeu <b>descobrir el paper destacat del Castell d\u2019Hostalric durant la Guerra del Franc\u00e8s<\/b> gaudint de la <strong><a href=\"https:\/\/www.turismehostalric.cat\/ca\/el-que-pots-visitar\/castell-visita-teatralitzada\/\">visita teatralitzada al Castell<\/a><\/strong>. El punt de partida de La Casaca del Capit\u00e0, una agradable i divertida visita animada pensada per a tota la fam\u00edlia, gira al voltant del moment en qu\u00e8 les tropes franceses abandonen l\u2019estat espanyol durant la Guerra del Franc\u00e8s. Una visita on acompanyats per la Clara de la Malla i moss\u00e8n Andreu, descobrireu quin va ser el desenlla\u00e7 del capit\u00e0 Riera, desaparegut durant la guerra. Una hist\u00f2ria que captiva a petits i grans des del minut zero.<\/p>\n<p>Per afavorir la vostra mobilitat durant la visita a Hostalric, tingueu en compte que \u00e9s un municipi amb alguns desnivells i escales, que fa que en algun punt sigui m\u00e9s c\u00f2mode portar les criatures en motxilla abans que en cotxet. Per aparcar, al costat de l\u2019oficina de turisme hi ha un ampli aparcament ideal com a inici de la visita amb clau i la descoberta del recinte emmurallat.<\/p>\n<p>En el cas que vulgueu visitar principalment el castell, la millor opci\u00f3 \u00e9s deixar el cotxe a l\u2019<a href=\"https:\/\/maps.app.goo.gl\/U9serRyvb8ej2kgJ6\">aparcament de les escoles<\/a>, just als peus del castell fortalesa. Per iniciar la visita, podeu accedir al punt d\u2019informaci\u00f3 del castell per una galeria amb escales o b\u00e9 seguint el cam\u00ed asfaltat que dona acc\u00e9s al conjunt monumental.<\/p>\n\n\n<p>Les fam\u00edlies de <a href=\"https:\/\/www.mammaproof.org\/barcelona\/hostalric-en-familia\/\">Mamma Proof Barcelona<\/a>, <a href=\"https:\/\/derutaenfamilia.com\/hostalric\/\">De Ruta en Fam\u00edlia<\/a> i <a href=\"https:\/\/www.escapadaambnens.com\/hostalric\/\">Escapada amb nens<\/a>, entre d&#8217;altres, ja ens han visitat. Si voleu saber com els hi va anar, feu-hi un cop d&#8217;ull!<\/p>\n","protected":false},"excerpt":{"rendered":"<p>Visitar un castell i viatjar a l\u2019\u00e8poca medieval sempre \u00e9s una bona idea per gaudir del temps lliure amb la fam\u00edlia, i a Hostalric, un petit poble de la comarca de la Selva a menys d\u2019una hora en cotxe de Barcelona i a 30 minuts de la Costa Brava, ho podreu fer! Us ho oferim diverses propostes familiars que segur que us faran gaudir d\u2019una molt bona estona amb les vostres criatures. D\u2019una banda us proposem que us convertiu en els amos i mestresses del recinte emmurallat d\u2019Hostalric! \u00c9s tant senzill com passar per l\u2019oficina de turisme on us facilitarem un mapa i una clau que obre les portes de tots els espais visitables, incl\u00f2s el cam\u00ed de ronda de l\u2019espectacular muralla medieval. Amb la visita amb clau podreu fer la visita al vostre ritme, permetent aturar-vos als gronxadors de la pla\u00e7a dels Bous, passar m\u00e9s estona al mirador de la Torre dels Frares o comprant algun dol\u00e7 o pasta a les fleques del poble. Alhora, podeu descobrir el paper destacat del Castell d\u2019Hostalric durant la Guerra del Franc\u00e8s gaudint de la visita teatralitzada al Castell. El punt de partida de La Casaca del Capit\u00e0, una agradable i divertida visita animada pensada per a tota la fam\u00edlia, gira al voltant del moment en qu\u00e8 les tropes franceses abandonen l\u2019estat espanyol durant la Guerra del Franc\u00e8s. Una visita on acompanyats per la Clara de la Malla i moss\u00e8n Andreu, descobrireu quin va ser el desenlla\u00e7 del capit\u00e0 Riera, desaparegut durant la guerra. Una hist\u00f2ria que captiva a petits i grans des del minut zero. Per afavorir la vostra mobilitat durant la visita a Hostalric, tingueu en compte que \u00e9s un municipi amb alguns desnivells i escales, que fa que en algun punt sigui m\u00e9s c\u00f2mode portar les criatures en motxilla abans que en cotxet. Per aparcar, al costat de l\u2019oficina de turisme hi ha un ampli aparcament ideal com a inici de la visita amb clau i la descoberta del recinte emmurallat. En el cas que vulgueu visitar principalment el castell, la millor opci\u00f3 \u00e9s deixar el cotxe a l\u2019aparcament de les escoles, just als peus del castell fortalesa. Per iniciar la visita, podeu accedir al punt d\u2019informaci\u00f3 del castell per una galeria amb escales o b\u00e9 seguint el cam\u00ed asfaltat que dona acc\u00e9s al conjunt monumental. Les fam\u00edlies de Mamma Proof Barcelona, De Ruta en Fam\u00edlia i Escapada amb nens, entre d&#8217;altres, ja ens han visitat. Si voleu saber com els hi va anar, feu-hi un cop d&#8217;ull!<\/p>\n","protected":false},"author":1,"featured_media":1341,"parent":0,"menu_order":0,"comment_status":"closed","ping_status":"closed","template":"","meta":{"_acf_changed":false,"footnotes":""},"class_list":["post-1336","page","type-page","status-publish","has-post-thumbnail"],"acf":[],"_links":{"self":[{"href":"https:\/\/www.turismehostalric.cat\/ca\/wp-json\/wp\/v2\/pages\/1336","targetHints":{"allow":["GET"]}}],"collection":[{"href":"https:\/\/www.turismehostalric.cat\/ca\/wp-json\/wp\/v2\/pages"}],"about":[{"href":"https:\/\/www.turismehostalric.cat\/ca\/wp-json\/wp\/v2\/types\/page"}],"author":[{"embeddable":true,"href":"https:\/\/www.turismehostalric.cat\/ca\/wp-json\/wp\/v2\/users\/1"}],"replies":[{"embeddable":true,"href":"https:\/\/www.turismehostalric.cat\/ca\/wp-json\/wp\/v2\/comments?post=1336"}],"version-history":[{"count":3,"href":"https:\/\/www.turismehostalric.cat\/ca\/wp-json\/wp\/v2\/pages\/1336\/revisions"}],"predecessor-version":[{"id":4232,"href":"https:\/\/www.turismehostalric.cat\/ca\/wp-json\/wp\/v2\/pages\/1336\/revisions\/4232"}],"wp:featuredmedia":[{"embeddable":true,"href":"https:\/\/www.turismehostalric.cat\/ca\/wp-json\/wp\/v2\/media\/1341"}],"wp:attachment":[{"href":"https:\/\/www.turismehostalric.cat\/ca\/wp-json\/wp\/v2\/media?parent=1336"}],"curies":[{"name":"wp","href":"https:\/\/api.w.org\/{rel}","templated":true}]}}